{"id":19654,"date":"2025-03-18T20:02:42","date_gmt":"2025-03-18T20:02:42","guid":{"rendered":"https:\/\/natsci.uprrp.edu\/ramp-up\/?page_id=19654"},"modified":"2025-06-27T17:20:43","modified_gmt":"2025-06-27T17:20:43","slug":"lara-v-ballester-torres-2024-2025","status":"publish","type":"page","link":"https:\/\/natsci.uprrp.edu\/ramp-up\/lara-v-ballester-torres-2024-2025\/","title":{"rendered":"Lara V. Ballester Torres (2024-2025)"},"content":{"rendered":"\t\t<div data-elementor-type=\"wp-page\" data-elementor-id=\"19654\" class=\"elementor elementor-19654\">\n\t\t\t\t\t\t<section class=\"elementor-section elementor-top-section elementor-element elementor-element-640b92f elementor-section-boxed elementor-section-height-default elementor-section-height-default\" data-id=\"640b92f\" data-element_type=\"section\" data-e-type=\"section\">\n\t\t\t\t\t\t<div class=\"elementor-container elementor-column-gap-default\">\n\t\t\t\t\t<div class=\"elementor-column elementor-col-33 elementor-top-column elementor-element elementor-element-c7adc91\" data-id=\"c7adc91\" data-element_type=\"column\" data-e-type=\"column\">\n\t\t\t<div class=\"elementor-widget-wrap elementor-element-populated\">\n\t\t\t\t\t\t<div class=\"elementor-element elementor-element-75688d4 elementor-invisible elementor-widget elementor-widget-image\" data-id=\"75688d4\" data-element_type=\"widget\" data-e-type=\"widget\" data-settings=\"{&quot;_animation&quot;:&quot;slideInLeft&quot;}\" data-widget_type=\"image.default\">\n\t\t\t\t<div class=\"elementor-widget-container\">\n\t\t\t\t\t\t\t\t\t\t\t\t\t\t\t<img fetchpriority=\"high\" decoding=\"async\" width=\"640\" height=\"853\" src=\"https:\/\/natsci.uprrp.edu\/ramp-up\/wp-content\/uploads\/sites\/26\/2025\/03\/Lara-1-768x1024.jpg\" class=\"attachment-large size-large wp-image-19528\" alt=\"\" srcset=\"https:\/\/natsci.uprrp.edu\/ramp-up\/wp-content\/uploads\/sites\/26\/2025\/03\/Lara-1-768x1024.jpg 768w, https:\/\/natsci.uprrp.edu\/ramp-up\/wp-content\/uploads\/sites\/26\/2025\/03\/Lara-1-225x300.jpg 225w, https:\/\/natsci.uprrp.edu\/ramp-up\/wp-content\/uploads\/sites\/26\/2025\/03\/Lara-1-1152x1536.jpg 1152w, https:\/\/natsci.uprrp.edu\/ramp-up\/wp-content\/uploads\/sites\/26\/2025\/03\/Lara-1-1536x2048.jpg 1536w, https:\/\/natsci.uprrp.edu\/ramp-up\/wp-content\/uploads\/sites\/26\/2025\/03\/Lara-1-scaled.jpg 1920w\" sizes=\"(max-width: 640px) 100vw, 640px\" \/>\t\t\t\t\t\t\t\t\t\t\t\t\t\t\t<\/div>\n\t\t\t\t<\/div>\n\t\t\t\t<section class=\"elementor-section elementor-inner-section elementor-element elementor-element-dabb4cd elementor-section-boxed elementor-section-height-default elementor-section-height-default\" data-id=\"dabb4cd\" data-element_type=\"section\" data-e-type=\"section\">\n\t\t\t\t\t\t<div class=\"elementor-container elementor-column-gap-default\">\n\t\t\t\t\t<div class=\"elementor-column elementor-col-50 elementor-inner-column elementor-element elementor-element-ebddd88\" data-id=\"ebddd88\" data-element_type=\"column\" data-e-type=\"column\">\n\t\t\t<div class=\"elementor-widget-wrap elementor-element-populated\">\n\t\t\t\t\t\t<div class=\"elementor-element elementor-element-60d0dca elementor-shape-rounded elementor-grid-0 e-grid-align-center elementor-widget elementor-widget-social-icons\" data-id=\"60d0dca\" data-element_type=\"widget\" data-e-type=\"widget\" data-widget_type=\"social-icons.default\">\n\t\t\t\t<div class=\"elementor-widget-container\">\n\t\t\t\t\t\t\t<div class=\"elementor-social-icons-wrapper elementor-grid\">\n\t\t\t\t\t\t\t<span class=\"elementor-grid-item\">\n\t\t\t\t\t<a class=\"elementor-icon elementor-social-icon elementor-social-icon-linkedin elementor-repeater-item-7ec17db\" target=\"_blank\">\n\t\t\t\t\t\t<span class=\"elementor-screen-only\">Linkedin<\/span>\n\t\t\t\t\t\t<i aria-hidden=\"true\" class=\"fab fa-linkedin\"><\/i>\t\t\t\t\t<\/a>\n\t\t\t\t<\/span>\n\t\t\t\t\t<\/div>\n\t\t\t\t\t\t<\/div>\n\t\t\t\t<\/div>\n\t\t\t\t\t<\/div>\n\t\t<\/div>\n\t\t\t\t<div class=\"elementor-column elementor-col-50 elementor-inner-column elementor-element elementor-element-797ae9e\" data-id=\"797ae9e\" data-element_type=\"column\" data-e-type=\"column\">\n\t\t\t<div class=\"elementor-widget-wrap elementor-element-populated\">\n\t\t\t\t\t\t\t<\/div>\n\t\t<\/div>\n\t\t\t\t\t<\/div>\n\t\t<\/section>\n\t\t\t\t\t<\/div>\n\t\t<\/div>\n\t\t\t\t<div class=\"elementor-column elementor-col-66 elementor-top-column elementor-element elementor-element-e6a3c0a\" data-id=\"e6a3c0a\" data-element_type=\"column\" data-e-type=\"column\">\n\t\t\t<div class=\"elementor-widget-wrap elementor-element-populated\">\n\t\t\t\t\t\t<section class=\"elementor-section elementor-inner-section elementor-element elementor-element-4d2344c elementor-section-boxed elementor-section-height-default elementor-section-height-default\" data-id=\"4d2344c\" data-element_type=\"section\" data-e-type=\"section\">\n\t\t\t\t\t\t<div class=\"elementor-container elementor-column-gap-default\">\n\t\t\t\t\t<div class=\"elementor-column elementor-col-50 elementor-inner-column elementor-element elementor-element-2a14750\" data-id=\"2a14750\" data-element_type=\"column\" data-e-type=\"column\">\n\t\t\t<div class=\"elementor-widget-wrap elementor-element-populated\">\n\t\t\t\t\t\t<div class=\"elementor-element elementor-element-b59791a elementor-widget elementor-widget-heading\" data-id=\"b59791a\" data-element_type=\"widget\" data-e-type=\"widget\" data-widget_type=\"heading.default\">\n\t\t\t\t<div class=\"elementor-widget-container\">\n\t\t\t\t\t<h2 class=\"elementor-heading-title elementor-size-default\">Short Bio<\/h2>\t\t\t\t<\/div>\n\t\t\t\t<\/div>\n\t\t\t\t\t<\/div>\n\t\t<\/div>\n\t\t\t\t<div class=\"elementor-column elementor-col-50 elementor-inner-column elementor-element elementor-element-dffb3c8\" data-id=\"dffb3c8\" data-element_type=\"column\" data-e-type=\"column\">\n\t\t\t<div class=\"elementor-widget-wrap elementor-element-populated\">\n\t\t\t\t\t\t<div class=\"elementor-element elementor-element-2d34f28 elementor-widget__width-initial elementor-widget-divider--view-line elementor-widget elementor-widget-divider\" data-id=\"2d34f28\" data-element_type=\"widget\" data-e-type=\"widget\" data-widget_type=\"divider.default\">\n\t\t\t\t<div class=\"elementor-widget-container\">\n\t\t\t\t\t\t\t<div class=\"elementor-divider\">\n\t\t\t<span class=\"elementor-divider-separator\">\n\t\t\t\t\t\t<\/span>\n\t\t<\/div>\n\t\t\t\t\t\t<\/div>\n\t\t\t\t<\/div>\n\t\t\t\t\t<\/div>\n\t\t<\/div>\n\t\t\t\t\t<\/div>\n\t\t<\/section>\n\t\t\t\t<section class=\"elementor-section elementor-inner-section elementor-element elementor-element-81ec4ce elementor-section-boxed elementor-section-height-default elementor-section-height-default\" data-id=\"81ec4ce\" data-element_type=\"section\" data-e-type=\"section\">\n\t\t\t\t\t\t<div class=\"elementor-container elementor-column-gap-default\">\n\t\t\t\t\t<div class=\"elementor-column elementor-col-100 elementor-inner-column elementor-element elementor-element-78d5b9a\" data-id=\"78d5b9a\" data-element_type=\"column\" data-e-type=\"column\">\n\t\t\t<div class=\"elementor-widget-wrap elementor-element-populated\">\n\t\t\t\t\t\t<div class=\"elementor-element elementor-element-144ce7d elementor-widget elementor-widget-text-editor\" data-id=\"144ce7d\" data-element_type=\"widget\" data-e-type=\"widget\" data-widget_type=\"text-editor.default\">\n\t\t\t\t<div class=\"elementor-widget-container\">\n\t\t\t\t\t\t\t\t\t<p>My name is <strong>Lara Ballester Torres.<\/strong> <span class=\"NormalTextRun SCXW188356575 BCX0\">I\u2019m<\/span><span class=\"NormalTextRun SCXW188356575 BCX0\"> from <\/span><span class=\"NormalTextRun SCXW188356575 BCX0\">Ponce<\/span><span class=\"NormalTextRun SCXW188356575 BCX0\">, Puerto Rico.<\/span><span data-contrast=\"none\"> <span class=\"TextRun SCXW76522615 BCX0\" lang=\"EN-US\" xml:lang=\"EN-US\" data-contrast=\"none\"><span class=\"NormalTextRun SCXW76522615 BCX0\">I graduated from the University of Puerto Rico Ponce <\/span><span class=\"NormalTextRun SpellingErrorV2Themed SCXW76522615 BCX0\">Campus<\/span><span class=\"NormalTextRun SpellingErrorV2Themed SCXW76522615 BCX0\">. <\/span><span class=\"NormalTextRun SpellingErrorV2Themed SCXW76522615 BCX0\">I<\/span><span class=\"NormalTextRun SCXW76522615 BCX0\"> have a bachelor\u2019s degree in natural sciences with a major in Biomedicine. <span class=\"TextRun SCXW29217710 BCX0\" lang=\"EN-US\" xml:lang=\"EN-US\" data-contrast=\"auto\"><span class=\"NormalTextRun SCXW29217710 BCX0\">I am currently working on the JARM lab with my mentor Jos\u00e9 A. Rodr\u00edguez Mart\u00ednez. There, I have been <\/span><span class=\"NormalTextRun SCXW29217710 BCX0\">acquiring<\/span><span class=\"NormalTextRun SCXW29217710 BCX0\"> computational skills to perform experimental data analysis, specifically for DNA affinity purification sequencing (DAP-seq) technique.\u00a0<\/span><\/span><span class=\"EOP SCXW29217710 BCX0\" data-ccp-props=\"{&quot;134233117&quot;:false,&quot;134233118&quot;:false,&quot;335559685&quot;:0,&quot;335559737&quot;:0,&quot;335559738&quot;:0,&quot;335559739&quot;:0}\"> <span class=\"NormalTextRun SCXW184258590 BCX0\">My <\/span><span class=\"NormalTextRun AdvancedProofingIssueV2Themed SCXW184258590 BCX0\">future plans<\/span><span class=\"NormalTextRun SCXW184258590 BCX0\"> changed when I entered the RaMP-UP program, it made me more interested in bioinformatics. I am currently looking for more information about bioinformatics and their application in different areas such as pharmaceutical industry or in genetics. In the future, I want to keep studying and training in this area to contribute to the science community and be more involved in scientific communication.<\/span><\/span><\/span><\/span><\/span><\/p>\t\t\t\t\t\t\t\t<\/div>\n\t\t\t\t<\/div>\n\t\t\t\t<div class=\"elementor-element elementor-element-ab25458 elementor-invisible elementor-widget elementor-widget-text-editor\" data-id=\"ab25458\" data-element_type=\"widget\" data-e-type=\"widget\" data-settings=\"{&quot;_animation&quot;:&quot;zoomIn&quot;}\" data-widget_type=\"text-editor.default\">\n\t\t\t\t<div class=\"elementor-widget-container\">\n\t\t\t\t\t\t\t\t\t<p><em><b>A fun fact or hobby: <\/b><\/em><span class=\"TextRun SCXW72019125 BCX0\" lang=\"EN-US\" xml:lang=\"EN-US\" data-contrast=\"auto\"><span class=\"NormalTextRun SCXW72019125 BCX0\">My hobbies are reading and listening to music.<\/span><\/span><\/p>\t\t\t\t\t\t\t\t<\/div>\n\t\t\t\t<\/div>\n\t\t\t\t\t<\/div>\n\t\t<\/div>\n\t\t\t\t\t<\/div>\n\t\t<\/section>\n\t\t\t\t<section class=\"elementor-section elementor-inner-section elementor-element elementor-element-a7de243 elementor-section-boxed elementor-section-height-default elementor-section-height-default\" data-id=\"a7de243\" data-element_type=\"section\" data-e-type=\"section\">\n\t\t\t\t\t\t<div class=\"elementor-container elementor-column-gap-default\">\n\t\t\t\t\t<div class=\"elementor-column elementor-col-50 elementor-inner-column elementor-element elementor-element-d7c42db\" data-id=\"d7c42db\" data-element_type=\"column\" data-e-type=\"column\">\n\t\t\t<div class=\"elementor-widget-wrap elementor-element-populated\">\n\t\t\t\t\t\t<div class=\"elementor-element elementor-element-58ec085 elementor-widget elementor-widget-heading\" data-id=\"58ec085\" data-element_type=\"widget\" data-e-type=\"widget\" data-widget_type=\"heading.default\">\n\t\t\t\t<div class=\"elementor-widget-container\">\n\t\t\t\t\t<h2 class=\"elementor-heading-title elementor-size-default\">Research<\/h2>\t\t\t\t<\/div>\n\t\t\t\t<\/div>\n\t\t\t\t\t<\/div>\n\t\t<\/div>\n\t\t\t\t<div class=\"elementor-column elementor-col-50 elementor-inner-column elementor-element elementor-element-52fcc9b\" data-id=\"52fcc9b\" data-element_type=\"column\" data-e-type=\"column\">\n\t\t\t<div class=\"elementor-widget-wrap elementor-element-populated\">\n\t\t\t\t\t\t<div class=\"elementor-element elementor-element-21f9725 elementor-widget__width-initial elementor-widget-divider--view-line elementor-widget elementor-widget-divider\" data-id=\"21f9725\" data-element_type=\"widget\" data-e-type=\"widget\" data-widget_type=\"divider.default\">\n\t\t\t\t<div class=\"elementor-widget-container\">\n\t\t\t\t\t\t\t<div class=\"elementor-divider\">\n\t\t\t<span class=\"elementor-divider-separator\">\n\t\t\t\t\t\t<\/span>\n\t\t<\/div>\n\t\t\t\t\t\t<\/div>\n\t\t\t\t<\/div>\n\t\t\t\t\t<\/div>\n\t\t<\/div>\n\t\t\t\t\t<\/div>\n\t\t<\/section>\n\t\t\t\t<section class=\"elementor-section elementor-inner-section elementor-element elementor-element-020de8e elementor-section-boxed elementor-section-height-default elementor-section-height-default\" data-id=\"020de8e\" data-element_type=\"section\" data-e-type=\"section\">\n\t\t\t\t\t\t<div class=\"elementor-container elementor-column-gap-default\">\n\t\t\t\t\t<div class=\"elementor-column elementor-col-50 elementor-inner-column elementor-element elementor-element-f834f9b\" data-id=\"f834f9b\" data-element_type=\"column\" data-e-type=\"column\">\n\t\t\t<div class=\"elementor-widget-wrap elementor-element-populated\">\n\t\t\t\t\t\t<div class=\"elementor-element elementor-element-819a76f elementor-widget__width-initial elementor-widget elementor-widget-text-editor\" data-id=\"819a76f\" data-element_type=\"widget\" data-e-type=\"widget\" data-widget_type=\"text-editor.default\">\n\t\t\t\t<div class=\"elementor-widget-container\">\n\t\t\t\t\t\t\t\t\t<p>Mentor:<\/p>\t\t\t\t\t\t\t\t<\/div>\n\t\t\t\t<\/div>\n\t\t\t\t\t<\/div>\n\t\t<\/div>\n\t\t\t\t<div class=\"elementor-column elementor-col-50 elementor-inner-column elementor-element elementor-element-0e60b8e\" data-id=\"0e60b8e\" data-element_type=\"column\" data-e-type=\"column\">\n\t\t\t<div class=\"elementor-widget-wrap elementor-element-populated\">\n\t\t\t\t\t\t<div class=\"elementor-element elementor-element-dedbb6a elementor-widget elementor-widget-text-editor\" data-id=\"dedbb6a\" data-element_type=\"widget\" data-e-type=\"widget\" data-widget_type=\"text-editor.default\">\n\t\t\t\t<div class=\"elementor-widget-container\">\n\t\t\t\t\t\t\t\t\t<p><span class=\"TextRun SCXW13312384 BCX0\" lang=\"EN-US\" xml:lang=\"EN-US\" data-contrast=\"none\"><span class=\"NormalTextRun SCXW13312384 BCX0\"><span class=\"TextRun SCXW253892492 BCX0\" lang=\"EN-US\" xml:lang=\"EN-US\" data-contrast=\"none\"><span class=\"NormalTextRun SCXW253892492 BCX0\">Jos\u00e9 A. Rodr\u00edguez Mart\u00ednez<\/span><\/span><span class=\"EOP SCXW253892492 BCX0\" data-ccp-props=\"{}\">\u00a0<\/span>, PhD<\/span><\/span><\/p>\t\t\t\t\t\t\t\t<\/div>\n\t\t\t\t<\/div>\n\t\t\t\t\t<\/div>\n\t\t<\/div>\n\t\t\t\t\t<\/div>\n\t\t<\/section>\n\t\t\t\t<section class=\"elementor-section elementor-inner-section elementor-element elementor-element-5c10ed1 elementor-section-boxed elementor-section-height-default elementor-section-height-default\" data-id=\"5c10ed1\" data-element_type=\"section\" data-e-type=\"section\">\n\t\t\t\t\t\t<div class=\"elementor-container elementor-column-gap-default\">\n\t\t\t\t\t<div class=\"elementor-column elementor-col-50 elementor-inner-column elementor-element elementor-element-3972817\" data-id=\"3972817\" data-element_type=\"column\" data-e-type=\"column\">\n\t\t\t<div class=\"elementor-widget-wrap elementor-element-populated\">\n\t\t\t\t\t\t<div class=\"elementor-element elementor-element-70726a2 elementor-widget__width-initial elementor-widget elementor-widget-text-editor\" data-id=\"70726a2\" data-element_type=\"widget\" data-e-type=\"widget\" data-widget_type=\"text-editor.default\">\n\t\t\t\t<div class=\"elementor-widget-container\">\n\t\t\t\t\t\t\t\t\t<p><span class=\"TextRun SCXW176474976 BCX0\" lang=\"EN-US\" xml:lang=\"EN-US\" data-contrast=\"none\"><span class=\"NormalTextRun SCXW176474976 BCX0\">Co-mentor:<\/span><\/span><span class=\"EOP SCXW176474976 BCX0\" data-ccp-props=\"{&quot;134233117&quot;:false,&quot;134233118&quot;:false,&quot;335559738&quot;:0,&quot;335559739&quot;:0}\">\u00a0<\/span><\/p>\t\t\t\t\t\t\t\t<\/div>\n\t\t\t\t<\/div>\n\t\t\t\t\t<\/div>\n\t\t<\/div>\n\t\t\t\t<div class=\"elementor-column elementor-col-50 elementor-inner-column elementor-element elementor-element-8cfe1d8\" data-id=\"8cfe1d8\" data-element_type=\"column\" data-e-type=\"column\">\n\t\t\t<div class=\"elementor-widget-wrap elementor-element-populated\">\n\t\t\t\t\t\t<div class=\"elementor-element elementor-element-02449df elementor-widget elementor-widget-text-editor\" data-id=\"02449df\" data-element_type=\"widget\" data-e-type=\"widget\" data-widget_type=\"text-editor.default\">\n\t\t\t\t<div class=\"elementor-widget-container\">\n\t\t\t\t\t\t\t\t\t<p><span class=\"TextRun SCXW207713854 BCX0\" lang=\"EN-US\" xml:lang=\"EN-US\" data-contrast=\"none\"><span class=\"NormalTextRun SCXW207713854 BCX0\"><span class=\"TextRun SCXW199893884 BCX0\" lang=\"EN-US\" xml:lang=\"EN-US\" data-contrast=\"none\"><span class=\"NormalTextRun SCXW199893884 BCX0\">Josu\u00e9 Perez Santiago<\/span><\/span><span class=\"EOP SCXW199893884 BCX0\" data-ccp-props=\"{}\">\u00a0<\/span>, PhD<\/span><\/span><\/p>\t\t\t\t\t\t\t\t<\/div>\n\t\t\t\t<\/div>\n\t\t\t\t\t<\/div>\n\t\t<\/div>\n\t\t\t\t\t<\/div>\n\t\t<\/section>\n\t\t\t\t<section class=\"elementor-section elementor-inner-section elementor-element elementor-element-8eba180 elementor-section-boxed elementor-section-height-default elementor-section-height-default\" data-id=\"8eba180\" data-element_type=\"section\" data-e-type=\"section\">\n\t\t\t\t\t\t<div class=\"elementor-container elementor-column-gap-default\">\n\t\t\t\t\t<div class=\"elementor-column elementor-col-50 elementor-inner-column elementor-element elementor-element-7edd23e\" data-id=\"7edd23e\" data-element_type=\"column\" data-e-type=\"column\">\n\t\t\t<div class=\"elementor-widget-wrap elementor-element-populated\">\n\t\t\t\t\t\t<div class=\"elementor-element elementor-element-9752eac elementor-widget__width-initial elementor-widget elementor-widget-text-editor\" data-id=\"9752eac\" data-element_type=\"widget\" data-e-type=\"widget\" data-widget_type=\"text-editor.default\">\n\t\t\t\t<div class=\"elementor-widget-container\">\n\t\t\t\t\t\t\t\t\t<p><span class=\"TextRun SCXW176474976 BCX0\" lang=\"EN-US\" xml:lang=\"EN-US\" data-contrast=\"none\"><span class=\"NormalTextRun SCXW176474976 BCX0\">Project Title:<\/span><\/span><span class=\"EOP SCXW176474976 BCX0\" data-ccp-props=\"{&quot;134233117&quot;:false,&quot;134233118&quot;:false,&quot;335559738&quot;:0,&quot;335559739&quot;:0}\">\u00a0<\/span><\/p>\t\t\t\t\t\t\t\t<\/div>\n\t\t\t\t<\/div>\n\t\t\t\t\t<\/div>\n\t\t<\/div>\n\t\t\t\t<div class=\"elementor-column elementor-col-50 elementor-inner-column elementor-element elementor-element-04321bd\" data-id=\"04321bd\" data-element_type=\"column\" data-e-type=\"column\">\n\t\t\t<div class=\"elementor-widget-wrap elementor-element-populated\">\n\t\t\t\t\t\t<div class=\"elementor-element elementor-element-7e5d1dd elementor-widget elementor-widget-text-editor\" data-id=\"7e5d1dd\" data-element_type=\"widget\" data-e-type=\"widget\" data-widget_type=\"text-editor.default\">\n\t\t\t\t<div class=\"elementor-widget-container\">\n\t\t\t\t\t\t\t\t\t<p><em><span class=\"NormalTextRun SCXW6050485 BCX0\">Determining<\/span><span class=\"NormalTextRun SCXW6050485 BCX0\"> SIX transcription factors and genomic binding sites using a DNA-affinity purification approach<\/span><\/em><\/p>\t\t\t\t\t\t\t\t<\/div>\n\t\t\t\t<\/div>\n\t\t\t\t\t<\/div>\n\t\t<\/div>\n\t\t\t\t\t<\/div>\n\t\t<\/section>\n\t\t\t\t<section class=\"elementor-section elementor-inner-section elementor-element elementor-element-a4a451b elementor-section-boxed elementor-section-height-default elementor-section-height-default\" data-id=\"a4a451b\" data-element_type=\"section\" data-e-type=\"section\">\n\t\t\t\t\t\t<div class=\"elementor-container elementor-column-gap-default\">\n\t\t\t\t\t<div class=\"elementor-column elementor-col-50 elementor-inner-column elementor-element elementor-element-e7dbe87\" data-id=\"e7dbe87\" data-element_type=\"column\" data-e-type=\"column\">\n\t\t\t<div class=\"elementor-widget-wrap elementor-element-populated\">\n\t\t\t\t\t\t<div class=\"elementor-element elementor-element-375a56e elementor-widget__width-initial elementor-widget elementor-widget-text-editor\" data-id=\"375a56e\" data-element_type=\"widget\" data-e-type=\"widget\" data-widget_type=\"text-editor.default\">\n\t\t\t\t<div class=\"elementor-widget-container\">\n\t\t\t\t\t\t\t\t\t<p><span class=\"TextRun SCXW176474976 BCX0\" lang=\"EN-US\" xml:lang=\"EN-US\" data-contrast=\"none\"><span class=\"NormalTextRun SCXW176474976 BCX0\">Project Description:<\/span><\/span><span class=\"EOP SCXW176474976 BCX0\" data-ccp-props=\"{&quot;134233117&quot;:false,&quot;134233118&quot;:false,&quot;335559738&quot;:0,&quot;335559739&quot;:0}\">\u00a0<\/span><\/p>\t\t\t\t\t\t\t\t<\/div>\n\t\t\t\t<\/div>\n\t\t\t\t\t<\/div>\n\t\t<\/div>\n\t\t\t\t<div class=\"elementor-column elementor-col-50 elementor-inner-column elementor-element elementor-element-c73bec2\" data-id=\"c73bec2\" data-element_type=\"column\" data-e-type=\"column\">\n\t\t\t<div class=\"elementor-widget-wrap elementor-element-populated\">\n\t\t\t\t\t\t<div class=\"elementor-element elementor-element-bf627a9 elementor-widget elementor-widget-text-editor\" data-id=\"bf627a9\" data-element_type=\"widget\" data-e-type=\"widget\" data-widget_type=\"text-editor.default\">\n\t\t\t\t<div class=\"elementor-widget-container\">\n\t\t\t\t\t\t\t\t\t<p><span class=\"TextRun SCXW205263401 BCX0\" lang=\"EN-US\" xml:lang=\"EN-US\" data-contrast=\"none\"><span class=\"NormalTextRun SCXW205263401 BCX0\">Transcription factors (TFs) are DNA-binding proteins that recognize cis-regulatory elements to either promote or repress gene expression. TFs are studied using antibody-dependent assays such as CHIP-seq, however, these assays prove to be challenging in non-model organisms due to antibody unavailability. Using a DNA purification-based assay we can overcome these limitations. DNA affinity purification sequencing (DAP-seq) is a high-throughput in vitro technique which provides detailed, high-resolution genome wide transcription factor binding sites (TFBS) and <\/span><span class=\"NormalTextRun SCXW205263401 BCX0\">identifies<\/span><span class=\"NormalTextRun SCXW205263401 BCX0\"> a high number of TF-DNA interactions. In brief, DAP-seq works by using a recombinant protein and genomic DNA, which will be incubated together, and TF-bound DNA will be eluted and sequenced for analysis. We applied DAP-seq to study SIX TF binding specificities in Drosophila melanogaster (D. melanogaster), focusing on <\/span><span class=\"NormalTextRun SpellingErrorV2Themed SCXW205263401 BCX0\">optix<\/span><span class=\"NormalTextRun SCXW205263401 BCX0\">. Understanding these TF-DNA interactions is essential for studying the role of TFs in gene expression and with DAP-seq we could also study non-model organisms.<\/span><\/span><span class=\"EOP SCXW205263401 BCX0\" data-ccp-props=\"{&quot;134233117&quot;:false,&quot;134233118&quot;:false,&quot;335559738&quot;:240,&quot;335559739&quot;:240}\">\u00a0<\/span><\/p>\t\t\t\t\t\t\t\t<\/div>\n\t\t\t\t<\/div>\n\t\t\t\t\t<\/div>\n\t\t<\/div>\n\t\t\t\t\t<\/div>\n\t\t<\/section>\n\t\t\t\t\t<\/div>\n\t\t<\/div>\n\t\t\t\t\t<\/div>\n\t\t<\/section>\n\t\t\t\t<\/div>\n\t\t","protected":false},"excerpt":{"rendered":"<p>Linkedin Short Bio My name is Lara Ballester Torres. I\u2019m from Ponce, Puerto Rico. I graduated from the University of Puerto Rico Ponce Campus. I have a bachelor\u2019s degree in natural sciences with a major in Biomedicine. I am currently &hellip; <\/p>\n","protected":false},"author":58,"featured_media":0,"parent":0,"menu_order":0,"comment_status":"closed","ping_status":"closed","template":"","meta":{"footnotes":""},"class_list":["post-19654","page","type-page","status-publish","hentry"],"_links":{"self":[{"href":"https:\/\/natsci.uprrp.edu\/ramp-up\/wp-json\/wp\/v2\/pages\/19654","targetHints":{"allow":["GET"]}}],"collection":[{"href":"https:\/\/natsci.uprrp.edu\/ramp-up\/wp-json\/wp\/v2\/pages"}],"about":[{"href":"https:\/\/natsci.uprrp.edu\/ramp-up\/wp-json\/wp\/v2\/types\/page"}],"author":[{"embeddable":true,"href":"https:\/\/natsci.uprrp.edu\/ramp-up\/wp-json\/wp\/v2\/users\/58"}],"replies":[{"embeddable":true,"href":"https:\/\/natsci.uprrp.edu\/ramp-up\/wp-json\/wp\/v2\/comments?post=19654"}],"version-history":[{"count":10,"href":"https:\/\/natsci.uprrp.edu\/ramp-up\/wp-json\/wp\/v2\/pages\/19654\/revisions"}],"predecessor-version":[{"id":20078,"href":"https:\/\/natsci.uprrp.edu\/ramp-up\/wp-json\/wp\/v2\/pages\/19654\/revisions\/20078"}],"wp:attachment":[{"href":"https:\/\/natsci.uprrp.edu\/ramp-up\/wp-json\/wp\/v2\/media?parent=19654"}],"curies":[{"name":"wp","href":"https:\/\/api.w.org\/{rel}","templated":true}]}}