{"id":19626,"date":"2025-03-18T14:40:21","date_gmt":"2025-03-18T14:40:21","guid":{"rendered":"https:\/\/natsci.uprrp.edu\/ramp-up\/?page_id=19626"},"modified":"2025-04-24T18:57:43","modified_gmt":"2025-04-24T18:57:43","slug":"dalilis-martinez-torres","status":"publish","type":"page","link":"https:\/\/natsci.uprrp.edu\/ramp-up\/dalilis-martinez-torres\/","title":{"rendered":"Daril\u00eds Mart\u00ednez Torres (2024-2025)"},"content":{"rendered":"\t\t<div data-elementor-type=\"wp-page\" data-elementor-id=\"19626\" class=\"elementor elementor-19626\">\n\t\t\t\t\t\t<section class=\"elementor-section elementor-top-section elementor-element elementor-element-8ef0ba8 elementor-section-boxed elementor-section-height-default elementor-section-height-default\" data-id=\"8ef0ba8\" data-element_type=\"section\" data-e-type=\"section\">\n\t\t\t\t\t\t<div class=\"elementor-container elementor-column-gap-default\">\n\t\t\t\t\t<div class=\"elementor-column elementor-col-33 elementor-top-column elementor-element elementor-element-753c4cc\" data-id=\"753c4cc\" data-element_type=\"column\" data-e-type=\"column\">\n\t\t\t<div class=\"elementor-widget-wrap elementor-element-populated\">\n\t\t\t\t\t\t<div class=\"elementor-element elementor-element-ac262ea elementor-invisible elementor-widget elementor-widget-image\" data-id=\"ac262ea\" data-element_type=\"widget\" data-e-type=\"widget\" data-settings=\"{&quot;_animation&quot;:&quot;slideInLeft&quot;}\" data-widget_type=\"image.default\">\n\t\t\t\t<div class=\"elementor-widget-container\">\n\t\t\t\t\t\t\t\t\t\t\t\t\t\t\t<img fetchpriority=\"high\" decoding=\"async\" width=\"640\" height=\"853\" src=\"https:\/\/natsci.uprrp.edu\/ramp-up\/wp-content\/uploads\/sites\/26\/2025\/03\/Darilis-1-768x1024.jpg\" class=\"attachment-large size-large wp-image-19531\" alt=\"\" srcset=\"https:\/\/natsci.uprrp.edu\/ramp-up\/wp-content\/uploads\/sites\/26\/2025\/03\/Darilis-1-768x1024.jpg 768w, https:\/\/natsci.uprrp.edu\/ramp-up\/wp-content\/uploads\/sites\/26\/2025\/03\/Darilis-1-225x300.jpg 225w, https:\/\/natsci.uprrp.edu\/ramp-up\/wp-content\/uploads\/sites\/26\/2025\/03\/Darilis-1-1152x1536.jpg 1152w, https:\/\/natsci.uprrp.edu\/ramp-up\/wp-content\/uploads\/sites\/26\/2025\/03\/Darilis-1-1536x2048.jpg 1536w, https:\/\/natsci.uprrp.edu\/ramp-up\/wp-content\/uploads\/sites\/26\/2025\/03\/Darilis-1-scaled.jpg 1920w\" sizes=\"(max-width: 640px) 100vw, 640px\" \/>\t\t\t\t\t\t\t\t\t\t\t\t\t\t\t<\/div>\n\t\t\t\t<\/div>\n\t\t\t\t<section class=\"elementor-section elementor-inner-section elementor-element elementor-element-f944024 elementor-section-boxed elementor-section-height-default elementor-section-height-default\" data-id=\"f944024\" data-element_type=\"section\" data-e-type=\"section\">\n\t\t\t\t\t\t<div class=\"elementor-container elementor-column-gap-default\">\n\t\t\t\t\t<div class=\"elementor-column elementor-col-50 elementor-inner-column elementor-element elementor-element-8bd5b7b\" data-id=\"8bd5b7b\" data-element_type=\"column\" data-e-type=\"column\">\n\t\t\t<div class=\"elementor-widget-wrap elementor-element-populated\">\n\t\t\t\t\t\t<div class=\"elementor-element elementor-element-15dea2c elementor-shape-rounded elementor-grid-0 e-grid-align-center elementor-widget elementor-widget-social-icons\" data-id=\"15dea2c\" data-element_type=\"widget\" data-e-type=\"widget\" data-widget_type=\"social-icons.default\">\n\t\t\t\t<div class=\"elementor-widget-container\">\n\t\t\t\t\t\t\t<div class=\"elementor-social-icons-wrapper elementor-grid\">\n\t\t\t\t\t\t\t<span class=\"elementor-grid-item\">\n\t\t\t\t\t<a class=\"elementor-icon elementor-social-icon elementor-social-icon-linkedin elementor-repeater-item-7ec17db\" href=\"https:\/\/www.linkedin.com\/in\/daril%C3%ADs-mart%C3%ADnez-torres-3893a91b5\" target=\"_blank\">\n\t\t\t\t\t\t<span class=\"elementor-screen-only\">Linkedin<\/span>\n\t\t\t\t\t\t<i aria-hidden=\"true\" class=\"fab fa-linkedin\"><\/i>\t\t\t\t\t<\/a>\n\t\t\t\t<\/span>\n\t\t\t\t\t<\/div>\n\t\t\t\t\t\t<\/div>\n\t\t\t\t<\/div>\n\t\t\t\t\t<\/div>\n\t\t<\/div>\n\t\t\t\t<div class=\"elementor-column elementor-col-50 elementor-inner-column elementor-element elementor-element-2c178d6\" data-id=\"2c178d6\" data-element_type=\"column\" data-e-type=\"column\">\n\t\t\t<div class=\"elementor-widget-wrap elementor-element-populated\">\n\t\t\t\t\t\t<div class=\"elementor-element elementor-element-4d572ae elementor-widget elementor-widget-text-editor\" data-id=\"4d572ae\" data-element_type=\"widget\" data-e-type=\"widget\" data-widget_type=\"text-editor.default\">\n\t\t\t\t<div class=\"elementor-widget-container\">\n\t\t\t\t\t\t\t\t\t<p><a href=\"https:\/\/www.linkedin.com\/in\/daril%C3%ADs-mart%C3%ADnez-torres-3893a91b5\">https:\/\/www.linkedin.com\/in\/daril%C3%ADs-mart%C3%ADnez-torres-3893a91b5<\/a><\/p>\t\t\t\t\t\t\t\t<\/div>\n\t\t\t\t<\/div>\n\t\t\t\t\t<\/div>\n\t\t<\/div>\n\t\t\t\t\t<\/div>\n\t\t<\/section>\n\t\t\t\t\t<\/div>\n\t\t<\/div>\n\t\t\t\t<div class=\"elementor-column elementor-col-66 elementor-top-column elementor-element elementor-element-ce2d735\" data-id=\"ce2d735\" data-element_type=\"column\" data-e-type=\"column\">\n\t\t\t<div class=\"elementor-widget-wrap elementor-element-populated\">\n\t\t\t\t\t\t<section class=\"elementor-section elementor-inner-section elementor-element elementor-element-605345c elementor-section-boxed elementor-section-height-default elementor-section-height-default\" data-id=\"605345c\" data-element_type=\"section\" data-e-type=\"section\">\n\t\t\t\t\t\t<div class=\"elementor-container elementor-column-gap-default\">\n\t\t\t\t\t<div class=\"elementor-column elementor-col-50 elementor-inner-column elementor-element elementor-element-179b5f7\" data-id=\"179b5f7\" data-element_type=\"column\" data-e-type=\"column\">\n\t\t\t<div class=\"elementor-widget-wrap elementor-element-populated\">\n\t\t\t\t\t\t<div class=\"elementor-element elementor-element-3ebe3c9 elementor-widget elementor-widget-heading\" data-id=\"3ebe3c9\" data-element_type=\"widget\" data-e-type=\"widget\" data-widget_type=\"heading.default\">\n\t\t\t\t<div class=\"elementor-widget-container\">\n\t\t\t\t\t<h2 class=\"elementor-heading-title elementor-size-default\">Short Bio<\/h2>\t\t\t\t<\/div>\n\t\t\t\t<\/div>\n\t\t\t\t\t<\/div>\n\t\t<\/div>\n\t\t\t\t<div class=\"elementor-column elementor-col-50 elementor-inner-column elementor-element elementor-element-5d2e8ce\" data-id=\"5d2e8ce\" data-element_type=\"column\" data-e-type=\"column\">\n\t\t\t<div class=\"elementor-widget-wrap elementor-element-populated\">\n\t\t\t\t\t\t<div class=\"elementor-element elementor-element-e8ad9f1 elementor-widget__width-initial elementor-widget-divider--view-line elementor-widget elementor-widget-divider\" data-id=\"e8ad9f1\" data-element_type=\"widget\" data-e-type=\"widget\" data-widget_type=\"divider.default\">\n\t\t\t\t<div class=\"elementor-widget-container\">\n\t\t\t\t\t\t\t<div class=\"elementor-divider\">\n\t\t\t<span class=\"elementor-divider-separator\">\n\t\t\t\t\t\t<\/span>\n\t\t<\/div>\n\t\t\t\t\t\t<\/div>\n\t\t\t\t<\/div>\n\t\t\t\t\t<\/div>\n\t\t<\/div>\n\t\t\t\t\t<\/div>\n\t\t<\/section>\n\t\t\t\t<section class=\"elementor-section elementor-inner-section elementor-element elementor-element-e9879eb elementor-section-boxed elementor-section-height-default elementor-section-height-default\" data-id=\"e9879eb\" data-element_type=\"section\" data-e-type=\"section\">\n\t\t\t\t\t\t<div class=\"elementor-container elementor-column-gap-default\">\n\t\t\t\t\t<div class=\"elementor-column elementor-col-100 elementor-inner-column elementor-element elementor-element-cf4dfb9\" data-id=\"cf4dfb9\" data-element_type=\"column\" data-e-type=\"column\">\n\t\t\t<div class=\"elementor-widget-wrap elementor-element-populated\">\n\t\t\t\t\t\t<div class=\"elementor-element elementor-element-73c978a elementor-widget elementor-widget-text-editor\" data-id=\"73c978a\" data-element_type=\"widget\" data-e-type=\"widget\" data-widget_type=\"text-editor.default\">\n\t\t\t\t<div class=\"elementor-widget-container\">\n\t\t\t\t\t\t\t\t\t<p>My name is <strong>Daril\u00eds Mart\u00ednez Torres<\/strong><b><span data-contrast=\"none\">\u00a0<\/span><\/b>and<span data-contrast=\"none\"> I\u2019m from San Germ\u00e1n, Puerto Rico.<\/span><span data-contrast=\"none\"> <span class=\"TextRun SCXW112216987 BCX0\" lang=\"EN-US\" xml:lang=\"EN-US\" data-contrast=\"none\"><span class=\"NormalTextRun SCXW112216987 BCX0\">I graduated from \u201cEl Colegio<\/span><span class=\"NormalTextRun SCXW112216987 BCX0\">\u201d,<\/span><span class=\"NormalTextRun SCXW112216987 BCX0\"> University of Puerto Rico, Mayag\u00fcez Campus, with a BS in Biology and 2 curricular sequences: Conservation and Management of Natural Resources, and Sociology and Environmental Public Policy.<\/span><\/span> <\/span><span data-contrast=\"none\">I\u2019m working with Dr. Paun Bayman under the Research and Mentoring for a Postbaccalaureate in Biological Sciences (RaMP-UP) postbaccalaureate program. <span class=\"NormalTextRun SCXW159013417 BCX0\">I am working with a coffee pest, the coffee leaf miner, trying to describe the damage it causes to coffee leaves and its severity and incidence. Additionally, I am collecting and <\/span><span class=\"NormalTextRun SCXW159013417 BCX0\">identifying<\/span><span class=\"NormalTextRun SCXW159013417 BCX0\"> the survival of the larvae in different farms around Puerto Rico. I plan to compare the data obtained within conditions such as environmental variables, year of collected data, season (dry or wet), coffee variety, and study site.<\/span><\/span><\/p>\t\t\t\t\t\t\t\t<\/div>\n\t\t\t\t<\/div>\n\t\t\t\t<div class=\"elementor-element elementor-element-aa54dc2 elementor-invisible elementor-widget elementor-widget-text-editor\" data-id=\"aa54dc2\" data-element_type=\"widget\" data-e-type=\"widget\" data-settings=\"{&quot;_animation&quot;:&quot;zoomIn&quot;}\" data-widget_type=\"text-editor.default\">\n\t\t\t\t<div class=\"elementor-widget-container\">\n\t\t\t\t\t\t\t\t\t<p><em><b>A fun fact or hobby: <\/b><span class=\"NormalTextRun SCXW125616091 BCX0\">I am a nature lover, and every year I like to do at least one new different, and <\/span><span class=\"NormalTextRun SCXW125616091 BCX0\">somewhat extreme<\/span><span class=\"NormalTextRun SCXW125616091 BCX0\"> outdoor activity. <\/span><span class=\"NormalTextRun SCXW125616091 BCX0\">I\u2019ve<\/span><span class=\"NormalTextRun SCXW125616091 BCX0\"> managed to go camping, snorkeling, discover <\/span><span class=\"NormalTextRun SCXW125616091 BCX0\">new places<\/span><span class=\"NormalTextRun SCXW125616091 BCX0\"> for hiking, ride ziplines (including the longest at Toro Verde), go paragliding, skydive, ski, and soon I will swim with sharks.<\/span><\/em><\/p>\t\t\t\t\t\t\t\t<\/div>\n\t\t\t\t<\/div>\n\t\t\t\t\t<\/div>\n\t\t<\/div>\n\t\t\t\t\t<\/div>\n\t\t<\/section>\n\t\t\t\t<section class=\"elementor-section elementor-inner-section elementor-element elementor-element-9ea1c48 elementor-section-boxed elementor-section-height-default elementor-section-height-default\" data-id=\"9ea1c48\" data-element_type=\"section\" data-e-type=\"section\">\n\t\t\t\t\t\t<div class=\"elementor-container elementor-column-gap-default\">\n\t\t\t\t\t<div class=\"elementor-column elementor-col-50 elementor-inner-column elementor-element elementor-element-0965887\" data-id=\"0965887\" data-element_type=\"column\" data-e-type=\"column\">\n\t\t\t<div class=\"elementor-widget-wrap elementor-element-populated\">\n\t\t\t\t\t\t<div class=\"elementor-element elementor-element-0eb4f53 elementor-widget elementor-widget-heading\" data-id=\"0eb4f53\" data-element_type=\"widget\" data-e-type=\"widget\" data-widget_type=\"heading.default\">\n\t\t\t\t<div class=\"elementor-widget-container\">\n\t\t\t\t\t<h2 class=\"elementor-heading-title elementor-size-default\">Research<\/h2>\t\t\t\t<\/div>\n\t\t\t\t<\/div>\n\t\t\t\t\t<\/div>\n\t\t<\/div>\n\t\t\t\t<div class=\"elementor-column elementor-col-50 elementor-inner-column elementor-element elementor-element-0edcb01\" data-id=\"0edcb01\" data-element_type=\"column\" data-e-type=\"column\">\n\t\t\t<div class=\"elementor-widget-wrap elementor-element-populated\">\n\t\t\t\t\t\t<div class=\"elementor-element elementor-element-2c906a5 elementor-widget__width-initial elementor-widget-divider--view-line elementor-widget elementor-widget-divider\" data-id=\"2c906a5\" data-element_type=\"widget\" data-e-type=\"widget\" data-widget_type=\"divider.default\">\n\t\t\t\t<div class=\"elementor-widget-container\">\n\t\t\t\t\t\t\t<div class=\"elementor-divider\">\n\t\t\t<span class=\"elementor-divider-separator\">\n\t\t\t\t\t\t<\/span>\n\t\t<\/div>\n\t\t\t\t\t\t<\/div>\n\t\t\t\t<\/div>\n\t\t\t\t\t<\/div>\n\t\t<\/div>\n\t\t\t\t\t<\/div>\n\t\t<\/section>\n\t\t\t\t<section class=\"elementor-section elementor-inner-section elementor-element elementor-element-1ee0fe7 elementor-section-boxed elementor-section-height-default elementor-section-height-default\" data-id=\"1ee0fe7\" data-element_type=\"section\" data-e-type=\"section\">\n\t\t\t\t\t\t<div class=\"elementor-container elementor-column-gap-default\">\n\t\t\t\t\t<div class=\"elementor-column elementor-col-50 elementor-inner-column elementor-element elementor-element-98280f5\" data-id=\"98280f5\" data-element_type=\"column\" data-e-type=\"column\">\n\t\t\t<div class=\"elementor-widget-wrap elementor-element-populated\">\n\t\t\t\t\t\t<div class=\"elementor-element elementor-element-191f1f3 elementor-widget__width-initial elementor-widget elementor-widget-text-editor\" data-id=\"191f1f3\" data-element_type=\"widget\" data-e-type=\"widget\" data-widget_type=\"text-editor.default\">\n\t\t\t\t<div class=\"elementor-widget-container\">\n\t\t\t\t\t\t\t\t\t<p>Mentor:<\/p>\t\t\t\t\t\t\t\t<\/div>\n\t\t\t\t<\/div>\n\t\t\t\t\t<\/div>\n\t\t<\/div>\n\t\t\t\t<div class=\"elementor-column elementor-col-50 elementor-inner-column elementor-element elementor-element-5a7061b\" data-id=\"5a7061b\" data-element_type=\"column\" data-e-type=\"column\">\n\t\t\t<div class=\"elementor-widget-wrap elementor-element-populated\">\n\t\t\t\t\t\t<div class=\"elementor-element elementor-element-c66d050 elementor-widget elementor-widget-text-editor\" data-id=\"c66d050\" data-element_type=\"widget\" data-e-type=\"widget\" data-widget_type=\"text-editor.default\">\n\t\t\t\t<div class=\"elementor-widget-container\">\n\t\t\t\t\t\t\t\t\t<p>Paun Bayman, PhD<\/p>\t\t\t\t\t\t\t\t<\/div>\n\t\t\t\t<\/div>\n\t\t\t\t\t<\/div>\n\t\t<\/div>\n\t\t\t\t\t<\/div>\n\t\t<\/section>\n\t\t\t\t<section class=\"elementor-section elementor-inner-section elementor-element elementor-element-4cd101a elementor-section-boxed elementor-section-height-default elementor-section-height-default\" data-id=\"4cd101a\" data-element_type=\"section\" data-e-type=\"section\">\n\t\t\t\t\t\t<div class=\"elementor-container elementor-column-gap-default\">\n\t\t\t\t\t<div class=\"elementor-column elementor-col-50 elementor-inner-column elementor-element elementor-element-32eea97\" data-id=\"32eea97\" data-element_type=\"column\" data-e-type=\"column\">\n\t\t\t<div class=\"elementor-widget-wrap elementor-element-populated\">\n\t\t\t\t\t\t<div class=\"elementor-element elementor-element-9bb231c elementor-widget__width-initial elementor-widget elementor-widget-text-editor\" data-id=\"9bb231c\" data-element_type=\"widget\" data-e-type=\"widget\" data-widget_type=\"text-editor.default\">\n\t\t\t\t<div class=\"elementor-widget-container\">\n\t\t\t\t\t\t\t\t\t<p><span class=\"TextRun SCXW176474976 BCX0\" lang=\"EN-US\" xml:lang=\"EN-US\" data-contrast=\"none\"><span class=\"NormalTextRun SCXW176474976 BCX0\">Co-mentor:<\/span><\/span><span class=\"EOP SCXW176474976 BCX0\" data-ccp-props=\"{&quot;134233117&quot;:false,&quot;134233118&quot;:false,&quot;335559738&quot;:0,&quot;335559739&quot;:0}\">\u00a0<\/span><\/p>\t\t\t\t\t\t\t\t<\/div>\n\t\t\t\t<\/div>\n\t\t\t\t\t<\/div>\n\t\t<\/div>\n\t\t\t\t<div class=\"elementor-column elementor-col-50 elementor-inner-column elementor-element elementor-element-854bc85\" data-id=\"854bc85\" data-element_type=\"column\" data-e-type=\"column\">\n\t\t\t<div class=\"elementor-widget-wrap elementor-element-populated\">\n\t\t\t\t\t\t<div class=\"elementor-element elementor-element-1e891e0 elementor-widget elementor-widget-text-editor\" data-id=\"1e891e0\" data-element_type=\"widget\" data-e-type=\"widget\" data-widget_type=\"text-editor.default\">\n\t\t\t\t<div class=\"elementor-widget-container\">\n\t\t\t\t\t\t\t\t\t<p><span class=\"NormalTextRun SpellingErrorV2Themed SCXW227888295 BCX0\"><span class=\"TextRun SCXW59972392 BCX0\" lang=\"EN-US\" xml:lang=\"EN-US\" data-contrast=\"none\"><span class=\"NormalTextRun SCXW59972392 BCX0\">Mar\u00eda E. P\u00e9rez Hern\u00e1ndez<\/span><\/span>, PhD<\/span><\/p>\t\t\t\t\t\t\t\t<\/div>\n\t\t\t\t<\/div>\n\t\t\t\t\t<\/div>\n\t\t<\/div>\n\t\t\t\t\t<\/div>\n\t\t<\/section>\n\t\t\t\t<section class=\"elementor-section elementor-inner-section elementor-element elementor-element-32673b5 elementor-section-boxed elementor-section-height-default elementor-section-height-default\" data-id=\"32673b5\" data-element_type=\"section\" data-e-type=\"section\">\n\t\t\t\t\t\t<div class=\"elementor-container elementor-column-gap-default\">\n\t\t\t\t\t<div class=\"elementor-column elementor-col-50 elementor-inner-column elementor-element elementor-element-191d966\" data-id=\"191d966\" data-element_type=\"column\" data-e-type=\"column\">\n\t\t\t<div class=\"elementor-widget-wrap elementor-element-populated\">\n\t\t\t\t\t\t<div class=\"elementor-element elementor-element-ada9ef0 elementor-widget__width-initial elementor-widget elementor-widget-text-editor\" data-id=\"ada9ef0\" data-element_type=\"widget\" data-e-type=\"widget\" data-widget_type=\"text-editor.default\">\n\t\t\t\t<div class=\"elementor-widget-container\">\n\t\t\t\t\t\t\t\t\t<p><span class=\"TextRun SCXW176474976 BCX0\" lang=\"EN-US\" xml:lang=\"EN-US\" data-contrast=\"none\"><span class=\"NormalTextRun SCXW176474976 BCX0\">Project Title:<\/span><\/span><span class=\"EOP SCXW176474976 BCX0\" data-ccp-props=\"{&quot;134233117&quot;:false,&quot;134233118&quot;:false,&quot;335559738&quot;:0,&quot;335559739&quot;:0}\">\u00a0<\/span><\/p>\t\t\t\t\t\t\t\t<\/div>\n\t\t\t\t<\/div>\n\t\t\t\t\t<\/div>\n\t\t<\/div>\n\t\t\t\t<div class=\"elementor-column elementor-col-50 elementor-inner-column elementor-element elementor-element-4e5fe9f\" data-id=\"4e5fe9f\" data-element_type=\"column\" data-e-type=\"column\">\n\t\t\t<div class=\"elementor-widget-wrap elementor-element-populated\">\n\t\t\t\t\t\t<div class=\"elementor-element elementor-element-5912937 elementor-widget elementor-widget-text-editor\" data-id=\"5912937\" data-element_type=\"widget\" data-e-type=\"widget\" data-widget_type=\"text-editor.default\">\n\t\t\t\t<div class=\"elementor-widget-container\">\n\t\t\t\t\t\t\t\t\t<p><em><span class=\"TextRun SCXW236017526 BCX0\" lang=\"EN-US\" xml:lang=\"EN-US\" data-contrast=\"none\"><span class=\"NormalTextRun SCXW236017526 BCX0\">Damage and Survival of the Coffee Leaf Miner <\/span><\/span><span class=\"TextRun SCXW236017526 BCX0\" lang=\"EN-US\" xml:lang=\"EN-US\" data-contrast=\"none\"><span class=\"NormalTextRun SpellingErrorV2Themed SCXW236017526 BCX0\">Leucoptera<\/span> <span class=\"NormalTextRun SpellingErrorV2Themed SCXW236017526 BCX0\">coffeela<\/span> <\/span><span class=\"TextRun SCXW236017526 BCX0\" lang=\"EN-US\" xml:lang=\"EN-US\" data-contrast=\"none\"><span class=\"NormalTextRun SCXW236017526 BCX0\">in Puerto Rico Coffee Farms<\/span><\/span><span class=\"EOP SCXW236017526 BCX0\" data-ccp-props=\"{}\">\u00a0<\/span><\/em><\/p>\t\t\t\t\t\t\t\t<\/div>\n\t\t\t\t<\/div>\n\t\t\t\t\t<\/div>\n\t\t<\/div>\n\t\t\t\t\t<\/div>\n\t\t<\/section>\n\t\t\t\t<section class=\"elementor-section elementor-inner-section elementor-element elementor-element-e7d041e elementor-section-boxed elementor-section-height-default elementor-section-height-default\" data-id=\"e7d041e\" data-element_type=\"section\" data-e-type=\"section\">\n\t\t\t\t\t\t<div class=\"elementor-container elementor-column-gap-default\">\n\t\t\t\t\t<div class=\"elementor-column elementor-col-50 elementor-inner-column elementor-element elementor-element-94bc225\" data-id=\"94bc225\" data-element_type=\"column\" data-e-type=\"column\">\n\t\t\t<div class=\"elementor-widget-wrap elementor-element-populated\">\n\t\t\t\t\t\t<div class=\"elementor-element elementor-element-3957889 elementor-widget__width-initial elementor-widget elementor-widget-text-editor\" data-id=\"3957889\" data-element_type=\"widget\" data-e-type=\"widget\" data-widget_type=\"text-editor.default\">\n\t\t\t\t<div class=\"elementor-widget-container\">\n\t\t\t\t\t\t\t\t\t<p><span class=\"TextRun SCXW176474976 BCX0\" lang=\"EN-US\" xml:lang=\"EN-US\" data-contrast=\"none\"><span class=\"NormalTextRun SCXW176474976 BCX0\">Project Description:<\/span><\/span><span class=\"EOP SCXW176474976 BCX0\" data-ccp-props=\"{&quot;134233117&quot;:false,&quot;134233118&quot;:false,&quot;335559738&quot;:0,&quot;335559739&quot;:0}\">\u00a0<\/span><\/p>\t\t\t\t\t\t\t\t<\/div>\n\t\t\t\t<\/div>\n\t\t\t\t\t<\/div>\n\t\t<\/div>\n\t\t\t\t<div class=\"elementor-column elementor-col-50 elementor-inner-column elementor-element elementor-element-c81bfec\" data-id=\"c81bfec\" data-element_type=\"column\" data-e-type=\"column\">\n\t\t\t<div class=\"elementor-widget-wrap elementor-element-populated\">\n\t\t\t\t\t\t<div class=\"elementor-element elementor-element-2bc793b elementor-widget elementor-widget-text-editor\" data-id=\"2bc793b\" data-element_type=\"widget\" data-e-type=\"widget\" data-widget_type=\"text-editor.default\">\n\t\t\t\t<div class=\"elementor-widget-container\">\n\t\t\t\t\t\t\t\t\t<p><span class=\"TextRun SCXW232285417 BCX0\" lang=\"EN-US\" xml:lang=\"EN-US\" data-contrast=\"auto\"><span class=\"NormalTextRun SCXW232285417 BCX0\">This study aims to measure the damage of the coffee leaf miner (CLM) in eight coffee farms in Puerto Rico and to assess the effect of weather seasons (dry and wet), coffee varieties, and altitude on the incidence and severity of the CLM.<\/span><\/span><span class=\"EOP SCXW232285417 BCX0\" data-ccp-props=\"{}\">\u00a0<\/span><\/p>\t\t\t\t\t\t\t\t<\/div>\n\t\t\t\t<\/div>\n\t\t\t\t\t<\/div>\n\t\t<\/div>\n\t\t\t\t\t<\/div>\n\t\t<\/section>\n\t\t\t\t\t<\/div>\n\t\t<\/div>\n\t\t\t\t\t<\/div>\n\t\t<\/section>\n\t\t\t\t<\/div>\n\t\t","protected":false},"excerpt":{"rendered":"<p>Linkedin https:\/\/www.linkedin.com\/in\/daril%C3%ADs-mart%C3%ADnez-torres-3893a91b5 Short Bio My name is Daril\u00eds Mart\u00ednez Torres\u00a0and I\u2019m from San Germ\u00e1n, Puerto Rico. I graduated from \u201cEl Colegio\u201d, University of Puerto Rico, Mayag\u00fcez Campus, with a BS in Biology and 2 curricular sequences: Conservation and Management of &hellip; <\/p>\n","protected":false},"author":58,"featured_media":0,"parent":0,"menu_order":0,"comment_status":"closed","ping_status":"closed","template":"","meta":{"footnotes":""},"class_list":["post-19626","page","type-page","status-publish","hentry"],"_links":{"self":[{"href":"https:\/\/natsci.uprrp.edu\/ramp-up\/wp-json\/wp\/v2\/pages\/19626","targetHints":{"allow":["GET"]}}],"collection":[{"href":"https:\/\/natsci.uprrp.edu\/ramp-up\/wp-json\/wp\/v2\/pages"}],"about":[{"href":"https:\/\/natsci.uprrp.edu\/ramp-up\/wp-json\/wp\/v2\/types\/page"}],"author":[{"embeddable":true,"href":"https:\/\/natsci.uprrp.edu\/ramp-up\/wp-json\/wp\/v2\/users\/58"}],"replies":[{"embeddable":true,"href":"https:\/\/natsci.uprrp.edu\/ramp-up\/wp-json\/wp\/v2\/comments?post=19626"}],"version-history":[{"count":27,"href":"https:\/\/natsci.uprrp.edu\/ramp-up\/wp-json\/wp\/v2\/pages\/19626\/revisions"}],"predecessor-version":[{"id":19794,"href":"https:\/\/natsci.uprrp.edu\/ramp-up\/wp-json\/wp\/v2\/pages\/19626\/revisions\/19794"}],"wp:attachment":[{"href":"https:\/\/natsci.uprrp.edu\/ramp-up\/wp-json\/wp\/v2\/media?parent=19626"}],"curies":[{"name":"wp","href":"https:\/\/api.w.org\/{rel}","templated":true}]}}