{"id":19580,"date":"2025-03-18T13:40:43","date_gmt":"2025-03-18T13:40:43","guid":{"rendered":"https:\/\/natsci.uprrp.edu\/ramp-up\/?page_id=19580"},"modified":"2025-03-19T15:13:59","modified_gmt":"2025-03-19T15:13:59","slug":"diego-e-villafane-ortiz-2024-2025","status":"publish","type":"page","link":"https:\/\/natsci.uprrp.edu\/ramp-up\/diego-e-villafane-ortiz-2024-2025\/","title":{"rendered":"Diego E. Villafa\u00f1e-Ortiz (2024-2025)"},"content":{"rendered":"\t\t<div data-elementor-type=\"wp-page\" data-elementor-id=\"19580\" class=\"elementor elementor-19580\">\n\t\t\t\t\t\t<section class=\"elementor-section elementor-top-section elementor-element elementor-element-a6b4800 elementor-section-boxed elementor-section-height-default elementor-section-height-default\" data-id=\"a6b4800\" data-element_type=\"section\" data-e-type=\"section\">\n\t\t\t\t\t\t<div class=\"elementor-container elementor-column-gap-default\">\n\t\t\t\t\t<div class=\"elementor-column elementor-col-33 elementor-top-column elementor-element elementor-element-994b69e\" data-id=\"994b69e\" data-element_type=\"column\" data-e-type=\"column\">\n\t\t\t<div class=\"elementor-widget-wrap elementor-element-populated\">\n\t\t\t\t\t\t<div class=\"elementor-element elementor-element-ea864a3 elementor-invisible elementor-widget elementor-widget-image\" data-id=\"ea864a3\" data-element_type=\"widget\" data-e-type=\"widget\" data-settings=\"{&quot;_animation&quot;:&quot;slideInLeft&quot;}\" data-widget_type=\"image.default\">\n\t\t\t\t<div class=\"elementor-widget-container\">\n\t\t\t\t\t\t\t\t\t\t\t\t\t\t\t<img fetchpriority=\"high\" decoding=\"async\" width=\"640\" height=\"853\" src=\"https:\/\/natsci.uprrp.edu\/ramp-up\/wp-content\/uploads\/sites\/26\/2025\/03\/Diego-1-768x1024.jpg\" class=\"attachment-large size-large wp-image-19525\" alt=\"\" srcset=\"https:\/\/natsci.uprrp.edu\/ramp-up\/wp-content\/uploads\/sites\/26\/2025\/03\/Diego-1-768x1024.jpg 768w, https:\/\/natsci.uprrp.edu\/ramp-up\/wp-content\/uploads\/sites\/26\/2025\/03\/Diego-1-225x300.jpg 225w, https:\/\/natsci.uprrp.edu\/ramp-up\/wp-content\/uploads\/sites\/26\/2025\/03\/Diego-1-1152x1536.jpg 1152w, https:\/\/natsci.uprrp.edu\/ramp-up\/wp-content\/uploads\/sites\/26\/2025\/03\/Diego-1-1536x2048.jpg 1536w, https:\/\/natsci.uprrp.edu\/ramp-up\/wp-content\/uploads\/sites\/26\/2025\/03\/Diego-1-scaled.jpg 1920w\" sizes=\"(max-width: 640px) 100vw, 640px\" \/>\t\t\t\t\t\t\t\t\t\t\t\t\t\t\t<\/div>\n\t\t\t\t<\/div>\n\t\t\t\t<section class=\"elementor-section elementor-inner-section elementor-element elementor-element-89649c2 elementor-section-boxed elementor-section-height-default elementor-section-height-default\" data-id=\"89649c2\" data-element_type=\"section\" data-e-type=\"section\">\n\t\t\t\t\t\t<div class=\"elementor-container elementor-column-gap-default\">\n\t\t\t\t\t<div class=\"elementor-column elementor-col-50 elementor-inner-column elementor-element elementor-element-7aba911\" data-id=\"7aba911\" data-element_type=\"column\" data-e-type=\"column\">\n\t\t\t<div class=\"elementor-widget-wrap elementor-element-populated\">\n\t\t\t\t\t\t<div class=\"elementor-element elementor-element-16e6de8 elementor-shape-rounded elementor-grid-0 e-grid-align-center elementor-widget elementor-widget-social-icons\" data-id=\"16e6de8\" data-element_type=\"widget\" data-e-type=\"widget\" data-widget_type=\"social-icons.default\">\n\t\t\t\t<div class=\"elementor-widget-container\">\n\t\t\t\t\t\t\t<div class=\"elementor-social-icons-wrapper elementor-grid\">\n\t\t\t\t\t\t\t<span class=\"elementor-grid-item\">\n\t\t\t\t\t<a class=\"elementor-icon elementor-social-icon elementor-social-icon-linkedin elementor-repeater-item-7ec17db\" href=\"https:\/\/www.linkedin.com\/in\/diego-e-villafa%C3%B1e-ortiz-2ba357317\/\" target=\"_blank\">\n\t\t\t\t\t\t<span class=\"elementor-screen-only\">Linkedin<\/span>\n\t\t\t\t\t\t<i aria-hidden=\"true\" class=\"fab fa-linkedin\"><\/i>\t\t\t\t\t<\/a>\n\t\t\t\t<\/span>\n\t\t\t\t\t<\/div>\n\t\t\t\t\t\t<\/div>\n\t\t\t\t<\/div>\n\t\t\t\t\t<\/div>\n\t\t<\/div>\n\t\t\t\t<div class=\"elementor-column elementor-col-50 elementor-inner-column elementor-element elementor-element-6bb24e1\" data-id=\"6bb24e1\" data-element_type=\"column\" data-e-type=\"column\">\n\t\t\t<div class=\"elementor-widget-wrap elementor-element-populated\">\n\t\t\t\t\t\t<div class=\"elementor-element elementor-element-bab07e5 elementor-widget elementor-widget-text-editor\" data-id=\"bab07e5\" data-element_type=\"widget\" data-e-type=\"widget\" data-widget_type=\"text-editor.default\">\n\t\t\t\t<div class=\"elementor-widget-container\">\n\t\t\t\t\t\t\t\t\t<p><a href=\"https:\/\/www.linkedin.com\/in\/diego-e-villafa\u00f1e-ortiz-2ba357317\/\">www.linkedin.com\/in\/diego-e-villafa\u00f1e-ortiz-2ba357317\/<\/a><\/p>\t\t\t\t\t\t\t\t<\/div>\n\t\t\t\t<\/div>\n\t\t\t\t\t<\/div>\n\t\t<\/div>\n\t\t\t\t\t<\/div>\n\t\t<\/section>\n\t\t\t\t\t<\/div>\n\t\t<\/div>\n\t\t\t\t<div class=\"elementor-column elementor-col-66 elementor-top-column elementor-element elementor-element-e9bcef9\" data-id=\"e9bcef9\" data-element_type=\"column\" data-e-type=\"column\">\n\t\t\t<div class=\"elementor-widget-wrap elementor-element-populated\">\n\t\t\t\t\t\t<section class=\"elementor-section elementor-inner-section elementor-element elementor-element-52a1fea elementor-section-boxed elementor-section-height-default elementor-section-height-default\" data-id=\"52a1fea\" data-element_type=\"section\" data-e-type=\"section\">\n\t\t\t\t\t\t<div class=\"elementor-container elementor-column-gap-default\">\n\t\t\t\t\t<div class=\"elementor-column elementor-col-50 elementor-inner-column elementor-element elementor-element-6d66dcc\" data-id=\"6d66dcc\" data-element_type=\"column\" data-e-type=\"column\">\n\t\t\t<div class=\"elementor-widget-wrap elementor-element-populated\">\n\t\t\t\t\t\t<div class=\"elementor-element elementor-element-678a65c elementor-widget elementor-widget-heading\" data-id=\"678a65c\" data-element_type=\"widget\" data-e-type=\"widget\" data-widget_type=\"heading.default\">\n\t\t\t\t<div class=\"elementor-widget-container\">\n\t\t\t\t\t<h2 class=\"elementor-heading-title elementor-size-default\">Short Bio<\/h2>\t\t\t\t<\/div>\n\t\t\t\t<\/div>\n\t\t\t\t\t<\/div>\n\t\t<\/div>\n\t\t\t\t<div class=\"elementor-column elementor-col-50 elementor-inner-column elementor-element elementor-element-b660f5d\" data-id=\"b660f5d\" data-element_type=\"column\" data-e-type=\"column\">\n\t\t\t<div class=\"elementor-widget-wrap elementor-element-populated\">\n\t\t\t\t\t\t<div class=\"elementor-element elementor-element-2826c39 elementor-widget__width-initial elementor-widget-divider--view-line elementor-widget elementor-widget-divider\" data-id=\"2826c39\" data-element_type=\"widget\" data-e-type=\"widget\" data-widget_type=\"divider.default\">\n\t\t\t\t<div class=\"elementor-widget-container\">\n\t\t\t\t\t\t\t<div class=\"elementor-divider\">\n\t\t\t<span class=\"elementor-divider-separator\">\n\t\t\t\t\t\t<\/span>\n\t\t<\/div>\n\t\t\t\t\t\t<\/div>\n\t\t\t\t<\/div>\n\t\t\t\t\t<\/div>\n\t\t<\/div>\n\t\t\t\t\t<\/div>\n\t\t<\/section>\n\t\t\t\t<section class=\"elementor-section elementor-inner-section elementor-element elementor-element-28a37c0 elementor-section-boxed elementor-section-height-default elementor-section-height-default\" data-id=\"28a37c0\" data-element_type=\"section\" data-e-type=\"section\">\n\t\t\t\t\t\t<div class=\"elementor-container elementor-column-gap-default\">\n\t\t\t\t\t<div class=\"elementor-column elementor-col-100 elementor-inner-column elementor-element elementor-element-f227678\" data-id=\"f227678\" data-element_type=\"column\" data-e-type=\"column\">\n\t\t\t<div class=\"elementor-widget-wrap elementor-element-populated\">\n\t\t\t\t\t\t<div class=\"elementor-element elementor-element-d95b280 elementor-widget elementor-widget-text-editor\" data-id=\"d95b280\" data-element_type=\"widget\" data-e-type=\"widget\" data-widget_type=\"text-editor.default\">\n\t\t\t\t<div class=\"elementor-widget-container\">\n\t\t\t\t\t\t\t\t\t<p>My name is <strong>Diego <span class=\"TextRun Highlight SCXW115433919 BCX0\" lang=\"EN-US\" xml:lang=\"EN-US\" data-contrast=\"none\"><span class=\"NormalTextRun SCXW115433919 BCX0\">Villafa\u00f1e Ortiz<\/span><\/span><\/strong><b><span data-contrast=\"none\">\u00a0<\/span><\/b>and<span data-contrast=\"none\"> I\u2019m from Isabela, Puerto Rico.<\/span><span data-contrast=\"none\"> I graduated from the University of Puerto Rico, Aguadilla Campus with a bachelor\u2019s degree in biomedical science. <\/span><span data-contrast=\"none\">\u00a0I\u2019m working with Dr. Jos\u00e9 Garc\u00eda Arrar\u00e1s under the Research and Mentoring for a Postbaccalaureate in Biological Sciences (RaMP-UP) postbaccalaureate program. The project I\u2019m working on tries to understand the potential role of the immune system in the modulation of the regeneration process of the sea cucumber H. glaberrima.\u00a0<\/span><span data-contrast=\"none\">After RaMP-UP, I plan to pursue graduate studies in Immunology or Regenerative Medicine to understand the human body\u2019s immune reactions, its intricate defense mechanisms, and its untapped potential for regeneration.<\/span><\/p>\t\t\t\t\t\t\t\t<\/div>\n\t\t\t\t<\/div>\n\t\t\t\t<div class=\"elementor-element elementor-element-1357813 elementor-invisible elementor-widget elementor-widget-text-editor\" data-id=\"1357813\" data-element_type=\"widget\" data-e-type=\"widget\" data-settings=\"{&quot;_animation&quot;:&quot;zoomIn&quot;}\" data-widget_type=\"text-editor.default\">\n\t\t\t\t<div class=\"elementor-widget-container\">\n\t\t\t\t\t\t\t\t\t<p><em><b>A fun fact or hobby: <\/b>My favorite hobbies are crocheting and baking sweets, especially cookies.<\/em><\/p>\t\t\t\t\t\t\t\t<\/div>\n\t\t\t\t<\/div>\n\t\t\t\t\t<\/div>\n\t\t<\/div>\n\t\t\t\t\t<\/div>\n\t\t<\/section>\n\t\t\t\t<section class=\"elementor-section elementor-inner-section elementor-element elementor-element-430fcee elementor-section-boxed elementor-section-height-default elementor-section-height-default\" data-id=\"430fcee\" data-element_type=\"section\" data-e-type=\"section\">\n\t\t\t\t\t\t<div class=\"elementor-container elementor-column-gap-default\">\n\t\t\t\t\t<div class=\"elementor-column elementor-col-50 elementor-inner-column elementor-element elementor-element-008ddd4\" data-id=\"008ddd4\" data-element_type=\"column\" data-e-type=\"column\">\n\t\t\t<div class=\"elementor-widget-wrap elementor-element-populated\">\n\t\t\t\t\t\t<div class=\"elementor-element elementor-element-40bb03b elementor-widget elementor-widget-heading\" data-id=\"40bb03b\" data-element_type=\"widget\" data-e-type=\"widget\" data-widget_type=\"heading.default\">\n\t\t\t\t<div class=\"elementor-widget-container\">\n\t\t\t\t\t<h2 class=\"elementor-heading-title elementor-size-default\">Research<\/h2>\t\t\t\t<\/div>\n\t\t\t\t<\/div>\n\t\t\t\t\t<\/div>\n\t\t<\/div>\n\t\t\t\t<div class=\"elementor-column elementor-col-50 elementor-inner-column elementor-element elementor-element-286067a\" data-id=\"286067a\" data-element_type=\"column\" data-e-type=\"column\">\n\t\t\t<div class=\"elementor-widget-wrap elementor-element-populated\">\n\t\t\t\t\t\t<div class=\"elementor-element elementor-element-218406c elementor-widget__width-initial elementor-widget-divider--view-line elementor-widget elementor-widget-divider\" data-id=\"218406c\" data-element_type=\"widget\" data-e-type=\"widget\" data-widget_type=\"divider.default\">\n\t\t\t\t<div class=\"elementor-widget-container\">\n\t\t\t\t\t\t\t<div class=\"elementor-divider\">\n\t\t\t<span class=\"elementor-divider-separator\">\n\t\t\t\t\t\t<\/span>\n\t\t<\/div>\n\t\t\t\t\t\t<\/div>\n\t\t\t\t<\/div>\n\t\t\t\t\t<\/div>\n\t\t<\/div>\n\t\t\t\t\t<\/div>\n\t\t<\/section>\n\t\t\t\t<section class=\"elementor-section elementor-inner-section elementor-element elementor-element-6d4a454 elementor-section-boxed elementor-section-height-default elementor-section-height-default\" data-id=\"6d4a454\" data-element_type=\"section\" data-e-type=\"section\">\n\t\t\t\t\t\t<div class=\"elementor-container elementor-column-gap-default\">\n\t\t\t\t\t<div class=\"elementor-column elementor-col-50 elementor-inner-column elementor-element elementor-element-9a1ef03\" data-id=\"9a1ef03\" data-element_type=\"column\" data-e-type=\"column\">\n\t\t\t<div class=\"elementor-widget-wrap elementor-element-populated\">\n\t\t\t\t\t\t<div class=\"elementor-element elementor-element-afcffeb elementor-widget__width-initial elementor-widget elementor-widget-text-editor\" data-id=\"afcffeb\" data-element_type=\"widget\" data-e-type=\"widget\" data-widget_type=\"text-editor.default\">\n\t\t\t\t<div class=\"elementor-widget-container\">\n\t\t\t\t\t\t\t\t\t<p>Mentor:<\/p>\t\t\t\t\t\t\t\t<\/div>\n\t\t\t\t<\/div>\n\t\t\t\t\t<\/div>\n\t\t<\/div>\n\t\t\t\t<div class=\"elementor-column elementor-col-50 elementor-inner-column elementor-element elementor-element-1f42525\" data-id=\"1f42525\" data-element_type=\"column\" data-e-type=\"column\">\n\t\t\t<div class=\"elementor-widget-wrap elementor-element-populated\">\n\t\t\t\t\t\t<div class=\"elementor-element elementor-element-4d4aa1f elementor-widget elementor-widget-text-editor\" data-id=\"4d4aa1f\" data-element_type=\"widget\" data-e-type=\"widget\" data-widget_type=\"text-editor.default\">\n\t\t\t\t<div class=\"elementor-widget-container\">\n\t\t\t\t\t\t\t\t\t<p>Jos\u00e9 E. Garc\u00eda-Arrar\u00e1s, PhD<\/p>\t\t\t\t\t\t\t\t<\/div>\n\t\t\t\t<\/div>\n\t\t\t\t\t<\/div>\n\t\t<\/div>\n\t\t\t\t\t<\/div>\n\t\t<\/section>\n\t\t\t\t<section class=\"elementor-section elementor-inner-section elementor-element elementor-element-7b3a18a elementor-section-boxed elementor-section-height-default elementor-section-height-default\" data-id=\"7b3a18a\" data-element_type=\"section\" data-e-type=\"section\">\n\t\t\t\t\t\t<div class=\"elementor-container elementor-column-gap-default\">\n\t\t\t\t\t<div class=\"elementor-column elementor-col-50 elementor-inner-column elementor-element elementor-element-7bb7ad5\" data-id=\"7bb7ad5\" data-element_type=\"column\" data-e-type=\"column\">\n\t\t\t<div class=\"elementor-widget-wrap elementor-element-populated\">\n\t\t\t\t\t\t<div class=\"elementor-element elementor-element-a3752f4 elementor-widget__width-initial elementor-widget elementor-widget-text-editor\" data-id=\"a3752f4\" data-element_type=\"widget\" data-e-type=\"widget\" data-widget_type=\"text-editor.default\">\n\t\t\t\t<div class=\"elementor-widget-container\">\n\t\t\t\t\t\t\t\t\t<p><span class=\"TextRun SCXW176474976 BCX0\" lang=\"EN-US\" xml:lang=\"EN-US\" data-contrast=\"none\"><span class=\"NormalTextRun SCXW176474976 BCX0\">Co-mentor:<\/span><\/span><span class=\"EOP SCXW176474976 BCX0\" data-ccp-props=\"{&quot;134233117&quot;:false,&quot;134233118&quot;:false,&quot;335559738&quot;:0,&quot;335559739&quot;:0}\">\u00a0<\/span><\/p>\t\t\t\t\t\t\t\t<\/div>\n\t\t\t\t<\/div>\n\t\t\t\t\t<\/div>\n\t\t<\/div>\n\t\t\t\t<div class=\"elementor-column elementor-col-50 elementor-inner-column elementor-element elementor-element-cff964f\" data-id=\"cff964f\" data-element_type=\"column\" data-e-type=\"column\">\n\t\t\t<div class=\"elementor-widget-wrap elementor-element-populated\">\n\t\t\t\t\t\t<div class=\"elementor-element elementor-element-746cb71 elementor-widget elementor-widget-text-editor\" data-id=\"746cb71\" data-element_type=\"widget\" data-e-type=\"widget\" data-widget_type=\"text-editor.default\">\n\t\t\t\t<div class=\"elementor-widget-container\">\n\t\t\t\t\t\t\t\t\t<p><span class=\"NormalTextRun SCXW227888295 BCX0\">Humberto Ortiz-<\/span><span class=\"NormalTextRun SpellingErrorV2Themed SCXW227888295 BCX0\">Zuazaga, PhD<\/span><\/p>\t\t\t\t\t\t\t\t<\/div>\n\t\t\t\t<\/div>\n\t\t\t\t\t<\/div>\n\t\t<\/div>\n\t\t\t\t\t<\/div>\n\t\t<\/section>\n\t\t\t\t<section class=\"elementor-section elementor-inner-section elementor-element elementor-element-ac3abae elementor-section-boxed elementor-section-height-default elementor-section-height-default\" data-id=\"ac3abae\" data-element_type=\"section\" data-e-type=\"section\">\n\t\t\t\t\t\t<div class=\"elementor-container elementor-column-gap-default\">\n\t\t\t\t\t<div class=\"elementor-column elementor-col-50 elementor-inner-column elementor-element elementor-element-afa40b5\" data-id=\"afa40b5\" data-element_type=\"column\" data-e-type=\"column\">\n\t\t\t<div class=\"elementor-widget-wrap elementor-element-populated\">\n\t\t\t\t\t\t<div class=\"elementor-element elementor-element-cd8b759 elementor-widget__width-initial elementor-widget elementor-widget-text-editor\" data-id=\"cd8b759\" data-element_type=\"widget\" data-e-type=\"widget\" data-widget_type=\"text-editor.default\">\n\t\t\t\t<div class=\"elementor-widget-container\">\n\t\t\t\t\t\t\t\t\t<p><span class=\"TextRun SCXW176474976 BCX0\" lang=\"EN-US\" xml:lang=\"EN-US\" data-contrast=\"none\"><span class=\"NormalTextRun SCXW176474976 BCX0\">Project Title:<\/span><\/span><span class=\"EOP SCXW176474976 BCX0\" data-ccp-props=\"{&quot;134233117&quot;:false,&quot;134233118&quot;:false,&quot;335559738&quot;:0,&quot;335559739&quot;:0}\">\u00a0<\/span><\/p>\t\t\t\t\t\t\t\t<\/div>\n\t\t\t\t<\/div>\n\t\t\t\t\t<\/div>\n\t\t<\/div>\n\t\t\t\t<div class=\"elementor-column elementor-col-50 elementor-inner-column elementor-element elementor-element-028dc0c\" data-id=\"028dc0c\" data-element_type=\"column\" data-e-type=\"column\">\n\t\t\t<div class=\"elementor-widget-wrap elementor-element-populated\">\n\t\t\t\t\t\t<div class=\"elementor-element elementor-element-227b1e3 elementor-widget elementor-widget-text-editor\" data-id=\"227b1e3\" data-element_type=\"widget\" data-e-type=\"widget\" data-widget_type=\"text-editor.default\">\n\t\t\t\t<div class=\"elementor-widget-container\">\n\t\t\t\t\t\t\t\t\t<p><em><span class=\"NormalTextRun SCXW19090109 BCX0\">Characterization of Immune Cell Type Populations in Coelomic Fluid and Tissue from Holothuria <\/span><span class=\"NormalTextRun SpellingErrorV2Themed SpellingErrorHighlight SCXW19090109 BCX0\">glaberrima<\/span><\/em><\/p>\t\t\t\t\t\t\t\t<\/div>\n\t\t\t\t<\/div>\n\t\t\t\t\t<\/div>\n\t\t<\/div>\n\t\t\t\t\t<\/div>\n\t\t<\/section>\n\t\t\t\t<section class=\"elementor-section elementor-inner-section elementor-element elementor-element-ca18d7b elementor-section-boxed elementor-section-height-default elementor-section-height-default\" data-id=\"ca18d7b\" data-element_type=\"section\" data-e-type=\"section\">\n\t\t\t\t\t\t<div class=\"elementor-container elementor-column-gap-default\">\n\t\t\t\t\t<div class=\"elementor-column elementor-col-50 elementor-inner-column elementor-element elementor-element-4cac69b\" data-id=\"4cac69b\" data-element_type=\"column\" data-e-type=\"column\">\n\t\t\t<div class=\"elementor-widget-wrap elementor-element-populated\">\n\t\t\t\t\t\t<div class=\"elementor-element elementor-element-e5d1d6c elementor-widget__width-initial elementor-widget elementor-widget-text-editor\" data-id=\"e5d1d6c\" data-element_type=\"widget\" data-e-type=\"widget\" data-widget_type=\"text-editor.default\">\n\t\t\t\t<div class=\"elementor-widget-container\">\n\t\t\t\t\t\t\t\t\t<p><span class=\"TextRun SCXW176474976 BCX0\" lang=\"EN-US\" xml:lang=\"EN-US\" data-contrast=\"none\"><span class=\"NormalTextRun SCXW176474976 BCX0\">Project Description:<\/span><\/span><span class=\"EOP SCXW176474976 BCX0\" data-ccp-props=\"{&quot;134233117&quot;:false,&quot;134233118&quot;:false,&quot;335559738&quot;:0,&quot;335559739&quot;:0}\">\u00a0<\/span><\/p>\t\t\t\t\t\t\t\t<\/div>\n\t\t\t\t<\/div>\n\t\t\t\t\t<\/div>\n\t\t<\/div>\n\t\t\t\t<div class=\"elementor-column elementor-col-50 elementor-inner-column elementor-element elementor-element-505909f\" data-id=\"505909f\" data-element_type=\"column\" data-e-type=\"column\">\n\t\t\t<div class=\"elementor-widget-wrap elementor-element-populated\">\n\t\t\t\t\t\t<div class=\"elementor-element elementor-element-841a946 elementor-widget elementor-widget-text-editor\" data-id=\"841a946\" data-element_type=\"widget\" data-e-type=\"widget\" data-widget_type=\"text-editor.default\">\n\t\t\t\t<div class=\"elementor-widget-container\">\n\t\t\t\t\t\t\t\t\t<p><span class=\"TextRun SCXW137259990 BCX0\" lang=\"EN-US\" xml:lang=\"EN-US\" data-contrast=\"none\"><span class=\"NormalTextRun SCXW137259990 BCX0\">In holothurians, it has been inferred <\/span><span class=\"NormalTextRun ContextualSpellingAndGrammarErrorV2Themed SCXW137259990 BCX0\">that coelomocytes<\/span><span class=\"NormalTextRun SCXW137259990 BCX0\">, a heterogeneous population of free-circulating immune-associated cells, likely play <\/span><span class=\"NormalTextRun SCXW137259990 BCX0\">an important role<\/span><span class=\"NormalTextRun SCXW137259990 BCX0\"> in the regeneration of organs. A single-cell RNA Sequencing of a 9-day regenerating intestine of the sea cucumber Holothuria <\/span><span class=\"NormalTextRun SpellingErrorV2Themed SCXW137259990 BCX0\">glaberrima<\/span><span class=\"NormalTextRun SCXW137259990 BCX0\"> distinguished thirteen clusters each with distinct expression profiles. Four clusters showed a high expression of genes related to the immune system suggesting that these cells are coelomocytes. Representative genes for each cluster were selected based on their expression profile, defining populations that expressed Fibrinogen-like protein A (FIBA), Insulin-like growth factor-binding protein complex acid labile subunit (ALS), SCO-<\/span><span class=\"NormalTextRun SpellingErrorV2Themed SCXW137259990 BCX0\">spondin<\/span><span class=\"NormalTextRun SCXW137259990 BCX0\"> (SSPO), or <\/span><span class=\"NormalTextRun SpellingErrorV2Themed SCXW137259990 BCX0\">Balbiani<\/span><span class=\"NormalTextRun SCXW137259990 BCX0\"> ring protein 3 (Brp-3). An In Situ (HCR-FISH) was performed on coelomic fluid and tissue samples collected <\/span><span class=\"NormalTextRun SpellingErrorV2Themed SCXW137259990 BCX0\">at<\/span><span class=\"NormalTextRun SpellingErrorV2Themed SCXW137259990 BCX0\">various<\/span><span class=\"NormalTextRun SCXW137259990 BCX0\"> regeneration stages to <\/span><span class=\"NormalTextRun SCXW137259990 BCX0\">identify<\/span><span class=\"NormalTextRun SCXW137259990 BCX0\"> these clusters and verify their influence on the regeneration process.<\/span><\/span><span class=\"EOP SCXW137259990 BCX0\" data-ccp-props=\"{&quot;134233117&quot;:false,&quot;134233118&quot;:false,&quot;335559738&quot;:240,&quot;335559739&quot;:240}\">\u00a0<\/span><\/p>\t\t\t\t\t\t\t\t<\/div>\n\t\t\t\t<\/div>\n\t\t\t\t\t<\/div>\n\t\t<\/div>\n\t\t\t\t\t<\/div>\n\t\t<\/section>\n\t\t\t\t\t<\/div>\n\t\t<\/div>\n\t\t\t\t\t<\/div>\n\t\t<\/section>\n\t\t\t\t<section class=\"elementor-section elementor-top-section elementor-element elementor-element-23d7251 elementor-section-boxed elementor-section-height-default elementor-section-height-default\" data-id=\"23d7251\" data-element_type=\"section\" data-e-type=\"section\">\n\t\t\t\t\t\t<div class=\"elementor-container elementor-column-gap-default\">\n\t\t\t\t\t<div class=\"elementor-column elementor-col-100 elementor-top-column elementor-element elementor-element-173f85f\" data-id=\"173f85f\" data-element_type=\"column\" data-e-type=\"column\">\n\t\t\t<div class=\"elementor-widget-wrap elementor-element-populated\">\n\t\t\t\t\t\t<div class=\"elementor-element elementor-element-4957905 elementor-widget elementor-widget-spacer\" data-id=\"4957905\" data-element_type=\"widget\" data-e-type=\"widget\" data-widget_type=\"spacer.default\">\n\t\t\t\t<div class=\"elementor-widget-container\">\n\t\t\t\t\t\t\t<div class=\"elementor-spacer\">\n\t\t\t<div class=\"elementor-spacer-inner\"><\/div>\n\t\t<\/div>\n\t\t\t\t\t\t<\/div>\n\t\t\t\t<\/div>\n\t\t\t\t\t<\/div>\n\t\t<\/div>\n\t\t\t\t\t<\/div>\n\t\t<\/section>\n\t\t\t\t<\/div>\n\t\t","protected":false},"excerpt":{"rendered":"<p>Linkedin www.linkedin.com\/in\/diego-e-villafa\u00f1e-ortiz-2ba357317\/ Short Bio My name is Diego Villafa\u00f1e Ortiz\u00a0and I\u2019m from Isabela, Puerto Rico. I graduated from the University of Puerto Rico, Aguadilla Campus with a bachelor\u2019s degree in biomedical science. \u00a0I\u2019m working with Dr. Jos\u00e9 Garc\u00eda Arrar\u00e1s under &hellip; <\/p>\n","protected":false},"author":58,"featured_media":0,"parent":0,"menu_order":0,"comment_status":"closed","ping_status":"closed","template":"","meta":{"footnotes":""},"class_list":["post-19580","page","type-page","status-publish","hentry"],"_links":{"self":[{"href":"https:\/\/natsci.uprrp.edu\/ramp-up\/wp-json\/wp\/v2\/pages\/19580","targetHints":{"allow":["GET"]}}],"collection":[{"href":"https:\/\/natsci.uprrp.edu\/ramp-up\/wp-json\/wp\/v2\/pages"}],"about":[{"href":"https:\/\/natsci.uprrp.edu\/ramp-up\/wp-json\/wp\/v2\/types\/page"}],"author":[{"embeddable":true,"href":"https:\/\/natsci.uprrp.edu\/ramp-up\/wp-json\/wp\/v2\/users\/58"}],"replies":[{"embeddable":true,"href":"https:\/\/natsci.uprrp.edu\/ramp-up\/wp-json\/wp\/v2\/comments?post=19580"}],"version-history":[{"count":33,"href":"https:\/\/natsci.uprrp.edu\/ramp-up\/wp-json\/wp\/v2\/pages\/19580\/revisions"}],"predecessor-version":[{"id":19737,"href":"https:\/\/natsci.uprrp.edu\/ramp-up\/wp-json\/wp\/v2\/pages\/19580\/revisions\/19737"}],"wp:attachment":[{"href":"https:\/\/natsci.uprrp.edu\/ramp-up\/wp-json\/wp\/v2\/media?parent=19580"}],"curies":[{"name":"wp","href":"https:\/\/api.w.org\/{rel}","templated":true}]}}