{"id":19333,"date":"2023-10-26T18:25:31","date_gmt":"2023-10-26T18:25:31","guid":{"rendered":"https:\/\/natsci.uprrp.edu\/ramp-up\/?page_id=19333"},"modified":"2024-02-13T16:02:00","modified_gmt":"2024-02-13T16:02:00","slug":"principal-investigators","status":"publish","type":"page","link":"https:\/\/natsci.uprrp.edu\/ramp-up\/principal-investigators\/","title":{"rendered":"Principal Investigators"},"content":{"rendered":"\t\t<div data-elementor-type=\"wp-page\" data-elementor-id=\"19333\" class=\"elementor elementor-19333\">\n\t\t\t\t\t\t<section class=\"elementor-section elementor-top-section elementor-element elementor-element-3ac8f74 elementor-section-boxed elementor-section-height-default elementor-section-height-default\" data-id=\"3ac8f74\" data-element_type=\"section\" data-e-type=\"section\">\n\t\t\t\t\t\t<div class=\"elementor-container elementor-column-gap-default\">\n\t\t\t\t\t<div class=\"elementor-column elementor-col-100 elementor-top-column elementor-element elementor-element-335744a\" data-id=\"335744a\" data-element_type=\"column\" data-e-type=\"column\">\n\t\t\t<div class=\"elementor-widget-wrap elementor-element-populated\">\n\t\t\t\t\t\t<div class=\"elementor-element elementor-element-daa2632 elementor-invisible elementor-widget elementor-widget-heading\" data-id=\"daa2632\" data-element_type=\"widget\" data-e-type=\"widget\" data-settings=\"{&quot;_animation&quot;:&quot;slideInDown&quot;}\" data-widget_type=\"heading.default\">\n\t\t\t\t<div class=\"elementor-widget-container\">\n\t\t\t\t\t<h2 class=\"elementor-heading-title elementor-size-default\">Meet the Principal Investigators<\/h2>\t\t\t\t<\/div>\n\t\t\t\t<\/div>\n\t\t\t\t\t<\/div>\n\t\t<\/div>\n\t\t\t\t\t<\/div>\n\t\t<\/section>\n\t\t\t\t<section class=\"elementor-section elementor-top-section elementor-element elementor-element-1793943 elementor-section-boxed elementor-section-height-default elementor-section-height-default\" data-id=\"1793943\" data-element_type=\"section\" data-e-type=\"section\">\n\t\t\t\t\t\t<div class=\"elementor-container elementor-column-gap-default\">\n\t\t\t\t\t<div class=\"elementor-column elementor-col-100 elementor-top-column elementor-element elementor-element-fa9e124\" data-id=\"fa9e124\" data-element_type=\"column\" data-e-type=\"column\">\n\t\t\t<div class=\"elementor-widget-wrap elementor-element-populated\">\n\t\t\t\t\t\t<div class=\"elementor-element elementor-element-4db66f0 elementor-widget elementor-widget-spacer\" data-id=\"4db66f0\" data-element_type=\"widget\" data-e-type=\"widget\" data-widget_type=\"spacer.default\">\n\t\t\t\t<div class=\"elementor-widget-container\">\n\t\t\t\t\t\t\t<div class=\"elementor-spacer\">\n\t\t\t<div class=\"elementor-spacer-inner\"><\/div>\n\t\t<\/div>\n\t\t\t\t\t\t<\/div>\n\t\t\t\t<\/div>\n\t\t\t\t\t<\/div>\n\t\t<\/div>\n\t\t\t\t\t<\/div>\n\t\t<\/section>\n\t\t\t\t<section class=\"elementor-section elementor-top-section elementor-element elementor-element-385686f elementor-section-boxed elementor-section-height-default elementor-section-height-default elementor-invisible\" data-id=\"385686f\" data-element_type=\"section\" data-e-type=\"section\" data-settings=\"{&quot;animation&quot;:&quot;zoomIn&quot;}\">\n\t\t\t\t\t\t<div class=\"elementor-container elementor-column-gap-default\">\n\t\t\t\t\t<div class=\"elementor-column elementor-col-33 elementor-top-column elementor-element elementor-element-95a12ec\" data-id=\"95a12ec\" data-element_type=\"column\" data-e-type=\"column\">\n\t\t\t<div class=\"elementor-widget-wrap elementor-element-populated\">\n\t\t\t\t\t\t<div class=\"elementor-element elementor-element-63e5be0 e-transform elementor-widget elementor-widget-image\" data-id=\"63e5be0\" data-element_type=\"widget\" data-e-type=\"widget\" data-settings=\"{&quot;_transform_flipX_effect&quot;:&quot;transform&quot;}\" data-widget_type=\"image.default\">\n\t\t\t\t<div class=\"elementor-widget-container\">\n\t\t\t\t\t\t\t\t\t\t\t\t\t\t\t<img fetchpriority=\"high\" decoding=\"async\" width=\"640\" height=\"640\" src=\"https:\/\/natsci.uprrp.edu\/ramp-up\/wp-content\/uploads\/sites\/26\/2023\/08\/Screen-Shot-2023-08-18-at-10.37.28-AM-1024x1024.png\" class=\"attachment-large size-large wp-image-18824\" alt=\"\" srcset=\"https:\/\/natsci.uprrp.edu\/ramp-up\/wp-content\/uploads\/sites\/26\/2023\/08\/Screen-Shot-2023-08-18-at-10.37.28-AM-1024x1024.png 1024w, https:\/\/natsci.uprrp.edu\/ramp-up\/wp-content\/uploads\/sites\/26\/2023\/08\/Screen-Shot-2023-08-18-at-10.37.28-AM-150x150.png 150w\" sizes=\"(max-width: 640px) 100vw, 640px\" \/>\t\t\t\t\t\t\t\t\t\t\t\t\t\t\t<\/div>\n\t\t\t\t<\/div>\n\t\t\t\t\t<\/div>\n\t\t<\/div>\n\t\t\t\t<div class=\"elementor-column elementor-col-66 elementor-top-column elementor-element elementor-element-adc5c6c\" data-id=\"adc5c6c\" data-element_type=\"column\" data-e-type=\"column\">\n\t\t\t<div class=\"elementor-widget-wrap elementor-element-populated\">\n\t\t\t\t\t\t<div class=\"elementor-element elementor-element-972e413 elementor-widget elementor-widget-heading\" data-id=\"972e413\" data-element_type=\"widget\" data-e-type=\"widget\" data-widget_type=\"heading.default\">\n\t\t\t\t<div class=\"elementor-widget-container\">\n\t\t\t\t\t<h3 class=\"elementor-heading-title elementor-size-default\">Dr. Jos\u00e9 E. Garc\u00eda Arrar\u00e1s<\/h3>\t\t\t\t<\/div>\n\t\t\t\t<\/div>\n\t\t\t\t<div class=\"elementor-element elementor-element-f4b5c86 elementor-widget elementor-widget-text-editor\" data-id=\"f4b5c86\" data-element_type=\"widget\" data-e-type=\"widget\" data-widget_type=\"text-editor.default\">\n\t\t\t\t<div class=\"elementor-widget-container\">\n\t\t\t\t\t\t\t\t\t<p>Principal Investigator (PI)<\/p>\t\t\t\t\t\t\t\t<\/div>\n\t\t\t\t<\/div>\n\t\t\t\t<div class=\"elementor-element elementor-element-fb8d5b2 elementor-widget__width-initial elementor-widget elementor-widget-text-editor\" data-id=\"fb8d5b2\" data-element_type=\"widget\" data-e-type=\"widget\" data-widget_type=\"text-editor.default\">\n\t\t\t\t<div class=\"elementor-widget-container\">\n\t\t\t\t\t\t\t\t\t<div><div class=\"page\" title=\"Page 6\"><div class=\"section\"><div class=\"layoutArea\"><div class=\"column\"><p><strong>Dr. Garc\u00eda Arrar\u00e1s<\/strong>\u00a0is Professor in Biology who has been at University of Puerto Rico for 35 years. At different times he has held various administrative positions including Department Chair and Coordinator of the Graduate Program. He has been continuously involved in undergraduate student training via programs such as NIH-MBRS, MARC or NSF AMP and REU. At present he is the P.I. of two different R25s: an NIH BD2K training program to increase diversity in Big Data to Knowledge Centers that is ending next summer (2022) and an NIH-ENDURE training program to train undergraduates for careers in Neuroscience. Both programs have been highly successful, and the latter one is now in its third renewal cycle. (The BD2K is being phased out by NIH).\u00a0<span style=\"font-family: var( --e-global-typography-text-font-family ), Sans-serif;font-weight: var( --e-global-typography-text-font-weight );font-size: var(--thim-font-body-font-size)\">Dr. Garci\u0301a-Arrara\u0301s is not only well qualified as an administrator but has also been a highly successful mentor. He has mentored hundreds of students, mostly Hispanic and many of them women. Many of his publications include undergraduate student authors. Students in his lab have continued graduate programs in top-tier universities including Harvard, Yale, Univ. of Pennsylvania, Univ. of Washington, UC San Francisco, UC Berkeley, among many others.<\/span><\/p><p><span style=\"font-family: var( --e-global-typography-text-font-family ), Sans-serif;font-weight: var( --e-global-typography-text-font-weight );font-size: var(--thim-font-body-font-size)\"><strong>Contact informaci\u00f3n:<\/strong> jose.garcia36@upr.edu<\/span><\/p><\/div><\/div><\/div><\/div><\/div>\t\t\t\t\t\t\t\t<\/div>\n\t\t\t\t<\/div>\n\t\t\t\t\t<\/div>\n\t\t<\/div>\n\t\t\t\t\t<\/div>\n\t\t<\/section>\n\t\t\t\t<section class=\"elementor-section elementor-top-section elementor-element elementor-element-e7e5f81 elementor-section-boxed elementor-section-height-default elementor-section-height-default\" data-id=\"e7e5f81\" data-element_type=\"section\" data-e-type=\"section\">\n\t\t\t\t\t\t<div class=\"elementor-container elementor-column-gap-default\">\n\t\t\t\t\t<div class=\"elementor-column elementor-col-100 elementor-top-column elementor-element elementor-element-78054b9\" data-id=\"78054b9\" data-element_type=\"column\" data-e-type=\"column\">\n\t\t\t<div class=\"elementor-widget-wrap elementor-element-populated\">\n\t\t\t\t\t\t<div class=\"elementor-element elementor-element-6a6b4ea elementor-widget elementor-widget-spacer\" data-id=\"6a6b4ea\" data-element_type=\"widget\" data-e-type=\"widget\" data-widget_type=\"spacer.default\">\n\t\t\t\t<div class=\"elementor-widget-container\">\n\t\t\t\t\t\t\t<div class=\"elementor-spacer\">\n\t\t\t<div class=\"elementor-spacer-inner\"><\/div>\n\t\t<\/div>\n\t\t\t\t\t\t<\/div>\n\t\t\t\t<\/div>\n\t\t\t\t\t<\/div>\n\t\t<\/div>\n\t\t\t\t\t<\/div>\n\t\t<\/section>\n\t\t\t\t<section class=\"elementor-section elementor-top-section elementor-element elementor-element-675d785 elementor-section-boxed elementor-section-height-default elementor-section-height-default elementor-invisible\" data-id=\"675d785\" data-element_type=\"section\" data-e-type=\"section\" data-settings=\"{&quot;animation&quot;:&quot;zoomIn&quot;}\">\n\t\t\t\t\t\t<div class=\"elementor-container elementor-column-gap-default\">\n\t\t\t\t\t<div class=\"elementor-column elementor-col-33 elementor-top-column elementor-element elementor-element-e5df547\" data-id=\"e5df547\" data-element_type=\"column\" data-e-type=\"column\">\n\t\t\t<div class=\"elementor-widget-wrap elementor-element-populated\">\n\t\t\t\t\t\t<div class=\"elementor-element elementor-element-d2dac4a elementor-widget elementor-widget-image\" data-id=\"d2dac4a\" data-element_type=\"widget\" data-e-type=\"widget\" data-widget_type=\"image.default\">\n\t\t\t\t<div class=\"elementor-widget-container\">\n\t\t\t\t\t\t\t\t\t\t\t\t\t\t\t<img decoding=\"async\" width=\"640\" height=\"640\" src=\"https:\/\/natsci.uprrp.edu\/ramp-up\/wp-content\/uploads\/sites\/26\/2023\/08\/Screen-Shot-2023-08-18-at-10.37.15-AM-1024x1024.png\" class=\"attachment-large size-large wp-image-18825\" alt=\"\" srcset=\"https:\/\/natsci.uprrp.edu\/ramp-up\/wp-content\/uploads\/sites\/26\/2023\/08\/Screen-Shot-2023-08-18-at-10.37.15-AM-1024x1024.png 1024w, https:\/\/natsci.uprrp.edu\/ramp-up\/wp-content\/uploads\/sites\/26\/2023\/08\/Screen-Shot-2023-08-18-at-10.37.15-AM-150x150.png 150w\" sizes=\"(max-width: 640px) 100vw, 640px\" \/>\t\t\t\t\t\t\t\t\t\t\t\t\t\t\t<\/div>\n\t\t\t\t<\/div>\n\t\t\t\t\t<\/div>\n\t\t<\/div>\n\t\t\t\t<div class=\"elementor-column elementor-col-66 elementor-top-column elementor-element elementor-element-f2635f8\" data-id=\"f2635f8\" data-element_type=\"column\" data-e-type=\"column\">\n\t\t\t<div class=\"elementor-widget-wrap elementor-element-populated\">\n\t\t\t\t\t\t<div class=\"elementor-element elementor-element-b1f60f2 elementor-widget elementor-widget-heading\" data-id=\"b1f60f2\" data-element_type=\"widget\" data-e-type=\"widget\" data-widget_type=\"heading.default\">\n\t\t\t\t<div class=\"elementor-widget-container\">\n\t\t\t\t\t<h3 class=\"elementor-heading-title elementor-size-default\">Dr. Juan S. Ram\u00edrez Lugo<\/h3>\t\t\t\t<\/div>\n\t\t\t\t<\/div>\n\t\t\t\t<div class=\"elementor-element elementor-element-8588f38 elementor-widget elementor-widget-text-editor\" data-id=\"8588f38\" data-element_type=\"widget\" data-e-type=\"widget\" data-widget_type=\"text-editor.default\">\n\t\t\t\t<div class=\"elementor-widget-container\">\n\t\t\t\t\t\t\t\t\t<p>Co-Principal Investigator (Co-PI)<\/p>\t\t\t\t\t\t\t\t<\/div>\n\t\t\t\t<\/div>\n\t\t\t\t<div class=\"elementor-element elementor-element-1743d24 elementor-widget elementor-widget-text-editor\" data-id=\"1743d24\" data-element_type=\"widget\" data-e-type=\"widget\" data-widget_type=\"text-editor.default\">\n\t\t\t\t<div class=\"elementor-widget-container\">\n\t\t\t\t\t\t\t\t\t<div title=\"Page 6\"><div><div><div><div title=\"Page 6\"><div><div><p>Dr<b>. Ram\u00edrez-Lugo<\/b> is an Associate Professor in the Department of Biology and the Associate Dean of Academic Affairs at the School of Natural Sciences at UPR-RP. He actively leads various initiatives dedicated to promoting inclusivity in the field of science. Notably, he serves as the Director of the Puerto Rico Louis Stokes Alliance for Minority Participation (PR-LSAMP<span lang=\"en-US\">,\u00a0<a class=\"ms-outlook-linkify\" href=\"https:\/\/prlsamp.upr.edu\/\" target=\"_blank\" rel=\"noopener\">https:\/\/prlsamp.upr.edu<\/a><\/span>), a crucial effort focused on fostering inclusivity in STEM fields<span lang=\"en-US\">\u00a0across Puerto Rico<\/span>. He is the Principal Investigator of the NSF-funded Interdisciplinary and Quantitative Biology Research Experience for Undergraduates (IQ BIO REU,\u00a0<a title=\"Original URL: http:\/\/iqbioreu.uprrp.edu\/. Click or tap if you trust this link.\" href=\"https:\/\/nam02.safelinks.protection.outlook.com\/?url=http%3A%2F%2Fiqbioreu.uprrp.edu%2F&amp;data=05%7C02%7Cnatalia.figueroa5%40upr.edu%7C3f6c4640172342e0f2a408dc2caad74a%7C0dfa5dc0036f461599e494af822f2b84%7C0%7C0%7C638434359471871559%7CUnknown%7CTWFpbGZsb3d8eyJWIjoiMC4wLjAwMDAiLCJQIjoiV2luMzIiLCJBTiI6Ik1haWwiLCJXVCI6Mn0%3D%7C0%7C%7C%7C&amp;sdata=2A7v3wHBPC%2FSMyr3xf10q57yIyLFiv1ZaEbeB4THqQc%3D&amp;reserved=0\" target=\"_blank\" rel=\"noopener noreferrer\" data-auth=\"Verified\" data-linkindex=\"0\">http:\/\/iqbioreu.uprrp.edu<\/a>) and is a member of the BIO REU Leadership Council. Additionally, he sits on the Steering Committee for the Annual Biomedical Research Conference for Minoritized Scientists (ABRCMS). From 2016 to 2020, he served as the President of the Caribbean Division of the American Association for the Advancement of Science (AAAS), and since 2022, he has been a member of the AAAS Board of Directors.<\/p><p><strong>Contact information:<\/strong> juan.ramirez3@upr.edu<\/p><\/div><\/div><\/div><\/div><\/div><\/div><\/div>\t\t\t\t\t\t\t\t<\/div>\n\t\t\t\t<\/div>\n\t\t\t\t\t<\/div>\n\t\t<\/div>\n\t\t\t\t\t<\/div>\n\t\t<\/section>\n\t\t\t\t<section class=\"elementor-section elementor-top-section elementor-element elementor-element-97ac268 elementor-section-boxed elementor-section-height-default elementor-section-height-default\" data-id=\"97ac268\" data-element_type=\"section\" data-e-type=\"section\">\n\t\t\t\t\t\t<div class=\"elementor-container elementor-column-gap-default\">\n\t\t\t\t\t<div class=\"elementor-column elementor-col-100 elementor-top-column elementor-element elementor-element-e17ed46\" data-id=\"e17ed46\" data-element_type=\"column\" data-e-type=\"column\">\n\t\t\t<div class=\"elementor-widget-wrap\">\n\t\t\t\t\t\t\t<\/div>\n\t\t<\/div>\n\t\t\t\t\t<\/div>\n\t\t<\/section>\n\t\t\t\t<\/div>\n\t\t","protected":false},"excerpt":{"rendered":"<p>Meet the Principal Investigators Dr. Jos\u00e9 E. Garc\u00eda Arrar\u00e1s Principal Investigator (PI) Dr. Garc\u00eda Arrar\u00e1s\u00a0is Professor in Biology who has been at University of Puerto Rico for 35 years. At different times he has held various administrative positions including Department &hellip; <\/p>\n","protected":false},"author":58,"featured_media":0,"parent":0,"menu_order":0,"comment_status":"closed","ping_status":"closed","template":"","meta":{"footnotes":""},"class_list":["post-19333","page","type-page","status-publish","hentry"],"_links":{"self":[{"href":"https:\/\/natsci.uprrp.edu\/ramp-up\/wp-json\/wp\/v2\/pages\/19333","targetHints":{"allow":["GET"]}}],"collection":[{"href":"https:\/\/natsci.uprrp.edu\/ramp-up\/wp-json\/wp\/v2\/pages"}],"about":[{"href":"https:\/\/natsci.uprrp.edu\/ramp-up\/wp-json\/wp\/v2\/types\/page"}],"author":[{"embeddable":true,"href":"https:\/\/natsci.uprrp.edu\/ramp-up\/wp-json\/wp\/v2\/users\/58"}],"replies":[{"embeddable":true,"href":"https:\/\/natsci.uprrp.edu\/ramp-up\/wp-json\/wp\/v2\/comments?post=19333"}],"version-history":[{"count":16,"href":"https:\/\/natsci.uprrp.edu\/ramp-up\/wp-json\/wp\/v2\/pages\/19333\/revisions"}],"predecessor-version":[{"id":19421,"href":"https:\/\/natsci.uprrp.edu\/ramp-up\/wp-json\/wp\/v2\/pages\/19333\/revisions\/19421"}],"wp:attachment":[{"href":"https:\/\/natsci.uprrp.edu\/ramp-up\/wp-json\/wp\/v2\/media?parent=19333"}],"curies":[{"name":"wp","href":"https:\/\/api.w.org\/{rel}","templated":true}]}}