{"id":18872,"date":"2023-08-18T18:41:48","date_gmt":"2023-08-18T18:41:48","guid":{"rendered":"https:\/\/natsci.uprrp.edu\/ramp-up\/?page_id=18872"},"modified":"2025-03-17T15:04:40","modified_gmt":"2025-03-17T15:04:40","slug":"class1_2022-2024","status":"publish","type":"page","link":"https:\/\/natsci.uprrp.edu\/ramp-up\/class1_2022-2024\/","title":{"rendered":"Class 1 (2023-2024)"},"content":{"rendered":"\t\t<div data-elementor-type=\"wp-page\" data-elementor-id=\"18872\" class=\"elementor elementor-18872\">\n\t\t\t\t\t\t<section class=\"elementor-section elementor-top-section elementor-element elementor-element-f345565 elementor-section-boxed elementor-section-height-default elementor-section-height-default elementor-invisible\" data-id=\"f345565\" data-element_type=\"section\" data-e-type=\"section\" data-settings=\"{&quot;animation&quot;:&quot;fadeInRight&quot;}\">\n\t\t\t\t\t\t<div class=\"elementor-container elementor-column-gap-default\">\n\t\t\t\t\t<div class=\"elementor-column elementor-col-25 elementor-top-column elementor-element elementor-element-0bdccfd\" data-id=\"0bdccfd\" data-element_type=\"column\" data-e-type=\"column\">\n\t\t\t<div class=\"elementor-widget-wrap elementor-element-populated\">\n\t\t\t\t\t\t<div class=\"elementor-element elementor-element-5aeb684 elementor-widget elementor-widget-image\" data-id=\"5aeb684\" data-element_type=\"widget\" data-e-type=\"widget\" data-widget_type=\"image.default\">\n\t\t\t\t<div class=\"elementor-widget-container\">\n\t\t\t\t\t\t\t\t\t\t\t\t\t\t\t<img fetchpriority=\"high\" decoding=\"async\" width=\"412\" height=\"521\" src=\"https:\/\/natsci.uprrp.edu\/ramp-up\/wp-content\/uploads\/sites\/26\/2023\/10\/Screen-Shot-2023-10-25-at-10.47.40-AM.png\" class=\"attachment-large size-large wp-image-19230\" alt=\"\" srcset=\"https:\/\/natsci.uprrp.edu\/ramp-up\/wp-content\/uploads\/sites\/26\/2023\/10\/Screen-Shot-2023-10-25-at-10.47.40-AM.png 412w, https:\/\/natsci.uprrp.edu\/ramp-up\/wp-content\/uploads\/sites\/26\/2023\/10\/Screen-Shot-2023-10-25-at-10.47.40-AM-237x300.png 237w, https:\/\/natsci.uprrp.edu\/ramp-up\/wp-content\/uploads\/sites\/26\/2023\/10\/Screen-Shot-2023-10-25-at-10.47.40-AM-9x12.png 9w\" sizes=\"(max-width: 412px) 100vw, 412px\" \/>\t\t\t\t\t\t\t\t\t\t\t\t\t\t\t<\/div>\n\t\t\t\t<\/div>\n\t\t\t\t<div class=\"elementor-element elementor-element-0ea6afe elementor-widget elementor-widget-heading\" data-id=\"0ea6afe\" data-element_type=\"widget\" data-e-type=\"widget\" data-widget_type=\"heading.default\">\n\t\t\t\t<div class=\"elementor-widget-container\">\n\t\t\t\t\t<h2 class=\"elementor-heading-title elementor-size-default\">Abigail Strubbe Nieves<\/h2>\t\t\t\t<\/div>\n\t\t\t\t<\/div>\n\t\t\t\t\t<\/div>\n\t\t<\/div>\n\t\t\t\t<div class=\"elementor-column elementor-col-25 elementor-top-column elementor-element elementor-element-2ce884a\" data-id=\"2ce884a\" data-element_type=\"column\" data-e-type=\"column\">\n\t\t\t<div class=\"elementor-widget-wrap elementor-element-populated\">\n\t\t\t\t\t\t<div class=\"elementor-element elementor-element-077ac18 elementor-widget elementor-widget-image\" data-id=\"077ac18\" data-element_type=\"widget\" data-e-type=\"widget\" data-widget_type=\"image.default\">\n\t\t\t\t<div class=\"elementor-widget-container\">\n\t\t\t\t\t\t\t\t\t\t\t\t\t\t\t<img decoding=\"async\" width=\"412\" height=\"521\" src=\"https:\/\/natsci.uprrp.edu\/ramp-up\/wp-content\/uploads\/sites\/26\/2023\/10\/Screen-Shot-2023-10-25-at-10.46.50-AM.png\" class=\"attachment-large size-large wp-image-19226\" alt=\"\" srcset=\"https:\/\/natsci.uprrp.edu\/ramp-up\/wp-content\/uploads\/sites\/26\/2023\/10\/Screen-Shot-2023-10-25-at-10.46.50-AM.png 412w, https:\/\/natsci.uprrp.edu\/ramp-up\/wp-content\/uploads\/sites\/26\/2023\/10\/Screen-Shot-2023-10-25-at-10.46.50-AM-237x300.png 237w, https:\/\/natsci.uprrp.edu\/ramp-up\/wp-content\/uploads\/sites\/26\/2023\/10\/Screen-Shot-2023-10-25-at-10.46.50-AM-9x12.png 9w\" sizes=\"(max-width: 412px) 100vw, 412px\" \/>\t\t\t\t\t\t\t\t\t\t\t\t\t\t\t<\/div>\n\t\t\t\t<\/div>\n\t\t\t\t<div class=\"elementor-element elementor-element-93c9158 elementor-widget elementor-widget-heading\" data-id=\"93c9158\" data-element_type=\"widget\" data-e-type=\"widget\" data-widget_type=\"heading.default\">\n\t\t\t\t<div class=\"elementor-widget-container\">\n\t\t\t\t\t<h2 class=\"elementor-heading-title elementor-size-default\">Carlos Qui\u00f1ones S\u00e1nchez<\/h2>\t\t\t\t<\/div>\n\t\t\t\t<\/div>\n\t\t\t\t\t<\/div>\n\t\t<\/div>\n\t\t\t\t<div class=\"elementor-column elementor-col-25 elementor-top-column elementor-element elementor-element-75a6b0f\" data-id=\"75a6b0f\" data-element_type=\"column\" data-e-type=\"column\">\n\t\t\t<div class=\"elementor-widget-wrap elementor-element-populated\">\n\t\t\t\t\t\t<div class=\"elementor-element elementor-element-a7a846f elementor-widget elementor-widget-image\" data-id=\"a7a846f\" data-element_type=\"widget\" data-e-type=\"widget\" data-widget_type=\"image.default\">\n\t\t\t\t<div class=\"elementor-widget-container\">\n\t\t\t\t\t\t\t\t\t\t\t\t\t\t\t<img decoding=\"async\" width=\"412\" height=\"521\" src=\"https:\/\/natsci.uprrp.edu\/ramp-up\/wp-content\/uploads\/sites\/26\/2023\/10\/Screen-Shot-2023-10-25-at-10.47.10-AM.png\" class=\"attachment-large size-large wp-image-19228\" alt=\"\" srcset=\"https:\/\/natsci.uprrp.edu\/ramp-up\/wp-content\/uploads\/sites\/26\/2023\/10\/Screen-Shot-2023-10-25-at-10.47.10-AM.png 412w, https:\/\/natsci.uprrp.edu\/ramp-up\/wp-content\/uploads\/sites\/26\/2023\/10\/Screen-Shot-2023-10-25-at-10.47.10-AM-237x300.png 237w, https:\/\/natsci.uprrp.edu\/ramp-up\/wp-content\/uploads\/sites\/26\/2023\/10\/Screen-Shot-2023-10-25-at-10.47.10-AM-9x12.png 9w\" sizes=\"(max-width: 412px) 100vw, 412px\" \/>\t\t\t\t\t\t\t\t\t\t\t\t\t\t\t<\/div>\n\t\t\t\t<\/div>\n\t\t\t\t<div class=\"elementor-element elementor-element-c258ac8 elementor-widget elementor-widget-heading\" data-id=\"c258ac8\" data-element_type=\"widget\" data-e-type=\"widget\" data-widget_type=\"heading.default\">\n\t\t\t\t<div class=\"elementor-widget-container\">\n\t\t\t\t\t<h2 class=\"elementor-heading-title elementor-size-default\">Jeiliany Rodr\u00edguez Pizarro<\/h2>\t\t\t\t<\/div>\n\t\t\t\t<\/div>\n\t\t\t\t\t<\/div>\n\t\t<\/div>\n\t\t\t\t<div class=\"elementor-column elementor-col-25 elementor-top-column elementor-element elementor-element-c8e763d\" data-id=\"c8e763d\" data-element_type=\"column\" data-e-type=\"column\">\n\t\t\t<div class=\"elementor-widget-wrap elementor-element-populated\">\n\t\t\t\t\t\t<div class=\"elementor-element elementor-element-0e9f2af elementor-widget elementor-widget-image\" data-id=\"0e9f2af\" data-element_type=\"widget\" data-e-type=\"widget\" data-widget_type=\"image.default\">\n\t\t\t\t<div class=\"elementor-widget-container\">\n\t\t\t\t\t\t\t\t\t\t\t\t\t\t\t<img loading=\"lazy\" decoding=\"async\" width=\"412\" height=\"521\" src=\"https:\/\/natsci.uprrp.edu\/ramp-up\/wp-content\/uploads\/sites\/26\/2023\/10\/Screen-Shot-2023-10-25-at-10.46.05-AM.png\" class=\"attachment-large size-large wp-image-19223\" alt=\"\" srcset=\"https:\/\/natsci.uprrp.edu\/ramp-up\/wp-content\/uploads\/sites\/26\/2023\/10\/Screen-Shot-2023-10-25-at-10.46.05-AM.png 412w, https:\/\/natsci.uprrp.edu\/ramp-up\/wp-content\/uploads\/sites\/26\/2023\/10\/Screen-Shot-2023-10-25-at-10.46.05-AM-237x300.png 237w, https:\/\/natsci.uprrp.edu\/ramp-up\/wp-content\/uploads\/sites\/26\/2023\/10\/Screen-Shot-2023-10-25-at-10.46.05-AM-9x12.png 9w\" sizes=\"(max-width: 412px) 100vw, 412px\" \/>\t\t\t\t\t\t\t\t\t\t\t\t\t\t\t<\/div>\n\t\t\t\t<\/div>\n\t\t\t\t<div class=\"elementor-element elementor-element-0a07769 elementor-widget elementor-widget-heading\" data-id=\"0a07769\" data-element_type=\"widget\" data-e-type=\"widget\" data-widget_type=\"heading.default\">\n\t\t\t\t<div class=\"elementor-widget-container\">\n\t\t\t\t\t<h2 class=\"elementor-heading-title elementor-size-default\">Jeremy L\u00f3pez Torres<\/h2>\t\t\t\t<\/div>\n\t\t\t\t<\/div>\n\t\t\t\t\t<\/div>\n\t\t<\/div>\n\t\t\t\t\t<\/div>\n\t\t<\/section>\n\t\t\t\t<section class=\"elementor-section elementor-top-section elementor-element elementor-element-74e5b65 elementor-section-boxed elementor-section-height-default elementor-section-height-default\" data-id=\"74e5b65\" data-element_type=\"section\" data-e-type=\"section\">\n\t\t\t\t\t\t<div class=\"elementor-container elementor-column-gap-default\">\n\t\t\t\t\t<div class=\"elementor-column elementor-col-100 elementor-top-column elementor-element elementor-element-68b6b27\" data-id=\"68b6b27\" data-element_type=\"column\" data-e-type=\"column\">\n\t\t\t<div class=\"elementor-widget-wrap elementor-element-populated\">\n\t\t\t\t\t\t<div class=\"elementor-element elementor-element-c4c277e elementor-widget elementor-widget-spacer\" data-id=\"c4c277e\" data-element_type=\"widget\" data-e-type=\"widget\" data-widget_type=\"spacer.default\">\n\t\t\t\t<div class=\"elementor-widget-container\">\n\t\t\t\t\t\t\t<div class=\"elementor-spacer\">\n\t\t\t<div class=\"elementor-spacer-inner\"><\/div>\n\t\t<\/div>\n\t\t\t\t\t\t<\/div>\n\t\t\t\t<\/div>\n\t\t\t\t\t<\/div>\n\t\t<\/div>\n\t\t\t\t\t<\/div>\n\t\t<\/section>\n\t\t\t\t<section class=\"elementor-section elementor-top-section elementor-element elementor-element-38e5bfe elementor-section-boxed elementor-section-height-default elementor-section-height-default elementor-invisible\" data-id=\"38e5bfe\" data-element_type=\"section\" data-e-type=\"section\" data-settings=\"{&quot;animation&quot;:&quot;fadeInLeft&quot;}\">\n\t\t\t\t\t\t<div class=\"elementor-container elementor-column-gap-default\">\n\t\t\t\t\t<div class=\"elementor-column elementor-col-25 elementor-top-column elementor-element elementor-element-b75fffa\" data-id=\"b75fffa\" data-element_type=\"column\" data-e-type=\"column\">\n\t\t\t<div class=\"elementor-widget-wrap elementor-element-populated\">\n\t\t\t\t\t\t<div class=\"elementor-element elementor-element-2ed0183 elementor-widget elementor-widget-image\" data-id=\"2ed0183\" data-element_type=\"widget\" data-e-type=\"widget\" data-widget_type=\"image.default\">\n\t\t\t\t<div class=\"elementor-widget-container\">\n\t\t\t\t\t\t\t\t\t\t\t\t\t\t\t<img loading=\"lazy\" decoding=\"async\" width=\"412\" height=\"521\" src=\"https:\/\/natsci.uprrp.edu\/ramp-up\/wp-content\/uploads\/sites\/26\/2023\/10\/Screen-Shot-2023-10-25-at-10.46.39-AM.png\" class=\"attachment-large size-large wp-image-19225\" alt=\"\" srcset=\"https:\/\/natsci.uprrp.edu\/ramp-up\/wp-content\/uploads\/sites\/26\/2023\/10\/Screen-Shot-2023-10-25-at-10.46.39-AM.png 412w, https:\/\/natsci.uprrp.edu\/ramp-up\/wp-content\/uploads\/sites\/26\/2023\/10\/Screen-Shot-2023-10-25-at-10.46.39-AM-237x300.png 237w, https:\/\/natsci.uprrp.edu\/ramp-up\/wp-content\/uploads\/sites\/26\/2023\/10\/Screen-Shot-2023-10-25-at-10.46.39-AM-9x12.png 9w\" sizes=\"(max-width: 412px) 100vw, 412px\" \/>\t\t\t\t\t\t\t\t\t\t\t\t\t\t\t<\/div>\n\t\t\t\t<\/div>\n\t\t\t\t<div class=\"elementor-element elementor-element-fd5ae9c elementor-widget elementor-widget-heading\" data-id=\"fd5ae9c\" data-element_type=\"widget\" data-e-type=\"widget\" data-widget_type=\"heading.default\">\n\t\t\t\t<div class=\"elementor-widget-container\">\n\t\t\t\t\t<h2 class=\"elementor-heading-title elementor-size-default\">Keyla Ram\u00edrez<\/h2>\t\t\t\t<\/div>\n\t\t\t\t<\/div>\n\t\t\t\t\t<\/div>\n\t\t<\/div>\n\t\t\t\t<div class=\"elementor-column elementor-col-25 elementor-top-column elementor-element elementor-element-4ddda35\" data-id=\"4ddda35\" data-element_type=\"column\" data-e-type=\"column\">\n\t\t\t<div class=\"elementor-widget-wrap elementor-element-populated\">\n\t\t\t\t\t\t<div class=\"elementor-element elementor-element-8821aa8 elementor-widget elementor-widget-image\" data-id=\"8821aa8\" data-element_type=\"widget\" data-e-type=\"widget\" data-widget_type=\"image.default\">\n\t\t\t\t<div class=\"elementor-widget-container\">\n\t\t\t\t\t\t\t\t\t\t\t\t\t\t\t<img loading=\"lazy\" decoding=\"async\" width=\"499\" height=\"628\" src=\"https:\/\/natsci.uprrp.edu\/ramp-up\/wp-content\/uploads\/sites\/26\/2023\/10\/Screen-Shot-2023-10-25-at-11.07.38-AM.png\" class=\"attachment-large size-large wp-image-19237\" alt=\"\" srcset=\"https:\/\/natsci.uprrp.edu\/ramp-up\/wp-content\/uploads\/sites\/26\/2023\/10\/Screen-Shot-2023-10-25-at-11.07.38-AM.png 499w, https:\/\/natsci.uprrp.edu\/ramp-up\/wp-content\/uploads\/sites\/26\/2023\/10\/Screen-Shot-2023-10-25-at-11.07.38-AM-238x300.png 238w, https:\/\/natsci.uprrp.edu\/ramp-up\/wp-content\/uploads\/sites\/26\/2023\/10\/Screen-Shot-2023-10-25-at-11.07.38-AM-10x12.png 10w\" sizes=\"(max-width: 499px) 100vw, 499px\" \/>\t\t\t\t\t\t\t\t\t\t\t\t\t\t\t<\/div>\n\t\t\t\t<\/div>\n\t\t\t\t<div class=\"elementor-element elementor-element-cbd1af7 elementor-widget elementor-widget-heading\" data-id=\"cbd1af7\" data-element_type=\"widget\" data-e-type=\"widget\" data-widget_type=\"heading.default\">\n\t\t\t\t<div class=\"elementor-widget-container\">\n\t\t\t\t\t<h2 class=\"elementor-heading-title elementor-size-default\">Luis G. Montalvo Gonz\u00e1lez<\/h2>\t\t\t\t<\/div>\n\t\t\t\t<\/div>\n\t\t\t\t\t<\/div>\n\t\t<\/div>\n\t\t\t\t<div class=\"elementor-column elementor-col-25 elementor-top-column elementor-element elementor-element-106a97b\" data-id=\"106a97b\" data-element_type=\"column\" data-e-type=\"column\">\n\t\t\t<div class=\"elementor-widget-wrap elementor-element-populated\">\n\t\t\t\t\t\t<div class=\"elementor-element elementor-element-4570c5a elementor-widget elementor-widget-image\" data-id=\"4570c5a\" data-element_type=\"widget\" data-e-type=\"widget\" data-widget_type=\"image.default\">\n\t\t\t\t<div class=\"elementor-widget-container\">\n\t\t\t\t\t\t\t\t\t\t\t\t\t\t\t<img loading=\"lazy\" decoding=\"async\" width=\"412\" height=\"521\" src=\"https:\/\/natsci.uprrp.edu\/ramp-up\/wp-content\/uploads\/sites\/26\/2023\/10\/Screen-Shot-2023-10-25-at-10.46.14-AM.png\" class=\"attachment-large size-large wp-image-19224\" alt=\"\" srcset=\"https:\/\/natsci.uprrp.edu\/ramp-up\/wp-content\/uploads\/sites\/26\/2023\/10\/Screen-Shot-2023-10-25-at-10.46.14-AM.png 412w, https:\/\/natsci.uprrp.edu\/ramp-up\/wp-content\/uploads\/sites\/26\/2023\/10\/Screen-Shot-2023-10-25-at-10.46.14-AM-237x300.png 237w, https:\/\/natsci.uprrp.edu\/ramp-up\/wp-content\/uploads\/sites\/26\/2023\/10\/Screen-Shot-2023-10-25-at-10.46.14-AM-9x12.png 9w\" sizes=\"(max-width: 412px) 100vw, 412px\" \/>\t\t\t\t\t\t\t\t\t\t\t\t\t\t\t<\/div>\n\t\t\t\t<\/div>\n\t\t\t\t<div class=\"elementor-element elementor-element-108bb6f elementor-widget elementor-widget-heading\" data-id=\"108bb6f\" data-element_type=\"widget\" data-e-type=\"widget\" data-widget_type=\"heading.default\">\n\t\t\t\t<div class=\"elementor-widget-container\">\n\t\t\t\t\t<h2 class=\"elementor-heading-title elementor-size-default\"><span data-elementor-setting-key=\"title\" data-pen-placeholder=\"Type Here...\" data-focus-visible-added=\"\">Mineris Figueroa Col\u00f3n<\/span><\/h2>\t\t\t\t<\/div>\n\t\t\t\t<\/div>\n\t\t\t\t\t<\/div>\n\t\t<\/div>\n\t\t\t\t<div class=\"elementor-column elementor-col-25 elementor-top-column elementor-element elementor-element-88a7a87\" data-id=\"88a7a87\" data-element_type=\"column\" data-e-type=\"column\">\n\t\t\t<div class=\"elementor-widget-wrap elementor-element-populated\">\n\t\t\t\t\t\t<div class=\"elementor-element elementor-element-4c1d82b elementor-widget elementor-widget-image\" data-id=\"4c1d82b\" data-element_type=\"widget\" data-e-type=\"widget\" data-widget_type=\"image.default\">\n\t\t\t\t<div class=\"elementor-widget-container\">\n\t\t\t\t\t\t\t\t\t\t\t\t\t\t\t<img loading=\"lazy\" decoding=\"async\" width=\"412\" height=\"521\" src=\"https:\/\/natsci.uprrp.edu\/ramp-up\/wp-content\/uploads\/sites\/26\/2023\/10\/Screen-Shot-2023-10-25-at-10.47.02-AM.png\" class=\"attachment-large size-large wp-image-19227\" alt=\"\" srcset=\"https:\/\/natsci.uprrp.edu\/ramp-up\/wp-content\/uploads\/sites\/26\/2023\/10\/Screen-Shot-2023-10-25-at-10.47.02-AM.png 412w, https:\/\/natsci.uprrp.edu\/ramp-up\/wp-content\/uploads\/sites\/26\/2023\/10\/Screen-Shot-2023-10-25-at-10.47.02-AM-237x300.png 237w, https:\/\/natsci.uprrp.edu\/ramp-up\/wp-content\/uploads\/sites\/26\/2023\/10\/Screen-Shot-2023-10-25-at-10.47.02-AM-9x12.png 9w\" sizes=\"(max-width: 412px) 100vw, 412px\" \/>\t\t\t\t\t\t\t\t\t\t\t\t\t\t\t<\/div>\n\t\t\t\t<\/div>\n\t\t\t\t<div class=\"elementor-element elementor-element-538af92 elementor-widget elementor-widget-heading\" data-id=\"538af92\" data-element_type=\"widget\" data-e-type=\"widget\" data-widget_type=\"heading.default\">\n\t\t\t\t<div class=\"elementor-widget-container\">\n\t\t\t\t\t<h2 class=\"elementor-heading-title elementor-size-default\"><span class=\"elementor-heading-title elementor-size-default elementor-inline-editing pen focus-visible\" data-elementor-setting-key=\"title\" data-pen-placeholder=\"Type Here...\" data-focus-visible-added=\"\">Naomi Rohrbaugh<\/span><\/h2>\t\t\t\t<\/div>\n\t\t\t\t<\/div>\n\t\t\t\t\t<\/div>\n\t\t<\/div>\n\t\t\t\t\t<\/div>\n\t\t<\/section>\n\t\t\t\t<section class=\"elementor-section elementor-top-section elementor-element elementor-element-b524764 elementor-section-boxed elementor-section-height-default elementor-section-height-default\" data-id=\"b524764\" data-element_type=\"section\" data-e-type=\"section\">\n\t\t\t\t\t\t<div class=\"elementor-container elementor-column-gap-default\">\n\t\t\t\t\t<div class=\"elementor-column elementor-col-100 elementor-top-column elementor-element elementor-element-bbcd20c\" data-id=\"bbcd20c\" data-element_type=\"column\" data-e-type=\"column\">\n\t\t\t<div class=\"elementor-widget-wrap elementor-element-populated\">\n\t\t\t\t\t\t<div class=\"elementor-element elementor-element-a11ce7f elementor-widget elementor-widget-spacer\" data-id=\"a11ce7f\" data-element_type=\"widget\" data-e-type=\"widget\" data-widget_type=\"spacer.default\">\n\t\t\t\t<div class=\"elementor-widget-container\">\n\t\t\t\t\t\t\t<div class=\"elementor-spacer\">\n\t\t\t<div class=\"elementor-spacer-inner\"><\/div>\n\t\t<\/div>\n\t\t\t\t\t\t<\/div>\n\t\t\t\t<\/div>\n\t\t\t\t\t<\/div>\n\t\t<\/div>\n\t\t\t\t\t<\/div>\n\t\t<\/section>\n\t\t\t\t<section class=\"elementor-section elementor-top-section elementor-element elementor-element-0f33be5 elementor-section-boxed elementor-section-height-default elementor-section-height-default elementor-invisible\" data-id=\"0f33be5\" data-element_type=\"section\" data-e-type=\"section\" data-settings=\"{&quot;animation&quot;:&quot;fadeInRight&quot;}\">\n\t\t\t\t\t\t<div class=\"elementor-container elementor-column-gap-default\">\n\t\t\t\t\t<div class=\"elementor-column elementor-col-25 elementor-top-column elementor-element elementor-element-2f58cfe\" data-id=\"2f58cfe\" data-element_type=\"column\" data-e-type=\"column\">\n\t\t\t<div class=\"elementor-widget-wrap\">\n\t\t\t\t\t\t\t<\/div>\n\t\t<\/div>\n\t\t\t\t<div class=\"elementor-column elementor-col-25 elementor-top-column elementor-element elementor-element-b33e3db\" data-id=\"b33e3db\" data-element_type=\"column\" data-e-type=\"column\">\n\t\t\t<div class=\"elementor-widget-wrap elementor-element-populated\">\n\t\t\t\t\t\t<div class=\"elementor-element elementor-element-08f0117 elementor-widget elementor-widget-image\" data-id=\"08f0117\" data-element_type=\"widget\" data-e-type=\"widget\" data-widget_type=\"image.default\">\n\t\t\t\t<div class=\"elementor-widget-container\">\n\t\t\t\t\t\t\t\t\t\t\t\t\t\t\t<img loading=\"lazy\" decoding=\"async\" width=\"412\" height=\"521\" src=\"https:\/\/natsci.uprrp.edu\/ramp-up\/wp-content\/uploads\/sites\/26\/2023\/10\/Screen-Shot-2023-10-25-at-10.47.29-AM.png\" class=\"attachment-large size-large wp-image-19229\" alt=\"\" srcset=\"https:\/\/natsci.uprrp.edu\/ramp-up\/wp-content\/uploads\/sites\/26\/2023\/10\/Screen-Shot-2023-10-25-at-10.47.29-AM.png 412w, https:\/\/natsci.uprrp.edu\/ramp-up\/wp-content\/uploads\/sites\/26\/2023\/10\/Screen-Shot-2023-10-25-at-10.47.29-AM-237x300.png 237w, https:\/\/natsci.uprrp.edu\/ramp-up\/wp-content\/uploads\/sites\/26\/2023\/10\/Screen-Shot-2023-10-25-at-10.47.29-AM-9x12.png 9w\" sizes=\"(max-width: 412px) 100vw, 412px\" \/>\t\t\t\t\t\t\t\t\t\t\t\t\t\t\t<\/div>\n\t\t\t\t<\/div>\n\t\t\t\t<div class=\"elementor-element elementor-element-faf2679 elementor-widget elementor-widget-heading\" data-id=\"faf2679\" data-element_type=\"widget\" data-e-type=\"widget\" data-widget_type=\"heading.default\">\n\t\t\t\t<div class=\"elementor-widget-container\">\n\t\t\t\t\t<h2 class=\"elementor-heading-title elementor-size-default\">Rebecca Cabanillas Pardue<\/h2>\t\t\t\t<\/div>\n\t\t\t\t<\/div>\n\t\t\t\t\t<\/div>\n\t\t<\/div>\n\t\t\t\t<div class=\"elementor-column elementor-col-25 elementor-top-column elementor-element elementor-element-8361116\" data-id=\"8361116\" data-element_type=\"column\" data-e-type=\"column\">\n\t\t\t<div class=\"elementor-widget-wrap elementor-element-populated\">\n\t\t\t\t\t\t<div class=\"elementor-element elementor-element-c75061d elementor-widget elementor-widget-image\" data-id=\"c75061d\" data-element_type=\"widget\" data-e-type=\"widget\" data-widget_type=\"image.default\">\n\t\t\t\t<div class=\"elementor-widget-container\">\n\t\t\t\t\t\t\t\t\t\t\t\t\t\t\t<img loading=\"lazy\" decoding=\"async\" width=\"387\" height=\"500\" src=\"https:\/\/natsci.uprrp.edu\/ramp-up\/wp-content\/uploads\/sites\/26\/2023\/10\/Screen-Shot-2023-10-25-at-10.47.54-AM-e1698246701997.png\" class=\"attachment-large size-large wp-image-19231\" alt=\"\" srcset=\"https:\/\/natsci.uprrp.edu\/ramp-up\/wp-content\/uploads\/sites\/26\/2023\/10\/Screen-Shot-2023-10-25-at-10.47.54-AM-e1698246701997.png 387w, https:\/\/natsci.uprrp.edu\/ramp-up\/wp-content\/uploads\/sites\/26\/2023\/10\/Screen-Shot-2023-10-25-at-10.47.54-AM-e1698246701997-232x300.png 232w, https:\/\/natsci.uprrp.edu\/ramp-up\/wp-content\/uploads\/sites\/26\/2023\/10\/Screen-Shot-2023-10-25-at-10.47.54-AM-e1698246701997-9x12.png 9w\" sizes=\"(max-width: 387px) 100vw, 387px\" \/>\t\t\t\t\t\t\t\t\t\t\t\t\t\t\t<\/div>\n\t\t\t\t<\/div>\n\t\t\t\t<div class=\"elementor-element elementor-element-f687455 elementor-widget elementor-widget-heading\" data-id=\"f687455\" data-element_type=\"widget\" data-e-type=\"widget\" data-widget_type=\"heading.default\">\n\t\t\t\t<div class=\"elementor-widget-container\">\n\t\t\t\t\t<h2 class=\"elementor-heading-title elementor-size-default\">Tykeedrien Burris<\/h2>\t\t\t\t<\/div>\n\t\t\t\t<\/div>\n\t\t\t\t\t<\/div>\n\t\t<\/div>\n\t\t\t\t<div class=\"elementor-column elementor-col-25 elementor-top-column elementor-element elementor-element-ffa40da\" data-id=\"ffa40da\" data-element_type=\"column\" data-e-type=\"column\">\n\t\t\t<div class=\"elementor-widget-wrap\">\n\t\t\t\t\t\t\t<\/div>\n\t\t<\/div>\n\t\t\t\t\t<\/div>\n\t\t<\/section>\n\t\t\t\t<section class=\"elementor-section elementor-top-section elementor-element elementor-element-34c44af elementor-section-boxed elementor-section-height-default elementor-section-height-default\" data-id=\"34c44af\" data-element_type=\"section\" data-e-type=\"section\">\n\t\t\t\t\t\t<div class=\"elementor-container elementor-column-gap-default\">\n\t\t\t\t\t<div class=\"elementor-column elementor-col-100 elementor-top-column elementor-element elementor-element-7d3c3fd\" data-id=\"7d3c3fd\" data-element_type=\"column\" data-e-type=\"column\">\n\t\t\t<div class=\"elementor-widget-wrap elementor-element-populated\">\n\t\t\t\t\t\t<div class=\"elementor-element elementor-element-c32b332 elementor-widget elementor-widget-spacer\" data-id=\"c32b332\" data-element_type=\"widget\" data-e-type=\"widget\" data-widget_type=\"spacer.default\">\n\t\t\t\t<div class=\"elementor-widget-container\">\n\t\t\t\t\t\t\t<div class=\"elementor-spacer\">\n\t\t\t<div class=\"elementor-spacer-inner\"><\/div>\n\t\t<\/div>\n\t\t\t\t\t\t<\/div>\n\t\t\t\t<\/div>\n\t\t\t\t\t<\/div>\n\t\t<\/div>\n\t\t\t\t\t<\/div>\n\t\t<\/section>\n\t\t\t\t<\/div>\n\t\t","protected":false},"excerpt":{"rendered":"<p>Abigail Strubbe Nieves Carlos Qui\u00f1ones S\u00e1nchez Jeiliany Rodr\u00edguez Pizarro Jeremy L\u00f3pez Torres Keyla Ram\u00edrez Luis G. Montalvo Gonz\u00e1lez Mineris Figueroa Col\u00f3n Naomi Rohrbaugh Rebecca Cabanillas Pardue Tykeedrien Burris<\/p>\n","protected":false},"author":58,"featured_media":0,"parent":0,"menu_order":0,"comment_status":"closed","ping_status":"closed","template":"","meta":{"footnotes":""},"class_list":["post-18872","page","type-page","status-publish","hentry"],"_links":{"self":[{"href":"https:\/\/natsci.uprrp.edu\/ramp-up\/wp-json\/wp\/v2\/pages\/18872","targetHints":{"allow":["GET"]}}],"collection":[{"href":"https:\/\/natsci.uprrp.edu\/ramp-up\/wp-json\/wp\/v2\/pages"}],"about":[{"href":"https:\/\/natsci.uprrp.edu\/ramp-up\/wp-json\/wp\/v2\/types\/page"}],"author":[{"embeddable":true,"href":"https:\/\/natsci.uprrp.edu\/ramp-up\/wp-json\/wp\/v2\/users\/58"}],"replies":[{"embeddable":true,"href":"https:\/\/natsci.uprrp.edu\/ramp-up\/wp-json\/wp\/v2\/comments?post=18872"}],"version-history":[{"count":35,"href":"https:\/\/natsci.uprrp.edu\/ramp-up\/wp-json\/wp\/v2\/pages\/18872\/revisions"}],"predecessor-version":[{"id":19552,"href":"https:\/\/natsci.uprrp.edu\/ramp-up\/wp-json\/wp\/v2\/pages\/18872\/revisions\/19552"}],"wp:attachment":[{"href":"https:\/\/natsci.uprrp.edu\/ramp-up\/wp-json\/wp\/v2\/media?parent=18872"}],"curies":[{"name":"wp","href":"https:\/\/api.w.org\/{rel}","templated":true}]}}