{"id":18627,"date":"2023-01-27T20:02:54","date_gmt":"2023-01-27T20:02:54","guid":{"rendered":"https:\/\/natsci.uprrp.edu\/ramp-up\/?page_id=18627"},"modified":"2023-10-25T14:58:36","modified_gmt":"2023-10-25T14:58:36","slug":"apply-online-today","status":"publish","type":"page","link":"https:\/\/natsci.uprrp.edu\/ramp-up\/apply-online-today\/","title":{"rendered":"Contact Us"},"content":{"rendered":"\t\t<div data-elementor-type=\"wp-page\" data-elementor-id=\"18627\" class=\"elementor elementor-18627\">\n\t\t\t\t\t\t<section class=\"elementor-section elementor-top-section elementor-element elementor-element-9cec47f elementor-section-boxed elementor-section-height-default elementor-section-height-default\" data-id=\"9cec47f\" data-element_type=\"section\" data-e-type=\"section\">\n\t\t\t\t\t\t<div class=\"elementor-container elementor-column-gap-default\">\n\t\t\t\t\t<div class=\"elementor-column elementor-col-100 elementor-top-column elementor-element elementor-element-60eab5a\" data-id=\"60eab5a\" data-element_type=\"column\" data-e-type=\"column\">\n\t\t\t<div class=\"elementor-widget-wrap elementor-element-populated\">\n\t\t\t\t\t\t<div class=\"elementor-element elementor-element-001f553 elementor-widget elementor-widget-heading\" data-id=\"001f553\" data-element_type=\"widget\" data-e-type=\"widget\" data-widget_type=\"heading.default\">\n\t\t\t\t<div class=\"elementor-widget-container\">\n\t\t\t\t\t<h2 class=\"elementor-heading-title elementor-size-default\">Let\u2019s Connect!<\/h2>\t\t\t\t<\/div>\n\t\t\t\t<\/div>\n\t\t\t\t\t<\/div>\n\t\t<\/div>\n\t\t\t\t\t<\/div>\n\t\t<\/section>\n\t\t\t\t<section class=\"elementor-section elementor-top-section elementor-element elementor-element-45c3348 elementor-section-boxed elementor-section-height-default elementor-section-height-default\" data-id=\"45c3348\" data-element_type=\"section\" data-e-type=\"section\">\n\t\t\t\t\t\t<div class=\"elementor-container elementor-column-gap-default\">\n\t\t\t\t\t<div class=\"elementor-column elementor-col-100 elementor-top-column elementor-element elementor-element-5366363\" data-id=\"5366363\" data-element_type=\"column\" data-e-type=\"column\">\n\t\t\t<div class=\"elementor-widget-wrap elementor-element-populated\">\n\t\t\t\t\t\t<section class=\"elementor-section elementor-inner-section elementor-element elementor-element-c63dfe6 elementor-section-boxed elementor-section-height-default elementor-section-height-default\" data-id=\"c63dfe6\" data-element_type=\"section\" data-e-type=\"section\">\n\t\t\t\t\t\t<div class=\"elementor-container elementor-column-gap-default\">\n\t\t\t\t\t<div class=\"elementor-column elementor-col-50 elementor-inner-column elementor-element elementor-element-573b0bf\" data-id=\"573b0bf\" data-element_type=\"column\" data-e-type=\"column\">\n\t\t\t<div class=\"elementor-widget-wrap elementor-element-populated\">\n\t\t\t\t\t\t<div class=\"elementor-element elementor-element-ae19788 elementor-widget elementor-widget-text-editor\" data-id=\"ae19788\" data-element_type=\"widget\" data-e-type=\"widget\" data-widget_type=\"text-editor.default\">\n\t\t\t\t<div class=\"elementor-widget-container\">\n\t\t\t\t\t\t\t\t\t<h3 class=\"wp-block-heading\"><strong>Email<\/strong><\/h3>\n<p>ramp.up@upr.edu \/ marimar.velazquez1@upr.edu<\/p>\n<h3 class=\"wp-block-heading\"><strong>Phone<\/strong><\/h3>\n<p>787-764-0000 X. 88179 \/ 88111<\/p>\t\t\t\t\t\t\t\t<\/div>\n\t\t\t\t<\/div>\n\t\t\t\t<div class=\"elementor-element elementor-element-873e008 elementor-widget__width-initial elementor-widget elementor-widget-text-editor\" data-id=\"873e008\" data-element_type=\"widget\" data-e-type=\"widget\" data-widget_type=\"text-editor.default\">\n\t\t\t\t<div class=\"elementor-widget-container\">\n\t\t\t\t\t\t\t\t\t<h3 class=\"wp-block-heading\" style=\"font-family: var(--thim-font-title-font-family);font-weight: var(--thim-font-title-variant);line-height: var(--thim-font-h3-line-height);font-size: var(--thim-font-h3-font-size);text-transform: none;font-style: normal\"><strong>Mailing List Sing-up<\/strong><\/h3>\t\t\t\t\t\t\t\t<\/div>\n\t\t\t\t<\/div>\n\t\t\t\t<div class=\"elementor-element elementor-element-6a58ca7 elementor-widget__width-initial elementor-widget elementor-widget-text-editor\" data-id=\"6a58ca7\" data-element_type=\"widget\" data-e-type=\"widget\" data-widget_type=\"text-editor.default\">\n\t\t\t\t<div class=\"elementor-widget-container\">\n\t\t\t\t\t\t\t\t\t<p>We will get back to you asap!<\/p>\t\t\t\t\t\t\t\t<\/div>\n\t\t\t\t<\/div>\n\t\t\t\t<div class=\"elementor-element elementor-element-3bd5bed elementor-widget elementor-widget-spacer\" data-id=\"3bd5bed\" data-element_type=\"widget\" data-e-type=\"widget\" data-widget_type=\"spacer.default\">\n\t\t\t\t<div class=\"elementor-widget-container\">\n\t\t\t\t\t\t\t<div class=\"elementor-spacer\">\n\t\t\t<div class=\"elementor-spacer-inner\"><\/div>\n\t\t<\/div>\n\t\t\t\t\t\t<\/div>\n\t\t\t\t<\/div>\n\t\t\t\t<div class=\"elementor-element elementor-element-f579110 elementor-widget thim-widget-button\" data-id=\"f579110\" data-element_type=\"widget\" data-e-type=\"widget\" data-widget_type=\"thim-button.default\">\n\t\t\t\t<div class=\"elementor-widget-container\">\n\t\t\t\t\t<div class=\"thim-widget-button template-base\"><a class=\"widget-button tiny-rounded no-border normal custom_style\" href=\"https:\/\/form.jotform.com\/222964078126864#\" target=\"_blank\" style=\"font-size: 14px;color: #FFFFFF;background-color: #F50000;\" data-hover=\"font-size: 14px;color: #000000;background-color: #CECECE;\"><i class=\"fa fa-sign-in\" style=\"font-size: 14px;\"><\/i> Mailing Form<\/a><\/div>\t\t\t\t<\/div>\n\t\t\t\t<\/div>\n\t\t\t\t\t<\/div>\n\t\t<\/div>\n\t\t\t\t<div class=\"elementor-column elementor-col-50 elementor-inner-column elementor-element elementor-element-fa0f719\" data-id=\"fa0f719\" data-element_type=\"column\" data-e-type=\"column\">\n\t\t\t<div class=\"elementor-widget-wrap elementor-element-populated\">\n\t\t\t\t\t\t<div class=\"elementor-element elementor-element-f6ac25c elementor-widget elementor-widget-google_maps\" data-id=\"f6ac25c\" data-element_type=\"widget\" data-e-type=\"widget\" data-widget_type=\"google_maps.default\">\n\t\t\t\t<div class=\"elementor-widget-container\">\n\t\t\t\t\t\t\t<div class=\"elementor-custom-embed\">\n\t\t\t<iframe loading=\"lazy\"\n\t\t\t\t\tsrc=\"https:\/\/maps.google.com\/maps?q=Edificio%20Julio%20Garc%C3%ADa%20D%C3%ADaz%20San%20Juan%2C%2000925&#038;t=m&#038;z=17&#038;output=embed&#038;iwloc=near\"\n\t\t\t\t\ttitle=\"Edificio Julio Garc\u00eda D\u00edaz San Juan, 00925\"\n\t\t\t\t\taria-label=\"Edificio Julio Garc\u00eda D\u00edaz San Juan, 00925\"\n\t\t\t><\/iframe>\n\t\t<\/div>\n\t\t\t\t\t\t<\/div>\n\t\t\t\t<\/div>\n\t\t\t\t<div class=\"elementor-element elementor-element-f07db16 elementor-widget elementor-widget-text-editor\" data-id=\"f07db16\" data-element_type=\"widget\" data-e-type=\"widget\" data-widget_type=\"text-editor.default\">\n\t\t\t\t<div class=\"elementor-widget-container\">\n\t\t\t\t\t\t\t\t\t<h3 class=\"wp-block-heading\"><strong style=\"color: var(--thim-font-title-color);font-family: var(--thim-font-title-font-family);font-size: var(--thim-font-h3-font-size);text-transform: var(--thim-font-h3-text-transform)\">Address<\/strong><\/h3><p>University of Puerto Rico, R\u00edo Piedras Campus<br \/>Julio Garc\u00eda D\u00edaz Building, Office 118<br \/>San Juan, Puerto Rico<\/p>\t\t\t\t\t\t\t\t<\/div>\n\t\t\t\t<\/div>\n\t\t\t\t\t<\/div>\n\t\t<\/div>\n\t\t\t\t\t<\/div>\n\t\t<\/section>\n\t\t\t\t\t<\/div>\n\t\t<\/div>\n\t\t\t\t\t<\/div>\n\t\t<\/section>\n\t\t\t\t<section class=\"elementor-section elementor-top-section elementor-element elementor-element-6029e68 elementor-section-boxed elementor-section-height-default elementor-section-height-default\" data-id=\"6029e68\" data-element_type=\"section\" data-e-type=\"section\">\n\t\t\t\t\t\t<div class=\"elementor-container elementor-column-gap-default\">\n\t\t\t\t\t<div class=\"elementor-column elementor-col-100 elementor-top-column elementor-element elementor-element-50240be\" data-id=\"50240be\" data-element_type=\"column\" data-e-type=\"column\">\n\t\t\t<div class=\"elementor-widget-wrap elementor-element-populated\">\n\t\t\t\t\t\t<div class=\"elementor-element elementor-element-b016696 elementor-widget elementor-widget-spacer\" data-id=\"b016696\" data-element_type=\"widget\" data-e-type=\"widget\" data-widget_type=\"spacer.default\">\n\t\t\t\t<div class=\"elementor-widget-container\">\n\t\t\t\t\t\t\t<div class=\"elementor-spacer\">\n\t\t\t<div class=\"elementor-spacer-inner\"><\/div>\n\t\t<\/div>\n\t\t\t\t\t\t<\/div>\n\t\t\t\t<\/div>\n\t\t\t\t\t<\/div>\n\t\t<\/div>\n\t\t\t\t\t<\/div>\n\t\t<\/section>\n\t\t\t\t<\/div>\n\t\t","protected":false},"excerpt":{"rendered":"<p>Let\u2019s Connect! Email ramp.up@upr.edu \/ marimar.velazquez1@upr.edu Phone 787-764-0000 X. 88179 \/ 88111 Mailing List Sing-up We will get back to you asap! Mailing Form Address University of Puerto Rico, R\u00edo Piedras CampusJulio Garc\u00eda D\u00edaz Building, Office 118San Juan, Puerto Rico<\/p>\n","protected":false},"author":58,"featured_media":0,"parent":0,"menu_order":0,"comment_status":"closed","ping_status":"closed","template":"","meta":{"footnotes":""},"class_list":["post-18627","page","type-page","status-publish","hentry"],"_links":{"self":[{"href":"https:\/\/natsci.uprrp.edu\/ramp-up\/wp-json\/wp\/v2\/pages\/18627","targetHints":{"allow":["GET"]}}],"collection":[{"href":"https:\/\/natsci.uprrp.edu\/ramp-up\/wp-json\/wp\/v2\/pages"}],"about":[{"href":"https:\/\/natsci.uprrp.edu\/ramp-up\/wp-json\/wp\/v2\/types\/page"}],"author":[{"embeddable":true,"href":"https:\/\/natsci.uprrp.edu\/ramp-up\/wp-json\/wp\/v2\/users\/58"}],"replies":[{"embeddable":true,"href":"https:\/\/natsci.uprrp.edu\/ramp-up\/wp-json\/wp\/v2\/comments?post=18627"}],"version-history":[{"count":85,"href":"https:\/\/natsci.uprrp.edu\/ramp-up\/wp-json\/wp\/v2\/pages\/18627\/revisions"}],"predecessor-version":[{"id":19235,"href":"https:\/\/natsci.uprrp.edu\/ramp-up\/wp-json\/wp\/v2\/pages\/18627\/revisions\/19235"}],"wp:attachment":[{"href":"https:\/\/natsci.uprrp.edu\/ramp-up\/wp-json\/wp\/v2\/media?parent=18627"}],"curies":[{"name":"wp","href":"https:\/\/api.w.org\/{rel}","templated":true}]}}