{"id":95,"date":"2020-07-02T17:47:58","date_gmt":"2020-07-02T21:47:58","guid":{"rendered":"http:\/\/natsci.uprrp.edu\/proyectos\/?page_id=95"},"modified":"2020-07-23T13:19:37","modified_gmt":"2020-07-23T17:19:37","slug":"robert-espaillat","status":"publish","type":"page","link":"https:\/\/natsci.uprrp.edu\/proyectos\/integrantes\/robert-espaillat\/","title":{"rendered":"Robert Espaillat"},"content":{"rendered":"<h1>Robert Espaillat P\u00e9rez<\/h1>\n<h5>MS Graduate Student &#8211; UPRRP<\/h5>\n<p><img loading=\"lazy\" decoding=\"async\" class=\" softcorners-image wp-image-117 alignright\" src=\"http:\/\/natsci.uprrp.edu\/proyectos\/wp-content\/uploads\/sites\/16\/2020\/07\/PHOTO-2020-07-02-17-51-14-1-200x300.jpg\" alt=\"\" width=\"298\" height=\"447\" srcset=\"https:\/\/natsci.uprrp.edu\/proyectos\/wp-content\/uploads\/sites\/16\/2020\/07\/PHOTO-2020-07-02-17-51-14-1-200x300.jpg 200w, https:\/\/natsci.uprrp.edu\/proyectos\/wp-content\/uploads\/sites\/16\/2020\/07\/PHOTO-2020-07-02-17-51-14-1-682x1024.jpg 682w, https:\/\/natsci.uprrp.edu\/proyectos\/wp-content\/uploads\/sites\/16\/2020\/07\/PHOTO-2020-07-02-17-51-14-1-768x1153.jpg 768w, https:\/\/natsci.uprrp.edu\/proyectos\/wp-content\/uploads\/sites\/16\/2020\/07\/PHOTO-2020-07-02-17-51-14-1-1023x1536.jpg 1023w, https:\/\/natsci.uprrp.edu\/proyectos\/wp-content\/uploads\/sites\/16\/2020\/07\/PHOTO-2020-07-02-17-51-14-1.jpg 1066w\" sizes=\"auto, (max-width: 298px) 100vw, 298px\" \/><br \/>\nPosee un bachillerato en Biolog\u00eda de la Universidad del Sagrado Coraz\u00f3n. Recientemente ingres\u00f3 al programa graduado de Biolog\u00eda, de la Universidad de Puerto Rico en R\u00edo Piedras, con concentraci\u00f3n en Ecolog\u00eda, Evoluci\u00f3n y Biodiversidad. Actualmente, su foco de investigaci\u00f3n son especies raras y modelaje de su distribuci\u00f3n utilizando detecci\u00f3n remota. Ha trabajado previamente investigando la importancia de servicios ecosist\u00e9micos en la Reserva Natural Laguna Tortuguero, Vega Baja.<\/p>\n<p>El objetivo de su investigaci\u00f3n es aplicar la tecnolog\u00eda de detecci\u00f3n remota a la investigaci\u00f3n ecol\u00f3gica y comprender los factores que influyen en la distribuci\u00f3n de especies raras como <em>Gonocalyx concolor<\/em>.<\/p>\n<p>Dentro de sus intereses, se encuentra el efecto de factores bi\u00f3ticos y abi\u00f3ticos en la distribuci\u00f3n de especies raras en los ecosistemas de Puerto Rico y como se podr\u00eda aplicar nuevas tecnolog\u00edas como detecci\u00f3n remota para entender esos efectos. Muchas de estas tecnolog\u00edas de detecci\u00f3n remota son costosas e inaccessible para muchos cient\u00edficos. Por ello, el uso de drones puede ser una forma mucha m\u00e1s accessible para el monitoreo de especies raras y la investigaci\u00f3n ecol\u00f3gica en Puerto Rico.<\/p>\n<h4>Roll in the team: <span style=\"color: #c61300\">Flight Controller, Mission Observer<\/span><\/h4>\n","protected":false},"excerpt":{"rendered":"<p>Robert Espaillat P\u00e9rez MS Graduate Student &#8211; UPRRP Posee un bachillerato en Biolog\u00eda de la Universidad del Sagrado Coraz\u00f3n. Recientemente ingres\u00f3 al programa graduado de Biolog\u00eda, de la Universidad de Puerto Rico en R\u00edo Piedras, con concentraci\u00f3n en Ecolog\u00eda, Evoluci\u00f3n y Biodiversidad. Actualmente, su foco de investigaci\u00f3n son especies raras y modelaje de su distribuci\u00f3n<\/p>\n<div class=\"read-more\"><a href=\"https:\/\/natsci.uprrp.edu\/proyectos\/integrantes\/robert-espaillat\/\" title=\"Read More\">Read More<\/a><\/div>\n","protected":false},"author":24,"featured_media":0,"parent":17,"menu_order":0,"comment_status":"closed","ping_status":"closed","template":"page-blocks.php","meta":{"footnotes":""},"class_list":["post-95","page","type-page","status-publish"],"_links":{"self":[{"href":"https:\/\/natsci.uprrp.edu\/proyectos\/wp-json\/wp\/v2\/pages\/95","targetHints":{"allow":["GET"]}}],"collection":[{"href":"https:\/\/natsci.uprrp.edu\/proyectos\/wp-json\/wp\/v2\/pages"}],"about":[{"href":"https:\/\/natsci.uprrp.edu\/proyectos\/wp-json\/wp\/v2\/types\/page"}],"author":[{"embeddable":true,"href":"https:\/\/natsci.uprrp.edu\/proyectos\/wp-json\/wp\/v2\/users\/24"}],"replies":[{"embeddable":true,"href":"https:\/\/natsci.uprrp.edu\/proyectos\/wp-json\/wp\/v2\/comments?post=95"}],"version-history":[{"count":12,"href":"https:\/\/natsci.uprrp.edu\/proyectos\/wp-json\/wp\/v2\/pages\/95\/revisions"}],"predecessor-version":[{"id":443,"href":"https:\/\/natsci.uprrp.edu\/proyectos\/wp-json\/wp\/v2\/pages\/95\/revisions\/443"}],"up":[{"embeddable":true,"href":"https:\/\/natsci.uprrp.edu\/proyectos\/wp-json\/wp\/v2\/pages\/17"}],"wp:attachment":[{"href":"https:\/\/natsci.uprrp.edu\/proyectos\/wp-json\/wp\/v2\/media?parent=95"}],"curies":[{"name":"wp","href":"https:\/\/api.w.org\/{rel}","templated":true}]}}