{"id":59,"date":"2020-06-30T21:20:19","date_gmt":"2020-07-01T01:20:19","guid":{"rendered":"http:\/\/natsci.uprrp.edu\/proyectos\/?page_id=59"},"modified":"2020-07-11T20:59:21","modified_gmt":"2020-07-12T00:59:21","slug":"luis-velazquez","status":"publish","type":"page","link":"https:\/\/natsci.uprrp.edu\/proyectos\/integrantes\/luis-velazquez\/","title":{"rendered":"Luis Vel\u00e1zquez"},"content":{"rendered":"<h1>Luis E. Vel\u00e1zquez Rom\u00e1n<\/h1>\n<h5>MS Graduate Student &#8211; UPRRP<\/h5>\n<p><img loading=\"lazy\" decoding=\"async\" class=\" softcorners-image wp-image-102 alignright\" style=\"font-family: 'Open Sans', Arial, sans-serif;font-size: 14px\" src=\"http:\/\/natsci.uprrp.edu\/proyectos\/wp-content\/uploads\/sites\/16\/2020\/07\/IMG_9826-1-300x225.jpg\" alt=\"\" width=\"459\" height=\"344\" srcset=\"https:\/\/natsci.uprrp.edu\/proyectos\/wp-content\/uploads\/sites\/16\/2020\/07\/IMG_9826-1-300x225.jpg 300w, https:\/\/natsci.uprrp.edu\/proyectos\/wp-content\/uploads\/sites\/16\/2020\/07\/IMG_9826-1-1024x768.jpg 1024w, https:\/\/natsci.uprrp.edu\/proyectos\/wp-content\/uploads\/sites\/16\/2020\/07\/IMG_9826-1-768x576.jpg 768w, https:\/\/natsci.uprrp.edu\/proyectos\/wp-content\/uploads\/sites\/16\/2020\/07\/IMG_9826-1-1536x1152.jpg 1536w, https:\/\/natsci.uprrp.edu\/proyectos\/wp-content\/uploads\/sites\/16\/2020\/07\/IMG_9826-1-2048x1536.jpg 2048w\" sizes=\"auto, (max-width: 459px) 100vw, 459px\" \/><\/p>\n<p>Posee un b<span style=\"font-size: 14px\">achillerato en Biolog\u00eda de la Universidad de Puerto Rico Recinto de Mayag\u00fcez. Recientemente ingres\u00f3 al pr<\/span><span style=\"font-size: 14px\">ograma graduado de Biolog\u00eda, de la Universidad de Puerto Rico en R\u00edo Piedras, con concentraci\u00f3n en Ecolog\u00eda, Evoluci\u00f3n y Biodiversidad. Actualmente, su foco de investigaci\u00f3n son los ecosistemas y polinizadores urbanos. Ha trabajado previamente investigando el efecto de un gradiente urbano en la biodiversidad de aves en el pueblo de Mayag\u00fcez. Igualmente, ha trabajado en la creaci\u00f3n de mapas de distribuci\u00f3n de las cinco especies de mariposas m\u00e1s abundantes de Puerto Rico.<\/span><\/p>\n<p class=\"font_8\">Dentro de sus intereses, se encuentra el efecto de la planificaci\u00f3n urbana y uso de terrenos en los ecosistemas de Puerto Rico. Es ah\u00ed donde encuentra el potencial del uso de la tecnolog\u00eda de drones para con los ecosistemas de la Isla. La capacidad, y potencial, de crear mapas de uso de terreno de alta resoluci\u00f3n para \u00e1reas vulnerables, hace de esta tecnolog\u00eda, una gran herramienta para un mejor manejo y planificaci\u00f3n ambiental en Puerto Rico.<\/p>\n<h4>Roll in the team: <span style=\"color: #c61300\">Flight Controller, Mission Observer<\/span><\/h4>\n","protected":false},"excerpt":{"rendered":"<p>Luis E. Vel\u00e1zquez Rom\u00e1n MS Graduate Student &#8211; UPRRP Posee un bachillerato en Biolog\u00eda de la Universidad de Puerto Rico Recinto de Mayag\u00fcez. Recientemente ingres\u00f3 al programa graduado de Biolog\u00eda, de la Universidad de Puerto Rico en R\u00edo Piedras, con concentraci\u00f3n en Ecolog\u00eda, Evoluci\u00f3n y Biodiversidad. Actualmente, su foco de investigaci\u00f3n son los ecosistemas y<\/p>\n<div class=\"read-more\"><a href=\"https:\/\/natsci.uprrp.edu\/proyectos\/integrantes\/luis-velazquez\/\" title=\"Read More\">Read More<\/a><\/div>\n","protected":false},"author":24,"featured_media":0,"parent":17,"menu_order":0,"comment_status":"closed","ping_status":"closed","template":"page-blocks.php","meta":{"footnotes":""},"class_list":["post-59","page","type-page","status-publish"],"_links":{"self":[{"href":"https:\/\/natsci.uprrp.edu\/proyectos\/wp-json\/wp\/v2\/pages\/59","targetHints":{"allow":["GET"]}}],"collection":[{"href":"https:\/\/natsci.uprrp.edu\/proyectos\/wp-json\/wp\/v2\/pages"}],"about":[{"href":"https:\/\/natsci.uprrp.edu\/proyectos\/wp-json\/wp\/v2\/types\/page"}],"author":[{"embeddable":true,"href":"https:\/\/natsci.uprrp.edu\/proyectos\/wp-json\/wp\/v2\/users\/24"}],"replies":[{"embeddable":true,"href":"https:\/\/natsci.uprrp.edu\/proyectos\/wp-json\/wp\/v2\/comments?post=59"}],"version-history":[{"count":6,"href":"https:\/\/natsci.uprrp.edu\/proyectos\/wp-json\/wp\/v2\/pages\/59\/revisions"}],"predecessor-version":[{"id":308,"href":"https:\/\/natsci.uprrp.edu\/proyectos\/wp-json\/wp\/v2\/pages\/59\/revisions\/308"}],"up":[{"embeddable":true,"href":"https:\/\/natsci.uprrp.edu\/proyectos\/wp-json\/wp\/v2\/pages\/17"}],"wp:attachment":[{"href":"https:\/\/natsci.uprrp.edu\/proyectos\/wp-json\/wp\/v2\/media?parent=59"}],"curies":[{"name":"wp","href":"https:\/\/api.w.org\/{rel}","templated":true}]}}