{"id":58,"date":"2020-06-30T21:20:19","date_gmt":"2020-07-01T01:20:19","guid":{"rendered":"http:\/\/natsci.uprrp.edu\/proyectos\/?page_id=58"},"modified":"2020-07-11T20:58:10","modified_gmt":"2020-07-12T00:58:10","slug":"rebeca-rivera","status":"publish","type":"page","link":"https:\/\/natsci.uprrp.edu\/proyectos\/integrantes\/rebeca-rivera\/","title":{"rendered":"Rebeca Rivera"},"content":{"rendered":"<h1>Rebeca Rivera Riera<\/h1>\n<h5>Undergraduate Student &#8211; UPRRP<\/h5>\n<p><img loading=\"lazy\" decoding=\"async\" class=\" softcorners-image wp-image-113 alignright\" src=\"http:\/\/natsci.uprrp.edu\/proyectos\/wp-content\/uploads\/sites\/16\/2020\/07\/Screenshot_2019-06-24-14-11-23-1-1-e1593728402360-262x300.png\" alt=\"\" width=\"332\" height=\"380\" srcset=\"https:\/\/natsci.uprrp.edu\/proyectos\/wp-content\/uploads\/sites\/16\/2020\/07\/Screenshot_2019-06-24-14-11-23-1-1-e1593728402360-262x300.png 262w, https:\/\/natsci.uprrp.edu\/proyectos\/wp-content\/uploads\/sites\/16\/2020\/07\/Screenshot_2019-06-24-14-11-23-1-1-e1593728402360-768x881.png 768w, https:\/\/natsci.uprrp.edu\/proyectos\/wp-content\/uploads\/sites\/16\/2020\/07\/Screenshot_2019-06-24-14-11-23-1-1-e1593728402360.png 852w\" sizes=\"auto, (max-width: 332px) 100vw, 332px\" \/><\/p>\n<p>Estudiante subgraduada del departamento de ciencias ambientales de la Universidad de Puerto Rico, recinto R\u00edo Piedras. Durante su tiempo en la universidad ha podido ser participe de distintas actividades de conservaci\u00f3n de nuestro ambiente. Entre ellas limpiezas de playas, talleres educativos, monitoreo de corales, monitoreo de camarones de r\u00edo, monitoreos de calidad de agua, construcci\u00f3n de fincas de corales, entre otras. Su inter\u00e9s para el futuro es una carrera en el campo de conservaci\u00f3n marina. Le apasiona la conservaci\u00f3n de nuestro ambiente, por esa raz\u00f3n, tambi\u00e9n colabora en proyectos relacionados a ecolog\u00eda. Es fiel creyente &#8220;&#8230;que es esencial y nuestro deber proteger nuestros recursos naturales tanto para el bienestar del ecosistema, como para el nuestro.&#8221; Opina que nuevas tecnolog\u00edas como los UAS pueden ayudar a contribuir a este prop\u00f3sito, llevando a cabo an\u00e1lisis y colectando data para una mejor planificaci\u00f3n y un mejor manejo de nuestros recursos.<\/p>\n<h4>Roll in the team:<span style=\"color: #c61300\"> Flight Controller, Mission Observer<\/span><\/h4>\n","protected":false},"excerpt":{"rendered":"<p>Rebeca Rivera Riera Undergraduate Student &#8211; UPRRP Estudiante subgraduada del departamento de ciencias ambientales de la Universidad de Puerto Rico, recinto R\u00edo Piedras. Durante su tiempo en la universidad ha podido ser participe de distintas actividades de conservaci\u00f3n de nuestro ambiente. Entre ellas limpiezas de playas, talleres educativos, monitoreo de corales, monitoreo de camarones de<\/p>\n<div class=\"read-more\"><a href=\"https:\/\/natsci.uprrp.edu\/proyectos\/integrantes\/rebeca-rivera\/\" title=\"Read More\">Read More<\/a><\/div>\n","protected":false},"author":24,"featured_media":0,"parent":17,"menu_order":0,"comment_status":"closed","ping_status":"closed","template":"page-blocks.php","meta":{"rs_blank_template":"","rs_page_bg_color":"","slide_template_v7":"","footnotes":""},"class_list":["post-58","page","type-page","status-publish"],"_links":{"self":[{"href":"https:\/\/natsci.uprrp.edu\/proyectos\/wp-json\/wp\/v2\/pages\/58","targetHints":{"allow":["GET"]}}],"collection":[{"href":"https:\/\/natsci.uprrp.edu\/proyectos\/wp-json\/wp\/v2\/pages"}],"about":[{"href":"https:\/\/natsci.uprrp.edu\/proyectos\/wp-json\/wp\/v2\/types\/page"}],"author":[{"embeddable":true,"href":"https:\/\/natsci.uprrp.edu\/proyectos\/wp-json\/wp\/v2\/users\/24"}],"replies":[{"embeddable":true,"href":"https:\/\/natsci.uprrp.edu\/proyectos\/wp-json\/wp\/v2\/comments?post=58"}],"version-history":[{"count":9,"href":"https:\/\/natsci.uprrp.edu\/proyectos\/wp-json\/wp\/v2\/pages\/58\/revisions"}],"predecessor-version":[{"id":307,"href":"https:\/\/natsci.uprrp.edu\/proyectos\/wp-json\/wp\/v2\/pages\/58\/revisions\/307"}],"up":[{"embeddable":true,"href":"https:\/\/natsci.uprrp.edu\/proyectos\/wp-json\/wp\/v2\/pages\/17"}],"wp:attachment":[{"href":"https:\/\/natsci.uprrp.edu\/proyectos\/wp-json\/wp\/v2\/media?parent=58"}],"curies":[{"name":"wp","href":"https:\/\/api.w.org\/{rel}","templated":true}]}}