{"id":56,"date":"2020-06-30T21:20:19","date_gmt":"2020-07-01T01:20:19","guid":{"rendered":"http:\/\/natsci.uprrp.edu\/proyectos\/?page_id=56"},"modified":"2020-07-11T20:52:24","modified_gmt":"2020-07-12T00:52:24","slug":"evelyn-baez","status":"publish","type":"page","link":"https:\/\/natsci.uprrp.edu\/proyectos\/integrantes\/evelyn-baez\/","title":{"rendered":"Evelyn Baez"},"content":{"rendered":"<h1>Evelyn Baez Col\u00f3n, MS<\/h1>\n<h5>PhD &#8211; Graduate Student &#8211; UPRRP<\/h5>\n<p>&nbsp;<\/p>\n<p class=\"font_8\"><img loading=\"lazy\" decoding=\"async\" class=\" softcorners-image wp-image-75 alignright\" src=\"http:\/\/natsci.uprrp.edu\/proyectos\/wp-content\/uploads\/sites\/16\/2020\/06\/IMG_1211-225x300.jpg\" alt=\"\" width=\"473\" height=\"631\" srcset=\"https:\/\/natsci.uprrp.edu\/proyectos\/wp-content\/uploads\/sites\/16\/2020\/06\/IMG_1211-225x300.jpg 225w, https:\/\/natsci.uprrp.edu\/proyectos\/wp-content\/uploads\/sites\/16\/2020\/06\/IMG_1211-768x1024.jpg 768w, https:\/\/natsci.uprrp.edu\/proyectos\/wp-content\/uploads\/sites\/16\/2020\/06\/IMG_1211-1152x1536.jpg 1152w, https:\/\/natsci.uprrp.edu\/proyectos\/wp-content\/uploads\/sites\/16\/2020\/06\/IMG_1211-1536x2048.jpg 1536w, https:\/\/natsci.uprrp.edu\/proyectos\/wp-content\/uploads\/sites\/16\/2020\/06\/IMG_1211-scaled.jpg 1920w\" sizes=\"auto, (max-width: 473px) 100vw, 473px\" \/>Estudiante doctoral en Ciencias Ambientales de la Universidad de Puerto Rico, Recinto de Rio Piedras bajo la mentor\u00eda de la Dra. Elvia Melendez Ackerman.<\/p>\n<p class=\"font_8\">Posee un grado de Maestr\u00eda en Salud P\u00fablica (MPH) del Recinto de\u00a0Ciencias M\u00e9dicas y un bachillerato\u00a0en Biolog\u00eda de\u00a0UPRRP. Ha colaborado como asistente de investigador en cursos como: microbiolog\u00eda ambiental con el Dr. Gary Gervais y en el laboratorio de t\u00e9cnicas ambientales con el Dr. Clifford Louime. Y trabaj\u00f3\u00a0en el Departamento de Salud Ambiental y Departamento de Agricultura Federal (USDA\/FSIS) en investigaciones con respecto a la seguridad alimentaria y salud p\u00fablica.<\/p>\n<p class=\"font_8\">Su\u00a0inter\u00e9s\u00a0en Sistemas Socio-Ecol\u00f3gicos y Sustentabilidad la llevaron a fundar la organizaci\u00f3n\u00a0Hacienda Agroecol\u00f3gica Renacer,\u00a0\u00a0proyecto agroecol\u00f3gico\u00a0con el objetivo\u00a0de promover un modelo de producci\u00f3n que preserva la base ecol\u00f3gica permitiendo educar\u00a0sobre la sustenibilidad ambiental a las comunidades. Lleva cuatro a\u00f1os en formaci\u00f3n dentro de la agroecolog\u00eda y permacultura tomando talleres, internados y cursos en PR, Costa Rica y Cuba.<\/p>\n<p class=\"font_8\">Su proyecto de tesis doctoral\u00a0va dirigido a bioenerg\u00eda y modelos sustentables:\u00a0\u00a0&#8220;Production of biogas and biofertilizer using anaerobic reactors (bio-digesters) with animal manure and sanitary residues for small scale farmers&#8221;.<\/p>\n<p class=\"font_8\">Investiga sobre\u00a0el desarrollo de biodigestores como parte de un modelo sostenible, buscando los niveles de viabilidad para la implementaci\u00f3n de reactores anaer\u00f3bicos a peque\u00f1a escala en Puerto Rico.<\/p>\n<p class=\"font_8\">Desea poder ampliar el concepto de bioenerg\u00eda en PR y seguir aportando a nuestro desarrollo\u00a0sostenible\u00a0con posibles alternativas y estrategias que beneficien al medio ambiente y que respondan\u00a0a\u00a0los\u00a0cambios clim\u00e1ticos.<\/p>\n<p class=\"font_8\">Colabora con nosotros en el internado de manejo de recursos naturales con el uso de sistema de aeronaves no tripulados (UAS)-drones, para la colecci\u00f3n de data y an\u00e1lisis espacial (ArcGIS) en diferentes \u00e1reas de estudios.<\/p>\n<h4>Rol in the team: <span style=\"color: #c61300\">Flight controller, Mission Observer<\/span><\/h4>\n<h6 class=\"font_8\" style=\"text-align: center\">Visita su proyecto agroecol\u00f3gico:<\/h6>\n<h6 class=\"font_8\" style=\"text-align: center\"><span style=\"color: #ff0000\"><a style=\"color: #ff0000\" href=\"https:\/\/www.facebook.com\/Hacienda-Agroecol%C3%B3gica-Renacer-1570094603289698\/\" target=\"_blank\" rel=\"noopener noreferrer\">[button link=&#8221;https:\/\/www.facebook.com\/Hacienda-Agroecol%C3%B3gica-Renacer-1570094603289698\/&#8221; size=&#8221;medium&#8221; target=&#8221;new&#8221; text_color=&#8221;#ffffff&#8221; color=&#8221;#c61300&#8243;]Hacienda Agroecol\u00f3gica Renacer[\/button]<\/a><\/span><\/h6>\n<p>&nbsp;<\/p>\n","protected":false},"excerpt":{"rendered":"<p>Evelyn Baez Col\u00f3n, MS PhD &#8211; Graduate Student &#8211; UPRRP &nbsp; Estudiante doctoral en Ciencias Ambientales de la Universidad de Puerto Rico, Recinto de Rio Piedras bajo la mentor\u00eda de la Dra. Elvia Melendez Ackerman. Posee un grado de Maestr\u00eda en Salud P\u00fablica (MPH) del Recinto de\u00a0Ciencias M\u00e9dicas y un bachillerato\u00a0en Biolog\u00eda de\u00a0UPRRP. Ha colaborado<\/p>\n<div class=\"read-more\"><a href=\"https:\/\/natsci.uprrp.edu\/proyectos\/integrantes\/evelyn-baez\/\" title=\"Read More\">Read More<\/a><\/div>\n","protected":false},"author":24,"featured_media":0,"parent":17,"menu_order":0,"comment_status":"closed","ping_status":"closed","template":"page-blocks.php","meta":{"rs_blank_template":"","rs_page_bg_color":"","slide_template_v7":"","footnotes":""},"class_list":["post-56","page","type-page","status-publish"],"_links":{"self":[{"href":"https:\/\/natsci.uprrp.edu\/proyectos\/wp-json\/wp\/v2\/pages\/56","targetHints":{"allow":["GET"]}}],"collection":[{"href":"https:\/\/natsci.uprrp.edu\/proyectos\/wp-json\/wp\/v2\/pages"}],"about":[{"href":"https:\/\/natsci.uprrp.edu\/proyectos\/wp-json\/wp\/v2\/types\/page"}],"author":[{"embeddable":true,"href":"https:\/\/natsci.uprrp.edu\/proyectos\/wp-json\/wp\/v2\/users\/24"}],"replies":[{"embeddable":true,"href":"https:\/\/natsci.uprrp.edu\/proyectos\/wp-json\/wp\/v2\/comments?post=56"}],"version-history":[{"count":7,"href":"https:\/\/natsci.uprrp.edu\/proyectos\/wp-json\/wp\/v2\/pages\/56\/revisions"}],"predecessor-version":[{"id":302,"href":"https:\/\/natsci.uprrp.edu\/proyectos\/wp-json\/wp\/v2\/pages\/56\/revisions\/302"}],"up":[{"embeddable":true,"href":"https:\/\/natsci.uprrp.edu\/proyectos\/wp-json\/wp\/v2\/pages\/17"}],"wp:attachment":[{"href":"https:\/\/natsci.uprrp.edu\/proyectos\/wp-json\/wp\/v2\/media?parent=56"}],"curies":[{"name":"wp","href":"https:\/\/api.w.org\/{rel}","templated":true}]}}