{"id":50,"date":"2018-06-14T13:26:17","date_gmt":"2018-06-14T17:26:17","guid":{"rendered":"http:\/\/natsci.uprrp.edu\/nutricion\/?page_id=50"},"modified":"2025-12-11T11:42:40","modified_gmt":"2025-12-11T15:42:40","slug":"curriculo","status":"publish","type":"page","link":"https:\/\/natsci.uprrp.edu\/nutricion\/curriculo\/","title":{"rendered":"DPD &#8211; CURRICULUM"},"content":{"rendered":"\t\t<div data-elementor-type=\"wp-page\" data-elementor-id=\"50\" class=\"elementor elementor-50\">\n\t\t\t\t\t\t<section class=\"elementor-section elementor-top-section elementor-element elementor-element-16d8aa1a elementor-section-boxed elementor-section-height-default elementor-section-height-default\" data-id=\"16d8aa1a\" data-element_type=\"section\" data-e-type=\"section\">\n\t\t\t\t\t\t<div class=\"elementor-container elementor-column-gap-default\">\n\t\t\t\t\t<div class=\"elementor-column elementor-col-50 elementor-top-column elementor-element elementor-element-6183fc7d\" data-id=\"6183fc7d\" data-element_type=\"column\" data-e-type=\"column\">\n\t\t\t<div class=\"elementor-widget-wrap elementor-element-populated\">\n\t\t\t\t\t\t<div class=\"elementor-element elementor-element-62b5d58c elementor-widget elementor-widget-text-editor\" data-id=\"62b5d58c\" data-element_type=\"widget\" data-e-type=\"widget\" data-widget_type=\"text-editor.default\">\n\t\t\t\t<div class=\"elementor-widget-container\">\n\t\t\t\t\t\t\t\t\t<h3><span style=\"color: var(--thim-font-title-color); font-family: var(--thim-font-title-font-family); font-size: var(--thim-font-h3-font-size); font-weight: var(--thim-font-title-variant); text-transform: var(--thim-font-h3-text-transform);\">For students admitted since august 2024<\/span><\/h3>\n<p>Bachelor&#8217;s degree:<\/p>\n<ul>\n<li><a href=\"https:\/\/natsci.uprrp.edu\/nutricion\/wp-content\/uploads\/sites\/8\/2024\/09\/NUEVA-SECUENCIA-CURRICULAR-ESP-rev.-18sept2024.pdf\" target=\"_blank\" rel=\"noopener\">DPD &#8211; Nuevo Curr\u00edculo Bachillerato<\/a><\/li>\n<li><a href=\"https:\/\/natsci.uprrp.edu\/nutricion\/wp-content\/uploads\/sites\/8\/2025\/03\/NEW-CURRICULAR-SEQUENCE-ENG-June-2022-1.pdf\" target=\"_blank\" rel=\"noopener\">DPD &#8211; Bachelors New Curriculum <\/a><\/li>\n<\/ul>\n<p>Second major:<\/p>\n<ul>\n<li><a href=\"https:\/\/natsci.uprrp.edu\/nutricion\/wp-content\/uploads\/sites\/8\/2025\/05\/Curriculo-Segunda-Concentracion-Agosto-2024.pdf\" target=\"_blank\" rel=\"noopener\">DPD &#8211; Nuevo Curr\u00edculo de Segunda Concentraci\u00f3n<\/a><\/li>\n<li><a href=\"https:\/\/natsci.uprrp.edu\/nutricion\/wp-content\/uploads\/sites\/8\/2025\/03\/Curriculo-Segunda-Concentracion-Agosto-2024_Ingles.pdf\" target=\"_blank\" rel=\"noopener\">DPD &#8211; Second Major New Curriculum<\/a>\n<\/li>\n<\/ul>\n<p>Alternate Second Major in Nutrition and Dietetics for Students Interested in Admission to the MS in Nutrition and Dietetics with Supervised Experiential Learning (only for graduate admission routes #2 and #3):<\/p>\n<ul>\n<li><a href=\"https:\/\/natsci.uprrp.edu\/nutricion\/wp-content\/uploads\/sites\/8\/2025\/12\/ESPANOL-SEGUNDA-CONC-ALTERNATIVA_rev-BTE-10diciembre2025.pdf\" target=\"_blank\" rel=\"noopener\">DPD &#8211; Nuevo Curr\u00edculo de Segunda Concentraci\u00f3n Alternativa<\/a><\/li>\n<li><a href=\"https:\/\/natsci.uprrp.edu\/nutricion\/wp-content\/uploads\/sites\/8\/2025\/12\/INGLES-SEGUNDA-CONC-ALTERNATIVA_rev-BTE-10diciembre2025.pdf\" target=\"_blank\" rel=\"noopener\">DPD &#8211; Alternate Second Major New Curriculum<\/a><\/li>\n<\/ul>\t\t\t\t\t\t\t\t<\/div>\n\t\t\t\t<\/div>\n\t\t\t\t\t<\/div>\n\t\t<\/div>\n\t\t\t\t<div class=\"elementor-column elementor-col-50 elementor-top-column elementor-element elementor-element-c2d5a56\" data-id=\"c2d5a56\" data-element_type=\"column\" data-e-type=\"column\">\n\t\t\t<div class=\"elementor-widget-wrap elementor-element-populated\">\n\t\t\t\t\t\t<div class=\"elementor-element elementor-element-d40e369 elementor-widget elementor-widget-thim-navigation-menu\" data-id=\"d40e369\" data-element_type=\"widget\" data-e-type=\"widget\" data-widget_type=\"thim-navigation-menu.default\">\n\t\t\t\t<div class=\"elementor-widget-container\">\n\t\t\t\t\t<div class=\"thim-widget-navigation-menu template-navigation-menu\"><div class=\"widget widget_nav_menu\"><h4 class=\"widget-title\">Undergraduate<\/h4><div class=\"menu-undergraduate-level2-container\"><ul id=\"menu-undergraduate-level2\" class=\"menu\"><li id=\"menu-item-5407\" class=\"menu-item menu-item-type-post_type menu-item-object-page menu-item-5407 tc-menu-item tc-menu-depth-0 tc-menu-align-left tc-menu-layout-default\"><a href=\"https:\/\/natsci.uprrp.edu\/nutricion\/academic-calendar\/\" class=\"tc-menu-inner\">ACADEMIC CALENDAR<\/a><\/li>\n<li id=\"menu-item-5408\" class=\"menu-item menu-item-type-post_type menu-item-object-page menu-item-5408 tc-menu-item tc-menu-depth-0 tc-menu-align-left tc-menu-layout-default\"><a href=\"https:\/\/natsci.uprrp.edu\/nutricion\/academic-distinctions\/\" class=\"tc-menu-inner\">ACADEMIC DISTINCTIONS<\/a><\/li>\n<li id=\"menu-item-5409\" class=\"menu-item menu-item-type-post_type menu-item-object-page menu-item-5409 tc-menu-item tc-menu-depth-0 tc-menu-align-left tc-menu-layout-default\"><a href=\"https:\/\/natsci.uprrp.edu\/nutricion\/accreditation\/\" class=\"tc-menu-inner\">ACCREDITATION<\/a><\/li>\n<li id=\"menu-item-5410\" class=\"menu-item menu-item-type-post_type menu-item-object-page menu-item-5410 tc-menu-item tc-menu-depth-0 tc-menu-align-left tc-menu-layout-default\"><a href=\"https:\/\/natsci.uprrp.edu\/nutricion\/admission\/\" class=\"tc-menu-inner\">ADMISSION<\/a><\/li>\n<li id=\"menu-item-5411\" class=\"menu-item menu-item-type-post_type menu-item-object-page menu-item-5411 tc-menu-item tc-menu-depth-0 tc-menu-align-left tc-menu-layout-default\"><a href=\"https:\/\/natsci.uprrp.edu\/nutricion\/becoming-a-registered-dietitian-nutritionist-rdn\/\" class=\"tc-menu-inner\">BECOMING A REGISTERED DIETITIAN NUTRITIONIST (RDN)<\/a><\/li>\n<li id=\"menu-item-5412\" class=\"menu-item menu-item-type-post_type menu-item-object-page menu-item-5412 tc-menu-item tc-menu-depth-0 tc-menu-align-left tc-menu-layout-default\"><a href=\"https:\/\/natsci.uprrp.edu\/nutricion\/costs\/\" class=\"tc-menu-inner\">COSTS<\/a><\/li>\n<li id=\"menu-item-5413\" class=\"menu-item menu-item-type-post_type menu-item-object-page menu-item-5413 tc-menu-item tc-menu-depth-0 tc-menu-align-left tc-menu-layout-default\"><a href=\"https:\/\/natsci.uprrp.edu\/nutricion\/courses\/\" class=\"tc-menu-inner\">COURSES<\/a><\/li>\n<li id=\"menu-item-5414\" class=\"menu-item menu-item-type-post_type menu-item-object-page menu-item-5414 tc-menu-item tc-menu-depth-0 tc-menu-align-left tc-menu-layout-default\"><a href=\"https:\/\/natsci.uprrp.edu\/nutricion\/curriculo\/\" class=\"tc-menu-inner\">CURRICULUM<\/a><\/li>\n<li id=\"menu-item-5415\" class=\"menu-item menu-item-type-post_type menu-item-object-page menu-item-5415 tc-menu-item tc-menu-depth-0 tc-menu-align-left tc-menu-layout-default\"><a href=\"https:\/\/natsci.uprrp.edu\/nutricion\/distance-education\/\" class=\"tc-menu-inner\">DISTANCE EDUCATION<\/a><\/li>\n<li id=\"menu-item-5416\" class=\"menu-item menu-item-type-post_type menu-item-object-page menu-item-5416 tc-menu-item tc-menu-depth-0 tc-menu-align-left tc-menu-layout-default\"><a href=\"https:\/\/natsci.uprrp.edu\/nutricion\/educational-services\/\" class=\"tc-menu-inner\">EDUCATIONAL SERVICES<\/a><\/li>\n<li id=\"menu-item-5417\" class=\"menu-item menu-item-type-post_type menu-item-object-page menu-item-5417 tc-menu-item tc-menu-depth-0 tc-menu-align-left tc-menu-layout-default\"><a href=\"https:\/\/natsci.uprrp.edu\/nutricion\/economic-assistance\/\" class=\"tc-menu-inner\">FINANCIAL AID<\/a><\/li>\n<li id=\"menu-item-5418\" class=\"menu-item menu-item-type-post_type menu-item-object-page menu-item-5418 tc-menu-item tc-menu-depth-0 tc-menu-align-left tc-menu-layout-default\"><a href=\"https:\/\/natsci.uprrp.edu\/nutricion\/general-policies-and-regulations\/\" class=\"tc-menu-inner\">GENERAL POLICIES AND REGULATIONS<\/a><\/li>\n<li id=\"menu-item-5419\" class=\"menu-item menu-item-type-post_type menu-item-object-page menu-item-5419 tc-menu-item tc-menu-depth-0 tc-menu-align-left tc-menu-layout-default\"><a href=\"https:\/\/natsci.uprrp.edu\/nutricion\/graduation-requirements\/\" class=\"tc-menu-inner\">GRADUATION REQUIREMENTS<\/a><\/li>\n<li id=\"menu-item-5426\" class=\"menu-item menu-item-type-post_type menu-item-object-page menu-item-5426 tc-menu-item tc-menu-depth-0 tc-menu-align-left tc-menu-layout-default\"><a href=\"https:\/\/natsci.uprrp.edu\/nutricion\/internships\/\" class=\"tc-menu-inner\">INTERNSHIPS<\/a><\/li>\n<li id=\"menu-item-5420\" class=\"menu-item menu-item-type-post_type menu-item-object-page menu-item-5420 tc-menu-item tc-menu-depth-0 tc-menu-align-left tc-menu-layout-default\"><a href=\"https:\/\/natsci.uprrp.edu\/nutricion\/programs-mission\/\" class=\"tc-menu-inner\">MISSION, GOALS AND OBJECTIVES<\/a><\/li>\n<li id=\"menu-item-5421\" class=\"menu-item menu-item-type-post_type menu-item-object-page menu-item-5421 tc-menu-item tc-menu-depth-0 tc-menu-align-left tc-menu-layout-default\"><a href=\"https:\/\/natsci.uprrp.edu\/nutricion\/program-statistics\/\" class=\"tc-menu-inner\">PROGRAM STATISTICS<\/a><\/li>\n<li id=\"menu-item-5422\" class=\"menu-item menu-item-type-post_type menu-item-object-page menu-item-5422 tc-menu-item tc-menu-depth-0 tc-menu-align-left tc-menu-layout-default\"><a href=\"https:\/\/natsci.uprrp.edu\/nutricion\/programs-outcomes\/\" class=\"tc-menu-inner\">PROGRAM\u2019S OUTCOMES<\/a><\/li>\n<li id=\"menu-item-5423\" class=\"menu-item menu-item-type-post_type menu-item-object-page menu-item-5423 tc-menu-item tc-menu-depth-0 tc-menu-align-left tc-menu-layout-default\"><a href=\"https:\/\/natsci.uprrp.edu\/nutricion\/scholarships\/\" class=\"tc-menu-inner\">SCHOLARSHIPS<\/a><\/li>\n<li id=\"menu-item-5486\" class=\"menu-item menu-item-type-post_type menu-item-object-page menu-item-5486 tc-menu-item tc-menu-depth-0 tc-menu-align-left tc-menu-layout-default\"><a href=\"https:\/\/natsci.uprrp.edu\/nutricion\/student-handbook-2\/\" class=\"tc-menu-inner\">STUDENT HANDBOOK<\/a><\/li>\n<li id=\"menu-item-5425\" class=\"menu-item menu-item-type-post_type menu-item-object-page menu-item-5425 tc-menu-item tc-menu-depth-0 tc-menu-align-left tc-menu-layout-default\"><a href=\"https:\/\/natsci.uprrp.edu\/nutricion\/student-associations\/\" class=\"tc-menu-inner\">STUDENT ORGANIZATIONS<\/a><\/li>\n<\/ul><\/div><\/div><\/div>\t\t\t\t<\/div>\n\t\t\t\t<\/div>\n\t\t\t\t\t<\/div>\n\t\t<\/div>\n\t\t\t\t\t<\/div>\n\t\t<\/section>\n\t\t\t\t<\/div>\n\t\t","protected":false},"excerpt":{"rendered":"<p>For students admitted since august 2024 Bachelor&#8217;s degree: DPD &#8211; Nuevo Curr\u00edculo Bachillerato DPD &#8211; Bachelors New Curriculum Second major: DPD &#8211; Nuevo Curr\u00edculo de Segunda Concentraci\u00f3n DPD &#8211; Second Major New Curriculum Alternate Second Major in Nutrition and Dietetics &hellip; <\/p>\n","protected":false},"author":12,"featured_media":0,"parent":0,"menu_order":0,"comment_status":"closed","ping_status":"closed","template":"","meta":{"rs_blank_template":"","rs_page_bg_color":"","slide_template_v7":"","footnotes":""},"class_list":["post-50","page","type-page","status-publish","hentry"],"_links":{"self":[{"href":"https:\/\/natsci.uprrp.edu\/nutricion\/wp-json\/wp\/v2\/pages\/50","targetHints":{"allow":["GET"]}}],"collection":[{"href":"https:\/\/natsci.uprrp.edu\/nutricion\/wp-json\/wp\/v2\/pages"}],"about":[{"href":"https:\/\/natsci.uprrp.edu\/nutricion\/wp-json\/wp\/v2\/types\/page"}],"author":[{"embeddable":true,"href":"https:\/\/natsci.uprrp.edu\/nutricion\/wp-json\/wp\/v2\/users\/12"}],"replies":[{"embeddable":true,"href":"https:\/\/natsci.uprrp.edu\/nutricion\/wp-json\/wp\/v2\/comments?post=50"}],"version-history":[{"count":124,"href":"https:\/\/natsci.uprrp.edu\/nutricion\/wp-json\/wp\/v2\/pages\/50\/revisions"}],"predecessor-version":[{"id":6268,"href":"https:\/\/natsci.uprrp.edu\/nutricion\/wp-json\/wp\/v2\/pages\/50\/revisions\/6268"}],"wp:attachment":[{"href":"https:\/\/natsci.uprrp.edu\/nutricion\/wp-json\/wp\/v2\/media?parent=50"}],"curies":[{"name":"wp","href":"https:\/\/api.w.org\/{rel}","templated":true}]}}