{"id":2828,"date":"2021-10-22T08:16:30","date_gmt":"2021-10-22T12:16:30","guid":{"rendered":"https:\/\/natsci.uprrp.edu\/nutricion\/?page_id=2828"},"modified":"2025-06-30T08:39:42","modified_gmt":"2025-06-30T12:39:42","slug":"msnd-distance-education","status":"publish","type":"page","link":"https:\/\/natsci.uprrp.edu\/nutricion\/msnd-distance-education\/","title":{"rendered":"MSND &#8211; DISTANCE EDUCATION"},"content":{"rendered":"\t\t<div data-elementor-type=\"wp-page\" data-elementor-id=\"2828\" class=\"elementor elementor-2828\">\n\t\t\t\t\t\t<section class=\"elementor-section elementor-top-section elementor-element elementor-element-20327c7 elementor-section-boxed elementor-section-height-default elementor-section-height-default\" data-id=\"20327c7\" data-element_type=\"section\" data-e-type=\"section\">\n\t\t\t\t\t\t<div class=\"elementor-container elementor-column-gap-default\">\n\t\t\t\t\t<div class=\"elementor-column elementor-col-50 elementor-top-column elementor-element elementor-element-4e9f113\" data-id=\"4e9f113\" data-element_type=\"column\" data-e-type=\"column\">\n\t\t\t<div class=\"elementor-widget-wrap elementor-element-populated\">\n\t\t\t\t\t\t<div class=\"elementor-element elementor-element-183acec elementor-widget elementor-widget-text-editor\" data-id=\"183acec\" data-element_type=\"widget\" data-e-type=\"widget\" data-widget_type=\"text-editor.default\">\n\t\t\t\t<div class=\"elementor-widget-container\">\n\t\t\t\t\t\t\t\t\t<p>Faculty and students must comply with the Distance Education Policy of the R\u00edo Piedras Campus of the University of Puerto Rico (<a href=\"https:\/\/senado.uprrp.edu\/wp-content\/uploads\/2025\/06\/CSA-91-2024-2025.pdf\" target=\"_blank\" rel=\"noopener\">Certification No. 91, 2024-2025<\/a> \u2013 See, Article VIII Support Services, page 11; Article IX Faculty and students responsibilities, page 13). More recently, the Office of the Dean for Academic Affairs established the Principles and guidelines for the integration and use of Artificial Intelligence (AI) in academic and research projects at the R\u00edo Piedras Campus <a href=\"https:\/\/academicos.uprrp.edu\/blog\/2025\/01\/15\/circular-8-2024-2025-lineamientos-y-guias-para-la-integracion-y-uso-de-la-inteligencia-artificial-ia-en-los-proyectos-academicos-y-de-investigacion-del-recinto-de-rio-piedras\/\">Circular 8 (2024-2025)\u00a0<\/a>Lineamientos y gu\u00edas para la integraci\u00f3n y uso de la Inteligencia Artificial (IA) en los proyectos acad\u00e9micos y de investigaci\u00f3n del Recinto de R\u00edo Piedras &#8211; Decanato de Asuntos Acad\u00e9micos.<\/p><p>The UPR-RP has distance education policies that comply with the <a href=\"https:\/\/path.ccp.edu\/msche\/pdfs\/VerificationofCompliance.pdf\" target=\"_blank\" rel=\"noopener\">authentication and privacy standards established by the Middle States Commission on Higher Education<\/a> (MSCHE &#8211; 34 CFR 602.17, section g). These are outlined in the <a href=\"https:\/\/senado.uprrp.edu\/ano-corriente\/\" target=\"_blank\" rel=\"noopener\">Academic Senate Certification 91, 2024-2025<\/a> and are summarized below.<\/p><ol><li>The distance education platforms used will be those approved by the Office of the Dean of Academic Affairs (DAA, in Spanish). \u00a0<\/li><li>Secure access to the distance education platform is individualized with the username and a password. Each student is assigned a username and password through the platform. The platform allows the student to change their password. This guarantees the privacy of the evaluation processes, complying with the federal law known as FERPA. \u00a0<\/li><li>Any official communication between professors and students about official course matters will be made exclusively through institutional email, or through the authorized platform. \u00a0<\/li><li>The professor will verify the identification of the student with the mechanisms provided by the Institution.<\/li><li>The professor will include the rules described here in the syllabus and discuss them with the students in the first-class meeting.<\/li><li>As far as partial or final grades are concerned, the institution will ensure that the platform used allows each student to see only their own grades.<\/li><li>Professors are responsible for verifying the identity of each student through the authentication mechanisms authorized by the institution and previously authorized by the Office of the Dean of Academic Affairs and incorporated as an amendment to these regulations.<\/li><li>The use of cameras or monitoring systems to oversee the administration of exams and tests (proctoring service), as well as other activities for the evaluation of student learning will be regulated by a protocol (Appendix 2, Certification No. 91,2024-2025, AS).<\/li><li>The use of cameras and recording of classes by teaching staff will be regulated by a protocol (Appendix 3, Certification No. 91,2024-2025, AS)<\/li><\/ol><p>Since 2020, the UPR-RP installed in the Moodle platform Respondus Lock Down Browser\/Respondus Monitor* tools as a verifier of academic honesty and deterrent to cheating.\u00a0 Updates to these policies occur periodically.\u00a0<\/p><p>[*Monitor records of the entire testing session on the student&#8217;s webcam and uses software to detect possible cheating behaviors.]<\/p>\t\t\t\t\t\t\t\t<\/div>\n\t\t\t\t<\/div>\n\t\t\t\t<div class=\"elementor-element elementor-element-8107c80 elementor-tabs-view-horizontal elementor-widget elementor-widget-tabs\" data-id=\"8107c80\" data-element_type=\"widget\" data-e-type=\"widget\" data-widget_type=\"tabs.default\">\n\t\t\t\t<div class=\"elementor-widget-container\">\n\t\t\t\t\t\t\t<div class=\"elementor-tabs\">\n\t\t\t<div class=\"elementor-tabs-wrapper\" role=\"tablist\" >\n\t\t\t\t\t\t\t\t\t<div id=\"elementor-tab-title-1351\" class=\"elementor-tab-title elementor-tab-desktop-title\" aria-selected=\"true\" data-tab=\"1\" role=\"tab\" tabindex=\"0\" aria-controls=\"elementor-tab-content-1351\" aria-expanded=\"false\">Distance Education Technical Requirements<\/div>\n\t\t\t\t\t\t\t<\/div>\n\t\t\t<div class=\"elementor-tabs-content-wrapper\" role=\"tablist\" aria-orientation=\"vertical\">\n\t\t\t\t\t\t\t\t\t<div class=\"elementor-tab-title elementor-tab-mobile-title\" aria-selected=\"true\" data-tab=\"1\" role=\"tab\" tabindex=\"0\" aria-controls=\"elementor-tab-content-1351\" aria-expanded=\"false\">Distance Education Technical Requirements<\/div>\n\t\t\t\t\t<div id=\"elementor-tab-content-1351\" class=\"elementor-tab-content elementor-clearfix\" data-tab=\"1\" role=\"tabpanel\" aria-labelledby=\"elementor-tab-title-1351\" tabindex=\"0\" hidden=\"false\"><p>The Master of Science in Nutrition and Dietetics with Supervised Experiential Learning offers more than 50% of the curriculum in an online format. Only the 720 hours (8 credits) of supervised experiential learning are provided in practice sites. Students must have basic to intermediate skills in computer use.\u00a0 Also, will need to have a personal computer that meets the following minimum technical requirements:<\/p><ol><li>Device and Operating System<\/li><\/ol><ul><li>A laptop or desktop computer running Windows 10 or above or macOS 10.10 or above.<\/li><li>Chromebooks (Chrome OS), Android devices and iPhones do not meet the minimum requirements for coursework at the University of Puerto Rico.<\/li><li>Memory: 4 GB or higher (RAM)<\/li><li>Processor: Recent generation Intel i3 (equivalent or higher)<\/li><\/ul><p>2. Browser<\/p><ul><li>Any standards-compliant web browser (Chrome, Firefox, Safari, Edge.)<\/li><\/ul><p>3. Hardware\/Peripherals<\/p><ul><li>A built-in or external microphone and webcam.<\/li><li>Some students have found it helpful to possess additional peripherals, such as a printer and headphones or a headset, although these are not required unless specified by your program.<\/li><\/ul><p>4. Access (Frequency and Permissions)<\/p><ul><li>Students will need regular access to their machine and peripherals. Daily access is recommended.<\/li><li>Students should have full administrative rights to these machines to install and download applications as required by their classes.<\/li><\/ul><p>5. Internet Connection<\/p><ul><li><span style=\"color: var( --e-global-color-text ); font-family: var( --e-global-typography-text-font-family ), Sans-serif; font-weight: var( --e-global-typography-text-font-weight ); font-size: var(--thim-font-body-font-size);\">Must have consistent access to the internet.<\/span><\/li><li>A high-speed broadband connection is recommended with at least 2 MB upload and download speed.<\/li><\/ul><p>6. Recommended Software and Applications<\/p><ul><li>Microsoft Office Suite (Microsoft 365 access available to UPR-RP online students)<\/li><li>Adobe Acrobat Reader (Adobe Creative access available to UPR-RP online students)<\/li><li>Students will receive access to Google Apps for Education, which will include special access to additional storage and privacy by using your university credentials to login.are<\/li><\/ul><\/div>\n\t\t\t\t\t\t\t<\/div>\n\t\t<\/div>\n\t\t\t\t\t\t<\/div>\n\t\t\t\t<\/div>\n\t\t\t\t\t<\/div>\n\t\t<\/div>\n\t\t\t\t<div class=\"elementor-column elementor-col-50 elementor-top-column elementor-element elementor-element-8301036\" data-id=\"8301036\" data-element_type=\"column\" data-e-type=\"column\">\n\t\t\t<div class=\"elementor-widget-wrap elementor-element-populated\">\n\t\t\t\t\t\t<div class=\"elementor-element elementor-element-df69ee5 elementor-widget elementor-widget-thim-navigation-menu\" data-id=\"df69ee5\" data-element_type=\"widget\" data-e-type=\"widget\" data-widget_type=\"thim-navigation-menu.default\">\n\t\t\t\t<div class=\"elementor-widget-container\">\n\t\t\t\t\t<div class=\"thim-widget-navigation-menu template-navigation-menu\"><div class=\"widget widget_nav_menu\"><h4 class=\"widget-title\">Graduate<\/h4><div class=\"menu-graduate-student-level-2-container\"><ul id=\"menu-graduate-student-level-2\" class=\"menu\"><li id=\"menu-item-5467\" class=\"menu-item menu-item-type-post_type menu-item-object-page menu-item-5467 tc-menu-item tc-menu-depth-0 tc-menu-align-left tc-menu-layout-default\"><a href=\"https:\/\/natsci.uprrp.edu\/nutricion\/academic-calendar-3\/\" class=\"tc-menu-inner\">ACADEMIC CALENDAR<\/a><\/li>\n<li id=\"menu-item-5468\" class=\"menu-item menu-item-type-post_type menu-item-object-page menu-item-5468 tc-menu-item tc-menu-depth-0 tc-menu-align-left tc-menu-layout-default\"><a href=\"https:\/\/natsci.uprrp.edu\/nutricion\/msnd-accreditation\/\" class=\"tc-menu-inner\">ACCREDITATION<\/a><\/li>\n<li id=\"menu-item-5469\" class=\"menu-item menu-item-type-post_type menu-item-object-page menu-item-5469 tc-menu-item tc-menu-depth-0 tc-menu-align-left tc-menu-layout-default\"><a href=\"https:\/\/natsci.uprrp.edu\/nutricion\/msnd-admission\/\" class=\"tc-menu-inner\">ADMISSION<\/a><\/li>\n<li id=\"menu-item-5470\" class=\"menu-item menu-item-type-post_type menu-item-object-page menu-item-5470 tc-menu-item tc-menu-depth-0 tc-menu-align-left tc-menu-layout-default\"><a href=\"https:\/\/natsci.uprrp.edu\/nutricion\/becoming-a-registered-dietitian-nutritionist-rdn-3\/\" class=\"tc-menu-inner\">BECOMING A REGISTERED DIETITIAN NUTRITIONIST (RDN)<\/a><\/li>\n<li id=\"menu-item-5471\" class=\"menu-item menu-item-type-post_type menu-item-object-page menu-item-5471 tc-menu-item tc-menu-depth-0 tc-menu-align-left tc-menu-layout-default\"><a href=\"https:\/\/natsci.uprrp.edu\/nutricion\/conditions-to-grant-credits-from-other-institutions\/\" class=\"tc-menu-inner\">CONDITIONS TO GRANT CREDITS FROM OTHER INSTITUTIONS<\/a><\/li>\n<li id=\"menu-item-5472\" class=\"menu-item menu-item-type-post_type menu-item-object-page menu-item-5472 tc-menu-item tc-menu-depth-0 tc-menu-align-left tc-menu-layout-default\"><a href=\"https:\/\/natsci.uprrp.edu\/nutricion\/msnd-costs\/\" class=\"tc-menu-inner\">COSTS<\/a><\/li>\n<li id=\"menu-item-5473\" class=\"menu-item menu-item-type-post_type menu-item-object-page menu-item-5473 tc-menu-item tc-menu-depth-0 tc-menu-align-left tc-menu-layout-default\"><a href=\"https:\/\/natsci.uprrp.edu\/nutricion\/msnd-curriculum\/\" class=\"tc-menu-inner\">CURRICULUM<\/a><\/li>\n<li id=\"menu-item-5474\" class=\"menu-item menu-item-type-post_type menu-item-object-page menu-item-5474 tc-menu-item tc-menu-depth-0 tc-menu-align-left tc-menu-layout-default\"><a href=\"https:\/\/natsci.uprrp.edu\/nutricion\/msnd-distance-education\/\" class=\"tc-menu-inner\">DISTANCE EDUCATION<\/a><\/li>\n<li id=\"menu-item-5475\" class=\"menu-item menu-item-type-post_type menu-item-object-page menu-item-5475 tc-menu-item tc-menu-depth-0 tc-menu-align-left tc-menu-layout-default\"><a href=\"https:\/\/natsci.uprrp.edu\/nutricion\/msnd-financial-aid\/\" class=\"tc-menu-inner\">FINANCIAL AID<\/a><\/li>\n<li id=\"menu-item-5476\" class=\"menu-item menu-item-type-post_type menu-item-object-page menu-item-5476 tc-menu-item tc-menu-depth-0 tc-menu-align-left tc-menu-layout-default\"><a href=\"https:\/\/natsci.uprrp.edu\/nutricion\/msnd-graduation-requirements\/\" class=\"tc-menu-inner\">GRADUATION AND PROGRAM COMPLETION REQUIREMENTS<\/a><\/li>\n<li id=\"menu-item-5485\" class=\"menu-item menu-item-type-post_type menu-item-object-page menu-item-5485 tc-menu-item tc-menu-depth-0 tc-menu-align-left tc-menu-layout-default\"><a href=\"https:\/\/natsci.uprrp.edu\/nutricion\/graduate-student-handbook-2\/\" class=\"tc-menu-inner\">HANDBOOK: GRADUATE STUDENT<\/a><\/li>\n<li id=\"menu-item-5880\" class=\"menu-item menu-item-type-post_type menu-item-object-page menu-item-5880 tc-menu-item tc-menu-depth-0 tc-menu-align-left tc-menu-layout-default\"><a href=\"https:\/\/natsci.uprrp.edu\/nutricion\/sel-handbook\/\" class=\"tc-menu-inner\">HANDBOOK: SEL POLICIES<\/a><\/li>\n<li id=\"menu-item-5477\" class=\"menu-item menu-item-type-post_type menu-item-object-page menu-item-5477 tc-menu-item tc-menu-depth-0 tc-menu-align-left tc-menu-layout-default\"><a href=\"https:\/\/natsci.uprrp.edu\/nutricion\/msnd-sel-language-proficiency\/\" class=\"tc-menu-inner\">LANGUAGE PROFICIENCY<\/a><\/li>\n<li id=\"menu-item-5478\" class=\"menu-item menu-item-type-post_type menu-item-object-page menu-item-5478 tc-menu-item tc-menu-depth-0 tc-menu-align-left tc-menu-layout-default\"><a href=\"https:\/\/natsci.uprrp.edu\/nutricion\/msnd-mission-goals-and-objectives\/\" class=\"tc-menu-inner\">MISSION, GOALS AND OBJECTIVES<\/a><\/li>\n<li id=\"menu-item-5479\" class=\"menu-item menu-item-type-post_type menu-item-object-page menu-item-5479 tc-menu-item tc-menu-depth-0 tc-menu-align-left tc-menu-layout-default\"><a href=\"https:\/\/natsci.uprrp.edu\/nutricion\/msnd-sel-program-description\/\" class=\"tc-menu-inner\">PROGRAM DESCRIPTION<\/a><\/li>\n<li id=\"menu-item-5480\" class=\"menu-item menu-item-type-post_type menu-item-object-page menu-item-5480 tc-menu-item tc-menu-depth-0 tc-menu-align-left tc-menu-layout-default\"><a href=\"https:\/\/natsci.uprrp.edu\/nutricion\/msnd-programs-outcomes\/\" class=\"tc-menu-inner\">PROGRAM OUTCOMES<\/a><\/li>\n<\/ul><\/div><\/div><\/div>\t\t\t\t<\/div>\n\t\t\t\t<\/div>\n\t\t\t\t\t<\/div>\n\t\t<\/div>\n\t\t\t\t\t<\/div>\n\t\t<\/section>\n\t\t\t\t<\/div>\n\t\t","protected":false},"excerpt":{"rendered":"<p>Faculty and students must comply with the Distance Education Policy of the R\u00edo Piedras Campus of the University of Puerto Rico (Certification No. 91, 2024-2025 \u2013 See, Article VIII Support Services, page 11; Article IX Faculty and students responsibilities, page &hellip; <\/p>\n","protected":false},"author":12,"featured_media":0,"parent":0,"menu_order":0,"comment_status":"closed","ping_status":"closed","template":"","meta":{"rs_blank_template":"","rs_page_bg_color":"","slide_template_v7":"","footnotes":""},"class_list":["post-2828","page","type-page","status-publish","hentry"],"_links":{"self":[{"href":"https:\/\/natsci.uprrp.edu\/nutricion\/wp-json\/wp\/v2\/pages\/2828","targetHints":{"allow":["GET"]}}],"collection":[{"href":"https:\/\/natsci.uprrp.edu\/nutricion\/wp-json\/wp\/v2\/pages"}],"about":[{"href":"https:\/\/natsci.uprrp.edu\/nutricion\/wp-json\/wp\/v2\/types\/page"}],"author":[{"embeddable":true,"href":"https:\/\/natsci.uprrp.edu\/nutricion\/wp-json\/wp\/v2\/users\/12"}],"replies":[{"embeddable":true,"href":"https:\/\/natsci.uprrp.edu\/nutricion\/wp-json\/wp\/v2\/comments?post=2828"}],"version-history":[{"count":43,"href":"https:\/\/natsci.uprrp.edu\/nutricion\/wp-json\/wp\/v2\/pages\/2828\/revisions"}],"predecessor-version":[{"id":6078,"href":"https:\/\/natsci.uprrp.edu\/nutricion\/wp-json\/wp\/v2\/pages\/2828\/revisions\/6078"}],"wp:attachment":[{"href":"https:\/\/natsci.uprrp.edu\/nutricion\/wp-json\/wp\/v2\/media?parent=2828"}],"curies":[{"name":"wp","href":"https:\/\/api.w.org\/{rel}","templated":true}]}}