{"id":2457,"date":"2021-02-19T09:57:00","date_gmt":"2021-02-19T13:57:00","guid":{"rendered":"https:\/\/natsci.uprrp.edu\/nutricion\/?page_id=2457"},"modified":"2022-12-06T10:45:29","modified_gmt":"2022-12-06T14:45:29","slug":"nutrition-fair","status":"publish","type":"page","link":"https:\/\/natsci.uprrp.edu\/nutricion\/nutrition-fair\/","title":{"rendered":"NUTRITION FAIR"},"content":{"rendered":"<p><span lang=\"ES\">\u00a1Bienvenidos<\/span><span lang=\"ES\">\u00a0a la 3ra\u00a0Feria de Nutrici\u00f3n Virtual!\u00a0<\/span><\/p>\n<p style=\"font-size: 14px;font-family: 'Open Sans', Arial, sans-serif\"><a style=\"font-size: 14px;font-family: 'Open Sans', Arial, sans-serif;color: #19232d\" href=\"https:\/\/natsci.uprrp.edu\/nutricion\/wp-content\/uploads\/sites\/8\/2022\/03\/3ra-Feria-de-Nutricion-Virtual.jpeg\"><img fetchpriority=\"high\" decoding=\"async\" class=\"size-medium wp-image-3028 alignright\" style=\"font-size: 14px\" src=\"https:\/\/natsci.uprrp.edu\/nutricion\/wp-content\/uploads\/sites\/8\/2022\/03\/3ra-Feria-de-Nutricion-Virtual-300x169.jpeg\" alt=\"\" width=\"300\" height=\"169\" srcset=\"https:\/\/natsci.uprrp.edu\/nutricion\/wp-content\/uploads\/sites\/8\/2022\/03\/3ra-Feria-de-Nutricion-Virtual-300x169.jpeg 300w, https:\/\/natsci.uprrp.edu\/nutricion\/wp-content\/uploads\/sites\/8\/2022\/03\/3ra-Feria-de-Nutricion-Virtual-1024x576.jpeg 1024w, https:\/\/natsci.uprrp.edu\/nutricion\/wp-content\/uploads\/sites\/8\/2022\/03\/3ra-Feria-de-Nutricion-Virtual-1536x864.jpeg 1536w, https:\/\/natsci.uprrp.edu\/nutricion\/wp-content\/uploads\/sites\/8\/2022\/03\/3ra-Feria-de-Nutricion-Virtual-18x10.jpeg 18w, https:\/\/natsci.uprrp.edu\/nutricion\/wp-content\/uploads\/sites\/8\/2022\/03\/3ra-Feria-de-Nutricion-Virtual-600x338.jpeg 600w, https:\/\/natsci.uprrp.edu\/nutricion\/wp-content\/uploads\/sites\/8\/2022\/03\/3ra-Feria-de-Nutricion-Virtual.jpeg 1920w\" sizes=\"(max-width: 300px) 100vw, 300px\" \/><\/a><\/p>\n<p><span style=\"font-size: 14px\">Desde el 9 al 30 de marzo compartimos informaci\u00f3n sobre alimentos y nutrici\u00f3n que han preparado los estudiantes del curso Pr\u00e1ctica de Ense\u00f1anza en Nutrici\u00f3n (NUTR-4175). Este semestre los temas que se publicar\u00e1n son relacionados al lema del mes de la nutrici\u00f3n: Celebra un Mundo de Sabores. Accede la p\u00e1gina electr\u00f3nica<\/span><span style=\"font-size: 14px\">\u00a0durante el mes de marzo para que conozcas los videos y actividades que se publicar\u00e1n. Tendremos demostraciones de recetas en vivo y consejos para seleccionar alimentos saludables.\u00a0<\/span><\/p>\n<p><span lang=\"ES\">Utiliza el siguiente formulario en el cual puedes enviarnos comentarios, dudas y preguntas durante los d\u00edas de la feria.\u00a0 Accede a trav\u00e9s del siguiente enlace:\u00a0<\/span><a title=\"Original URL: https:\/\/forms.gle\/32T3KVMXpoyJ9VkAA. Click or tap if you trust this link.\" href=\"https:\/\/nam02.safelinks.protection.outlook.com\/?url=https%3A%2F%2Fforms.gle%2F32T3KVMXpoyJ9VkAA&amp;data=04%7C01%7Ckeila.nievesmiranda%40upr.edu%7C22f043910e6b43a5a61008d9fdf1d1da%7C0dfa5dc0036f461599e494af822f2b84%7C0%7C0%7C637820037318016718%7CUnknown%7CTWFpbGZsb3d8eyJWIjoiMC4wLjAwMDAiLCJQIjoiV2luMzIiLCJBTiI6Ik1haWwiLCJXVCI6Mn0%3D%7C3000&amp;sdata=VP1xnMKLtFsQIVIk74YA2O4tfStN1lunxMeQWwIYQEY%3D&amp;reserved=0\" target=\"_blank\" rel=\"noopener noreferrer\" data-auth=\"Verified\" data-linkindex=\"0\"><span lang=\"ES\">https:\/\/forms.gle\/32T3KVMXpoyJ9VkAA<\/span><\/a><\/p>\n<p><span lang=\"ES\">\u00a1Esperamos disfruten esta tercera edici\u00f3n de la feria de nutrici\u00f3n virtual!\u00a0<\/span><\/p>\n<p>[accordions]<br \/>\n[accordion title=&#8221;Charla: \u00bfC\u00f3mo hacer un huerto casero?&#8221; load=&#8221;hide&#8221;]<br \/>\n\u00bfCuando?: Viernes, 11 de marzo de 2022<br \/>\nHora: 2:00 a 3:00 p.m.<br \/>\n\u00bfD\u00f3nde?: Google Meet<br \/>\nInvitado Especial: Agr\u00f3nomo Luis G. Sierra Rivera<br \/>\nEnlace: <a href=\"https:\/\/meet.google.com\/qna-fahq-tvg\" target=\"_blank\" rel=\"noopener\">https:\/\/meet.google.com\/qna-fahq-tvg<\/a><br \/>\n<a href=\"https:\/\/natsci.uprrp.edu\/nutricion\/wp-content\/uploads\/sites\/8\/2022\/03\/Huerto-Casero-11-de-marzo-2022.jpg\"><img decoding=\"async\" class=\"alignnone size-medium wp-image-3046\" src=\"https:\/\/natsci.uprrp.edu\/nutricion\/wp-content\/uploads\/sites\/8\/2022\/03\/Huerto-Casero-11-de-marzo-2022-300x169.jpg\" alt=\"\" width=\"300\" height=\"169\" srcset=\"https:\/\/natsci.uprrp.edu\/nutricion\/wp-content\/uploads\/sites\/8\/2022\/03\/Huerto-Casero-11-de-marzo-2022-300x169.jpg 300w, https:\/\/natsci.uprrp.edu\/nutricion\/wp-content\/uploads\/sites\/8\/2022\/03\/Huerto-Casero-11-de-marzo-2022-1024x576.jpg 1024w, https:\/\/natsci.uprrp.edu\/nutricion\/wp-content\/uploads\/sites\/8\/2022\/03\/Huerto-Casero-11-de-marzo-2022-18x10.jpg 18w, https:\/\/natsci.uprrp.edu\/nutricion\/wp-content\/uploads\/sites\/8\/2022\/03\/Huerto-Casero-11-de-marzo-2022.jpg 1280w\" sizes=\"(max-width: 300px) 100vw, 300px\" \/><\/a>[\/accordion]<br \/>\n[\/accordions]<\/p>\n<p>&nbsp;<\/p>\n<p>&nbsp;<\/p>\n","protected":false},"excerpt":{"rendered":"<p>\u00a1Bienvenidos\u00a0a la 3ra\u00a0Feria de Nutrici\u00f3n Virtual!\u00a0 Desde el 9 al 30 de marzo compartimos informaci\u00f3n sobre alimentos y nutrici\u00f3n que han preparado los estudiantes del curso Pr\u00e1ctica de Ense\u00f1anza en Nutrici\u00f3n (NUTR-4175). Este semestre los temas que se publicar\u00e1n son &hellip; <\/p>\n","protected":false},"author":12,"featured_media":0,"parent":0,"menu_order":0,"comment_status":"closed","ping_status":"closed","template":"","meta":{"rs_blank_template":"","rs_page_bg_color":"","slide_template_v7":"","footnotes":""},"class_list":["post-2457","page","type-page","status-publish","hentry"],"_links":{"self":[{"href":"https:\/\/natsci.uprrp.edu\/nutricion\/wp-json\/wp\/v2\/pages\/2457","targetHints":{"allow":["GET"]}}],"collection":[{"href":"https:\/\/natsci.uprrp.edu\/nutricion\/wp-json\/wp\/v2\/pages"}],"about":[{"href":"https:\/\/natsci.uprrp.edu\/nutricion\/wp-json\/wp\/v2\/types\/page"}],"author":[{"embeddable":true,"href":"https:\/\/natsci.uprrp.edu\/nutricion\/wp-json\/wp\/v2\/users\/12"}],"replies":[{"embeddable":true,"href":"https:\/\/natsci.uprrp.edu\/nutricion\/wp-json\/wp\/v2\/comments?post=2457"}],"version-history":[{"count":61,"href":"https:\/\/natsci.uprrp.edu\/nutricion\/wp-json\/wp\/v2\/pages\/2457\/revisions"}],"predecessor-version":[{"id":3471,"href":"https:\/\/natsci.uprrp.edu\/nutricion\/wp-json\/wp\/v2\/pages\/2457\/revisions\/3471"}],"wp:attachment":[{"href":"https:\/\/natsci.uprrp.edu\/nutricion\/wp-json\/wp\/v2\/media?parent=2457"}],"curies":[{"name":"wp","href":"https:\/\/api.w.org\/{rel}","templated":true}]}}