{"id":152,"date":"2018-06-19T18:00:21","date_gmt":"2018-06-19T22:00:21","guid":{"rendered":"http:\/\/natsci.uprrp.edu\/nutricion\/?page_id=152"},"modified":"2024-10-23T11:48:55","modified_gmt":"2024-10-23T15:48:55","slug":"educational-services","status":"publish","type":"page","link":"https:\/\/natsci.uprrp.edu\/nutricion\/educational-services\/","title":{"rendered":"DPD &#8211; EDUCATIONAL SERVICES"},"content":{"rendered":"\t\t<div data-elementor-type=\"wp-page\" data-elementor-id=\"152\" class=\"elementor elementor-152\">\n\t\t\t\t\t\t<section class=\"elementor-section elementor-top-section elementor-element elementor-element-f0b361c elementor-section-boxed elementor-section-height-default elementor-section-height-default\" data-id=\"f0b361c\" data-element_type=\"section\" data-e-type=\"section\">\n\t\t\t\t\t\t<div class=\"elementor-container elementor-column-gap-default\">\n\t\t\t\t\t<div class=\"elementor-column elementor-col-50 elementor-top-column elementor-element elementor-element-acc0e2f\" data-id=\"acc0e2f\" data-element_type=\"column\" data-e-type=\"column\">\n\t\t\t<div class=\"elementor-widget-wrap elementor-element-populated\">\n\t\t\t\t\t\t<div class=\"elementor-element elementor-element-5a3e273 elementor-tabs-view-vertical elementor-widget__width-initial elementor-widget elementor-widget-tabs\" data-id=\"5a3e273\" data-element_type=\"widget\" data-e-type=\"widget\" data-widget_type=\"tabs.default\">\n\t\t\t\t<div class=\"elementor-widget-container\">\n\t\t\t\t\t\t\t<div class=\"elementor-tabs\">\n\t\t\t<div class=\"elementor-tabs-wrapper\" role=\"tablist\" >\n\t\t\t\t\t\t\t\t\t<div id=\"elementor-tab-title-9461\" class=\"elementor-tab-title elementor-tab-desktop-title\" aria-selected=\"true\" data-tab=\"1\" role=\"tab\" tabindex=\"0\" aria-controls=\"elementor-tab-content-9461\" aria-expanded=\"false\">Academic Advising<\/div>\n\t\t\t\t\t\t\t\t\t<div id=\"elementor-tab-title-9462\" class=\"elementor-tab-title elementor-tab-desktop-title\" aria-selected=\"false\" data-tab=\"2\" role=\"tab\" tabindex=\"-1\" aria-controls=\"elementor-tab-content-9462\" aria-expanded=\"false\">Centro de Informaci\u00f3n y Tecnolog\u00eda (CITec) - Natural Sciences Library<\/div>\n\t\t\t\t\t\t\t\t\t<div id=\"elementor-tab-title-9463\" class=\"elementor-tab-title elementor-tab-desktop-title\" aria-selected=\"false\" data-tab=\"3\" role=\"tab\" tabindex=\"-1\" aria-controls=\"elementor-tab-content-9463\" aria-expanded=\"false\">Departamento de Consejer\u00eda para el Desarrollo Estudiantil (DCODE)<\/div>\n\t\t\t\t\t\t\t\t\t<div id=\"elementor-tab-title-9464\" class=\"elementor-tab-title elementor-tab-desktop-title\" aria-selected=\"false\" data-tab=\"4\" role=\"tab\" tabindex=\"-1\" aria-controls=\"elementor-tab-content-9464\" aria-expanded=\"false\">Medical Services<\/div>\n\t\t\t\t\t\t\t\t\t<div id=\"elementor-tab-title-9465\" class=\"elementor-tab-title elementor-tab-desktop-title\" aria-selected=\"false\" data-tab=\"5\" role=\"tab\" tabindex=\"-1\" aria-controls=\"elementor-tab-content-9465\" aria-expanded=\"false\">English Language Resource Center<\/div>\n\t\t\t\t\t\t\t\t\t<div id=\"elementor-tab-title-9466\" class=\"elementor-tab-title elementor-tab-desktop-title\" aria-selected=\"false\" data-tab=\"6\" role=\"tab\" tabindex=\"-1\" aria-controls=\"elementor-tab-content-9466\" aria-expanded=\"false\">Centro Universitario de Servicios y Estudios Psicol\u00f3gicos (CUSEP)<\/div>\n\t\t\t\t\t\t\t\t\t<div id=\"elementor-tab-title-9467\" class=\"elementor-tab-title elementor-tab-desktop-title\" aria-selected=\"false\" data-tab=\"7\" role=\"tab\" tabindex=\"-1\" aria-controls=\"elementor-tab-content-9467\" aria-expanded=\"false\">Oficina de Servicios al Estudiante con Impedimentos (OSEI)<\/div>\n\t\t\t\t\t\t\t<\/div>\n\t\t\t<div class=\"elementor-tabs-content-wrapper\" role=\"tablist\" aria-orientation=\"vertical\">\n\t\t\t\t\t\t\t\t\t<div class=\"elementor-tab-title elementor-tab-mobile-title\" aria-selected=\"true\" data-tab=\"1\" role=\"tab\" tabindex=\"0\" aria-controls=\"elementor-tab-content-9461\" aria-expanded=\"false\">Academic Advising<\/div>\n\t\t\t\t\t<div id=\"elementor-tab-content-9461\" class=\"elementor-tab-content elementor-clearfix\" data-tab=\"1\" role=\"tabpanel\" aria-labelledby=\"elementor-tab-title-9461\" tabindex=\"0\" hidden=\"false\"><p>The Program\u2019s academic advisor is a faculty member that offers academic advising to students enrolled in the Program. Students may request an appointment by contacting the Program\u2019s administrative office at (787) 764-0000, ext. 88581 or via <a href=\"https:\/\/forms.gle\/fW92wtgFmrtwkNM26\" target=\"_blank\" rel=\"noopener\">Online Form &#8211; Academic Advising Appointment<\/a>. Students may also be referred to academic advising as part of the early identification of students with possible difficulties and the attention to students in probation processes, established by the College of Natural Sciences. It is recommended that students visit their academic advisor every year to evaluate their academic progress and curricular sequence.<\/p>\n<p>Students are encouraged to reach out to their academic advisor or the DPD Director if they find themselves at risk of not meeting the \u201c\u22653.0 GPA\u201d policy in an effort to prevent the need to repeat a course to improve a grade.<\/p>\n<p>In addition to the campus level peer counselors and their orientation events, the Nutrition and Dietetics Program has its own Peer Mentoring Program that pairs new students (mentees) with experienced students classified in their third or fourth year of study (mentors).&nbsp; The Peer Mentoring Program was initiated in 2016, as part of the DPD continual improvement plan, and also helps to disseminate Program information to students.&nbsp; Requests for volunteer peer mentors are sent initially through the two student organizations:&nbsp;<em>El C\u00edrculo de Diet\u00e9tica<\/em>&nbsp;and the Nutrition Journal Club.&nbsp; The main objectives are to propagate leadership opportunities for upperclassmen, and create a sense of community and support for new students during their transition to university life; it is also hoped that lasting friendships may begin.<\/p>\n<p>Student mentors are asked to make a commitment for the entire academic year, be willing to share their contact information to facilitate interaction, be willing and available to assist new students, take leadership in reaching out in communication to new students, meet in person at least two times a semester before the course registration survey and during fellowship opportunities organized by the Program Chair and administrative office.&nbsp; Student mentors are paired by personnel in the administrative office of Nutrition and Dietetics under the supervision of the Program Chair.&nbsp;<\/p><\/div>\n\t\t\t\t\t\t\t\t\t<div class=\"elementor-tab-title elementor-tab-mobile-title\" aria-selected=\"false\" data-tab=\"2\" role=\"tab\" tabindex=\"-1\" aria-controls=\"elementor-tab-content-9462\" aria-expanded=\"false\">Centro de Informaci\u00f3n y Tecnolog\u00eda (CITec) - Natural Sciences Library<\/div>\n\t\t\t\t\t<div id=\"elementor-tab-content-9462\" class=\"elementor-tab-content elementor-clearfix\" data-tab=\"2\" role=\"tabpanel\" aria-labelledby=\"elementor-tab-title-9462\" tabindex=\"0\" hidden=\"hidden\"><p>Some of the services offered at the library include:<\/p><ul><li>Reference &#8211; orientation to the user in the bibliographic search and of printed or computerized information.<\/li><li>Anaqueles abiertos &#8211; free access to bibliographic or informative resources.<\/li><li>Circulation \/ Reservation &#8211; loan of the bibliographic resources of the library following the Rules of Use.<\/li><li>Study Rooms- classrooms to study in groups composed of three or more people.<\/li><li>Interlibrary Loans &#8211; ask other libraries for books and articles that the library does not have.<\/li><li>Library Instruction &#8211; workshops and guidance on the use of resources and services of the library.<\/li><li>Research Room &#8211; provides an adequate space for the particular needs of graduate students, professors and researchers in the natural sciences.<\/li><li>Tutoring services &#8211; tutoring services are offered in several of the bachelor\u2019s courses (Biology, Mathematics, Chemistry, Physics). The tutoring services are provided by competent tutors and are completely free of cost.\u00a0<a href=\"https:\/\/natsci.uprrp.edu\/nutricion\/wp-content\/uploads\/sites\/8\/2023\/02\/Horario-Tutorias-Matematicas-Segundo-Semestre-2022-2023.pdf\" target=\"_blank\" rel=\"noopener\">Horario Tutor\u00edas Matem\u00e1ticas Segundo Semestre 2022-2023<\/a><\/li><\/ul><p>For more information visit\u00a0<a href=\"http:\/\/www.upr.edu\/biblioteca-uprrp-cn\/\" target=\"_blank\" rel=\"noopener\">http:\/\/www.upr.edu\/biblioteca-uprrp-cn\/<\/a><\/p><\/div>\n\t\t\t\t\t\t\t\t\t<div class=\"elementor-tab-title elementor-tab-mobile-title\" aria-selected=\"false\" data-tab=\"3\" role=\"tab\" tabindex=\"-1\" aria-controls=\"elementor-tab-content-9463\" aria-expanded=\"false\">Departamento de Consejer\u00eda para el Desarrollo Estudiantil (DCODE)<\/div>\n\t\t\t\t\t<div id=\"elementor-tab-content-9463\" class=\"elementor-tab-content elementor-clearfix\" data-tab=\"3\" role=\"tabpanel\" aria-labelledby=\"elementor-tab-title-9463\" tabindex=\"0\" hidden=\"hidden\"><p>The DCODE is attached to the Dean of Students of the University of Puerto Rico. It consist of a multidisciplinary team of support professionals with academic preparation specialized in Counseling, Social Work and Psychology and with licenses to practice their respective professions in Puerto Rico. Some of their services are:<\/p><ul><li>Individual and group counseling<\/li><li>Individual and group psychotherapy<\/li><li>Support groups<\/li><li>Administration and interpretation of inventories of vocational interests<\/li><li>Workshops on topics related to: Emotional well-being and\u00a0Academic Success Strategies<\/li><li>Specialized training<\/li><\/ul><p>For more information visit\u00a0<a href=\"https:\/\/estudiantes.uprrp.edu\/departamento-de-consejeria-para-el-desarrollo-estudiantil\/\" target=\"_blank\" rel=\"noopener\">http:\/\/dcode.uprrp.edu\/https:\/\/estudiantes.uprrp.edu\/departamento-de-consejeria-para-el-desarrollo-estudiantil\/<\/a>\u00a0\u00a0or call to (787) 764-0000, Ext.\u00a086500 or 86501<\/p><\/div>\n\t\t\t\t\t\t\t\t\t<div class=\"elementor-tab-title elementor-tab-mobile-title\" aria-selected=\"false\" data-tab=\"4\" role=\"tab\" tabindex=\"-1\" aria-controls=\"elementor-tab-content-9464\" aria-expanded=\"false\">Medical Services<\/div>\n\t\t\t\t\t<div id=\"elementor-tab-content-9464\" class=\"elementor-tab-content elementor-clearfix\" data-tab=\"4\" role=\"tabpanel\" aria-labelledby=\"elementor-tab-title-9464\" tabindex=\"0\" hidden=\"hidden\"><p>The Department of Medical Services works through the provision of Law 101 of the Department of Health for medical-hospital facilities that defines us as a Diagnosis and Treatment Center. As a health facility, it has the responsibility to assure the university population clinical care in quantity, quality and excellence. This is achieved through the availability, continuity and accessibility of the services offered. The purpose of the Department of Medical Services is to promote good physical, mental and social health of the entire university community, as well as the achievement of the best lifestyles. Some of their services are:<\/p>\n<ul>\n<li>External Clinics<\/li>\n<li>Emergency room<\/li>\n<li>Medical Records<\/li>\n<li>Quality of life<\/li>\n<\/ul>\n<p>The Medical Services facilities is located at the first floor of the University Center. For more information visit<a href=\"http:\/\/estudiantes.uprrp.edu\/servicios-al-estudiante\/servicios-medicos\/\" target=\"_blank\" rel=\"noopener\">&nbsp;http:\/\/estudiantes.uprrp.edu\/servicios-al-estudiante\/servicios-medicos\/<\/a>&nbsp;or call (787) 764-0000, Ext. 86562 or 86563.<\/p><\/div>\n\t\t\t\t\t\t\t\t\t<div class=\"elementor-tab-title elementor-tab-mobile-title\" aria-selected=\"false\" data-tab=\"5\" role=\"tab\" tabindex=\"-1\" aria-controls=\"elementor-tab-content-9465\" aria-expanded=\"false\">English Language Resource Center<\/div>\n\t\t\t\t\t<div id=\"elementor-tab-content-9465\" class=\"elementor-tab-content elementor-clearfix\" data-tab=\"5\" role=\"tabpanel\" aria-labelledby=\"elementor-tab-title-9465\" tabindex=\"0\" hidden=\"hidden\"><p>The English Language Resource Center of the English Department opened in 1957 as a language laboratory. Since then, the center has significantly expanded and now consists of three separate but connected units: the Language Laboratory, the Joseph Ferri Screening Room, and the Computer Room. These provide services to the undergraduate and graduate programs of the department as well as other programs at UPR. The center is primarily concerned with the development of English language skills. With this goal in mind, the center provides spaces, staff, and resources to help students develop their written and spoken English skills.<\/p><p>The Resource Center is open to serve not only the needs of the English Department, but those of the university community as well. Special meetings, screenings, or examination sessions may be arranged and scheduled with the Resource Center technicians.<\/p><div><div align=\"left\"><div><h3>Hours of Operation:<\/h3><\/div><\/div><\/div><div class=\"m_-4353088228626965615scrollable\"><table border=\"0\" width=\"638\" cellspacing=\"0\" cellpadding=\"0\"><tbody><tr><td>Monday-Friday<\/td><td>7:00 AM \u2013 4:30 PM<\/td><\/tr><tr><td>Saturdays &amp; Sundays<\/td><td>Closed<\/td><\/tr><\/tbody><\/table><\/div><p>For more information visit\u00a0<a href=\"https:\/\/humanidades.uprrp.edu\/ingles2021\/?page_id=86\" target=\"_blank\" rel=\"noopener noreferrer\">https:\/\/humanidades.uprrp.edu\/ingles2021\/?page_id=86<\/a>\u00a0or call (787) 764-0000, ext. 89656<\/p><\/div>\n\t\t\t\t\t\t\t\t\t<div class=\"elementor-tab-title elementor-tab-mobile-title\" aria-selected=\"false\" data-tab=\"6\" role=\"tab\" tabindex=\"-1\" aria-controls=\"elementor-tab-content-9466\" aria-expanded=\"false\">Centro Universitario de Servicios y Estudios Psicol\u00f3gicos (CUSEP)<\/div>\n\t\t\t\t\t<div id=\"elementor-tab-content-9466\" class=\"elementor-tab-content elementor-clearfix\" data-tab=\"6\" role=\"tabpanel\" aria-labelledby=\"elementor-tab-title-9466\" tabindex=\"0\" hidden=\"hidden\"><p>The CUSEP is a unit of the Department of Psychology of the Faculty of Social Sciences, which arises from the need of the Faculty and specifically teachers and graduate students in the area of Clinical Psychology. training and service space. The CUSEP allows teachers and students to integrate the practice with theory, as well as provide a service to the community in general. Some of the services offered by CUSEP are:<\/p><ul><li>Service and referral information<\/li><li>Crisis intervention<\/li><li>Individual psychotherapy<\/li><li>Play therapy<\/li><li>Couple therapy<\/li><li>Family therapy<\/li><li>Group psychotherapy<\/li><li>Individual psychotherapy for children, adolescents and adults<\/li><li>Psychometric and psychological evaluations<\/li><\/ul><p>For more information visit\u00a0<a href=\"http:\/\/cusep.uprrp.edu\/\" target=\"_blank\" rel=\"noopener\">http:\/\/cusep.uprrp.edu\/<\/a>\u00a0or call (787) 764-0000, ext. 87680 or 87681<\/p><\/div>\n\t\t\t\t\t\t\t\t\t<div class=\"elementor-tab-title elementor-tab-mobile-title\" aria-selected=\"false\" data-tab=\"7\" role=\"tab\" tabindex=\"-1\" aria-controls=\"elementor-tab-content-9467\" aria-expanded=\"false\">Oficina de Servicios al Estudiante con Impedimentos (OSEI)<\/div>\n\t\t\t\t\t<div id=\"elementor-tab-content-9467\" class=\"elementor-tab-content elementor-clearfix\" data-tab=\"7\" role=\"tabpanel\" aria-labelledby=\"elementor-tab-title-9467\" tabindex=\"0\" hidden=\"hidden\"><p>The OSEI will ensure the faithful fulfillment of the rights of persons with disabilities guaranteeing their equal participation and access to the services, programs and activities available to the university community in general.<\/p><p>For more information on how to receive services or communicate with an official during distance learning due to the pandemic, please refer to the following document:<\/p><p><strong><a href=\"http:\/\/natsci.uprrp.edu\/nutricion\/wp-content\/uploads\/sites\/8\/2020\/08\/Oficina-de-Servicios-al-Estudiante-con-Impedimientos-y-Acomodo-Razonable.pdf\" target=\"_blank\" rel=\"noopener\">Oficina de Servicios al Estudiante con Impedimientos y Acomodo Razonable<\/a><\/strong><\/p><p>For more information visit\u00a0<a href=\"https:\/\/estudiantes.uprrp.edu\/servicios-al-estudiante\/osei\/\" target=\"_blank\" rel=\"noopener\">https:\/\/estudiantes.uprrp.edu\/servicios-al-estudiante\/osei\/<\/a>\u00a0or call (787) 764-0000, ext. 86000<\/p><\/div>\n\t\t\t\t\t\t\t<\/div>\n\t\t<\/div>\n\t\t\t\t\t\t<\/div>\n\t\t\t\t<\/div>\n\t\t\t\t\t<\/div>\n\t\t<\/div>\n\t\t\t\t<div class=\"elementor-column elementor-col-50 elementor-top-column elementor-element elementor-element-6e7a2ee\" data-id=\"6e7a2ee\" data-element_type=\"column\" data-e-type=\"column\">\n\t\t\t<div class=\"elementor-widget-wrap elementor-element-populated\">\n\t\t\t\t\t\t<div class=\"elementor-element elementor-element-22b0307 elementor-widget elementor-widget-thim-navigation-menu\" data-id=\"22b0307\" data-element_type=\"widget\" data-e-type=\"widget\" data-widget_type=\"thim-navigation-menu.default\">\n\t\t\t\t<div class=\"elementor-widget-container\">\n\t\t\t\t\t<div class=\"thim-widget-navigation-menu template-navigation-menu\"><div class=\"widget widget_nav_menu\"><h4 class=\"widget-title\">Undergraduate<\/h4><div class=\"menu-undergraduate-level2-container\"><ul id=\"menu-undergraduate-level2\" class=\"menu\"><li id=\"menu-item-5407\" class=\"menu-item menu-item-type-post_type menu-item-object-page menu-item-5407 tc-menu-item tc-menu-depth-0 tc-menu-align-left tc-menu-layout-default\"><a href=\"https:\/\/natsci.uprrp.edu\/nutricion\/academic-calendar\/\" class=\"tc-menu-inner\">ACADEMIC CALENDAR<\/a><\/li>\n<li id=\"menu-item-5408\" class=\"menu-item menu-item-type-post_type menu-item-object-page menu-item-5408 tc-menu-item tc-menu-depth-0 tc-menu-align-left tc-menu-layout-default\"><a href=\"https:\/\/natsci.uprrp.edu\/nutricion\/academic-distinctions\/\" class=\"tc-menu-inner\">ACADEMIC DISTINCTIONS<\/a><\/li>\n<li id=\"menu-item-5409\" class=\"menu-item menu-item-type-post_type menu-item-object-page menu-item-5409 tc-menu-item tc-menu-depth-0 tc-menu-align-left tc-menu-layout-default\"><a href=\"https:\/\/natsci.uprrp.edu\/nutricion\/accreditation\/\" class=\"tc-menu-inner\">ACCREDITATION<\/a><\/li>\n<li id=\"menu-item-5410\" class=\"menu-item menu-item-type-post_type menu-item-object-page menu-item-5410 tc-menu-item tc-menu-depth-0 tc-menu-align-left tc-menu-layout-default\"><a href=\"https:\/\/natsci.uprrp.edu\/nutricion\/admission\/\" class=\"tc-menu-inner\">ADMISSION<\/a><\/li>\n<li id=\"menu-item-5411\" class=\"menu-item menu-item-type-post_type menu-item-object-page menu-item-5411 tc-menu-item tc-menu-depth-0 tc-menu-align-left tc-menu-layout-default\"><a href=\"https:\/\/natsci.uprrp.edu\/nutricion\/becoming-a-registered-dietitian-nutritionist-rdn\/\" class=\"tc-menu-inner\">BECOMING A REGISTERED DIETITIAN NUTRITIONIST (RDN)<\/a><\/li>\n<li id=\"menu-item-5412\" class=\"menu-item menu-item-type-post_type menu-item-object-page menu-item-5412 tc-menu-item tc-menu-depth-0 tc-menu-align-left tc-menu-layout-default\"><a href=\"https:\/\/natsci.uprrp.edu\/nutricion\/costs\/\" class=\"tc-menu-inner\">COSTS<\/a><\/li>\n<li id=\"menu-item-5413\" class=\"menu-item menu-item-type-post_type menu-item-object-page menu-item-5413 tc-menu-item tc-menu-depth-0 tc-menu-align-left tc-menu-layout-default\"><a href=\"https:\/\/natsci.uprrp.edu\/nutricion\/courses\/\" class=\"tc-menu-inner\">COURSES<\/a><\/li>\n<li id=\"menu-item-5414\" class=\"menu-item menu-item-type-post_type menu-item-object-page menu-item-5414 tc-menu-item tc-menu-depth-0 tc-menu-align-left tc-menu-layout-default\"><a href=\"https:\/\/natsci.uprrp.edu\/nutricion\/curriculo\/\" class=\"tc-menu-inner\">CURRICULUM<\/a><\/li>\n<li id=\"menu-item-5415\" class=\"menu-item menu-item-type-post_type menu-item-object-page menu-item-5415 tc-menu-item tc-menu-depth-0 tc-menu-align-left tc-menu-layout-default\"><a href=\"https:\/\/natsci.uprrp.edu\/nutricion\/distance-education\/\" class=\"tc-menu-inner\">DISTANCE EDUCATION<\/a><\/li>\n<li id=\"menu-item-5416\" class=\"menu-item menu-item-type-post_type menu-item-object-page menu-item-5416 tc-menu-item tc-menu-depth-0 tc-menu-align-left tc-menu-layout-default\"><a href=\"https:\/\/natsci.uprrp.edu\/nutricion\/educational-services\/\" class=\"tc-menu-inner\">EDUCATIONAL SERVICES<\/a><\/li>\n<li id=\"menu-item-5417\" class=\"menu-item menu-item-type-post_type menu-item-object-page menu-item-5417 tc-menu-item tc-menu-depth-0 tc-menu-align-left tc-menu-layout-default\"><a href=\"https:\/\/natsci.uprrp.edu\/nutricion\/economic-assistance\/\" class=\"tc-menu-inner\">FINANCIAL AID<\/a><\/li>\n<li id=\"menu-item-5418\" class=\"menu-item menu-item-type-post_type menu-item-object-page menu-item-5418 tc-menu-item tc-menu-depth-0 tc-menu-align-left tc-menu-layout-default\"><a href=\"https:\/\/natsci.uprrp.edu\/nutricion\/general-policies-and-regulations\/\" class=\"tc-menu-inner\">GENERAL POLICIES AND REGULATIONS<\/a><\/li>\n<li id=\"menu-item-5419\" class=\"menu-item menu-item-type-post_type menu-item-object-page menu-item-5419 tc-menu-item tc-menu-depth-0 tc-menu-align-left tc-menu-layout-default\"><a href=\"https:\/\/natsci.uprrp.edu\/nutricion\/graduation-requirements\/\" class=\"tc-menu-inner\">GRADUATION REQUIREMENTS<\/a><\/li>\n<li id=\"menu-item-5426\" class=\"menu-item menu-item-type-post_type menu-item-object-page menu-item-5426 tc-menu-item tc-menu-depth-0 tc-menu-align-left tc-menu-layout-default\"><a href=\"https:\/\/natsci.uprrp.edu\/nutricion\/internships\/\" class=\"tc-menu-inner\">INTERNSHIPS<\/a><\/li>\n<li id=\"menu-item-5420\" class=\"menu-item menu-item-type-post_type menu-item-object-page menu-item-5420 tc-menu-item tc-menu-depth-0 tc-menu-align-left tc-menu-layout-default\"><a href=\"https:\/\/natsci.uprrp.edu\/nutricion\/programs-mission\/\" class=\"tc-menu-inner\">MISSION, GOALS AND OBJECTIVES<\/a><\/li>\n<li id=\"menu-item-5421\" class=\"menu-item menu-item-type-post_type menu-item-object-page menu-item-5421 tc-menu-item tc-menu-depth-0 tc-menu-align-left tc-menu-layout-default\"><a href=\"https:\/\/natsci.uprrp.edu\/nutricion\/program-statistics\/\" class=\"tc-menu-inner\">PROGRAM STATISTICS<\/a><\/li>\n<li id=\"menu-item-5422\" class=\"menu-item menu-item-type-post_type menu-item-object-page menu-item-5422 tc-menu-item tc-menu-depth-0 tc-menu-align-left tc-menu-layout-default\"><a href=\"https:\/\/natsci.uprrp.edu\/nutricion\/programs-outcomes\/\" class=\"tc-menu-inner\">PROGRAM\u2019S OUTCOMES<\/a><\/li>\n<li id=\"menu-item-5423\" class=\"menu-item menu-item-type-post_type menu-item-object-page menu-item-5423 tc-menu-item tc-menu-depth-0 tc-menu-align-left tc-menu-layout-default\"><a href=\"https:\/\/natsci.uprrp.edu\/nutricion\/scholarships\/\" class=\"tc-menu-inner\">SCHOLARSHIPS<\/a><\/li>\n<li id=\"menu-item-5486\" class=\"menu-item menu-item-type-post_type menu-item-object-page menu-item-5486 tc-menu-item tc-menu-depth-0 tc-menu-align-left tc-menu-layout-default\"><a href=\"https:\/\/natsci.uprrp.edu\/nutricion\/student-handbook-2\/\" class=\"tc-menu-inner\">STUDENT HANDBOOK<\/a><\/li>\n<li id=\"menu-item-5425\" class=\"menu-item menu-item-type-post_type menu-item-object-page menu-item-5425 tc-menu-item tc-menu-depth-0 tc-menu-align-left tc-menu-layout-default\"><a href=\"https:\/\/natsci.uprrp.edu\/nutricion\/student-associations\/\" class=\"tc-menu-inner\">STUDENT ORGANIZATIONS<\/a><\/li>\n<\/ul><\/div><\/div><\/div>\t\t\t\t<\/div>\n\t\t\t\t<\/div>\n\t\t\t\t\t<\/div>\n\t\t<\/div>\n\t\t\t\t\t<\/div>\n\t\t<\/section>\n\t\t\t\t<\/div>\n\t\t","protected":false},"excerpt":{"rendered":"<p>Academic Advising Centro de Informaci\u00f3n y Tecnolog\u00eda (CITec) &#8211; Natural Sciences Library Departamento de Consejer\u00eda para el Desarrollo Estudiantil (DCODE) Medical Services English Language Resource Center Centro Universitario de Servicios y Estudios Psicol\u00f3gicos (CUSEP) Oficina de Servicios al Estudiante con &hellip; <\/p>\n","protected":false},"author":12,"featured_media":0,"parent":0,"menu_order":0,"comment_status":"closed","ping_status":"closed","template":"","meta":{"footnotes":""},"class_list":["post-152","page","type-page","status-publish","hentry"],"_links":{"self":[{"href":"https:\/\/natsci.uprrp.edu\/nutricion\/wp-json\/wp\/v2\/pages\/152","targetHints":{"allow":["GET"]}}],"collection":[{"href":"https:\/\/natsci.uprrp.edu\/nutricion\/wp-json\/wp\/v2\/pages"}],"about":[{"href":"https:\/\/natsci.uprrp.edu\/nutricion\/wp-json\/wp\/v2\/types\/page"}],"author":[{"embeddable":true,"href":"https:\/\/natsci.uprrp.edu\/nutricion\/wp-json\/wp\/v2\/users\/12"}],"replies":[{"embeddable":true,"href":"https:\/\/natsci.uprrp.edu\/nutricion\/wp-json\/wp\/v2\/comments?post=152"}],"version-history":[{"count":67,"href":"https:\/\/natsci.uprrp.edu\/nutricion\/wp-json\/wp\/v2\/pages\/152\/revisions"}],"predecessor-version":[{"id":5526,"href":"https:\/\/natsci.uprrp.edu\/nutricion\/wp-json\/wp\/v2\/pages\/152\/revisions\/5526"}],"wp:attachment":[{"href":"https:\/\/natsci.uprrp.edu\/nutricion\/wp-json\/wp\/v2\/media?parent=152"}],"curies":[{"name":"wp","href":"https:\/\/api.w.org\/{rel}","templated":true}]}}