{"id":224,"date":"2025-04-24T19:57:43","date_gmt":"2025-04-24T19:57:43","guid":{"rendered":"https:\/\/natsci.uprrp.edu\/neurograd\/?page_id=224"},"modified":"2025-04-25T15:40:41","modified_gmt":"2025-04-25T15:40:41","slug":"nashley-fuentes-sanabria","status":"publish","type":"page","link":"https:\/\/natsci.uprrp.edu\/neurograd\/nashley-fuentes-sanabria\/","title":{"rendered":"Nashley Fuentes-Sanabria"},"content":{"rendered":"\t\t<div data-elementor-type=\"wp-page\" data-elementor-id=\"224\" class=\"elementor elementor-224\">\n\t\t\t\t<div class=\"elementor-element elementor-element-00d1100 e-flex e-con-boxed e-con e-parent\" data-id=\"00d1100\" data-element_type=\"container\" data-e-type=\"container\">\n\t\t\t\t\t<div class=\"e-con-inner\">\n\t\t<div class=\"elementor-element elementor-element-caa5c1d e-con-full e-flex e-con e-child\" data-id=\"caa5c1d\" data-element_type=\"container\" data-e-type=\"container\">\n\t\t\t\t<div class=\"elementor-element elementor-element-6118755 elementor-widget elementor-widget-image\" data-id=\"6118755\" data-element_type=\"widget\" data-e-type=\"widget\" data-widget_type=\"image.default\">\n\t\t\t\t<div class=\"elementor-widget-container\">\n\t\t\t\t\t\t\t\t\t\t\t\t\t\t\t<img fetchpriority=\"high\" decoding=\"async\" width=\"640\" height=\"853\" src=\"https:\/\/natsci.uprrp.edu\/neurograd\/wp-content\/uploads\/sites\/34\/2025\/04\/Nashley-768x1024.jpeg\" class=\"attachment-large size-large wp-image-225\" alt=\"\" srcset=\"https:\/\/natsci.uprrp.edu\/neurograd\/wp-content\/uploads\/sites\/34\/2025\/04\/Nashley-768x1024.jpeg 768w, https:\/\/natsci.uprrp.edu\/neurograd\/wp-content\/uploads\/sites\/34\/2025\/04\/Nashley-225x300.jpeg 225w, https:\/\/natsci.uprrp.edu\/neurograd\/wp-content\/uploads\/sites\/34\/2025\/04\/Nashley-1152x1536.jpeg 1152w, https:\/\/natsci.uprrp.edu\/neurograd\/wp-content\/uploads\/sites\/34\/2025\/04\/Nashley-1536x2048.jpeg 1536w, https:\/\/natsci.uprrp.edu\/neurograd\/wp-content\/uploads\/sites\/34\/2025\/04\/Nashley-scaled.jpeg 1920w\" sizes=\"(max-width: 640px) 100vw, 640px\" \/>\t\t\t\t\t\t\t\t\t\t\t\t\t\t\t<\/div>\n\t\t\t\t<\/div>\n\t\t\t\t<div class=\"elementor-element elementor-element-d881a4e elementor-shape-rounded elementor-grid-0 e-grid-align-center elementor-widget elementor-widget-social-icons\" data-id=\"d881a4e\" data-element_type=\"widget\" data-e-type=\"widget\" data-widget_type=\"social-icons.default\">\n\t\t\t\t<div class=\"elementor-widget-container\">\n\t\t\t\t\t\t\t<div class=\"elementor-social-icons-wrapper elementor-grid\">\n\t\t\t\t\t\t\t<span class=\"elementor-grid-item\">\n\t\t\t\t\t<a class=\"elementor-icon elementor-social-icon elementor-social-icon-linkedin elementor-repeater-item-6546a84\" href=\"http:\/\/www.linkedin.com\/in\/nashley-fuentes-sanabria\" target=\"_blank\">\n\t\t\t\t\t\t<span class=\"elementor-screen-only\">Linkedin<\/span>\n\t\t\t\t\t\t<svg aria-hidden=\"true\" class=\"e-font-icon-svg e-fab-linkedin\" viewBox=\"0 0 448 512\" xmlns=\"http:\/\/www.w3.org\/2000\/svg\"><path d=\"M416 32H31.9C14.3 32 0 46.5 0 64.3v383.4C0 465.5 14.3 480 31.9 480H416c17.6 0 32-14.5 32-32.3V64.3c0-17.8-14.4-32.3-32-32.3zM135.4 416H69V202.2h66.5V416zm-33.2-243c-21.3 0-38.5-17.3-38.5-38.5S80.9 96 102.2 96c21.2 0 38.5 17.3 38.5 38.5 0 21.3-17.2 38.5-38.5 38.5zm282.1 243h-66.4V312c0-24.8-.5-56.7-34.5-56.7-34.6 0-39.9 27-39.9 54.9V416h-66.4V202.2h63.7v29.2h.9c8.9-16.8 30.6-34.5 62.9-34.5 67.2 0 79.7 44.3 79.7 101.9V416z\"><\/path><\/svg>\t\t\t\t\t<\/a>\n\t\t\t\t<\/span>\n\t\t\t\t\t<\/div>\n\t\t\t\t\t\t<\/div>\n\t\t\t\t<\/div>\n\t\t\t\t<div class=\"elementor-element elementor-element-0f8a2f6 elementor-widget elementor-widget-text-editor\" data-id=\"0f8a2f6\" data-element_type=\"widget\" data-e-type=\"widget\" data-widget_type=\"text-editor.default\">\n\t\t\t\t<div class=\"elementor-widget-container\">\n\t\t\t\t\t\t\t\t\t<p><a href=\"http:\/\/www.linkedin.com\/in\/nashley-fuentes-sanabria\">http:\/\/www.linkedin.com\/in\/nashley-fuentes-sanabria<\/a><\/p>\t\t\t\t\t\t\t\t<\/div>\n\t\t\t\t<\/div>\n\t\t\t\t<\/div>\n\t\t<div class=\"elementor-element elementor-element-6b07c17 e-con-full e-flex e-con e-child\" data-id=\"6b07c17\" data-element_type=\"container\" data-e-type=\"container\">\n\t\t\t\t<div class=\"elementor-element elementor-element-fc04b53 elementor-widget elementor-widget-text-editor\" data-id=\"fc04b53\" data-element_type=\"widget\" data-e-type=\"widget\" data-widget_type=\"text-editor.default\">\n\t\t\t\t<div class=\"elementor-widget-container\">\n\t\t\t\t\t\t\t\t\t<p><b>Home Research<\/b><\/p>\t\t\t\t\t\t\t\t<\/div>\n\t\t\t\t<\/div>\n\t\t\t\t<div class=\"elementor-element elementor-element-cbfb5cb elementor-widget-divider--view-line elementor-widget elementor-widget-divider\" data-id=\"cbfb5cb\" data-element_type=\"widget\" data-e-type=\"widget\" data-widget_type=\"divider.default\">\n\t\t\t\t<div class=\"elementor-widget-container\">\n\t\t\t\t\t\t\t<div class=\"elementor-divider\">\n\t\t\t<span class=\"elementor-divider-separator\">\n\t\t\t\t\t\t<\/span>\n\t\t<\/div>\n\t\t\t\t\t\t<\/div>\n\t\t\t\t<\/div>\n\t\t\t\t<div class=\"elementor-element elementor-element-799d429 elementor-widget elementor-widget-text-editor\" data-id=\"799d429\" data-element_type=\"widget\" data-e-type=\"widget\" data-widget_type=\"text-editor.default\">\n\t\t\t\t<div class=\"elementor-widget-container\">\n\t\t\t\t\t\t\t\t\t<p><strong>Mentor:<\/strong> Giovanni Tirado-Santiago, Ph.D.<\/p><p><span class=\"TextRun SCXW144525750 BCX0\" lang=\"EN-US\" xml:lang=\"EN-US\" data-contrast=\"none\"><span class=\"NormalTextRun SCXW144525750 BCX0\"><strong>Affiliation:<\/strong> Psychology Department, UPR-RP<\/span><\/span><\/p><p><span class=\"TextRun SCXW141185285 BCX0\" lang=\"EN-US\" xml:lang=\"EN-US\" data-contrast=\"none\"><span class=\"NormalTextRun SCXW141185285 BCX0\"><strong>Project title:<\/strong> <em>Exploring Cognitive Flexibility and Brain Activity in Adults with Post-Acute Sequelae of COVID-19 (PASC) Using Resting-State EEG and Cognitive Tests<\/em><\/span><\/span><\/p><p><strong>Project Description:<\/strong> This research investigates whether the cognitive effects of PASC in adults are localized to specific brain regions or manifest more globally, focusing on cognitive flexibility. Cognitive flexibility, a crucial executive function, relies on the interaction of multiple brain structures, including the prefrontal cortex, basal ganglia, and parietal regions. The study aims to identify potential neural markers for cognitive flexibility deficits in PASC patients by examining electrophysiological data for reduced wave activity in these areas.<\/p>\t\t\t\t\t\t\t\t<\/div>\n\t\t\t\t<\/div>\n\t\t\t\t<div class=\"elementor-element elementor-element-da1efed elementor-widget elementor-widget-spacer\" data-id=\"da1efed\" data-element_type=\"widget\" data-e-type=\"widget\" data-widget_type=\"spacer.default\">\n\t\t\t\t<div class=\"elementor-widget-container\">\n\t\t\t\t\t\t\t<div class=\"elementor-spacer\">\n\t\t\t<div class=\"elementor-spacer-inner\"><\/div>\n\t\t<\/div>\n\t\t\t\t\t\t<\/div>\n\t\t\t\t<\/div>\n\t\t\t\t<div class=\"elementor-element elementor-element-7b5015b elementor-widget elementor-widget-text-editor\" data-id=\"7b5015b\" data-element_type=\"widget\" data-e-type=\"widget\" data-widget_type=\"text-editor.default\">\n\t\t\t\t<div class=\"elementor-widget-container\">\n\t\t\t\t\t\t\t\t\t<p><strong>Published work and presentations<\/strong><\/p>\t\t\t\t\t\t\t\t<\/div>\n\t\t\t\t<\/div>\n\t\t\t\t<div class=\"elementor-element elementor-element-e4e74e8 elementor-widget-divider--view-line elementor-widget elementor-widget-divider\" data-id=\"e4e74e8\" data-element_type=\"widget\" data-e-type=\"widget\" data-widget_type=\"divider.default\">\n\t\t\t\t<div class=\"elementor-widget-container\">\n\t\t\t\t\t\t\t<div class=\"elementor-divider\">\n\t\t\t<span class=\"elementor-divider-separator\">\n\t\t\t\t\t\t<\/span>\n\t\t<\/div>\n\t\t\t\t\t\t<\/div>\n\t\t\t\t<\/div>\n\t\t\t\t<div class=\"elementor-element elementor-element-bf62464 elementor-widget elementor-widget-text-editor\" data-id=\"bf62464\" data-element_type=\"widget\" data-e-type=\"widget\" data-widget_type=\"text-editor.default\">\n\t\t\t\t<div class=\"elementor-widget-container\">\n\t\t\t\t\t\t\t\t\t<p><b><span data-contrast=\"none\">Presentation<\/span><\/b><span data-contrast=\"none\">:<\/span><\/p><p>Nashley Fuentes Sanabria, Cristal E. M\u00e1rquez Moyeno, Melissa Rivera Flores, Emmanuel Ocasio Hern\u00e1ndez, Yarimar Rodr\u00edguez Rosa, Ph.D., David Jim\u00e9nez P\u00e9rez, Ph.D. Yamil Ortiz-Ortiz, Ph.D. \u201cPsychological Well-Being, Financial and Housing Security as Predictors of Student Dropout at the University of Puerto Rico at R\u00edo Piedras\u201d. [Poster presentation]. 1st Annual Collaborative Symposium \u201cPuerto Rico en Datos\u201d, University of Puerto Rico-Carolina, Carolina, PR. November 2024.<\/p><p>Nashley Fuentes Sanabria, Melissa Rivera Flores, Cristal E. M\u00e1rquez Moyeno, Emmanuel Ocasio Hern\u00e1ndez, Yarimar Rodr\u00edguez Rosa, Ph.D., David Jim\u00e9nez P\u00e9rez, Ph.D., Yamil Ortiz-Ortiz Ph.D. \u201cThe First Study of Student Needs at the University of Puerto Rico, Rio Piedras Campus\u201d. [Poster presentation]. 10th Behavioral Student Symposium Ponce Health Sciences University, Ponce Health Sciences University (PHSU), Ponce, PR. October 2024.<\/p><p>Nashley Fuentes Sanabria, Joy Geng, Ph.D., \u201cAttentional Template Is Shifted by Distractor Context\u201d. [Oral presentation]. University of California-Davis, Davis, CA. June 2020.<\/p><p>Nashley Fuentes Sanabria, Sergi Simo, Ph.D., et. al. \u201cRole of CRL5 During Neuronal Migration\u201d. [Poster presentation]. Annual Biomedical Research Conference for Minority Students (ABRCMS), Anaheim Convention Center, Anaheim, CA. November 2019.<\/p><p>Nashley Fuentes Sanabria, Sheila Baker, Ph.D. \u201cEvaluation of the Synaptic Proteins Expressed in Rods Versus Cones Synapses\u201d. [Poster presentation].13th annual UI Summer Undergraduate Research Conference (SURC), Iowa Memorial Union&#8217;s Main Lounge, Department of Biochemistry, University of Iowa, Iowa City, IA. July 2017.<\/p><p><span data-contrast=\"none\">Nashley Fuentes Sanabria, Rafael Contreras Galindo, Ph.D. \u201cGenome Instability of Human Centromere Sequences\u201d. [Oral presentation]. Undergraduate Research Academy (URA) Symposium, Biomedical Sciences Research Building, Department of Internal Medicine, University of Michigan, Ann Arbor, MI.<\/span><span data-ccp-props=\"{&quot;134233117&quot;:false,&quot;134233118&quot;:false,&quot;335557856&quot;:16777215,&quot;335559738&quot;:0,&quot;335559739&quot;:160}\">\u00a0<\/span><\/p>\t\t\t\t\t\t\t\t<\/div>\n\t\t\t\t<\/div>\n\t\t\t\t<\/div>\n\t\t\t\t\t<\/div>\n\t\t\t\t<\/div>\n\t\t<div class=\"elementor-element elementor-element-fd83bd6 e-flex e-con-boxed e-con e-parent\" data-id=\"fd83bd6\" data-element_type=\"container\" data-e-type=\"container\">\n\t\t\t\t\t<div class=\"e-con-inner\">\n\t\t\t\t<div class=\"elementor-element elementor-element-4976ea8 elementor-invisible elementor-widget elementor-widget-text-editor\" data-id=\"4976ea8\" data-element_type=\"widget\" data-e-type=\"widget\" data-settings=\"{&quot;_animation&quot;:&quot;ekit--fancy&quot;}\" data-widget_type=\"text-editor.default\">\n\t\t\t\t<div class=\"elementor-widget-container\">\n\t\t\t\t\t\t\t\t\t<p><em><span class=\"TextRun SCXW265099301 BCX0\" lang=\"EN-US\" xml:lang=\"EN-US\" data-contrast=\"none\"><span class=\"NormalTextRun SCXW265099301 BCX0\">Fun fact or hobby: I enjoy painting, hiking, tourism and bird watching<\/span><\/span><\/em><\/p>\t\t\t\t\t\t\t\t<\/div>\n\t\t\t\t<\/div>\n\t\t\t\t\t<\/div>\n\t\t\t\t<\/div>\n\t\t\t\t<\/div>\n\t\t","protected":false},"excerpt":{"rendered":"<p>Linkedin http:\/\/www.linkedin.com\/in\/nashley-fuentes-sanabria Home Research Mentor: Giovanni Tirado-Santiago, Ph.D. Affiliation: Psychology Department, UPR-RP Project title: Exploring Cognitive Flexibility and Brain Activity in Adults with Post-Acute Sequelae of COVID-19 (PASC) Using Resting-State EEG and Cognitive Tests Project Description: This research investigates whether the cognitive effects of PASC in adults are localized to &hellip; <\/p>\n","protected":false},"author":4130,"featured_media":0,"parent":0,"menu_order":0,"comment_status":"closed","ping_status":"closed","template":"","meta":{"footnotes":""},"class_list":["post-224","page","type-page","status-publish","hentry"],"_links":{"self":[{"href":"https:\/\/natsci.uprrp.edu\/neurograd\/wp-json\/wp\/v2\/pages\/224","targetHints":{"allow":["GET"]}}],"collection":[{"href":"https:\/\/natsci.uprrp.edu\/neurograd\/wp-json\/wp\/v2\/pages"}],"about":[{"href":"https:\/\/natsci.uprrp.edu\/neurograd\/wp-json\/wp\/v2\/types\/page"}],"author":[{"embeddable":true,"href":"https:\/\/natsci.uprrp.edu\/neurograd\/wp-json\/wp\/v2\/users\/4130"}],"replies":[{"embeddable":true,"href":"https:\/\/natsci.uprrp.edu\/neurograd\/wp-json\/wp\/v2\/comments?post=224"}],"version-history":[{"count":9,"href":"https:\/\/natsci.uprrp.edu\/neurograd\/wp-json\/wp\/v2\/pages\/224\/revisions"}],"predecessor-version":[{"id":258,"href":"https:\/\/natsci.uprrp.edu\/neurograd\/wp-json\/wp\/v2\/pages\/224\/revisions\/258"}],"wp:attachment":[{"href":"https:\/\/natsci.uprrp.edu\/neurograd\/wp-json\/wp\/v2\/media?parent=224"}],"curies":[{"name":"wp","href":"https:\/\/api.w.org\/{rel}","templated":true}]}}