{"id":18669,"date":"2023-05-26T19:40:06","date_gmt":"2023-05-26T19:40:06","guid":{"rendered":"https:\/\/natsci.uprrp.edu\/idgene\/?page_id=18669"},"modified":"2025-04-30T18:09:23","modified_gmt":"2025-04-30T18:09:23","slug":"contact-2","status":"publish","type":"page","link":"https:\/\/natsci.uprrp.edu\/idgene\/contact-2\/","title":{"rendered":"Contact"},"content":{"rendered":"\t\t<div data-elementor-type=\"wp-page\" data-elementor-id=\"18669\" class=\"elementor elementor-18669\">\n\t\t\t\t\t\t<section class=\"elementor-section elementor-top-section elementor-element elementor-element-f80218b elementor-section-boxed elementor-section-height-default elementor-section-height-default\" data-id=\"f80218b\" data-element_type=\"section\" data-e-type=\"section\">\n\t\t\t\t\t\t<div class=\"elementor-container elementor-column-gap-default\">\n\t\t\t\t\t<div class=\"elementor-column elementor-col-100 elementor-top-column elementor-element elementor-element-be3ea60\" data-id=\"be3ea60\" data-element_type=\"column\" data-e-type=\"column\">\n\t\t\t<div class=\"elementor-widget-wrap elementor-element-populated\">\n\t\t\t\t\t\t<div class=\"elementor-element elementor-element-6f6d4d6 elementor-widget__width-initial elementor-widget elementor-widget-google_maps\" data-id=\"6f6d4d6\" data-element_type=\"widget\" data-e-type=\"widget\" data-widget_type=\"google_maps.default\">\n\t\t\t\t<div class=\"elementor-widget-container\">\n\t\t\t\t\t\t\t<div class=\"elementor-custom-embed\">\n\t\t\t<iframe loading=\"lazy\"\n\t\t\t\t\tsrc=\"https:\/\/maps.google.com\/maps?q=Julio%20Garcia%20Diaz%20Bldg.&#038;t=m&#038;z=15&#038;output=embed&#038;iwloc=near\"\n\t\t\t\t\ttitle=\"Julio Garcia Diaz Bldg.\"\n\t\t\t\t\taria-label=\"Julio Garcia Diaz Bldg.\"\n\t\t\t><\/iframe>\n\t\t<\/div>\n\t\t\t\t\t\t<\/div>\n\t\t\t\t<\/div>\n\t\t\t\t<div class=\"elementor-element elementor-element-67acb20 elementor-widget elementor-widget-spacer\" data-id=\"67acb20\" data-element_type=\"widget\" data-e-type=\"widget\" data-widget_type=\"spacer.default\">\n\t\t\t\t<div class=\"elementor-widget-container\">\n\t\t\t\t\t\t\t<div class=\"elementor-spacer\">\n\t\t\t<div class=\"elementor-spacer-inner\"><\/div>\n\t\t<\/div>\n\t\t\t\t\t\t<\/div>\n\t\t\t\t<\/div>\n\t\t\t\t\t<\/div>\n\t\t<\/div>\n\t\t\t\t\t<\/div>\n\t\t<\/section>\n\t\t\t\t<section class=\"elementor-section elementor-top-section elementor-element elementor-element-4b5d962 elementor-section-boxed elementor-section-height-default elementor-section-height-default\" data-id=\"4b5d962\" data-element_type=\"section\" data-e-type=\"section\">\n\t\t\t\t\t\t<div class=\"elementor-container elementor-column-gap-default\">\n\t\t\t\t\t<div class=\"elementor-column elementor-col-33 elementor-top-column elementor-element elementor-element-2f11b12\" data-id=\"2f11b12\" data-element_type=\"column\" data-e-type=\"column\">\n\t\t\t<div class=\"elementor-widget-wrap elementor-element-populated\">\n\t\t\t\t\t\t<div class=\"elementor-element elementor-element-d839cdf elementor-widget elementor-widget-text-editor\" data-id=\"d839cdf\" data-element_type=\"widget\" data-e-type=\"widget\" data-widget_type=\"text-editor.default\">\n\t\t\t\t<div class=\"elementor-widget-container\">\n\t\t\t\t\t\t\t\t\t<p><strong>Address<\/strong><\/p>\t\t\t\t\t\t\t\t<\/div>\n\t\t\t\t<\/div>\n\t\t\t\t<div class=\"elementor-element elementor-element-ad5d79c elementor-widget__width-initial elementor-widget elementor-widget-text-editor\" data-id=\"ad5d79c\" data-element_type=\"widget\" data-e-type=\"widget\" data-widget_type=\"text-editor.default\">\n\t\t\t\t<div class=\"elementor-widget-container\">\n\t\t\t\t\t\t\t\t\t<p>University of Puerto Rico<br \/>R\u00edo Piedras Campus<br \/>Ave. Juan Ponce de Leon<br \/>Julio Garc\u00eda D\u00edaz Bldg. Office 118<br \/>San Juan, PR 00931<\/p>\t\t\t\t\t\t\t\t<\/div>\n\t\t\t\t<\/div>\n\t\t\t\t\t<\/div>\n\t\t<\/div>\n\t\t\t\t<div class=\"elementor-column elementor-col-33 elementor-top-column elementor-element elementor-element-8fcaaf5\" data-id=\"8fcaaf5\" data-element_type=\"column\" data-e-type=\"column\">\n\t\t\t<div class=\"elementor-widget-wrap elementor-element-populated\">\n\t\t\t\t\t\t<div class=\"elementor-element elementor-element-2e6e5a1 elementor-widget elementor-widget-text-editor\" data-id=\"2e6e5a1\" data-element_type=\"widget\" data-e-type=\"widget\" data-widget_type=\"text-editor.default\">\n\t\t\t\t<div class=\"elementor-widget-container\">\n\t\t\t\t\t\t\t\t\t<p><strong>Email Us<\/strong><\/p>\t\t\t\t\t\t\t\t<\/div>\n\t\t\t\t<\/div>\n\t\t\t\t<div class=\"elementor-element elementor-element-54f781b elementor-widget elementor-widget-text-editor\" data-id=\"54f781b\" data-element_type=\"widget\" data-e-type=\"widget\" data-widget_type=\"text-editor.default\">\n\t\t\t\t<div class=\"elementor-widget-container\">\n\t\t\t\t\t\t\t\t\t<p><strong>General email<br \/><\/strong>id.gene@upr.edu<\/p>\t\t\t\t\t\t\t\t<\/div>\n\t\t\t\t<\/div>\n\t\t\t\t<div class=\"elementor-element elementor-element-5fd4d92 elementor-widget elementor-widget-text-editor\" data-id=\"5fd4d92\" data-element_type=\"widget\" data-e-type=\"widget\" data-widget_type=\"text-editor.default\">\n\t\t\t\t<div class=\"elementor-widget-container\">\n\t\t\t\t\t\t\t\t\t<p><strong>Marimar Vel\u00e1zquez, <\/strong><em>Program Coordinator<\/em><br \/><span style=\"color: var( --e-global-color-text );font-family: var( --e-global-typography-text-font-family ), Sans-serif;font-weight: var( --e-global-typography-text-font-weight )\">marimar.velazquez1@upr.edu\u00a0<\/span><\/p>\t\t\t\t\t\t\t\t<\/div>\n\t\t\t\t<\/div>\n\t\t\t\t<div class=\"elementor-element elementor-element-0da1aab elementor-widget elementor-widget-text-editor\" data-id=\"0da1aab\" data-element_type=\"widget\" data-e-type=\"widget\" data-widget_type=\"text-editor.default\">\n\t\t\t\t<div class=\"elementor-widget-container\">\n\t\t\t\t\t\t\t\t\t<p><strong>Natalia Figueroa, <\/strong><em>Administrative Officer<\/em><br \/><span style=\"color: var( --e-global-color-text );font-family: var( --e-global-typography-text-font-family ), Sans-serif;font-weight: var( --e-global-typography-text-font-weight )\">natalia.figueroa5@upr.edu\u00a0<\/span><\/p>\t\t\t\t\t\t\t\t<\/div>\n\t\t\t\t<\/div>\n\t\t\t\t\t<\/div>\n\t\t<\/div>\n\t\t\t\t<div class=\"elementor-column elementor-col-33 elementor-top-column elementor-element elementor-element-993f027\" data-id=\"993f027\" data-element_type=\"column\" data-e-type=\"column\">\n\t\t\t<div class=\"elementor-widget-wrap elementor-element-populated\">\n\t\t\t\t\t\t<div class=\"elementor-element elementor-element-369b0fa elementor-widget elementor-widget-text-editor\" data-id=\"369b0fa\" data-element_type=\"widget\" data-e-type=\"widget\" data-widget_type=\"text-editor.default\">\n\t\t\t\t<div class=\"elementor-widget-container\">\n\t\t\t\t\t\t\t\t\t<p><strong>Call Us<\/strong><\/p>\t\t\t\t\t\t\t\t<\/div>\n\t\t\t\t<\/div>\n\t\t\t\t<div class=\"elementor-element elementor-element-9768b63 elementor-widget elementor-widget-text-editor\" data-id=\"9768b63\" data-element_type=\"widget\" data-e-type=\"widget\" data-widget_type=\"text-editor.default\">\n\t\t\t\t<div class=\"elementor-widget-container\">\n\t\t\t\t\t\t\t\t\t<p><strong>Main office<br \/><\/strong><span style=\"color: var( --e-global-color-text );font-family: var( --e-global-typography-text-font-family ), Sans-serif;font-weight: var( --e-global-typography-text-font-weight )\">(787) 764-0000<br \/><\/span>Ext: 88179<\/p>\t\t\t\t\t\t\t\t<\/div>\n\t\t\t\t<\/div>\n\t\t\t\t<div class=\"elementor-element elementor-element-420715b elementor-widget elementor-widget-text-editor\" data-id=\"420715b\" data-element_type=\"widget\" data-e-type=\"widget\" data-widget_type=\"text-editor.default\">\n\t\t\t\t<div class=\"elementor-widget-container\">\n\t\t\t\t\t\t\t\t\t<p><strong>Office <\/strong><b>Hours<br \/><\/b>8:00 AM &#8211; 12:00 PM (AST)<br \/>1:00 PM &#8211; 4:30 PM (AST)<\/p>\t\t\t\t\t\t\t\t<\/div>\n\t\t\t\t<\/div>\n\t\t\t\t\t<\/div>\n\t\t<\/div>\n\t\t\t\t\t<\/div>\n\t\t<\/section>\n\t\t\t\t<section class=\"elementor-section elementor-top-section elementor-element elementor-element-1e6d2f7 elementor-section-boxed elementor-section-height-default elementor-section-height-default\" data-id=\"1e6d2f7\" data-element_type=\"section\" data-e-type=\"section\">\n\t\t\t\t\t\t<div class=\"elementor-container elementor-column-gap-default\">\n\t\t\t\t\t<div class=\"elementor-column elementor-col-100 elementor-top-column elementor-element elementor-element-b1cc539\" data-id=\"b1cc539\" data-element_type=\"column\" data-e-type=\"column\">\n\t\t\t<div class=\"elementor-widget-wrap\">\n\t\t\t\t\t\t\t<\/div>\n\t\t<\/div>\n\t\t\t\t\t<\/div>\n\t\t<\/section>\n\t\t\t\t<\/div>\n\t\t","protected":false},"excerpt":{"rendered":"<p>Address University of Puerto RicoR\u00edo Piedras CampusAve. Juan Ponce de LeonJulio Garc\u00eda D\u00edaz Bldg. Office 118San Juan, PR 00931 Email Us General emailid.gene@upr.edu Marimar Vel\u00e1zquez, Program Coordinatormarimar.velazquez1@upr.edu\u00a0 Natalia Figueroa, Administrative Officernatalia.figueroa5@upr.edu\u00a0 Call Us Main office(787) 764-0000Ext: 88179 Office Hours8:00 AM &hellip; <\/p>\n","protected":false},"author":58,"featured_media":0,"parent":0,"menu_order":0,"comment_status":"closed","ping_status":"closed","template":"","meta":{"footnotes":""},"class_list":["post-18669","page","type-page","status-publish","hentry"],"_links":{"self":[{"href":"https:\/\/natsci.uprrp.edu\/idgene\/wp-json\/wp\/v2\/pages\/18669","targetHints":{"allow":["GET"]}}],"collection":[{"href":"https:\/\/natsci.uprrp.edu\/idgene\/wp-json\/wp\/v2\/pages"}],"about":[{"href":"https:\/\/natsci.uprrp.edu\/idgene\/wp-json\/wp\/v2\/types\/page"}],"author":[{"embeddable":true,"href":"https:\/\/natsci.uprrp.edu\/idgene\/wp-json\/wp\/v2\/users\/58"}],"replies":[{"embeddable":true,"href":"https:\/\/natsci.uprrp.edu\/idgene\/wp-json\/wp\/v2\/comments?post=18669"}],"version-history":[{"count":34,"href":"https:\/\/natsci.uprrp.edu\/idgene\/wp-json\/wp\/v2\/pages\/18669\/revisions"}],"predecessor-version":[{"id":19964,"href":"https:\/\/natsci.uprrp.edu\/idgene\/wp-json\/wp\/v2\/pages\/18669\/revisions\/19964"}],"wp:attachment":[{"href":"https:\/\/natsci.uprrp.edu\/idgene\/wp-json\/wp\/v2\/media?parent=18669"}],"curies":[{"name":"wp","href":"https:\/\/api.w.org\/{rel}","templated":true}]}}