{"id":18608,"date":"2023-05-11T18:45:32","date_gmt":"2023-05-11T18:45:32","guid":{"rendered":"https:\/\/natsci.uprrp.edu\/idgene\/?page_id=18608"},"modified":"2025-03-14T20:08:08","modified_gmt":"2025-03-14T20:08:08","slug":"class-2022","status":"publish","type":"page","link":"https:\/\/natsci.uprrp.edu\/idgene\/class-2022\/","title":{"rendered":"Class of 2022-2024"},"content":{"rendered":"\t\t<div data-elementor-type=\"wp-page\" data-elementor-id=\"18608\" class=\"elementor elementor-18608\">\n\t\t\t\t\t\t<section class=\"elementor-section elementor-top-section elementor-element elementor-element-b608377 elementor-section-boxed elementor-section-height-default elementor-section-height-default\" data-id=\"b608377\" data-element_type=\"section\" data-e-type=\"section\">\n\t\t\t\t\t\t<div class=\"elementor-container elementor-column-gap-default\">\n\t\t\t\t\t<div class=\"elementor-column elementor-col-100 elementor-top-column elementor-element elementor-element-da84eff\" data-id=\"da84eff\" data-element_type=\"column\" data-e-type=\"column\">\n\t\t\t<div class=\"elementor-widget-wrap elementor-element-populated\">\n\t\t\t\t\t\t<div class=\"elementor-element elementor-element-87ced5d elementor-widget elementor-widget-image\" data-id=\"87ced5d\" data-element_type=\"widget\" data-e-type=\"widget\" data-widget_type=\"image.default\">\n\t\t\t\t<div class=\"elementor-widget-container\">\n\t\t\t\t\t\t\t\t\t\t\t\t\t\t\t<img fetchpriority=\"high\" decoding=\"async\" width=\"2453\" height=\"590\" src=\"https:\/\/natsci.uprrp.edu\/idgene\/wp-content\/uploads\/sites\/27\/2023\/05\/Foto-Grupal-IDGeNe-Clase-1-Num-2-scaled-e1741982769873.jpg\" class=\"attachment-full size-full wp-image-18634\" alt=\"\" srcset=\"https:\/\/natsci.uprrp.edu\/idgene\/wp-content\/uploads\/sites\/27\/2023\/05\/Foto-Grupal-IDGeNe-Clase-1-Num-2-scaled-e1741982769873.jpg 2453w, https:\/\/natsci.uprrp.edu\/idgene\/wp-content\/uploads\/sites\/27\/2023\/05\/Foto-Grupal-IDGeNe-Clase-1-Num-2-scaled-e1741982769873-300x72.jpg 300w, https:\/\/natsci.uprrp.edu\/idgene\/wp-content\/uploads\/sites\/27\/2023\/05\/Foto-Grupal-IDGeNe-Clase-1-Num-2-scaled-e1741982769873-1024x246.jpg 1024w, https:\/\/natsci.uprrp.edu\/idgene\/wp-content\/uploads\/sites\/27\/2023\/05\/Foto-Grupal-IDGeNe-Clase-1-Num-2-scaled-e1741982769873-768x185.jpg 768w, https:\/\/natsci.uprrp.edu\/idgene\/wp-content\/uploads\/sites\/27\/2023\/05\/Foto-Grupal-IDGeNe-Clase-1-Num-2-scaled-e1741982769873-1536x369.jpg 1536w, https:\/\/natsci.uprrp.edu\/idgene\/wp-content\/uploads\/sites\/27\/2023\/05\/Foto-Grupal-IDGeNe-Clase-1-Num-2-scaled-e1741982769873-2048x493.jpg 2048w\" sizes=\"(max-width: 2453px) 100vw, 2453px\" \/>\t\t\t\t\t\t\t\t\t\t\t\t\t\t\t<\/div>\n\t\t\t\t<\/div>\n\t\t\t\t<div class=\"elementor-element elementor-element-7926524 elementor-widget elementor-widget-spacer\" data-id=\"7926524\" data-element_type=\"widget\" data-e-type=\"widget\" data-widget_type=\"spacer.default\">\n\t\t\t\t<div class=\"elementor-widget-container\">\n\t\t\t\t\t\t\t<div class=\"elementor-spacer\">\n\t\t\t<div class=\"elementor-spacer-inner\"><\/div>\n\t\t<\/div>\n\t\t\t\t\t\t<\/div>\n\t\t\t\t<\/div>\n\t\t\t\t\t<\/div>\n\t\t<\/div>\n\t\t\t\t\t<\/div>\n\t\t<\/section>\n\t\t\t\t<section class=\"elementor-section elementor-top-section elementor-element elementor-element-1797f78 elementor-section-boxed elementor-section-height-default elementor-section-height-default elementor-invisible\" data-id=\"1797f78\" data-element_type=\"section\" data-e-type=\"section\" data-settings=\"{&quot;animation&quot;:&quot;fadeIn&quot;}\">\n\t\t\t\t\t\t<div class=\"elementor-container elementor-column-gap-default\">\n\t\t\t\t\t<div class=\"elementor-column elementor-col-25 elementor-top-column elementor-element elementor-element-8400532\" data-id=\"8400532\" data-element_type=\"column\" data-e-type=\"column\">\n\t\t\t<div class=\"elementor-widget-wrap elementor-element-populated\">\n\t\t\t\t\t\t<div class=\"elementor-element elementor-element-24c2006 elementor-widget elementor-widget-image\" data-id=\"24c2006\" data-element_type=\"widget\" data-e-type=\"widget\" data-widget_type=\"image.default\">\n\t\t\t\t<div class=\"elementor-widget-container\">\n\t\t\t\t\t\t\t\t\t\t\t\t\t\t\t<img decoding=\"async\" width=\"640\" height=\"811\" src=\"https:\/\/natsci.uprrp.edu\/idgene\/wp-content\/uploads\/sites\/27\/2023\/05\/Amanda-Herna\u0301ndez-scaled-e1741956146871-808x1024.jpg\" class=\"attachment-large size-large wp-image-18611\" alt=\"\" srcset=\"https:\/\/natsci.uprrp.edu\/idgene\/wp-content\/uploads\/sites\/27\/2023\/05\/Amanda-Herna\u0301ndez-scaled-e1741956146871-808x1024.jpg 808w, https:\/\/natsci.uprrp.edu\/idgene\/wp-content\/uploads\/sites\/27\/2023\/05\/Amanda-Herna\u0301ndez-scaled-e1741956146871-237x300.jpg 237w, https:\/\/natsci.uprrp.edu\/idgene\/wp-content\/uploads\/sites\/27\/2023\/05\/Amanda-Herna\u0301ndez-scaled-e1741956146871-768x973.jpg 768w, https:\/\/natsci.uprrp.edu\/idgene\/wp-content\/uploads\/sites\/27\/2023\/05\/Amanda-Herna\u0301ndez-scaled-e1741956146871-1213x1536.jpg 1213w, https:\/\/natsci.uprrp.edu\/idgene\/wp-content\/uploads\/sites\/27\/2023\/05\/Amanda-Herna\u0301ndez-scaled-e1741956146871-1617x2048.jpg 1617w, https:\/\/natsci.uprrp.edu\/idgene\/wp-content\/uploads\/sites\/27\/2023\/05\/Amanda-Herna\u0301ndez-scaled-e1741956146871.jpg 1920w\" sizes=\"(max-width: 640px) 100vw, 640px\" \/>\t\t\t\t\t\t\t\t\t\t\t\t\t\t\t<\/div>\n\t\t\t\t<\/div>\n\t\t\t\t<div class=\"elementor-element elementor-element-0203f50 elementor-widget elementor-widget-heading\" data-id=\"0203f50\" data-element_type=\"widget\" data-e-type=\"widget\" data-widget_type=\"heading.default\">\n\t\t\t\t<div class=\"elementor-widget-container\">\n\t\t\t\t\t<h2 class=\"elementor-heading-title elementor-size-medium\">Amanda Hern\u00e1ndez<\/h2>\t\t\t\t<\/div>\n\t\t\t\t<\/div>\n\t\t\t\t\t<\/div>\n\t\t<\/div>\n\t\t\t\t<div class=\"elementor-column elementor-col-25 elementor-top-column elementor-element elementor-element-d8c94c4\" data-id=\"d8c94c4\" data-element_type=\"column\" data-e-type=\"column\">\n\t\t\t<div class=\"elementor-widget-wrap elementor-element-populated\">\n\t\t\t\t\t\t<div class=\"elementor-element elementor-element-8b9cfc4 elementor-widget elementor-widget-image\" data-id=\"8b9cfc4\" data-element_type=\"widget\" data-e-type=\"widget\" data-widget_type=\"image.default\">\n\t\t\t\t<div class=\"elementor-widget-container\">\n\t\t\t\t\t\t\t\t\t\t\t\t\t\t\t<img decoding=\"async\" width=\"640\" height=\"811\" src=\"https:\/\/natsci.uprrp.edu\/idgene\/wp-content\/uploads\/sites\/27\/2023\/05\/Cecilia-Fadhel-1-scaled-e1741956176566-808x1024.jpg\" class=\"attachment-large size-large wp-image-18613\" alt=\"\" srcset=\"https:\/\/natsci.uprrp.edu\/idgene\/wp-content\/uploads\/sites\/27\/2023\/05\/Cecilia-Fadhel-1-scaled-e1741956176566-808x1024.jpg 808w, https:\/\/natsci.uprrp.edu\/idgene\/wp-content\/uploads\/sites\/27\/2023\/05\/Cecilia-Fadhel-1-scaled-e1741956176566-237x300.jpg 237w, https:\/\/natsci.uprrp.edu\/idgene\/wp-content\/uploads\/sites\/27\/2023\/05\/Cecilia-Fadhel-1-scaled-e1741956176566-768x973.jpg 768w, https:\/\/natsci.uprrp.edu\/idgene\/wp-content\/uploads\/sites\/27\/2023\/05\/Cecilia-Fadhel-1-scaled-e1741956176566-1213x1536.jpg 1213w, https:\/\/natsci.uprrp.edu\/idgene\/wp-content\/uploads\/sites\/27\/2023\/05\/Cecilia-Fadhel-1-scaled-e1741956176566-1617x2048.jpg 1617w, https:\/\/natsci.uprrp.edu\/idgene\/wp-content\/uploads\/sites\/27\/2023\/05\/Cecilia-Fadhel-1-scaled-e1741956176566.jpg 1920w\" sizes=\"(max-width: 640px) 100vw, 640px\" \/>\t\t\t\t\t\t\t\t\t\t\t\t\t\t\t<\/div>\n\t\t\t\t<\/div>\n\t\t\t\t<div class=\"elementor-element elementor-element-a8a02c9 elementor-widget elementor-widget-heading\" data-id=\"a8a02c9\" data-element_type=\"widget\" data-e-type=\"widget\" data-widget_type=\"heading.default\">\n\t\t\t\t<div class=\"elementor-widget-container\">\n\t\t\t\t\t<h2 class=\"elementor-heading-title elementor-size-medium\">Cecilia Fadhel<\/h2>\t\t\t\t<\/div>\n\t\t\t\t<\/div>\n\t\t\t\t\t<\/div>\n\t\t<\/div>\n\t\t\t\t<div class=\"elementor-column elementor-col-25 elementor-top-column elementor-element elementor-element-d00b6b1\" data-id=\"d00b6b1\" data-element_type=\"column\" data-e-type=\"column\">\n\t\t\t<div class=\"elementor-widget-wrap elementor-element-populated\">\n\t\t\t\t\t\t<div class=\"elementor-element elementor-element-e3ce507 elementor-widget elementor-widget-image\" data-id=\"e3ce507\" data-element_type=\"widget\" data-e-type=\"widget\" data-widget_type=\"image.default\">\n\t\t\t\t<div class=\"elementor-widget-container\">\n\t\t\t\t\t\t\t\t\t\t\t\t\t\t\t<img loading=\"lazy\" decoding=\"async\" width=\"640\" height=\"811\" src=\"https:\/\/natsci.uprrp.edu\/idgene\/wp-content\/uploads\/sites\/27\/2023\/05\/Jaleniz-Sua\u0301rez-scaled-e1741956203668-808x1024.jpg\" class=\"attachment-large size-large wp-image-18615\" alt=\"\" srcset=\"https:\/\/natsci.uprrp.edu\/idgene\/wp-content\/uploads\/sites\/27\/2023\/05\/Jaleniz-Sua\u0301rez-scaled-e1741956203668-808x1024.jpg 808w, https:\/\/natsci.uprrp.edu\/idgene\/wp-content\/uploads\/sites\/27\/2023\/05\/Jaleniz-Sua\u0301rez-scaled-e1741956203668-237x300.jpg 237w, https:\/\/natsci.uprrp.edu\/idgene\/wp-content\/uploads\/sites\/27\/2023\/05\/Jaleniz-Sua\u0301rez-scaled-e1741956203668-768x973.jpg 768w, https:\/\/natsci.uprrp.edu\/idgene\/wp-content\/uploads\/sites\/27\/2023\/05\/Jaleniz-Sua\u0301rez-scaled-e1741956203668-1213x1536.jpg 1213w, https:\/\/natsci.uprrp.edu\/idgene\/wp-content\/uploads\/sites\/27\/2023\/05\/Jaleniz-Sua\u0301rez-scaled-e1741956203668-1617x2048.jpg 1617w, https:\/\/natsci.uprrp.edu\/idgene\/wp-content\/uploads\/sites\/27\/2023\/05\/Jaleniz-Sua\u0301rez-scaled-e1741956203668.jpg 1920w\" sizes=\"(max-width: 640px) 100vw, 640px\" \/>\t\t\t\t\t\t\t\t\t\t\t\t\t\t\t<\/div>\n\t\t\t\t<\/div>\n\t\t\t\t<div class=\"elementor-element elementor-element-80b16bd elementor-widget elementor-widget-heading\" data-id=\"80b16bd\" data-element_type=\"widget\" data-e-type=\"widget\" data-widget_type=\"heading.default\">\n\t\t\t\t<div class=\"elementor-widget-container\">\n\t\t\t\t\t<h2 class=\"elementor-heading-title elementor-size-medium\">Jaleniz Su\u00e1rez<\/h2>\t\t\t\t<\/div>\n\t\t\t\t<\/div>\n\t\t\t\t\t<\/div>\n\t\t<\/div>\n\t\t\t\t<div class=\"elementor-column elementor-col-25 elementor-top-column elementor-element elementor-element-86e387f\" data-id=\"86e387f\" data-element_type=\"column\" data-e-type=\"column\">\n\t\t\t<div class=\"elementor-widget-wrap elementor-element-populated\">\n\t\t\t\t\t\t<div class=\"elementor-element elementor-element-da241b7 elementor-widget elementor-widget-image\" data-id=\"da241b7\" data-element_type=\"widget\" data-e-type=\"widget\" data-widget_type=\"image.default\">\n\t\t\t\t<div class=\"elementor-widget-container\">\n\t\t\t\t\t\t\t\t\t\t\t\t\t\t\t<img loading=\"lazy\" decoding=\"async\" width=\"640\" height=\"811\" src=\"https:\/\/natsci.uprrp.edu\/idgene\/wp-content\/uploads\/sites\/27\/2023\/05\/Kerianalee-Rivera-scaled-e1741956226349-808x1024.jpg\" class=\"attachment-large size-large wp-image-18616\" alt=\"\" srcset=\"https:\/\/natsci.uprrp.edu\/idgene\/wp-content\/uploads\/sites\/27\/2023\/05\/Kerianalee-Rivera-scaled-e1741956226349-808x1024.jpg 808w, https:\/\/natsci.uprrp.edu\/idgene\/wp-content\/uploads\/sites\/27\/2023\/05\/Kerianalee-Rivera-scaled-e1741956226349-237x300.jpg 237w, https:\/\/natsci.uprrp.edu\/idgene\/wp-content\/uploads\/sites\/27\/2023\/05\/Kerianalee-Rivera-scaled-e1741956226349-768x973.jpg 768w, https:\/\/natsci.uprrp.edu\/idgene\/wp-content\/uploads\/sites\/27\/2023\/05\/Kerianalee-Rivera-scaled-e1741956226349-1213x1536.jpg 1213w, https:\/\/natsci.uprrp.edu\/idgene\/wp-content\/uploads\/sites\/27\/2023\/05\/Kerianalee-Rivera-scaled-e1741956226349-1617x2048.jpg 1617w, https:\/\/natsci.uprrp.edu\/idgene\/wp-content\/uploads\/sites\/27\/2023\/05\/Kerianalee-Rivera-scaled-e1741956226349.jpg 1920w\" sizes=\"(max-width: 640px) 100vw, 640px\" \/>\t\t\t\t\t\t\t\t\t\t\t\t\t\t\t<\/div>\n\t\t\t\t<\/div>\n\t\t\t\t<div class=\"elementor-element elementor-element-9350709 elementor-widget elementor-widget-heading\" data-id=\"9350709\" data-element_type=\"widget\" data-e-type=\"widget\" data-widget_type=\"heading.default\">\n\t\t\t\t<div class=\"elementor-widget-container\">\n\t\t\t\t\t<h2 class=\"elementor-heading-title elementor-size-medium\">Kerianalee Rivera<\/h2>\t\t\t\t<\/div>\n\t\t\t\t<\/div>\n\t\t\t\t\t<\/div>\n\t\t<\/div>\n\t\t\t\t\t<\/div>\n\t\t<\/section>\n\t\t\t\t<section class=\"elementor-section elementor-top-section elementor-element elementor-element-8fb1dca elementor-section-boxed elementor-section-height-default elementor-section-height-default\" data-id=\"8fb1dca\" data-element_type=\"section\" data-e-type=\"section\">\n\t\t\t\t\t\t<div class=\"elementor-container elementor-column-gap-default\">\n\t\t\t\t\t<div class=\"elementor-column elementor-col-100 elementor-top-column elementor-element elementor-element-48b5423\" data-id=\"48b5423\" data-element_type=\"column\" data-e-type=\"column\">\n\t\t\t<div class=\"elementor-widget-wrap elementor-element-populated\">\n\t\t\t\t\t\t<div class=\"elementor-element elementor-element-b5ca161 elementor-widget elementor-widget-spacer\" data-id=\"b5ca161\" data-element_type=\"widget\" data-e-type=\"widget\" data-widget_type=\"spacer.default\">\n\t\t\t\t<div class=\"elementor-widget-container\">\n\t\t\t\t\t\t\t<div class=\"elementor-spacer\">\n\t\t\t<div class=\"elementor-spacer-inner\"><\/div>\n\t\t<\/div>\n\t\t\t\t\t\t<\/div>\n\t\t\t\t<\/div>\n\t\t\t\t\t<\/div>\n\t\t<\/div>\n\t\t\t\t\t<\/div>\n\t\t<\/section>\n\t\t\t\t<section class=\"elementor-section elementor-top-section elementor-element elementor-element-f0667a8 elementor-section-boxed elementor-section-height-default elementor-section-height-default elementor-invisible\" data-id=\"f0667a8\" data-element_type=\"section\" data-e-type=\"section\" data-settings=\"{&quot;animation&quot;:&quot;fadeIn&quot;}\">\n\t\t\t\t\t\t<div class=\"elementor-container elementor-column-gap-default\">\n\t\t\t\t\t<div class=\"elementor-column elementor-col-25 elementor-top-column elementor-element elementor-element-e1d30e0\" data-id=\"e1d30e0\" data-element_type=\"column\" data-e-type=\"column\">\n\t\t\t<div class=\"elementor-widget-wrap elementor-element-populated\">\n\t\t\t\t\t\t<div class=\"elementor-element elementor-element-9da457c elementor-widget elementor-widget-image\" data-id=\"9da457c\" data-element_type=\"widget\" data-e-type=\"widget\" data-widget_type=\"image.default\">\n\t\t\t\t<div class=\"elementor-widget-container\">\n\t\t\t\t\t\t\t\t\t\t\t\t\t\t\t<img loading=\"lazy\" decoding=\"async\" width=\"640\" height=\"811\" src=\"https:\/\/natsci.uprrp.edu\/idgene\/wp-content\/uploads\/sites\/27\/2023\/05\/Mayra-Haedo-scaled-e1741956368366-808x1024.jpg\" class=\"attachment-large size-large wp-image-18623\" alt=\"\" srcset=\"https:\/\/natsci.uprrp.edu\/idgene\/wp-content\/uploads\/sites\/27\/2023\/05\/Mayra-Haedo-scaled-e1741956368366-808x1024.jpg 808w, https:\/\/natsci.uprrp.edu\/idgene\/wp-content\/uploads\/sites\/27\/2023\/05\/Mayra-Haedo-scaled-e1741956368366-237x300.jpg 237w, https:\/\/natsci.uprrp.edu\/idgene\/wp-content\/uploads\/sites\/27\/2023\/05\/Mayra-Haedo-scaled-e1741956368366-768x973.jpg 768w, https:\/\/natsci.uprrp.edu\/idgene\/wp-content\/uploads\/sites\/27\/2023\/05\/Mayra-Haedo-scaled-e1741956368366-1213x1536.jpg 1213w, https:\/\/natsci.uprrp.edu\/idgene\/wp-content\/uploads\/sites\/27\/2023\/05\/Mayra-Haedo-scaled-e1741956368366-1617x2048.jpg 1617w, https:\/\/natsci.uprrp.edu\/idgene\/wp-content\/uploads\/sites\/27\/2023\/05\/Mayra-Haedo-scaled-e1741956368366.jpg 1920w\" sizes=\"(max-width: 640px) 100vw, 640px\" \/>\t\t\t\t\t\t\t\t\t\t\t\t\t\t\t<\/div>\n\t\t\t\t<\/div>\n\t\t\t\t<div class=\"elementor-element elementor-element-639fe82 elementor-widget elementor-widget-heading\" data-id=\"639fe82\" data-element_type=\"widget\" data-e-type=\"widget\" data-widget_type=\"heading.default\">\n\t\t\t\t<div class=\"elementor-widget-container\">\n\t\t\t\t\t<h2 class=\"elementor-heading-title elementor-size-medium\">Mayra Haedo<\/h2>\t\t\t\t<\/div>\n\t\t\t\t<\/div>\n\t\t\t\t\t<\/div>\n\t\t<\/div>\n\t\t\t\t<div class=\"elementor-column elementor-col-25 elementor-top-column elementor-element elementor-element-06fae94\" data-id=\"06fae94\" data-element_type=\"column\" data-e-type=\"column\">\n\t\t\t<div class=\"elementor-widget-wrap elementor-element-populated\">\n\t\t\t\t\t\t<div class=\"elementor-element elementor-element-ef1db50 elementor-widget elementor-widget-image\" data-id=\"ef1db50\" data-element_type=\"widget\" data-e-type=\"widget\" data-widget_type=\"image.default\">\n\t\t\t\t<div class=\"elementor-widget-container\">\n\t\t\t\t\t\t\t\t\t\t\t\t\t\t\t<img loading=\"lazy\" decoding=\"async\" width=\"640\" height=\"811\" src=\"https:\/\/natsci.uprrp.edu\/idgene\/wp-content\/uploads\/sites\/27\/2023\/05\/Leandro-Sanabria-scaled-e1741956289609-808x1024.jpg\" class=\"attachment-large size-large wp-image-18622\" alt=\"\" srcset=\"https:\/\/natsci.uprrp.edu\/idgene\/wp-content\/uploads\/sites\/27\/2023\/05\/Leandro-Sanabria-scaled-e1741956289609-808x1024.jpg 808w, https:\/\/natsci.uprrp.edu\/idgene\/wp-content\/uploads\/sites\/27\/2023\/05\/Leandro-Sanabria-scaled-e1741956289609-237x300.jpg 237w, https:\/\/natsci.uprrp.edu\/idgene\/wp-content\/uploads\/sites\/27\/2023\/05\/Leandro-Sanabria-scaled-e1741956289609-768x973.jpg 768w, https:\/\/natsci.uprrp.edu\/idgene\/wp-content\/uploads\/sites\/27\/2023\/05\/Leandro-Sanabria-scaled-e1741956289609-1213x1536.jpg 1213w, https:\/\/natsci.uprrp.edu\/idgene\/wp-content\/uploads\/sites\/27\/2023\/05\/Leandro-Sanabria-scaled-e1741956289609-1617x2048.jpg 1617w, https:\/\/natsci.uprrp.edu\/idgene\/wp-content\/uploads\/sites\/27\/2023\/05\/Leandro-Sanabria-scaled-e1741956289609.jpg 1920w\" sizes=\"(max-width: 640px) 100vw, 640px\" \/>\t\t\t\t\t\t\t\t\t\t\t\t\t\t\t<\/div>\n\t\t\t\t<\/div>\n\t\t\t\t<div class=\"elementor-element elementor-element-c60a135 elementor-widget elementor-widget-heading\" data-id=\"c60a135\" data-element_type=\"widget\" data-e-type=\"widget\" data-widget_type=\"heading.default\">\n\t\t\t\t<div class=\"elementor-widget-container\">\n\t\t\t\t\t<h2 class=\"elementor-heading-title elementor-size-medium\">Leonardo Sanabria<\/h2>\t\t\t\t<\/div>\n\t\t\t\t<\/div>\n\t\t\t\t\t<\/div>\n\t\t<\/div>\n\t\t\t\t<div class=\"elementor-column elementor-col-25 elementor-top-column elementor-element elementor-element-524b7a7\" data-id=\"524b7a7\" data-element_type=\"column\" data-e-type=\"column\">\n\t\t\t<div class=\"elementor-widget-wrap elementor-element-populated\">\n\t\t\t\t\t\t<div class=\"elementor-element elementor-element-b74a18b elementor-widget elementor-widget-image\" data-id=\"b74a18b\" data-element_type=\"widget\" data-e-type=\"widget\" data-widget_type=\"image.default\">\n\t\t\t\t<div class=\"elementor-widget-container\">\n\t\t\t\t\t\t\t\t\t\t\t\t\t\t\t<img loading=\"lazy\" decoding=\"async\" width=\"640\" height=\"811\" src=\"https:\/\/natsci.uprrp.edu\/idgene\/wp-content\/uploads\/sites\/27\/2023\/05\/Sarah-Latimer-scaled-e1741956311381-808x1024.jpg\" class=\"attachment-large size-large wp-image-18626\" alt=\"\" srcset=\"https:\/\/natsci.uprrp.edu\/idgene\/wp-content\/uploads\/sites\/27\/2023\/05\/Sarah-Latimer-scaled-e1741956311381-808x1024.jpg 808w, https:\/\/natsci.uprrp.edu\/idgene\/wp-content\/uploads\/sites\/27\/2023\/05\/Sarah-Latimer-scaled-e1741956311381-237x300.jpg 237w, https:\/\/natsci.uprrp.edu\/idgene\/wp-content\/uploads\/sites\/27\/2023\/05\/Sarah-Latimer-scaled-e1741956311381-768x973.jpg 768w, https:\/\/natsci.uprrp.edu\/idgene\/wp-content\/uploads\/sites\/27\/2023\/05\/Sarah-Latimer-scaled-e1741956311381-1213x1536.jpg 1213w, https:\/\/natsci.uprrp.edu\/idgene\/wp-content\/uploads\/sites\/27\/2023\/05\/Sarah-Latimer-scaled-e1741956311381-1617x2048.jpg 1617w, https:\/\/natsci.uprrp.edu\/idgene\/wp-content\/uploads\/sites\/27\/2023\/05\/Sarah-Latimer-scaled-e1741956311381.jpg 1920w\" sizes=\"(max-width: 640px) 100vw, 640px\" \/>\t\t\t\t\t\t\t\t\t\t\t\t\t\t\t<\/div>\n\t\t\t\t<\/div>\n\t\t\t\t<div class=\"elementor-element elementor-element-e3e0d84 elementor-widget elementor-widget-heading\" data-id=\"e3e0d84\" data-element_type=\"widget\" data-e-type=\"widget\" data-widget_type=\"heading.default\">\n\t\t\t\t<div class=\"elementor-widget-container\">\n\t\t\t\t\t<h2 class=\"elementor-heading-title elementor-size-medium\">Sarah Latimer<\/h2>\t\t\t\t<\/div>\n\t\t\t\t<\/div>\n\t\t\t\t\t<\/div>\n\t\t<\/div>\n\t\t\t\t<div class=\"elementor-column elementor-col-25 elementor-top-column elementor-element elementor-element-dc81929\" data-id=\"dc81929\" data-element_type=\"column\" data-e-type=\"column\">\n\t\t\t<div class=\"elementor-widget-wrap elementor-element-populated\">\n\t\t\t\t\t\t<div class=\"elementor-element elementor-element-d610c14 elementor-widget elementor-widget-image\" data-id=\"d610c14\" data-element_type=\"widget\" data-e-type=\"widget\" data-widget_type=\"image.default\">\n\t\t\t\t<div class=\"elementor-widget-container\">\n\t\t\t\t\t\t\t\t\t\t\t\t\t\t\t<img loading=\"lazy\" decoding=\"async\" width=\"640\" height=\"811\" src=\"https:\/\/natsci.uprrp.edu\/idgene\/wp-content\/uploads\/sites\/27\/2023\/05\/Vero\u0301nica-Sa\u0301nchez-scaled-e1741956340479-808x1024.jpg\" class=\"attachment-large size-large wp-image-18627\" alt=\"\" srcset=\"https:\/\/natsci.uprrp.edu\/idgene\/wp-content\/uploads\/sites\/27\/2023\/05\/Vero\u0301nica-Sa\u0301nchez-scaled-e1741956340479-808x1024.jpg 808w, https:\/\/natsci.uprrp.edu\/idgene\/wp-content\/uploads\/sites\/27\/2023\/05\/Vero\u0301nica-Sa\u0301nchez-scaled-e1741956340479-237x300.jpg 237w, https:\/\/natsci.uprrp.edu\/idgene\/wp-content\/uploads\/sites\/27\/2023\/05\/Vero\u0301nica-Sa\u0301nchez-scaled-e1741956340479-768x973.jpg 768w, https:\/\/natsci.uprrp.edu\/idgene\/wp-content\/uploads\/sites\/27\/2023\/05\/Vero\u0301nica-Sa\u0301nchez-scaled-e1741956340479-1213x1536.jpg 1213w, https:\/\/natsci.uprrp.edu\/idgene\/wp-content\/uploads\/sites\/27\/2023\/05\/Vero\u0301nica-Sa\u0301nchez-scaled-e1741956340479-1617x2048.jpg 1617w, https:\/\/natsci.uprrp.edu\/idgene\/wp-content\/uploads\/sites\/27\/2023\/05\/Vero\u0301nica-Sa\u0301nchez-scaled-e1741956340479.jpg 1920w\" sizes=\"(max-width: 640px) 100vw, 640px\" \/>\t\t\t\t\t\t\t\t\t\t\t\t\t\t\t<\/div>\n\t\t\t\t<\/div>\n\t\t\t\t<div class=\"elementor-element elementor-element-739a100 elementor-widget elementor-widget-heading\" data-id=\"739a100\" data-element_type=\"widget\" data-e-type=\"widget\" data-widget_type=\"heading.default\">\n\t\t\t\t<div class=\"elementor-widget-container\">\n\t\t\t\t\t<h2 class=\"elementor-heading-title elementor-size-medium\">Ver\u00f3nica S\u00e1nchez<\/h2>\t\t\t\t<\/div>\n\t\t\t\t<\/div>\n\t\t\t\t\t<\/div>\n\t\t<\/div>\n\t\t\t\t\t<\/div>\n\t\t<\/section>\n\t\t\t\t<section class=\"elementor-section elementor-top-section elementor-element elementor-element-fda2971 elementor-section-boxed elementor-section-height-default elementor-section-height-default\" data-id=\"fda2971\" data-element_type=\"section\" data-e-type=\"section\">\n\t\t\t\t\t\t<div class=\"elementor-container elementor-column-gap-default\">\n\t\t\t\t\t<div class=\"elementor-column elementor-col-100 elementor-top-column elementor-element elementor-element-2aa2302\" data-id=\"2aa2302\" data-element_type=\"column\" data-e-type=\"column\">\n\t\t\t<div class=\"elementor-widget-wrap elementor-element-populated\">\n\t\t\t\t\t\t<div class=\"elementor-element elementor-element-0cbf25b elementor-widget elementor-widget-spacer\" data-id=\"0cbf25b\" data-element_type=\"widget\" data-e-type=\"widget\" data-widget_type=\"spacer.default\">\n\t\t\t\t<div class=\"elementor-widget-container\">\n\t\t\t\t\t\t\t<div class=\"elementor-spacer\">\n\t\t\t<div class=\"elementor-spacer-inner\"><\/div>\n\t\t<\/div>\n\t\t\t\t\t\t<\/div>\n\t\t\t\t<\/div>\n\t\t\t\t\t<\/div>\n\t\t<\/div>\n\t\t\t\t\t<\/div>\n\t\t<\/section>\n\t\t\t\t<\/div>\n\t\t","protected":false},"excerpt":{"rendered":"<p>Amanda Hern\u00e1ndez Cecilia Fadhel Jaleniz Su\u00e1rez Kerianalee Rivera Mayra Haedo Leonardo Sanabria Sarah Latimer Ver\u00f3nica S\u00e1nchez<\/p>\n","protected":false},"author":58,"featured_media":0,"parent":0,"menu_order":0,"comment_status":"closed","ping_status":"closed","template":"","meta":{"footnotes":""},"class_list":["post-18608","page","type-page","status-publish","hentry"],"_links":{"self":[{"href":"https:\/\/natsci.uprrp.edu\/idgene\/wp-json\/wp\/v2\/pages\/18608","targetHints":{"allow":["GET"]}}],"collection":[{"href":"https:\/\/natsci.uprrp.edu\/idgene\/wp-json\/wp\/v2\/pages"}],"about":[{"href":"https:\/\/natsci.uprrp.edu\/idgene\/wp-json\/wp\/v2\/types\/page"}],"author":[{"embeddable":true,"href":"https:\/\/natsci.uprrp.edu\/idgene\/wp-json\/wp\/v2\/users\/58"}],"replies":[{"embeddable":true,"href":"https:\/\/natsci.uprrp.edu\/idgene\/wp-json\/wp\/v2\/comments?post=18608"}],"version-history":[{"count":21,"href":"https:\/\/natsci.uprrp.edu\/idgene\/wp-json\/wp\/v2\/pages\/18608\/revisions"}],"predecessor-version":[{"id":19438,"href":"https:\/\/natsci.uprrp.edu\/idgene\/wp-json\/wp\/v2\/pages\/18608\/revisions\/19438"}],"wp:attachment":[{"href":"https:\/\/natsci.uprrp.edu\/idgene\/wp-json\/wp\/v2\/media?parent=18608"}],"curies":[{"name":"wp","href":"https:\/\/api.w.org\/{rel}","templated":true}]}}