{"id":985,"date":"2018-03-19T09:24:29","date_gmt":"2018-03-19T13:24:29","guid":{"rendered":"http:\/\/natsci.uprrp.edu\/es\/?page_id=985"},"modified":"2018-04-17T14:16:13","modified_gmt":"2018-04-17T18:16:13","slug":"ilustracion-cientifica","status":"publish","type":"page","link":"https:\/\/natsci.uprrp.edu\/es\/ilustracion-cientifica\/","title":{"rendered":"Ilustraci\u00f3n Cient\u00edfica"},"content":{"rendered":"<p>En el Centro de Informaci\u00f3n y Tecnolog\u00eda El Sr. Jos\u00e9 Terr\u00f3n es es ilustrador cient\u00edfico de nuestra facultad. Extensi\u00f3n: x88393. Email: jose.terron@upr.edu<\/p>\n","protected":false},"excerpt":{"rendered":"<p>En el Centro de Informaci\u00f3n y Tecnolog\u00eda El Sr. Jos\u00e9 Terr\u00f3n es es ilustrador cient\u00edfico de nuestra facultad. Extensi\u00f3n: x88393. Email: jose.terron@upr.edu<\/p>\n","protected":false},"author":7,"featured_media":0,"parent":0,"menu_order":1000,"comment_status":"closed","ping_status":"closed","template":"","meta":{"footnotes":""},"class_list":["post-985","page","type-page","status-publish"],"_links":{"self":[{"href":"https:\/\/natsci.uprrp.edu\/es\/wp-json\/wp\/v2\/pages\/985","targetHints":{"allow":["GET"]}}],"collection":[{"href":"https:\/\/natsci.uprrp.edu\/es\/wp-json\/wp\/v2\/pages"}],"about":[{"href":"https:\/\/natsci.uprrp.edu\/es\/wp-json\/wp\/v2\/types\/page"}],"author":[{"embeddable":true,"href":"https:\/\/natsci.uprrp.edu\/es\/wp-json\/wp\/v2\/users\/7"}],"replies":[{"embeddable":true,"href":"https:\/\/natsci.uprrp.edu\/es\/wp-json\/wp\/v2\/comments?post=985"}],"version-history":[{"count":1,"href":"https:\/\/natsci.uprrp.edu\/es\/wp-json\/wp\/v2\/pages\/985\/revisions"}],"predecessor-version":[{"id":987,"href":"https:\/\/natsci.uprrp.edu\/es\/wp-json\/wp\/v2\/pages\/985\/revisions\/987"}],"wp:attachment":[{"href":"https:\/\/natsci.uprrp.edu\/es\/wp-json\/wp\/v2\/media?parent=985"}],"curies":[{"name":"wp","href":"https:\/\/api.w.org\/{rel}","templated":true}]}}