{"id":918,"date":"2018-03-02T23:39:38","date_gmt":"2018-03-03T03:39:38","guid":{"rendered":"http:\/\/natsci.uprrp.edu\/es\/?page_id=918"},"modified":"2018-04-17T14:21:25","modified_gmt":"2018-04-17T18:21:25","slug":"red-graduada","status":"publish","type":"page","link":"https:\/\/natsci.uprrp.edu\/es\/red-graduada\/","title":{"rendered":"Red Graduada"},"content":{"rendered":"<p>El Centro de Aprendizaje y Desarrollo Profesional \/ Red Graduada le brinda servicios principalmente a estudiantes graduados, entre los cuales se encuentran:<\/p>\n<ul>\n<li>Pr\u00e9stamos de salones y equipos<\/li>\n<li>Programa de Mentor\u00eda<\/li>\n<li>Acceso en l\u00ednea a informaci\u00f3n y recursos disponibles en y fuera del campus<\/li>\n<li>Talleres de capacitaci\u00f3n, cursos cortos y seminarios para mejorar el proceso de ense\u00f1anza-aprendizaje, la investigaci\u00f3n y las destrezas de comunicaci\u00f3n.<\/li>\n<\/ul>\n<hr \/>\n<p><strong>INFORMACI\u00d3N DE CONTACTO<\/strong><\/p>\n<hr \/>\n<p><strong>RED GRADUADA<\/strong><\/p>\n<p>Direcci\u00f3n F\u00edsica<br \/>\nSegundo Piso Biblioteca Jos\u00e9 M. L\u00e1zaro<\/p>\n<p>T. Recepci\u00f3n: (787) 764-0000 Ext.86780<\/p>\n<p>Horario<br \/>\nlunes a jueves: 8:00 a.m. &#8211; 10:00 p.m.<br \/>\nviernes: 8:00 a.m. &#8211; 5:00 p.m.<br \/>\ns\u00e1bados: 8:30 a.m. &#8211; 5:00 p.m.<br \/>\ndomingos: 12:00 p.m. &#8211; 10:00 p.m.<\/p>\n<p>P\u00e1gina Web: <a href=\"http:\/\/gradnet.uprrp.edu\/\" target=\"_blank\" rel=\"noopener\">Red Gaduada<\/a><\/p>\n","protected":false},"excerpt":{"rendered":"<p>El Centro de Aprendizaje y Desarrollo Profesional \/ Red Graduada le brinda servicios principalmente a estudiantes graduados, entre los cuales se encuentran: Pr\u00e9stamos de salones y equipos Programa de Mentor\u00eda Acceso en l\u00ednea a informaci\u00f3n y recursos disponibles en y fuera del campus Talleres de capacitaci\u00f3n, cursos cortos y seminarios para mejorar el proceso de<\/p>\n<div class=\"read-more\"><a href=\"https:\/\/natsci.uprrp.edu\/es\/red-graduada\/\" title=\"Read More\">Read More<\/a><\/div>\n","protected":false},"author":7,"featured_media":0,"parent":0,"menu_order":1000,"comment_status":"closed","ping_status":"closed","template":"","meta":{"rs_blank_template":"","rs_page_bg_color":"","slide_template_v7":"","footnotes":""},"class_list":["post-918","page","type-page","status-publish"],"_links":{"self":[{"href":"https:\/\/natsci.uprrp.edu\/es\/wp-json\/wp\/v2\/pages\/918","targetHints":{"allow":["GET"]}}],"collection":[{"href":"https:\/\/natsci.uprrp.edu\/es\/wp-json\/wp\/v2\/pages"}],"about":[{"href":"https:\/\/natsci.uprrp.edu\/es\/wp-json\/wp\/v2\/types\/page"}],"author":[{"embeddable":true,"href":"https:\/\/natsci.uprrp.edu\/es\/wp-json\/wp\/v2\/users\/7"}],"replies":[{"embeddable":true,"href":"https:\/\/natsci.uprrp.edu\/es\/wp-json\/wp\/v2\/comments?post=918"}],"version-history":[{"count":2,"href":"https:\/\/natsci.uprrp.edu\/es\/wp-json\/wp\/v2\/pages\/918\/revisions"}],"predecessor-version":[{"id":921,"href":"https:\/\/natsci.uprrp.edu\/es\/wp-json\/wp\/v2\/pages\/918\/revisions\/921"}],"wp:attachment":[{"href":"https:\/\/natsci.uprrp.edu\/es\/wp-json\/wp\/v2\/media?parent=918"}],"curies":[{"name":"wp","href":"https:\/\/api.w.org\/{rel}","templated":true}]}}