{"id":915,"date":"2018-03-02T23:27:21","date_gmt":"2018-03-03T03:27:21","guid":{"rendered":"http:\/\/natsci.uprrp.edu\/es\/?page_id=915"},"modified":"2018-05-08T10:04:34","modified_gmt":"2018-05-08T14:04:34","slug":"biblioteca","status":"publish","type":"page","link":"https:\/\/natsci.uprrp.edu\/es\/biblioteca\/","title":{"rendered":"Biblioteca"},"content":{"rendered":"<p>El Centro de Informaci\u00f3n y Tecnolog\u00eda participa activamente en los procesos de ense\u00f1anza, aprendizaje e investigaci\u00f3n.\u00a0 A continuaci\u00f3n los servicios que provee:<\/p>\n<ul>\n<li style=\"font-size: 14px\">Salones de estudio grupal<\/li>\n<li>\u00c1reas para estudio individual<\/li>\n<li>Laboratorios de computadoras Fase I CN-114<\/li>\n<li>Centro de Tutor\u00edas Fase II A-316<\/li>\n<li>Oficina para Ayudantes de C\u00e1tedra Fase I CN-252<\/li>\n<li>Talleres que fomentan el desarrollo de las competencias de informaci\u00f3n<\/li>\n<li>Fotocopias e impresi\u00f3n<\/li>\n<li>Pr\u00e9stamos interbibliotecarios locales e internacionales<\/li>\n<li>Consultas presenciales y virtuales<\/li>\n<li>Pr\u00e9stamos de recursos impresos<\/li>\n<li>Acceso a recursos de informaci\u00f3n electr\u00f3nicos<\/li>\n<li>Acceso a computadoras e Internet<\/li>\n<\/ul>\n<hr \/>\n<p><strong>INFORMACI\u00d3N DE CONTACTO<\/strong><\/p>\n<hr \/>\n<p><strong>CENTRO DE INFORMACI\u00d3N Y TECNOLOG\u00cdA (CITEC)<\/strong><\/p>\n<p>Direcci\u00f3n F\u00edsica:<br \/>\nFacultad de Ciencias Naturales Fase 2<br \/>\nT. (787) 764-0000 Ext. 88376; 88370<br \/>\nP\u00e1gina Web: <a href=\"http:\/\/www.upr.edu\/biblioteca-uprrp-cn\/\" target=\"_blank\" rel=\"noopener\">Centro de Informaci\u00f3n y Tecnolog\u00eda<\/a><\/p>\n","protected":false},"excerpt":{"rendered":"<p>El Centro de Informaci\u00f3n y Tecnolog\u00eda participa activamente en los procesos de ense\u00f1anza, aprendizaje e investigaci\u00f3n.\u00a0 A continuaci\u00f3n los servicios que provee: Salones de estudio grupal \u00c1reas para estudio individual Laboratorios de computadoras Fase I CN-114 Centro de Tutor\u00edas Fase II A-316 Oficina para Ayudantes de C\u00e1tedra Fase I CN-252 Talleres que fomentan el desarrollo<\/p>\n<div class=\"read-more\"><a href=\"https:\/\/natsci.uprrp.edu\/es\/biblioteca\/\" title=\"Read More\">Read More<\/a><\/div>\n","protected":false},"author":7,"featured_media":0,"parent":0,"menu_order":1000,"comment_status":"closed","ping_status":"closed","template":"","meta":{"rs_blank_template":"","rs_page_bg_color":"","slide_template_v7":"","footnotes":""},"class_list":["post-915","page","type-page","status-publish"],"_links":{"self":[{"href":"https:\/\/natsci.uprrp.edu\/es\/wp-json\/wp\/v2\/pages\/915","targetHints":{"allow":["GET"]}}],"collection":[{"href":"https:\/\/natsci.uprrp.edu\/es\/wp-json\/wp\/v2\/pages"}],"about":[{"href":"https:\/\/natsci.uprrp.edu\/es\/wp-json\/wp\/v2\/types\/page"}],"author":[{"embeddable":true,"href":"https:\/\/natsci.uprrp.edu\/es\/wp-json\/wp\/v2\/users\/7"}],"replies":[{"embeddable":true,"href":"https:\/\/natsci.uprrp.edu\/es\/wp-json\/wp\/v2\/comments?post=915"}],"version-history":[{"count":3,"href":"https:\/\/natsci.uprrp.edu\/es\/wp-json\/wp\/v2\/pages\/915\/revisions"}],"predecessor-version":[{"id":1312,"href":"https:\/\/natsci.uprrp.edu\/es\/wp-json\/wp\/v2\/pages\/915\/revisions\/1312"}],"wp:attachment":[{"href":"https:\/\/natsci.uprrp.edu\/es\/wp-json\/wp\/v2\/media?parent=915"}],"curies":[{"name":"wp","href":"https:\/\/api.w.org\/{rel}","templated":true}]}}