{"id":850,"date":"2018-02-26T13:22:13","date_gmt":"2018-02-26T17:22:13","guid":{"rendered":"http:\/\/natsci.uprrp.edu\/es\/?page_id=850"},"modified":"2018-04-17T14:13:50","modified_gmt":"2018-04-17T18:13:50","slug":"consejeria-trabajo-social-y-psicologia","status":"publish","type":"page","link":"https:\/\/natsci.uprrp.edu\/es\/consejeria-trabajo-social-y-psicologia\/","title":{"rendered":"CONSEJER\u00cdA, TRABAJO SOCIAL Y PSICOLOG\u00cdA"},"content":{"rendered":"<p>El Departamento de Consejer\u00eda para el Desarrollo Estudiantil (DCODE, por sus siglas) le ofrece a los estudiantes los siguientes servicios:<\/p>\n<ul>\n<li>Consejer\u00eda individual y grupal<\/li>\n<li>Psicoterapia individual y grupal<\/li>\n<li>Grupos de Apoyo<\/li>\n<li>Administraci\u00f3n e interpretaci\u00f3n de inventarios de intereses vocacionales<\/li>\n<li>Talleres sobre temas relacionados a bienestar emocional, estrategias de \u00e9xito acad\u00e9micas como por ejemplo: organizaci\u00f3n y manejo del tiempo, t\u00e9cnicas de memorizaci\u00f3n, manejo de ansiedad ante ex\u00e1menes, t\u00e9cnicas de lectura y toma de notas, entre otras<\/li>\n<li>Adiestramientos especializados<\/li>\n<li>Orientaci\u00f3n y consejer\u00eda acerca de carreras e\u00a0informaci\u00f3n ocupacional y de universidades y programas de estudios en el mundo<\/li>\n<li>Orientaci\u00f3n sobre ofrecimientos acad\u00e9micos de universidades e internados y sobre ayudas econ\u00f3micas para estudiante en o fuera de Puerto Rico<\/li>\n<li>Orientaci\u00f3n sobre las solicitudes para ex\u00e1menes de ingreso y ubicaci\u00f3n a programas graduados (EXADEP, TOEFL, GRE Y GMAT)<\/li>\n<li>Programa ConVida para la prevenci\u00f3n de suicidio<\/li>\n<li>Programa de Estudiantes Orientadores donde j\u00f3venes\u00a0universitarios\/as como t\u00fa facilitan tu proceso de integraci\u00f3n y adaptaci\u00f3n a la vida universitaria sirvi\u00e9ndote de enlace con las distintas dependencias del Recinto.<\/li>\n<\/ul>\n<h3><strong>Si tienes una crisis fuera de horas laborales, debes llamar inmediatamente a la Linea PAS al 1(800) 981-0023, al 911 o ir a la sala de emergencias del hospital m\u00e1s cercano.<\/strong><\/h3>\n<hr \/>\n<p><strong>INFORMACI\u00d3N DE CONTACTO<\/strong><\/p>\n<hr \/>\n<p><strong>DEPARTAMENTO DE CONSEJER\u00cdA PARA EL DESARROLLO ESTUDIANTIL (DCODE)<\/strong><\/p>\n<p><span style=\"font-family: 'Open Sans', Arial, sans-serif;font-size: 14px\">Direcci\u00f3n f\u00edsica<br \/>\n<\/span><span style=\"font-family: 'Open Sans', Arial, sans-serif;font-size: 14px\">Primer Piso Edificio Carlota Matienzo (desde el Hurac\u00e1n Mar\u00eda se encuentran ofreciendo sus servicios desde la Casa de la Facultad, frente al Centro de Estudiantes)<\/p>\n<p><\/span>T. (787) 764-0000 Ext. 86500, 86501<\/p>\n<p>Correo electr\u00f3nico: dcode.consejeria@upr.edu<\/p>\n<p>Horario:<br \/>\nLunes a viernes de 8:00am \u2013 4:30pm<\/p>\n","protected":false},"excerpt":{"rendered":"<p>El Departamento de Consejer\u00eda para el Desarrollo Estudiantil (DCODE, por sus siglas) le ofrece a los estudiantes los siguientes servicios: Consejer\u00eda individual y grupal Psicoterapia individual y grupal Grupos de Apoyo Administraci\u00f3n e interpretaci\u00f3n de inventarios de intereses vocacionales Talleres sobre temas relacionados a bienestar emocional, estrategias de \u00e9xito acad\u00e9micas como por ejemplo: organizaci\u00f3n y<\/p>\n<div class=\"read-more\"><a href=\"https:\/\/natsci.uprrp.edu\/es\/consejeria-trabajo-social-y-psicologia\/\" title=\"Read More\">Read More<\/a><\/div>\n","protected":false},"author":7,"featured_media":0,"parent":0,"menu_order":1000,"comment_status":"closed","ping_status":"closed","template":"","meta":{"rs_blank_template":"","rs_page_bg_color":"","slide_template_v7":"","footnotes":""},"class_list":["post-850","page","type-page","status-publish"],"_links":{"self":[{"href":"https:\/\/natsci.uprrp.edu\/es\/wp-json\/wp\/v2\/pages\/850","targetHints":{"allow":["GET"]}}],"collection":[{"href":"https:\/\/natsci.uprrp.edu\/es\/wp-json\/wp\/v2\/pages"}],"about":[{"href":"https:\/\/natsci.uprrp.edu\/es\/wp-json\/wp\/v2\/types\/page"}],"author":[{"embeddable":true,"href":"https:\/\/natsci.uprrp.edu\/es\/wp-json\/wp\/v2\/users\/7"}],"replies":[{"embeddable":true,"href":"https:\/\/natsci.uprrp.edu\/es\/wp-json\/wp\/v2\/comments?post=850"}],"version-history":[{"count":7,"href":"https:\/\/natsci.uprrp.edu\/es\/wp-json\/wp\/v2\/pages\/850\/revisions"}],"predecessor-version":[{"id":893,"href":"https:\/\/natsci.uprrp.edu\/es\/wp-json\/wp\/v2\/pages\/850\/revisions\/893"}],"wp:attachment":[{"href":"https:\/\/natsci.uprrp.edu\/es\/wp-json\/wp\/v2\/media?parent=850"}],"curies":[{"name":"wp","href":"https:\/\/api.w.org\/{rel}","templated":true}]}}