{"id":641,"date":"2018-01-09T10:13:48","date_gmt":"2018-01-09T14:13:48","guid":{"rendered":"http:\/\/natsci.uprrp.edu\/es\/?page_id=641"},"modified":"2018-05-15T13:17:14","modified_gmt":"2018-05-15T17:17:14","slug":"programa-de-ayuda-al-empleado","status":"publish","type":"page","link":"https:\/\/natsci.uprrp.edu\/es\/servicios-y-recursos\/no-docentes\/programa-de-ayuda-al-empleado\/","title":{"rendered":"Formularios"},"content":{"rendered":"<p>&nbsp;<\/p>\n<p style=\"text-align: center\"><dl class=\"sc-accordions\"><dt class=\"sc-accordion-title\"><a href=\"#\">DIVISI\u00d3N DE CLASIFICACI\u00d3N Y RETRIBUCI\u00d3N<\/a><\/dt><dd class=\"sc-accordion-pane\">\n<ul>\n<li style=\"font-weight: lighter\"><a href=\"http:\/\/uprrp.edu\/rh\/pdf\/formularios\/clasificacion\/cuestionariopuestossup.doc\">Puestos con Supervisi\u00f3n<\/a><\/li>\n<li style=\"font-weight: lighter\"><a href=\"http:\/\/uprrp.edu\/rh\/pdf\/formularios\/clasificacion\/puestosconfianza.xls\">Cuestionario de Clasificaci\u00f3n Personal de Confianza (<\/a><a href=\"http:\/\/uprrp.edu\/rh\/pdf\/formularios\/clasificacion\/puestosconfianza.xls\">OCRH-18)<\/a><\/li>\n<li style=\"font-weight: lighter\"><a href=\"http:\/\/uprrp.edu\/rh\/pdf\/formularios\/clasificacion\/cuestionarioclas-oficial.doc\">Cuestionario de Clasificaci\u00f3n (<\/a><a href=\"http:\/\/uprrp.edu\/rh\/pdf\/formularios\/clasificacion\/cuestionarioclas-oficial.doc\">OCRH-001)<\/a><\/li>\n<li style=\"font-weight: lighter\"><a href=\"http:\/\/uprrp.edu\/rh\/pdf\/formularios\/clasificacion\/diferencial.doc\">Solicitud para Concesi\u00f3n de Diferenciales en Sueldo para el Personal No Docente (<\/a><a href=\"http:\/\/uprrp.edu\/rh\/pdf\/formularios\/clasificacion\/diferencial.doc\">OCRH-017)<\/a><\/dd>\n<dt class=\"sc-accordion-title\"><a href=\"#\">DIVISI\u00d3N DE NOMBRAMIENTOS Y CAMBIOS<\/a><\/dt><dd class=\"sc-accordion-pane\">\u00a0<\/strong><\/b><\/p>\n<ul>\n<li style=\"font-weight: lighter\"><a href=\"http:\/\/www.uscis.gov\/files\/form\/i-9_spanish.pdf\">Forma I-9, Verificaci\u00f3n de Elegibilidad de Empleo<\/a><\/li>\n<li style=\"font-weight: lighter\"><a href=\"http:\/\/www.uscis.gov\/files\/form\/i-9.pdf\">Form I-9, Employment Eligibility Verification<\/a><\/li>\n<li style=\"font-weight: lighter\"><a href=\"http:\/\/uprrp.edu\/rh\/pdf\/formularios\/HandbookForEmployerI9.pdf\">Handbook for Employer I-9<\/a><\/li>\n<li style=\"font-weight: lighter\"><a href=\"http:\/\/uprrp.edu\/rh\/pdf\/formularios\/nomb_cambios\/contrato-anejoingles.doc\">Appendix to Employment\u00a0 or Personal Services Contract<\/a><\/li>\n<li style=\"font-weight: lighter\"><a href=\"http:\/\/uprrp.edu\/rh\/pdf\/formularios\/nomb_cambios\/desc-sueldo-max.pdf\">Autorizaci\u00f3n para Descuento Sueldo M\u00e1ximo Cotizable<\/a><\/li>\n<li style=\"font-weight: lighter\"><a href=\"http:\/\/uprrp.edu\/rh\/pdf\/formularios\/nomb_cambios\/visa.doc\">BORRADOR (Nombramiento Probatorio Docentes Extranjeros con Visa H-1-B)<\/a><\/li>\n<li style=\"font-weight: lighter\"><a href=\"http:\/\/uprrp.edu\/rh\/pdf\/formularios\/nomb_cambios\/doctoral.rtf\">Certificaci\u00f3n Grado Doctoral<\/a><\/li>\n<li style=\"font-weight: lighter\"><a href=\"http:\/\/uprrp.edu\/rh\/pdf\/formularios\/nomb_cambios\/noempleoayudante.doc\">Certificaci\u00f3n No Empleo Ayudantes de C\u00e1tedra e Investigaci\u00f3n<\/a><\/li>\n<li style=\"font-weight: lighter\"><a href=\"http:\/\/uprrp.edu\/rh\/pdf\/formularios\/nomb_cambios\/certplanmedico.pdf\">Certificaci\u00f3n Plan Medico<\/a><\/li>\n<li style=\"font-weight: lighter\"><a href=\"http:\/\/uprrp.edu\/rh\/pdf\/formularios\/nomb_cambios\/reqgrado.doc\">Certificaci\u00f3n sobre Requisito de Grado<\/a><\/li>\n<li style=\"font-weight: lighter\"><a href=\"http:\/\/uprrp.edu\/rh\/pdf\/formularios\/nomb_cambios\/exencion-retencion.pdf\">Certificado para la Exenci\u00f3n para la Retenci\u00f3n<\/a><\/li>\n<li style=\"font-weight: lighter\"><a href=\"http:\/\/opsa.uprrp.edu\/images\/FORMATO-CONTRATO_DE_SERVICIOS_PERSONALESORH-40Rev.7.2014_form.pdf\" target=\"_blank\" rel=\"noopener\">Contrato de Servicios Personales (Formato ORH-40)<\/a><\/li>\n<li style=\"font-weight: lighter\"><a href=\"http:\/\/opsa.uprrp.edu\/images\/FORMAT-PERSONAL_SERVICES_CONTRACT_ORH-40Rev.7.2014_form.pdf\">Personal Services Contract (Format ORH-40)<\/a><\/li>\n<li style=\"font-weight: lighter\"><a href=\"http:\/\/uprrp.edu\/rh\/pdf\/formularios\/nomb_cambios\/benef-retiro.pdf\">Designaci\u00f3n de Beneficiarios Sistema de Retiro<\/a><\/li>\n<li style=\"font-weight: lighter\"><a href=\"http:\/\/uprrp.edu\/rh\/pdf\/formularios\/nomb_cambios\/docs-req.doc\">Documentos Requeridos para un Nombramiento o Contrato de Servicios<\/a><\/li>\n<li style=\"font-weight: lighter\"><a href=\"http:\/\/uprrp.edu\/rh\/formularios.php#\">Examen M\u00e9dico<\/a><\/li>\n<li style=\"font-weight: lighter\"><a href=\"http:\/\/uprrp.edu\/rh\/pdf\/formularios\/nomb_cambios\/hojatramite-catedra.xls\">Hoja de Tramite Ayudantes de C\u00e1tedra e investigaci\u00f3n<\/a><\/li>\n<li style=\"font-weight: lighter\"><a href=\"http:\/\/uprrp.edu\/rh\/pdf\/formularios\/nomb_cambios\/juramentofidel.doc\">Juramento de Fidelidad<\/a><\/li>\n<li style=\"font-weight: lighter\"><a href=\"http:\/\/uprrp.edu\/rh\/pdf\/formularios\/nomb_cambios\/366.xls\">Hoja de Tramite Documentos de Documentos Personal No Docente (<\/a><a href=\"http:\/\/uprrp.edu\/rh\/pdf\/formularios\/nomb_cambios\/366.xls\">RP-ORH-366)<\/a><\/li>\n<li style=\"font-weight: lighter\"><a href=\"http:\/\/uprrp.edu\/rh\/pdf\/formularios\/clasificacion\/f370.pdf\">Autorizaci\u00f3n para Nombramiento o Contrataci\u00f3n Personal Docente (<\/a><a href=\"http:\/\/uprrp.edu\/rh\/pdf\/formularios\/clasificacion\/f370.pdf\">RP-ORH-370)<\/a><\/li>\n<li style=\"font-weight: lighter\"><a href=\"http:\/\/uprrp.edu\/rh\/pdf\/formularios\/nomb_cambios\/373.doc\">Autorizaci\u00f3n para Nombramiento o Contrataci\u00f3n Personal No Docente (<\/a><a href=\"http:\/\/uprrp.edu\/rh\/pdf\/formularios\/nomb_cambios\/373.doc\">RP-ORH-373)<\/a><\/li>\n<li style=\"font-weight: lighter\"><a href=\"http:\/\/uprrp.edu\/rh\/pdf\/formularios\/nomb_cambios\/modelo-carta-nomb.doc\">Modelo de Carta para Nombramientos<\/a><\/li>\n<li style=\"font-weight: lighter\">\u00a0<a href=\"http:\/\/uprrp.edu\/rh\/pdf\/formularios\/nomb_cambios\/enmienda-contrato-serv.doc\">Modelo Enmienda a Contrato de Servicios<\/a><\/li>\n<li style=\"font-weight: lighter\">\u00a0<a href=\"http:\/\/uprrp.edu\/rh\/pdf\/formularios\/nomb_cambios\/038jubilados.doc\">Solicitud de Autorizaci\u00f3n para iniciar el Reclutamiento del Personal Pensionado (<\/a><a href=\"http:\/\/uprrp.edu\/rh\/pdf\/formularios\/nomb_cambios\/038jubilados.doc\">OCP-038)<\/a><\/li>\n<li style=\"font-weight: lighter\"><a href=\"http:\/\/uprrp.edu\/rh\/pdf\/formularios\/clasificacion\/t001historialdatospersonalesrevisado.xls\">Historial de Datos Personales (<\/a><a href=\"http:\/\/uprrp.edu\/rh\/pdf\/formularios\/clasificacion\/t001historialdatospersonalesrevisado.xls\">ORH-T-001)<\/a><\/li>\n<li style=\"font-weight: lighter\"><a href=\"http:\/\/uprrp.edu\/rh\/pdf\/formularios\/nomb_cambios\/notificacion-nombramientos.doc\">Notificaci\u00f3n de Nombramiento Contrato de Servicio, Compensaci\u00f3n Adicional o Cambio (<\/a><a href=\"http:\/\/uprrp.edu\/rh\/pdf\/formularios\/nomb_cambios\/notificacion-nombramientos.doc\">ORH-T-002)<\/a><\/li>\n<li style=\"font-weight: lighter\"><a href=\"http:\/\/uprrp.edu\/rh\/pdf\/formularios\/nomb_cambios\/anejo-nombramiento.doc\">Anejo a Nombramiento<\/a><\/li>\n<li style=\"font-weight: lighter\"><a href=\"http:\/\/uprrp.edu\/rh\/pdf\/formularios\/nomb_cambios\/separacion-servicio.pdf\">Notificaci\u00f3n de Separaci\u00f3n de Servicio e Inactivaci\u00f3n de Nomina( ORH-T-003)<\/a><br \/>\nReferencia:<br \/>\n<span style=\"font-size: 14px;font-weight: lighter\">Circular N\u00fam. 08, A\u00f1o 2008-2009\u00a0<\/span><a style=\"font-size: 14px;font-weight: lighter\" href=\"http:\/\/decadm.uprrp.edu\/Circulares\/2008-2009\/num8-08.pdf\">Formulario notificaci\u00f3n de separaci\u00f3n de servicio e inactivaci\u00f3n de n\u00f3mina &#8211; Enmendado<br \/>\n<\/a>Circular N\u00fam. 31, A\u00f1o 1997-1998<a href=\"http:\/\/decadm.uprrp.edu\/Circulares\/1997-1998\/num31-97.pdf\">\u00a0Manual de procedimientos para el tr\u00e1mite de la separaci\u00f3n de servicio<\/a><\/li>\n<li style=\"font-weight: lighter\"><a href=\"http:\/\/uprrp.edu\/rh\/pdf\/formularios\/nomb_cambios\/politica\/MODELO-T-003-(REV)-CERTIFICACION-DE-RECIBO-POLITICAS-INST.pdf\">Certificaci\u00f3n de Recibo de Pol\u00edticas Institucionales (<\/a><a href=\"http:\/\/uprrp.edu\/rh\/pdf\/formularios\/nomb_cambios\/politica\/MODELO-T-003-(REV)-CERTIFICACION-DE-RECIBO-POLITICAS-INST.pdf\">RP-ORH-T003)<\/a><\/li>\n<li style=\"font-weight: lighter\"><a href=\"http:\/\/uprrp.edu\/rh\/pdf\/formularios\/nomb_cambios\/visa.doc\">Nombramiento Probatorio Docentes Extranjeros con Visa H-1-B)<\/a><a href=\"http:\/\/uprrp.edu\/rh\/pdf\/formularios\/nomb_cambios\/visa_h1b_english.doc\">\u00a0<i><em>ENGLISH VERSION<\/em><\/i><\/a><\/li>\n<li style=\"font-weight: lighter\"><a href=\"http:\/\/eticapr.com\/wp-content\/uploads\/2013\/05\/OEG-Ley-Num-1-de-3-de-enero-de-2012.pdf\">Ley de \u00c9tica Gubernamental (Ley 1-2012)\u00a0<\/a><a href=\"http:\/\/eticapr.com\/wp-content\/uploads\/2013\/05\/OEG-Puerto-Rico-Government-Ethics-Act-of-2011.pdf\"><i><em>ENGLISH VERSION<\/em><\/i><\/a><\/li>\n<li style=\"font-weight: lighter\"><a href=\"http:\/\/eticapr.com\/wp-content\/uploads\/2013\/05\/Reglamento-sobre-Asuntos-Programaticos-OEG-DepEstado.pdf\">Reglamento sobre asuntos program\u00e1ticos de la Oficina de \u00c9tica Gubernamental de Puerto Rico<\/a><\/li>\n<\/ul>\n<\/dd>\n<dt class=\"sc-accordion-title\"><a href=\"#\">DIVISI\u00d3N DE RECLUTAMIENTO<\/a><\/dt><dd class=\"sc-accordion-pane\">\n<ul>\n<li style=\"font-weight: lighter\"><a href=\"http:\/\/uprrp.edu\/rh\/pdf\/formularios\/instruccionessolicitudempleo.pdf\">Instrucciones para Solicitar Empleo<\/a><\/li>\n<\/ul>\n<\/dd>\n<dt class=\"sc-accordion-title\"><a href=\"#\">PROGRAMA DE MEDICINA OCUPACIONAL<\/a><\/dt><dd class=\"sc-accordion-pane\"><\/strong><\/p>\n<ul>\n<li style=\"font-weight: lighter\"><a href=\"http:\/\/uprrp.edu\/rh\/pdf\/formularios\/medicina_ocupacional\/referido.doc\">Hoja de Referido Programa de Medicina Ocupacional<\/a><\/li>\n<\/ul>\n<\/dd>\n<dt class=\"sc-accordion-title\"><a href=\"#\">SECCI\u00d3N DE LICENCIAS ORDINARIAS<\/a><\/dt><dd class=\"sc-accordion-pane\"><\/strong><\/b><\/p>\n<ul>\n<li style=\"font-weight: lighter\"><a href=\"http:\/\/uprrp.edu\/rh\/pdf\/formularios\/licencias\/aceptacion44.rtf\">Carta Modelo de Aceptaci\u00f3n Licencia Ordinaria \u2013 Ley 44<\/a><\/li>\n<li style=\"font-weight: lighter\"><a href=\"http:\/\/uprrp.edu\/rh\/pdf\/formularios\/licencias\/ausencia-sin-aut.doc\">Modelo Notificaci\u00f3n de Ausencias sin Autorizar (<\/a><a href=\"http:\/\/uprrp.edu\/rh\/pdf\/formularios\/licencias\/ausencia-sin-aut.doc\">287-C)<\/a><\/li>\n<li style=\"font-weight: lighter\"><a href=\"http:\/\/uprrp.edu\/rh\/pdf\/formularios\/licencias\/tiempo-extra.doc\">Certificaci\u00f3n de Autorizaci\u00f3n de Tiempo Extra Trabajado (<\/a><a href=\"http:\/\/uprrp.edu\/rh\/pdf\/formularios\/licencias\/tiempo-extra.doc\">RRP ORH-LIC005)<\/a><\/li>\n<li style=\"font-weight: lighter\"><a href=\"http:\/\/uprrp.edu\/rh\/pdf\/formularios\/licencias\/visita-escuela.rtf\">Certificaci\u00f3n de Visita a la Escuela<\/a><\/li>\n<li style=\"font-weight: lighter\">\u00a0<a href=\"http:\/\/uprrp.edu\/rh\/pdf\/formularios\/licencias\/lic-vacasion.doc\">Cesi\u00f3n de Licencias por Vacaciones\u00a0<\/a><a href=\"http:\/\/uprrp.edu\/rh\/pdf\/formularios\/licencias\/lic-vacasion.doc\">RRP-ORH-LIC006<\/a><\/li>\n<li style=\"font-weight: lighter\"><a href=\"http:\/\/uprrp.edu\/rh\/pdf\/formularios\/licencias\/reserva-docentes.doc\">Donaci\u00f3n al Fondo de Reserva de Licencia para el Personal Docente<\/a><\/li>\n<li style=\"font-weight: lighter\"><a href=\"http:\/\/uprrp.edu\/rh\/pdf\/formularios\/licencias\/banco-heend.doc\">Donaci\u00f3n de Licencia Ordinaria al Banco de Licencia por caso de Enfermedad Prolongada (<\/a><a href=\"http:\/\/uprrp.edu\/rh\/pdf\/formularios\/licencias\/banco-heend.doc\">RRP-ORH-LIC007)<\/a><\/li>\n<li style=\"font-weight: lighter\"><a href=\"http:\/\/uprrp.edu\/rh\/pdf\/formularios\/licencias\/circular13.doc\">Personal Docente con Funciones Administrativas o Aliadas a la Docencia (<\/a><a href=\"http:\/\/uprrp.edu\/rh\/pdf\/formularios\/licencias\/circular13.doc\">Circular 13)<\/a><\/li>\n<li style=\"font-weight: lighter\"><a href=\"http:\/\/uprrp.edu\/rh\/pdf\/formularios\/licencias\/horas-comp-adicional-nodoc.doc\">Informe de Horas Trabajadas Compensaci\u00f3n Adicional No Docente<\/a><\/li>\n<li style=\"font-weight: lighter\">\u00a0<a href=\"http:\/\/uprrp.edu\/rh\/pdf\/formularios\/licencias\/inf-semestraldocente.doc\">Informe Semestral de Licencia por Enfermedad Personal Docente<\/a><\/li>\n<li style=\"font-weight: lighter\">\u00a0<a href=\"http:\/\/uprrp.edu\/rh\/pdf\/formularios\/licencias\/plan-vacasiones.doc\">Plan de Vacaciones (<\/a><a href=\"http:\/\/uprrp.edu\/rh\/pdf\/formularios\/licencias\/plan-vacasiones.doc\">ORH-L95)<\/a><\/li>\n<li style=\"font-weight: lighter\"><a href=\"http:\/\/uprrp.edu\/rh\/pdf\/formularios\/licencias\/prov-previo-asa.doc\">Procedimiento previo a emitir Ausencia Sin Autorizar<\/a><\/li>\n<li style=\"font-weight: lighter\">\u00a0<a href=\"http:\/\/uprrp.edu\/rh\/pdf\/formularios\/licencias\/registro-mensual.doc\">Registro Mensual de Asistencia (<\/a><a href=\"http:\/\/uprrp.edu\/rh\/pdf\/formularios\/licencias\/registro-mensual.doc\">RRP-ORH-LIC003)<\/a><\/li>\n<li style=\"font-weight: lighter\"><a href=\"http:\/\/uprrp.edu\/rh\/pdf\/formularios\/licencias\/registro-semanal-asist.doc\">Registro Semanal de Asistencia(<\/a><a href=\"http:\/\/uprrp.edu\/rh\/pdf\/formularios\/licencias\/registro-semanal-asist.doc\">ORH-RRP-LIC002)<\/a><\/li>\n<li style=\"font-weight: lighter\"><a href=\"http:\/\/uprrp.edu\/rh\/pdf\/formularios\/licencias\/sol-licencia.rtf\">Solicitud de Licencia (<\/a><a href=\"http:\/\/uprrp.edu\/rh\/pdf\/formularios\/licencias\/sol-licencia.rtf\">RRP-ORH-LIC001)<\/a><\/li>\n<li style=\"font-weight: lighter\"><a href=\"http:\/\/uprrp.edu\/rh\/pdf\/formularios\/licencias\/cert-tareas.pdf\">Certificaci\u00f3n de Tareas Realizadas<\/a><\/li>\n<\/ul>\n<\/dd>\n<dt class=\"sc-accordion-title\"><a href=\"#\">SECCI\u00d3N DE BENEFICIOS MARGINALES<\/a><\/dt><dd class=\"sc-accordion-pane\"><\/strong><\/b><\/p>\n<ul>\n<li style=\"font-weight: lighter\">\u00a0<a style=\"font-size: 14px;font-weight: lighter\" href=\"http:\/\/uprrp.edu\/rh\/pdf\/formularios\/marginal\/EstudioEmp.pdf\">Solicitud y Autorizaci\u00f3n de Estudios para el Personal universitario (<\/a><a href=\"http:\/\/uprrp.edu\/rh\/pdf\/formularios\/marginal\/EstudioEmp.pdf\">ORH-02)\u00a0<\/a>Rev Junio 2012<\/li>\n<li style=\"font-weight: lighter\"><a href=\"http:\/\/uprrp.edu\/rh\/pdf\/formularios\/marginal\/exendepe.pdf\">Solicitud y Certificaci\u00f3n para la Exenci\u00f3n de Pago de Matr\u00edcula de Hijos Dependientes y C\u00f3nyuge del Personal Universitario (<\/a><a href=\"http:\/\/uprrp.edu\/rh\/pdf\/formularios\/marginal\/exendepe.pdf\">OCRH-01)<\/a> Rev Junio 2012<\/li>\n<li style=\"font-weight: lighter\"><a href=\"http:\/\/uprrp.edu\/rh\/pdf\/formularios\/marginal\/declaracionjuradaexencionmatriculahijos.doc\">Declaraci\u00f3n Jurada para la Exenci\u00f3n de Matr\u00edcula de Hijos<\/a><b><\/b><\/li>\n<\/ul>\n<\/dd>\n<dt class=\"sc-accordion-title\"><a href=\"#\">SECCI\u00d3N DE CERTIFICACIONES<\/a><\/dt><dd class=\"sc-accordion-pane\"><\/strong><\/p>\n<ul>\n<li><a href=\"http:\/\/uprrp.edu\/rh\/pdf\/formularios\/certificaciones\/CertServ.pdf\" target=\"_blank\" rel=\"noopener\">Solicitud de Certificaci\u00f3n o Servicio<\/a><\/li>\n<li><a href=\"http:\/\/uprrp.edu\/rh\/pdf\/formularios\/certificaciones\/Fondo.pdf\" target=\"_blank\" rel=\"noopener\">Informe de Accidente de trabajo o Enfermedad Ocupacional (ORH-FSE 37)<\/a><\/li>\n<\/ul>\n<\/dd>\n<dt class=\"sc-accordion-title\"><a href=\"#\">SECCI\u00d3N DE ADIESTRAMIENTOS<\/a><\/dt><dd class=\"sc-accordion-pane\"><\/strong><\/p>\n<ul>\n<li><a href=\"http:\/\/uprrp.edu\/rh\/pdf\/formularios\/certificaciones\/solicitudadiestramiento2010.pdf\" target=\"_blank\" rel=\"noopener\">Solicitud y Autorizaci\u00f3n para Asistir a Adiestramiento o Actividad Educativa<\/a><\/li>\n<\/ul>\n<\/dd>\n<dt class=\"sc-accordion-title\"><a href=\"#\">SEGURIDAD<\/a><\/dt><dd class=\"sc-accordion-pane\"><\/strong><\/p>\n<ul>\n<li><a href=\"http:\/\/seguridad.uprrp.edu\/wp-content\/uploads\/2014\/11\/anejo3.pdf\" target=\"_blank\" rel=\"noopener\">Notificaci\u00f3n de Querella<\/a><\/li>\n<li><a href=\"http:\/\/seguridad.uprrp.edu\/wp-content\/uploads\/2014\/11\/anejo4.pdf\" target=\"_blank\" rel=\"noopener\">Plantilla de Alerta de Seguridad<\/a><\/li>\n<li><a href=\"http:\/\/seguridad.uprrp.edu\/wp-content\/uploads\/2015\/01\/solicitud-permiso-empleados.pdf\" target=\"_blank\" rel=\"noopener noreferrer\">Formulario Solicitud de Permiso de Estacionamiento para Empleados<\/a><\/li>\n<li><a href=\"http:\/\/www.uprrp.edu\/wp-content\/uploads\/2014\/12\/HOJA-PARA-LA-NOTIFICACION-PREVIA-DE-ACTIVIDADES-O-EVENTOS-ENMENDADA.docx\" target=\"_blank\" rel=\"noopener\">Hoja de Notificaci\u00f3n de Eventos<\/a><\/li>\n<\/ul>\n<\/dd>\n<dt class=\"sc-accordion-title\"><a href=\"#\">TECNOLOG\u00cdAS ACAD\u00c9MICAS Y ADMINISTRATIVAS<\/a><\/dt><dd class=\"sc-accordion-pane\">\n<p>&nbsp;<\/p>\n<ul>\n<li><a href=\"http:\/\/dtaa.uprrp.edu\/wp-content\/uploads\/2016\/06\/POL_OSI_FORMULARIO_SOLICITUD_DE_ACCESO.pdf\" target=\"_blank\" rel=\"noopener\">Solicitud de Acceso \u2013 Portal: NEXT<\/a><\/li>\n<li><a href=\"http:\/\/www.uprrp.edu\/dtaa\/files\/Formulario_Notificacion_Cambios_GuiaTelefonica.pdf\" target=\"_blank\" rel=\"noopener\">Formulario para la Notificaci\u00f3n de Cambios en la Gu\u00eda Interna del Recinto<\/a><\/li>\n<li><a href=\"http:\/\/dtaa.uprrp.edu\/wp-content\/uploads\/2017\/09\/Plantilla_Usuarios_IP_Phones_Servicio_New.pdf\" target=\"_blank\" rel=\"noopener\">Formulario\u00a0para los usuarios que usaran equipos telef\u00f3nicos\u00a0IP Phones<\/a><\/li>\n<li><a href=\"http:\/\/www.uprrp.edu\/dtaa\/files\/Solicitud_de_cuenta_para_los_Sistemas_de_Informacion.pdf\" target=\"_blank\" rel=\"noopener\">Solicitud de cuenta para los Sistemas de Informaci\u00f3n<\/a><\/li>\n<li><a href=\"http:\/\/www.uprrp.edu\/dtaa\/files\/pdf\/formulario_registro_acceso_firewall.pdf\" target=\"_blank\" rel=\"noopener\">Registro de Equipo para Acceso al Firewall<\/a><\/li>\n<\/ul>\n<\/dd>\n<\/dl>\n","protected":false},"excerpt":{"rendered":"<p>&nbsp;<\/p>\n","protected":false},"author":2,"featured_media":0,"parent":329,"menu_order":0,"comment_status":"closed","ping_status":"closed","template":"","meta":{"footnotes":""},"class_list":["post-641","page","type-page","status-publish"],"_links":{"self":[{"href":"https:\/\/natsci.uprrp.edu\/es\/wp-json\/wp\/v2\/pages\/641","targetHints":{"allow":["GET"]}}],"collection":[{"href":"https:\/\/natsci.uprrp.edu\/es\/wp-json\/wp\/v2\/pages"}],"about":[{"href":"https:\/\/natsci.uprrp.edu\/es\/wp-json\/wp\/v2\/types\/page"}],"author":[{"embeddable":true,"href":"https:\/\/natsci.uprrp.edu\/es\/wp-json\/wp\/v2\/users\/2"}],"replies":[{"embeddable":true,"href":"https:\/\/natsci.uprrp.edu\/es\/wp-json\/wp\/v2\/comments?post=641"}],"version-history":[{"count":12,"href":"https:\/\/natsci.uprrp.edu\/es\/wp-json\/wp\/v2\/pages\/641\/revisions"}],"predecessor-version":[{"id":1387,"href":"https:\/\/natsci.uprrp.edu\/es\/wp-json\/wp\/v2\/pages\/641\/revisions\/1387"}],"up":[{"embeddable":true,"href":"https:\/\/natsci.uprrp.edu\/es\/wp-json\/wp\/v2\/pages\/329"}],"wp:attachment":[{"href":"https:\/\/natsci.uprrp.edu\/es\/wp-json\/wp\/v2\/media?parent=641"}],"curies":[{"name":"wp","href":"https:\/\/api.w.org\/{rel}","templated":true}]}}