{"id":635,"date":"2018-01-09T10:11:42","date_gmt":"2018-01-09T14:11:42","guid":{"rendered":"http:\/\/natsci.uprrp.edu\/es\/?page_id=635"},"modified":"2018-05-08T15:59:11","modified_gmt":"2018-05-08T19:59:11","slug":"mejoramiento-profesional","status":"publish","type":"page","link":"https:\/\/natsci.uprrp.edu\/es\/servicios-y-recursos\/no-docentes\/mejoramiento-profesional\/","title":{"rendered":"Ayuda Tecnol\u00f3gica"},"content":{"rendered":"<p>La Divisi\u00f3n de Tecnolog\u00edas Acad\u00e9micas y Administrativas (DTAA, por sus siglas) ofrece servicios de apoyo\u00a0tecnol\u00f3gico\u00a0a los empleados relacionados al correo electr\u00f3nico, Internet inal\u00e1mbrico, Moodle, Office 365, entre otros.\u00a0 Para asistencia env\u00ede un correo electr\u00f3nico a:\u00a0help.desk@upr.edu, o en su lugar visite el\u00a0<a href=\"http:\/\/helpdesk.uprrp.edu:9675\/portal\" target=\"_blank\" rel=\"noopener\">Portal DTTA-Mesa de ayuda<\/a>.<\/p>\n<p>&nbsp;<\/p>\n<hr \/>\n<p><strong>INFORMACI\u00d3N DEL CONTACTO\u00a0<\/strong><\/p>\n<hr \/>\n<p><strong>DIVISI\u00d3N DE TECNOLOG\u00cdAS ACAD\u00c9MICAS Y ADMINISTRATIVAS (DTAA)<\/strong><br \/>\nDirecci\u00f3n F\u00edsica:\u00a0 Primer Piso, Plaza Universitaria, Torre Central<br \/>\nT. (787) 764-0000 Ext. 85985, 83800, 83900, 83808<br \/>\nCE.\u00a0<a href=\"mailto:help.desk@upr.edu\" target=\"_blank\" rel=\"noopener\">help.desk@upr.edu<\/a><\/p>\n","protected":false},"excerpt":{"rendered":"<p>La Divisi\u00f3n de Tecnolog\u00edas Acad\u00e9micas y Administrativas (DTAA, por sus siglas) ofrece servicios de apoyo\u00a0tecnol\u00f3gico\u00a0a los empleados relacionados al correo electr\u00f3nico, Internet inal\u00e1mbrico, Moodle, Office 365, entre otros.\u00a0 Para asistencia env\u00ede un correo electr\u00f3nico a:\u00a0help.desk@upr.edu, o en su lugar visite el\u00a0Portal DTTA-Mesa de ayuda. &nbsp; INFORMACI\u00d3N DEL CONTACTO\u00a0 DIVISI\u00d3N DE TECNOLOG\u00cdAS ACAD\u00c9MICAS Y ADMINISTRATIVAS (DTAA)<\/p>\n<div class=\"read-more\"><a href=\"https:\/\/natsci.uprrp.edu\/es\/servicios-y-recursos\/no-docentes\/mejoramiento-profesional\/\" title=\"Read More\">Read More<\/a><\/div>\n","protected":false},"author":2,"featured_media":0,"parent":329,"menu_order":0,"comment_status":"closed","ping_status":"closed","template":"","meta":{"footnotes":""},"class_list":["post-635","page","type-page","status-publish"],"_links":{"self":[{"href":"https:\/\/natsci.uprrp.edu\/es\/wp-json\/wp\/v2\/pages\/635","targetHints":{"allow":["GET"]}}],"collection":[{"href":"https:\/\/natsci.uprrp.edu\/es\/wp-json\/wp\/v2\/pages"}],"about":[{"href":"https:\/\/natsci.uprrp.edu\/es\/wp-json\/wp\/v2\/types\/page"}],"author":[{"embeddable":true,"href":"https:\/\/natsci.uprrp.edu\/es\/wp-json\/wp\/v2\/users\/2"}],"replies":[{"embeddable":true,"href":"https:\/\/natsci.uprrp.edu\/es\/wp-json\/wp\/v2\/comments?post=635"}],"version-history":[{"count":5,"href":"https:\/\/natsci.uprrp.edu\/es\/wp-json\/wp\/v2\/pages\/635\/revisions"}],"predecessor-version":[{"id":1343,"href":"https:\/\/natsci.uprrp.edu\/es\/wp-json\/wp\/v2\/pages\/635\/revisions\/1343"}],"up":[{"embeddable":true,"href":"https:\/\/natsci.uprrp.edu\/es\/wp-json\/wp\/v2\/pages\/329"}],"wp:attachment":[{"href":"https:\/\/natsci.uprrp.edu\/es\/wp-json\/wp\/v2\/media?parent=635"}],"curies":[{"name":"wp","href":"https:\/\/api.w.org\/{rel}","templated":true}]}}