{"id":633,"date":"2018-01-09T10:11:18","date_gmt":"2018-01-09T14:11:18","guid":{"rendered":"http:\/\/natsci.uprrp.edu\/es\/?page_id=633"},"modified":"2018-05-08T09:22:27","modified_gmt":"2018-05-08T13:22:27","slug":"consejeria-personal","status":"publish","type":"page","link":"https:\/\/natsci.uprrp.edu\/es\/servicios-y-recursos\/no-docentes\/consejeria-personal\/","title":{"rendered":"Consejer\u00eda Personal"},"content":{"rendered":"<p>El Programa de Ayuda al Empleado, conocido por su siglas PAE, ofrece ayuda profesional a los empleados del Recinto de R\u00edo Piedras y a sus familiares inmediatos para atender problemas o dificultades de \u00edndole psicol\u00f3gico, emocional, legal y de abuso de alcohol o sustancias controladas que les afectan en el \u00e1mbito personal o laboral.\u00a0 La participaci\u00f3n es voluntaria y confidencial.<\/p>\n<p><strong>Servicios que ofrece<\/strong><\/p>\n<ul>\n<li>Consejer\u00eda personal<\/li>\n<li>Intervenci\u00f3n en crisis<\/li>\n<li>Coordinaci\u00f3n y referidos<\/li>\n<li>Adiestramientos, talleres y conferencias<\/li>\n<li>Grupos de apoyo<\/li>\n<li>Cl\u00ednicas de salud<\/li>\n<\/ul>\n<hr \/>\n<p>INFORMACI\u00d3N DE CONTACTO<\/p>\n<hr \/>\n<p><strong>PROGRAMA DE AYUDA AL EMPLEADO (PAE)<\/strong><\/p>\n<p>Direcci\u00f3n F\u00edsica<br \/>\nPlaza Universitaria, Torre Sur, Tercer Piso al lado de la Oficina de Recursos Humanos)<\/p>\n<p>T. (787) 764.0000 ext. 84406, 84407, 84417<br \/>\nCE: o<a href=\"mailto:natanael.lucianoarocho@uprrp.edu\">natanael.lucianoarocho@uprrp.edu<\/a>, <a href=\"mailto:cristina.vidal1@uprrp.edu\">cristina.vidal1@uprrp.edu<\/a><br \/>\nPW:\u00a0<a href=\"http:\/\/www.uprrp.edu\/?page_id=992\" target=\"_blank\" rel=\"noopener\">http:\/\/www.uprrp.edu\/?page_id=992<\/a><\/p>\n","protected":false},"excerpt":{"rendered":"<p>El Programa de Ayuda al Empleado, conocido por su siglas PAE, ofrece ayuda profesional a los empleados del Recinto de R\u00edo Piedras y a sus familiares inmediatos para atender problemas o dificultades de \u00edndole psicol\u00f3gico, emocional, legal y de abuso de alcohol o sustancias controladas que les afectan en el \u00e1mbito personal o laboral.\u00a0 La<\/p>\n<div class=\"read-more\"><a href=\"https:\/\/natsci.uprrp.edu\/es\/servicios-y-recursos\/no-docentes\/consejeria-personal\/\" title=\"Read More\">Read More<\/a><\/div>\n","protected":false},"author":2,"featured_media":0,"parent":329,"menu_order":0,"comment_status":"closed","ping_status":"closed","template":"","meta":{"rs_blank_template":"","rs_page_bg_color":"","slide_template_v7":"","footnotes":""},"class_list":["post-633","page","type-page","status-publish"],"_links":{"self":[{"href":"https:\/\/natsci.uprrp.edu\/es\/wp-json\/wp\/v2\/pages\/633","targetHints":{"allow":["GET"]}}],"collection":[{"href":"https:\/\/natsci.uprrp.edu\/es\/wp-json\/wp\/v2\/pages"}],"about":[{"href":"https:\/\/natsci.uprrp.edu\/es\/wp-json\/wp\/v2\/types\/page"}],"author":[{"embeddable":true,"href":"https:\/\/natsci.uprrp.edu\/es\/wp-json\/wp\/v2\/users\/2"}],"replies":[{"embeddable":true,"href":"https:\/\/natsci.uprrp.edu\/es\/wp-json\/wp\/v2\/comments?post=633"}],"version-history":[{"count":5,"href":"https:\/\/natsci.uprrp.edu\/es\/wp-json\/wp\/v2\/pages\/633\/revisions"}],"predecessor-version":[{"id":1300,"href":"https:\/\/natsci.uprrp.edu\/es\/wp-json\/wp\/v2\/pages\/633\/revisions\/1300"}],"up":[{"embeddable":true,"href":"https:\/\/natsci.uprrp.edu\/es\/wp-json\/wp\/v2\/pages\/329"}],"wp:attachment":[{"href":"https:\/\/natsci.uprrp.edu\/es\/wp-json\/wp\/v2\/media?parent=633"}],"curies":[{"name":"wp","href":"https:\/\/api.w.org\/{rel}","templated":true}]}}