{"id":627,"date":"2018-01-09T10:08:42","date_gmt":"2018-01-09T14:08:42","guid":{"rendered":"http:\/\/natsci.uprrp.edu\/es\/?page_id=627"},"modified":"2018-02-26T12:21:21","modified_gmt":"2018-02-26T16:21:21","slug":"salones-para-estudio-en-grupo","status":"publish","type":"page","link":"https:\/\/natsci.uprrp.edu\/es\/servicios-y-recursos\/estudiantes\/salones-para-estudio-en-grupo\/","title":{"rendered":"Salones para Estudio Grupal"},"content":{"rendered":"<p>El Centro de Informaci\u00f3n y Tecnolog\u00eda (CITec) cuenta con 6 salones para estudio grupal para uso exclusivo de los estudiantes del Recinto de R\u00edo Piedras.\u00a0 Los salones ubicados en el primer piso de la biblioteca se prestan a grupos de 3-6 estudiantes y cuentan con pizarras, sillas, mesas, Internet inal\u00e1mbrico y tomacorrientes para conectar computadoras.\u00a0 En adici\u00f3n, tambi\u00e9n se presta un kit con marcadores no permanentes y borrador.<\/p>\n<hr \/>\n<p><strong>NORMAS DE USO DE LOS SALONES DE ESTUDIO GRUPAL DEL CITEC<\/strong><\/p>\n<hr \/>\n<p>Para asegurar el buen uso de los salones de estudio grupal se deben observar las siguientes normas:<\/p>\n<ol>\n<li>Se requiere presentar tres tarjetas de identificaci\u00f3n de estudiante del Recinto de R\u00edo Piedras al momento de solicitar el sal\u00f3n.\u00a0 No se prestar\u00e1n salones con tarjetas de identificaci\u00f3n pertenecientes a otros estudiantes que no est\u00e9n presentes al momento de solicitar el servicio.<\/li>\n<li style=\"font-size: 14px\">Los salones se utilizar\u00e1n para prop\u00f3sitos acad\u00e9micos y no para el ofrecimiento de clases o tutor\u00edas privadas.<\/li>\n<li>Los salones se prestar\u00e1n a grupos de un m\u00ednimo de tres y un m\u00e1ximo de seis estudiantes matriculados en el Recinto de R\u00edo Piedras.<\/li>\n<li>Al momento de utilizar el sal\u00f3n que le fue asignado, es necesario que est\u00e9n presentes un m\u00ednimo de tres estudiantes.<\/li>\n<li>Los tres estudiantes que solicitan el sal\u00f3n de estudio se hacen responsables del comportamiento del grupo dentro de \u00e9ste y en\u00a0en dejar el sal\u00f3n limpio y libre de pertenencias personales, documentos u otros objetos de su propiedad.<\/li>\n<li>Los salones se prestan por 2 horas consecutivas, y dado el caso de que no haya demanda de uso, se pueden renovar por una hora adicional siempre que la renovaci\u00f3n se haya solicitado 15 minutos antes de la hora de vencimiento.<\/li>\n<li>El uso de los salones culminar\u00e1 30 minutos antes del cierre del CITec.<\/li>\n<li>Se proh\u00edbe el consumo de alimentos o bebidas dentro de los salones de estudio o facilidades de la biblioteca, as\u00ed como\u00a0cambiar la configuraci\u00f3n de las mesas o sillas ubicadas en los salones.<\/li>\n<li>Las conversaciones y discusiones se deben hacer en un tono moderado, as\u00ed mismo el uso de tel\u00e9fonos celulares est\u00e1 permitido siempre que est\u00e9 en modo silencioso.<\/li>\n<li>Cualquier otro artefacto\u00a0<span style=\"font-family: 'Open Sans', Arial, sans-serif;font-size: 14px\">sonoro\u00a0<\/span>\u00a0o equipo multimedia debe utilizarse con moderaci\u00f3n de manera que no afecte el ambiente de estudio.<\/li>\n<li>El CITec no se hace responsable por art\u00edculos o materiales dejados en los salones.<\/li>\n<li>El CITec se reserva el derecho de realizar inspecciones para garantizar el buen uso de los salones, y de ser necesario cancelar el pr\u00e9stamo del sal\u00f3n.<\/li>\n<\/ol>\n","protected":false},"excerpt":{"rendered":"<p>El Centro de Informaci\u00f3n y Tecnolog\u00eda (CITec) cuenta con 6 salones para estudio grupal para uso exclusivo de los estudiantes del Recinto de R\u00edo Piedras.\u00a0 Los salones ubicados en el primer piso de la biblioteca se prestan a grupos de 3-6 estudiantes y cuentan con pizarras, sillas, mesas, Internet inal\u00e1mbrico y tomacorrientes para conectar computadoras.\u00a0<\/p>\n<div class=\"read-more\"><a href=\"https:\/\/natsci.uprrp.edu\/es\/servicios-y-recursos\/estudiantes\/salones-para-estudio-en-grupo\/\" title=\"Read More\">Read More<\/a><\/div>\n","protected":false},"author":2,"featured_media":0,"parent":327,"menu_order":0,"comment_status":"closed","ping_status":"closed","template":"","meta":{"footnotes":""},"class_list":["post-627","page","type-page","status-publish"],"_links":{"self":[{"href":"https:\/\/natsci.uprrp.edu\/es\/wp-json\/wp\/v2\/pages\/627","targetHints":{"allow":["GET"]}}],"collection":[{"href":"https:\/\/natsci.uprrp.edu\/es\/wp-json\/wp\/v2\/pages"}],"about":[{"href":"https:\/\/natsci.uprrp.edu\/es\/wp-json\/wp\/v2\/types\/page"}],"author":[{"embeddable":true,"href":"https:\/\/natsci.uprrp.edu\/es\/wp-json\/wp\/v2\/users\/2"}],"replies":[{"embeddable":true,"href":"https:\/\/natsci.uprrp.edu\/es\/wp-json\/wp\/v2\/comments?post=627"}],"version-history":[{"count":6,"href":"https:\/\/natsci.uprrp.edu\/es\/wp-json\/wp\/v2\/pages\/627\/revisions"}],"predecessor-version":[{"id":845,"href":"https:\/\/natsci.uprrp.edu\/es\/wp-json\/wp\/v2\/pages\/627\/revisions\/845"}],"up":[{"embeddable":true,"href":"https:\/\/natsci.uprrp.edu\/es\/wp-json\/wp\/v2\/pages\/327"}],"wp:attachment":[{"href":"https:\/\/natsci.uprrp.edu\/es\/wp-json\/wp\/v2\/media?parent=627"}],"curies":[{"name":"wp","href":"https:\/\/api.w.org\/{rel}","templated":true}]}}