{"id":625,"date":"2018-01-09T10:08:12","date_gmt":"2018-01-09T14:08:12","guid":{"rendered":"http:\/\/natsci.uprrp.edu\/es\/?page_id=625"},"modified":"2018-05-15T14:34:57","modified_gmt":"2018-05-15T18:34:57","slug":"politicas-y-normativas","status":"publish","type":"page","link":"https:\/\/natsci.uprrp.edu\/es\/servicios-y-recursos\/estudiantes\/politicas-y-normativas\/","title":{"rendered":"Pol\u00edticas y Normativas"},"content":{"rendered":"<dl class=\"sc-accordions\"><dt class=\"sc-accordion-title\"><a href=\"#\">ADMISIONES<\/a><\/dt><dd class=\"sc-accordion-pane\">\n<ul>\n<li><a href=\"http:\/\/www.upr.edu\/mdocs-posts\/politica-y-normas-de-admision-a-la-universidad-de-puerto-rico-para-subgraduados\/\">Pol\u00edtica y normas de admisi\u00f3n a la Universidad de Puerto Rico para subgraduados<\/a><\/li>\n<li><a href=\"http:\/\/www.upr.edu\/mdocs-posts\/politica-de-admision-diferida-para-estudiantes-graduados\/\">Pol\u00edtica de admisi\u00f3n diferida para estudiantes graduados<\/a><\/li>\n<li><a href=\"http:\/\/www.upr.edu\/mdocs-posts\/acuerdo-colaborativo-entre-la-universidad-de-puerto-rico-y-el-departamento-de-correccion-y-rehabilitacion-para-facilitar-el-acceso-de-confinados-y-confinadas-de-maxima-seguridad-a-estudios-de-educacio\/\">Acuerdo colaborativo entre la Universidad de Puerto Rico y el Departamento de Correcci\u00f3n y Rehabilitaci\u00f3n para facilitar el acceso de confinados y confinadas de m\u00e1xima seguridad a estudios de educaci\u00f3n superior<\/a><\/li>\n<li><a href=\"http:\/\/www.upr.edu\/mdocs-posts\/plan-piloto-que-establezca-que-el-cobro-de-la-cuota-de-la-solicitud-de-admision-a-la-universidad-de-puerto-rico-se-incluya-en-la-matricula-de-los-estudiantes-admitidos-3\/\">Plan piloto que establezca que el cobro de la cuota de la solicitud de admisi\u00f3n a la Universidad de Puerto Rico se incluya en la matr\u00edcula de los estudiantes admitidos<\/a><\/li>\n<li><a href=\"http:\/\/www.upr.edu\/mdocs-posts\/procedimiento-para-la-implantacion-dela-ley-250-de-2012-en-la-universidad-de-puerto-rico\/\">Procedimiento para la implantaci\u00f3n de la ley 250 de 2012 en la Universidad de Puerto Rico<\/a><\/li>\n<\/ul>\n<\/dd>\n<dt class=\"sc-accordion-title\"><a href=\"#\">ASISTENCIA ECON\u00d3MICA<\/a><\/dt><dd class=\"sc-accordion-pane\">\n<ul>\n<li><a href=\"http:\/\/www.upr.edu\/mdocs-posts\/manual-de-verificacion-de-la-fafsa-para-el-ano-academico-2014-15-para-estudiantes-que-en-su-hogar-rinden-planilla\/\">Manual de Verificaci\u00f3n de la FAFSA para el a\u00f1o acad\u00e9mico 2014-15 para estudiantes que en su hogar rinden planilla<\/a><\/li>\n<li><a href=\"http:\/\/www.upr.edu\/mdocs-posts\/politica-y-normas-de-elegibilidad-academica-para-la-participacion-de-las-ayudas-economicas\/\" target=\"_blank\" rel=\"noopener\">Pol\u00edtica y normas de elegibilidad acad\u00e9mica para la participaci\u00f3n de ayudas econ\u00f3micas de la UPR<\/a><\/li>\n<li><a href=\"http:\/\/www.upr.edu\/mdocs-posts\/politica-sobre-cargos-de-matricula-en-la-universidad-de-puerto-rico\/\" target=\"_blank\" rel=\"noopener\">Pol\u00edtica sobre cargos de matr\u00edcula en la Universidad de Puerto Rico<\/a><\/li>\n<li><a href=\"http:\/\/www.upr.edu\/mdocs-posts\/revision-del-metodo-y-condiciones-para-establecer-los-cargos-de-matricula-en-la-universidad-de-puerto-rico\/\" target=\"_blank\" rel=\"noopener\">Revisi\u00f3n del m\u00e9todo y condiciones para establecer los cargos de matr\u00edcula en la Universidad de Puerto Rico<\/a><\/li>\n<\/ul>\n<\/dd>\n<dt class=\"sc-accordion-title\"><a href=\"#\">DESARROLLO PROFESIONAL Y COLOCACIONES<\/a><\/dt><dd class=\"sc-accordion-pane\">\n<ul>\n<li><a href=\"http:\/\/www.upr.edu\/mdocs-posts\/politica-sobre-los-servicios-de-desarrollo-profesional-y-colocaciones-estudiantes-upr\/\" target=\"_blank\" rel=\"noopener\">Pol\u00edtica sobre los servicios de desarrollo profesional y colocaciones a estudiantes de la UPR<\/a><\/li>\n<\/ul>\n<\/dd>\n<dt class=\"sc-accordion-title\"><a href=\"#\">DIVERSIDAD FUNCIONAL<\/a><\/dt><dd class=\"sc-accordion-pane\">\n<ul>\n<li><a href=\"http:\/\/decadm.uprrp.edu\/rh\/pdf\/formularios\/nomb_cambios\/politica\/derechos_pers_imp.pdf\" target=\"_blank\" rel=\"noopener\"> Carta de Derechos de las Personas con Impedimentos<\/a><\/li>\n<li><a href=\"http:\/\/decadm.uprrp.edu\/rh\/pdf\/formularios\/nomb_cambios\/politica\/cert16-1997-98.pdf\" target=\"_blank\" rel=\"noopener\"> Reglamento para el Cumplimiento de las Responsabilidades de la UPR seg\u00fan la \u201cLey de Servicios Educativos Integrales para Personas con Impedimentos\u201d<\/a><\/li>\n<\/ul>\n<\/dd>\n<dt class=\"sc-accordion-title\"><a href=\"#\">ESTUDIOS GRADUADOS<\/a><\/dt><dd class=\"sc-accordion-pane\">\n<ul>\n<li><a href=\"http:\/\/procuraduria.uprrp.edu\/wp-content\/uploads\/2015\/10\/Pol%C3%ADtica-Acad%C3%A9mica-para-los-Estudios-Graduados-en-el-Recinto-de-R%C3%ADo-Piedras-de-la-UPR.pdf\" target=\"_blank\" rel=\"noopener\">Pol\u00edtica Acad\u00e9mica para los Estudios Graduados en el Recinto de R\u00edo Piedras de la UPR \u2013 Certificaci\u00f3n 38, 2012-2013 SA<\/a><\/li>\n<li><a href=\"http:\/\/procuraduria.uprrp.edu\/wp-content\/uploads\/2015\/10\/MANUAL-DEL-PROGRAMA-DE-EXPERIENCIAS-ACAD%C3%89MICAS-FORMATIVAS-PEAF-PARA-LAS-FACULTADES-Y-ESCUELAS-GRADUADAS.pdf\" target=\"_blank\" rel=\"noopener\">Manual del Programa de Experiencias Acad\u00e9micas y Formativas (PEAF)<\/a><\/li>\n<\/ul>\n<\/dd>\n<dt class=\"sc-accordion-title\"><a href=\"#\">EXENCIONES DE MATR\u00cdCULA<\/a><\/dt><dd class=\"sc-accordion-pane\">\n<ul>\n<li><a href=\"http:\/\/www.upr.edu\/mdocs-posts\/politica-institucional-sobre-exenciones-de-los-derechos-de-matricula-en-la-upr\/\" target=\"_blank\" rel=\"noopener\">Pol\u00edtica institucional sobre exenciones de los derechos de matr\u00edcula en la UPR<\/a><\/li>\n<li><a href=\"http:\/\/www.upr.edu\/mdocs-posts\/enmienda-politica-institucional-sobre-exenciones-de-los-derechos-de-matricula-en-la-upr-cert-num-108-2013-14\/\" target=\"_blank\" rel=\"noopener\">Enmienda Pol\u00edtica institucional sobre exenciones de los derechos de matr\u00edcula en la UPR<\/a><\/li>\n<li><a href=\"http:\/\/www.upr.edu\/mdocs-posts\/enmienda-politica-institucional-sobre-exenciones-de-los-derechos-de-matricula-en-la-upr-cert-num-106-2013-14\/\" target=\"_blank\" rel=\"noopener\">Enmienda Pol\u00edtica institucional sobre exenciones de los derechos de matr\u00edcula en la UPR<\/a><\/li>\n<\/ul>\n<\/dd>\n<dt class=\"sc-accordion-title\"><a href=\"#\">HOSTIGAMIENTO SEXUAL, USO DE DROGAS Y ALCOHOL<\/a><\/dt><dd class=\"sc-accordion-pane\">\n<ul>\n<li><a href=\"http:\/\/www.upr.edu\/mdocs-posts\/politica-institucional-contra-hostigamiento-sexual-en-la-universidad-de-puerto-rico-enmienda\/\" target=\"_blank\" rel=\"noopener\">Pol\u00edtica institucional contra el hostigamiento sexual en la Universidad de Puerto Rico (enmienda)<\/a><\/li>\n<li><a href=\"http:\/\/decadm.uprrp.edu\/rh\/pdf\/formularios\/nomb_cambios\/politica\/cert32-1999-00.pdf\" target=\"_blank\" rel=\"noopener\">Pol\u00edtica de la Universidad de Puerto Rico sobre el uso il\u00edcito de drogas, sustancias controladas y abuso de alcohol. Certificaci\u00f3n N\u00fam. 032 1999-2000<\/a><\/li>\n<li><a style=\"font-size: 14px\" href=\"http:\/\/decadm.uprrp.edu\/rh\/pdf\/formularios\/nomb_cambios\/politica\/cert33-1999-00.pdf\" target=\"_blank\" rel=\"noopener\">Reglamento de la Universidad de Puerto Rico sobre el uso il\u00edcito de drogas, sustancias controladas y abuso de alcohol.<\/a><\/li>\n<\/ul>\n<\/dd>\n<dt class=\"sc-accordion-title\"><a href=\"#\">INTEGRIDAD ACAD\u00c9MICA<\/a><\/dt><dd class=\"sc-accordion-pane\">\n<ul>\n<li><a href=\"https:\/\/ayudalegalpr.org\/files\/CE6D35A7-B0DD-E05A-5001-17185067F894\/attachments\/A54590EB-9686-4BF7-9A6D-F5016A6BCE46\/circular-17-1989-1990-falta-de-integridad-acadmica-1.pdf\" target=\"_blank\" rel=\"noopener\">Pol\u00edtica institucional y procedimientos del Recinto de R\u00edo Piedras de la Universidad de Puerto Rico ante alegaciones de falta de integridad intelectual en la ense\u00f1anza o investigaci\u00f3n<\/a><\/li>\n<\/ul>\n<\/dd>\n<dt class=\"sc-accordion-title\"><a href=\"#\">JUSTAS ATL\u00c9TICAS<\/a><\/dt><dd class=\"sc-accordion-pane\">\n<ul>\n<li><a href=\"http:\/\/www.upr.edu\/mdocs-posts\/reglamento-de-las-justas-atleticas-de-la-upr\/\" target=\"_blank\" rel=\"noopener\">Reglamento de las justas atl\u00e9ticas de la Universidad de Puerto Rico<\/a><\/li>\n<\/ul>\n<\/dd>\n<dt class=\"sc-accordion-title\"><a href=\"#\">PROCURADOR\u00cdA ESTUDIANTIL<\/a><\/dt><dd class=\"sc-accordion-pane\">\n<ul>\n<li><a href=\"http:\/\/www.upr.edu\/mdocs-posts\/politica-sobre-la-procuraduria-estudiantil\/\" target=\"_blank\" rel=\"noopener\">Pol\u00edtica de la Universidad de Puerto Rico sobre la Procuradur\u00eda Estudiantil<\/a><\/li>\n<\/ul>\n<\/dd>\n<dt class=\"sc-accordion-title\"><a href=\"#\">REGLAMENTO Y C\u00d3DIGOS DE CONDUCTA ESTUDIANTIL<\/a><\/dt><dd class=\"sc-accordion-pane\">\n<ul>\n<li><a href=\"http:\/\/procuraduria.uprrp.edu\/wp-content\/uploads\/2015\/10\/Reglamento-General-de-Estudiantes-de-la-UPR.pdf\" target=\"_blank\" rel=\"noopener\">Reglamento General de Estudiantes<\/a><\/li>\n<li><a href=\"http:\/\/procuraduria.uprrp.edu\/wp-content\/uploads\/2015\/10\/Reglamento-General-de-la-Universidad-de-Puerto-Rico.pdf\" target=\"_blank\" rel=\"noopener\">Reglamento General de la Universidad de Puerto Rico<\/a><\/li>\n<li><a href=\"http:\/\/procuraduria.uprrp.edu\/wp-content\/uploads\/2015\/10\/Reglamento-de-Estudiantes-de-la-UPRRP.pdf\" target=\"_blank\" rel=\"noopener\">Reglamento de Estudiantes de la UPR- R\u00edo Piedras<\/a><\/li>\n<li><a href=\"http:\/\/procuraduria.uprrp.edu\/wp-content\/uploads\/2015\/10\/Reglamento-de-Procedimientos-Apelativos-de-la-UPR.pdf\" target=\"_blank\" rel=\"noopener\">Reglamento de Procedimientos Apelativos de la Universidad de Puerto Rico<\/a><\/li>\n<li><a href=\"http:\/\/procuraduria.uprrp.edu\/wp-content\/uploads\/2015\/10\/Reglamento-de-Cobro-de-Deuda-de-la-Universidad-de-Puerto-Rico.pdf\" target=\"_blank\" rel=\"noopener\">Reglamento de Cobro de Deuda de la Universidad de Puerto Rico<\/a><\/li>\n<li><a href=\"http:\/\/www.upr.edu\/mdocs-posts\/codigo-de-conducta-estudiantil\/\" target=\"_blank\" rel=\"noopener\">C\u00f3digo de Conducta Estudiantil<\/a><\/li>\n<\/ul>\n<\/dd>\n<dt class=\"sc-accordion-title\"><a href=\"#\">SERVICIO MILITAR<\/a><\/dt><dd class=\"sc-accordion-pane\">\n<ul>\n<li><a href=\"http:\/\/www.upr.edu\/mdocs-posts\/estudiantes-servicio-militar-activo-2\/\" target=\"_blank\" rel=\"noopener\">Circular Estudiantes Servicio Militar Activo<\/a><\/li>\n<li><a href=\"http:\/\/www.upr.edu\/mdocs-posts\/reglamento-medidas-proteccion-estudiantes-activados-fuerzas-armadas-eeuu-y-guardia-nacional\/\" target=\"_blank\" rel=\"noopener\">Reglamento Medidas Proteccion Estudiantes Activados Fuerzas Armadas EEUU y Guardia Nacional<\/a><\/li>\n<\/ul>\n<\/dd>\n<dt class=\"sc-accordion-title\"><a href=\"#\">TECNOLOG\u00cdAS<\/a><\/dt><dd class=\"sc-accordion-pane\">\n<ul>\n<li><a href=\"http:\/\/decadm.uprrp.edu\/rh\/pdf\/formularios\/nomb_cambios\/politica\/cert352007-08tecn.pdf\" target=\"_blank\" rel=\"noopener\">Pol\u00edtica Institucional sobre el Uso Aceptable de los Recursos de la Tecnolog\u00eda de la Informaci\u00f3n en la Universidad de Puerto Rico.<\/a><\/li>\n<\/ul>\n<p>Para otras certificaciones consulte la p\u00e1gina web del <a href=\"http:\/\/senado.uprrp.edu\/\" target=\"_blank\" rel=\"noopener\">Senado Acad\u00e9mico del Recinto<\/a> y de la <a href=\"http:\/\/www.juntagobierno.upr.edu\/\" target=\"_blank\" rel=\"noopener\">Junta de Gobierno<\/a> de la Universidad de Puerto Rico.<\/dd>\n<\/dl>\n","protected":false},"excerpt":{"rendered":"","protected":false},"author":2,"featured_media":0,"parent":327,"menu_order":0,"comment_status":"closed","ping_status":"closed","template":"","meta":{"footnotes":""},"class_list":["post-625","page","type-page","status-publish"],"_links":{"self":[{"href":"https:\/\/natsci.uprrp.edu\/es\/wp-json\/wp\/v2\/pages\/625","targetHints":{"allow":["GET"]}}],"collection":[{"href":"https:\/\/natsci.uprrp.edu\/es\/wp-json\/wp\/v2\/pages"}],"about":[{"href":"https:\/\/natsci.uprrp.edu\/es\/wp-json\/wp\/v2\/types\/page"}],"author":[{"embeddable":true,"href":"https:\/\/natsci.uprrp.edu\/es\/wp-json\/wp\/v2\/users\/2"}],"replies":[{"embeddable":true,"href":"https:\/\/natsci.uprrp.edu\/es\/wp-json\/wp\/v2\/comments?post=625"}],"version-history":[{"count":9,"href":"https:\/\/natsci.uprrp.edu\/es\/wp-json\/wp\/v2\/pages\/625\/revisions"}],"predecessor-version":[{"id":1394,"href":"https:\/\/natsci.uprrp.edu\/es\/wp-json\/wp\/v2\/pages\/625\/revisions\/1394"}],"up":[{"embeddable":true,"href":"https:\/\/natsci.uprrp.edu\/es\/wp-json\/wp\/v2\/pages\/327"}],"wp:attachment":[{"href":"https:\/\/natsci.uprrp.edu\/es\/wp-json\/wp\/v2\/media?parent=625"}],"curies":[{"name":"wp","href":"https:\/\/api.w.org\/{rel}","templated":true}]}}