{"id":620,"date":"2018-01-09T09:58:52","date_gmt":"2018-01-09T13:58:52","guid":{"rendered":"http:\/\/natsci.uprrp.edu\/es\/?page_id=620"},"modified":"2018-08-06T16:34:23","modified_gmt":"2018-08-06T20:34:23","slug":"permiso-de-estacionamiento","status":"publish","type":"page","link":"https:\/\/natsci.uprrp.edu\/es\/servicios-y-recursos\/docentes\/permiso-de-estacionamiento\/","title":{"rendered":"Permiso de Estacionamiento"},"content":{"rendered":"<p>El acceso a los estacionamientos designados para empleados es a trav\u00e9s de un sello electr\u00f3nico.\u00a0 La primera vez que se adquiere es libre de costo, sin embargo el reemplazo del mismo tiene un costo de $7.00.<\/p>\n<hr \/>\n<p><strong>INSTRUCCIONES PARA LA ADQUISICI\u00d3N DEL SELLO<\/strong><\/p>\n<hr \/>\n<ol>\n<li>Imprima y complete el formulario\u00a0<a href=\"http:\/\/natsci.uprrp.edu\/es\/wp-content\/uploads\/sites\/10\/2018\/08\/solicitud-permiso-empleados.pdf\">Permiso de Estacionamiento para Empleados<\/a><\/li>\n<li>Una vez haya completado el formulario, acuda con el veh\u00edculo para el cual est\u00e1 solicitando el permiso a la Divisi\u00f3n de Seguridad y Manejo de Riesgos (localizada entre la Facultad de Estudios Generales y la Avenida Barbosa- Edificio 23 en el\u00a0<a href=\"http:\/\/www.uprrp.edu\/?page_id=594\" target=\"_blank\" rel=\"noopener\">mapa del Recinto<\/a>) para que le instalen el sello al veh\u00edculo.\u00a0 Recuerde llevar consigo los siguientes documentos:\n<ul>\n<li>Identificaci\u00f3n oficial de empleado<\/li>\n<li>Licencia de conducir vigente<\/li>\n<li>Licencia de veh\u00edculo vigente<\/li>\n<li>Formulario Solicitud de Permiso de Estacionamiento para Empleados<\/li>\n<\/ul>\n<\/li>\n<\/ol>\n<p><strong>El per\u00edodo entrega y colocaci\u00f3n de sellos electr\u00f3nicos es de lunes a viernes, en horario de 7:00 a.m. a 3:30 p.m. Para casos especiales fuera del horario regular, favor de comunicarse al (787) 764-0000, Ext. 83760 y 83763.\u00a0<\/strong><\/p>\n<hr \/>\n<p><strong>INFORMACI\u00d3N CONTACTO<\/strong><\/p>\n<hr \/>\n<p><strong>DIVISI\u00d3N DE SEGURIDAD Y MANEJO DE RIESGOS<\/strong><\/p>\n<p>Direcci\u00f3n F\u00edsica<br \/>\nEdificio 23 en el\u00a0<a href=\"http:\/\/www.uprrp.edu\/?page_id=594\" target=\"_blank\" rel=\"noopener\">mapa<\/a>\u00a0del Recinto)<\/p>\n<p>T. (787) 764-0000\u00a0Ext. 83760 y 83763<br \/>\nCE. permisos.seguridad@upr.edu<\/p>\n","protected":false},"excerpt":{"rendered":"<p>El acceso a los estacionamientos designados para empleados es a trav\u00e9s de un sello electr\u00f3nico.\u00a0 La primera vez que se adquiere es libre de costo, sin embargo el reemplazo del mismo tiene un costo de $7.00. INSTRUCCIONES PARA LA ADQUISICI\u00d3N DEL SELLO Imprima y complete el formulario\u00a0Permiso de Estacionamiento para Empleados Una vez haya completado<\/p>\n<div class=\"read-more\"><a href=\"https:\/\/natsci.uprrp.edu\/es\/servicios-y-recursos\/docentes\/permiso-de-estacionamiento\/\" title=\"Read More\">Read More<\/a><\/div>\n","protected":false},"author":1,"featured_media":0,"parent":325,"menu_order":0,"comment_status":"closed","ping_status":"closed","template":"","meta":{"footnotes":""},"class_list":["post-620","page","type-page","status-publish"],"_links":{"self":[{"href":"https:\/\/natsci.uprrp.edu\/es\/wp-json\/wp\/v2\/pages\/620","targetHints":{"allow":["GET"]}}],"collection":[{"href":"https:\/\/natsci.uprrp.edu\/es\/wp-json\/wp\/v2\/pages"}],"about":[{"href":"https:\/\/natsci.uprrp.edu\/es\/wp-json\/wp\/v2\/types\/page"}],"author":[{"embeddable":true,"href":"https:\/\/natsci.uprrp.edu\/es\/wp-json\/wp\/v2\/users\/1"}],"replies":[{"embeddable":true,"href":"https:\/\/natsci.uprrp.edu\/es\/wp-json\/wp\/v2\/comments?post=620"}],"version-history":[{"count":6,"href":"https:\/\/natsci.uprrp.edu\/es\/wp-json\/wp\/v2\/pages\/620\/revisions"}],"predecessor-version":[{"id":1447,"href":"https:\/\/natsci.uprrp.edu\/es\/wp-json\/wp\/v2\/pages\/620\/revisions\/1447"}],"up":[{"embeddable":true,"href":"https:\/\/natsci.uprrp.edu\/es\/wp-json\/wp\/v2\/pages\/325"}],"wp:attachment":[{"href":"https:\/\/natsci.uprrp.edu\/es\/wp-json\/wp\/v2\/media?parent=620"}],"curies":[{"name":"wp","href":"https:\/\/api.w.org\/{rel}","templated":true}]}}