{"id":612,"date":"2018-01-09T09:56:04","date_gmt":"2018-01-09T13:56:04","guid":{"rendered":"http:\/\/natsci.uprrp.edu\/es\/?page_id=612"},"modified":"2018-05-08T16:01:08","modified_gmt":"2018-05-08T20:01:08","slug":"ayuda-tecnologica","status":"publish","type":"page","link":"https:\/\/natsci.uprrp.edu\/es\/servicios-y-recursos\/estudiantes\/ayuda-tecnologica\/","title":{"rendered":"Ayuda Tecnol\u00f3gica"},"content":{"rendered":"<p>La <strong>Divisi\u00f3n de Tecnolog\u00edas Acad\u00e9micas y Administrativas<\/strong> (DTAA, por sus siglas) ofrece servicios de apoyo\u00a0tecnol\u00f3gico relacionados al correo electr\u00f3nico, Internet inal\u00e1mbrico, Moodle, Office 365, entre otros.\u00a0 Para asistencia env\u00ede un correo electr\u00f3nico a:\u00a0help.desk@upr.edu, o en su lugar puede visite el <a href=\"http:\/\/helpdesk.uprrp.edu:9675\/portal\" target=\"_blank\" rel=\"noopener\">Portal DTTA-Mesa de ayuda<\/a>.<\/p>\n<p>En el <strong>Centro de Informaci\u00f3n y Tecnolog\u00eda<\/strong> (CITec) ubicado en el edificio de la Biblioteca N\u00e9stor M. Rodr\u00edguez Rivera de nuestra facultad tambi\u00e9n se ofrece asistencia tecnol\u00f3gica.<\/p>\n<hr \/>\n<p><strong>INFORMACI\u00d3N DEL CONTACTO\u00a0<\/strong><\/p>\n<hr \/>\n<p><strong>DIVISI\u00d3N DE TECNOLOG\u00cdAS ACAD\u00c9MICAS Y ADMINISTRATIVAS (DTAA)<\/strong><br \/>\nDirecci\u00f3n F\u00edsica:\u00a0 Primer Piso, Plaza Universitaria, Torre Central<br \/>\nT. (787) 764-0000 Ext. 85985, 83800, 83900, 83808<br \/>\nCE.\u00a0<a href=\"mailto:help.desk@upr.edu\" target=\"_blank\" rel=\"noopener\">help.desk@upr.edu<\/a><\/p>\n<p><strong>CENTRO DE INFORMACI\u00d3N Y TECNOLOG\u00cdA (CITEC)<\/strong><br \/>\nDirecci\u00f3n F\u00edsica: Segundo Piso Edificio de Biblioteca<br \/>\nSra. Magdalena F\u00e9lix<br \/>\nT. (787) 764-0000 Ext. 83374<\/p>\n","protected":false},"excerpt":{"rendered":"<p>La Divisi\u00f3n de Tecnolog\u00edas Acad\u00e9micas y Administrativas (DTAA, por sus siglas) ofrece servicios de apoyo\u00a0tecnol\u00f3gico relacionados al correo electr\u00f3nico, Internet inal\u00e1mbrico, Moodle, Office 365, entre otros.\u00a0 Para asistencia env\u00ede un correo electr\u00f3nico a:\u00a0help.desk@upr.edu, o en su lugar puede visite el Portal DTTA-Mesa de ayuda. En el Centro de Informaci\u00f3n y Tecnolog\u00eda (CITec) ubicado en el<\/p>\n<div class=\"read-more\"><a href=\"https:\/\/natsci.uprrp.edu\/es\/servicios-y-recursos\/estudiantes\/ayuda-tecnologica\/\" title=\"Read More\">Read More<\/a><\/div>\n","protected":false},"author":2,"featured_media":0,"parent":327,"menu_order":0,"comment_status":"closed","ping_status":"closed","template":"","meta":{"rs_blank_template":"","rs_page_bg_color":"","slide_template_v7":"","footnotes":""},"class_list":["post-612","page","type-page","status-publish"],"_links":{"self":[{"href":"https:\/\/natsci.uprrp.edu\/es\/wp-json\/wp\/v2\/pages\/612","targetHints":{"allow":["GET"]}}],"collection":[{"href":"https:\/\/natsci.uprrp.edu\/es\/wp-json\/wp\/v2\/pages"}],"about":[{"href":"https:\/\/natsci.uprrp.edu\/es\/wp-json\/wp\/v2\/types\/page"}],"author":[{"embeddable":true,"href":"https:\/\/natsci.uprrp.edu\/es\/wp-json\/wp\/v2\/users\/2"}],"replies":[{"embeddable":true,"href":"https:\/\/natsci.uprrp.edu\/es\/wp-json\/wp\/v2\/comments?post=612"}],"version-history":[{"count":11,"href":"https:\/\/natsci.uprrp.edu\/es\/wp-json\/wp\/v2\/pages\/612\/revisions"}],"predecessor-version":[{"id":1345,"href":"https:\/\/natsci.uprrp.edu\/es\/wp-json\/wp\/v2\/pages\/612\/revisions\/1345"}],"up":[{"embeddable":true,"href":"https:\/\/natsci.uprrp.edu\/es\/wp-json\/wp\/v2\/pages\/327"}],"wp:attachment":[{"href":"https:\/\/natsci.uprrp.edu\/es\/wp-json\/wp\/v2\/media?parent=612"}],"curies":[{"name":"wp","href":"https:\/\/api.w.org\/{rel}","templated":true}]}}