{"id":610,"date":"2018-01-09T09:55:43","date_gmt":"2018-01-09T13:55:43","guid":{"rendered":"http:\/\/natsci.uprrp.edu\/es\/?page_id=610"},"modified":"2018-05-15T14:14:30","modified_gmt":"2018-05-15T18:14:30","slug":"asistencia-economica","status":"publish","type":"page","link":"https:\/\/natsci.uprrp.edu\/es\/servicios-y-recursos\/estudiantes\/asistencia-economica\/","title":{"rendered":"Asistencia Econ\u00f3mica"},"content":{"rendered":"<p><strong>OFICINA DE ASISTENCIA ECON\u00d3MICA<\/strong><br \/>\n<a href=\"http:\/\/asistenciaeconomica.uprrp.edu\/\">http:\/\/asistenciaeconomica.uprrp.edu\/<\/a><br \/>\nDirecci\u00f3n F\u00edsica<br \/>\n2do piso de Plaza Universitaria<\/p>\n<p>T. (787) 764-0000 ext. 86125<\/p>\n<p>Horario del mostrador: Lunes a Jueves: 7:30AM \u2013 5:00PM ;\u00a0Viernes: 7:30AM \u2013 4:30PM<br \/>\nHorario de Oficiales de Asistencia Econ\u00f3mica: Ver <a href=\"http:\/\/asistenciaeconomica.uprrp.edu\/wp-content\/uploads\/2017\/07\/Tabla-Numeracion-2017-18.pdf\" target=\"_blank\" rel=\"noopener\">documento<\/a><\/p>\n<dl class=\"sc-accordions\"><dt class=\"sc-accordion-title\"><a href=\"#\">AYUDAS FEDERALES<\/a><\/dt><dd class=\"sc-accordion-pane\">\n<p>El Departamento de Educaci\u00f3n de Estados Unidos otorga ayuda federal para que los estudiantes puedan sufragar gastos de matr\u00edcula y cuotas, hospedaje, transportaci\u00f3n, libros y otros \u00fatiles. \u00a0Tambi\u00e9n puede ayudar a pagar otros gastos relacionados, tales como una computadora y el cuidado de personas a cargo. Como paso inicial, el estudiante debe llenar todos los a\u00f1os la Solicitud de <a href=\"https:\/\/studentaid.ed.gov\/es\/fafsa\">Ayuda Econ\u00f3mica Federal (FAFSA)<\/a>. \u00a0Algunas de las ayudas federales son:<\/p>\n<ul>\n<li><strong>Beca PELL. <\/strong>Este es un programa federal que le provee ayuda econ\u00f3mica al estudiante de nivel subgraduado que cursa un primer bachillerato. Sin embargo, en ciertos casos, un estudiante inscrito en un programa graduado de certificaci\u00f3n docente podr\u00eda cualificar para una Beca Pell. La cantidad de dinero recibida puede variar de a\u00f1o en a\u00f1o y depende de la necesidad econ\u00f3mica evidenciada, entre otros requisitos de elegibilidad del estudiante. \u00a0Los estudiantes que participan del Programa de Intercambio de la Universidad de Puerto Rico (UPR), pueden solicitar Beca Pell . \u00a0M\u00e1s informaci\u00f3n disponible en <a href=\"https:\/\/studentaid.ed.gov\/sa\/es\/types\/grants-scholarships\/pell#cuanto-dinero\" target=\"_blank\" rel=\"noopener\">Beca Pell.<\/a><\/li>\n<li><strong>Beca federal complementaria para oportunidad educativa (FSEOG). <\/strong>Este programa provee ayuda adicional en forma de becas a estudiantes subgraduados con necesidades econ\u00f3micas excepcionales. \u00a0Para m\u00e1s informaci\u00f3n visita <a href=\"https:\/\/studentaid.ed.gov\/sa\/es\/types\/grants-scholarships\/fseog\" target=\"_blank\" rel=\"noopener\">FSEOG.<\/a><\/li>\n<li><strong>Becas TEACH y por servicios militares. <\/strong>Estas becas cuentan con requisitos de participaci\u00f3n especiales. Para m\u00e1s informaci\u00f3n visita <a href=\"https:\/\/studentaid.ed.gov\/sa\/es\/types\/grants-scholarships\" target=\"_blank\" rel=\"noopener\">TEACH.<\/a><\/li>\n<li><strong>Pr\u00e9stamos federales con subsidio y sin subsidio. <\/strong>Los pr\u00e9stamos con subsidio del inter\u00e9s del Direct Loan Program est\u00e1n disponibles para estudiantes subgraduados que tengan necesidad econ\u00f3mica. \u00a0Es la instituci\u00f3n educativa la responsable de determinar la cantidad que el estudiante puede pedir prestado. \u00a0Las condiciones del pr\u00e9stamo son algo mejores porque el Departamento de Educaci\u00f3n Federal es quien paga los intereses del pr\u00e9stamo mientras el estudiante est\u00e9 matriculado al menos a medio tiempo. \u00a0El periodo para pagar el pr\u00e9stamo se activa autom\u00e1ticamente 6 meses despu\u00e9s de graduarse, de cesar estudios o de matricularse en una carga acad\u00e9mica menor a la requerida.\u00a0 De otra parte, los pr\u00e9stamos sin subsidio del Direct Loan Program se encuentran disponibles para estudiantes subgraduados y graduados. \u00a0El estudiante es responsable por el pago de todos los intereses. \u00a0En este pr\u00e9stamo no se requiere demostrar necesidad econ\u00f3mica. \u00a0Al igual que en el pr\u00e9stamo con subsidio, la instituci\u00f3n educativa es quien determina la cantidad que el estudiante puede pedir prestada bas\u00e1ndose en el costo de los estudios y otras ayudas econ\u00f3micas que reciba. Los estudiantes que participan del Programa de Intercambio de la Universidad de Puerto Rico (UPR), pueden solicitar pr\u00e9stamos federales.<\/li>\n<li><strong>Pr\u00e9stamos PLUS. <\/strong>Estos pr\u00e9stamos est\u00e1n disponibles para estudiantes graduados que no tienen un historial crediticio negativo. \u00a0El monto de la cantidad m\u00e1xima del pr\u00e9stamo es el costo de los estudios determinado por la instituci\u00f3n educativa. \u00a0Para m\u00e1s informaci\u00f3n visite la p\u00e1gina de <a href=\"https:\/\/studentaid.ed.gov\/sa\/es\/types\/loans\/plus\" target=\"_blank\" rel=\"noopener\">pr\u00e9stamos PLUS.<\/a><\/li>\n<li><strong style=\"font-size: 14px\">Programa de estudio y trabajo. <\/strong><span style=\"font-size: 14px\">Este programa le brinda empleo a tiempo parcial a estudiantes subgraduados y graduados con necesidad econ\u00f3mica. \u00a0Es administrado por las instituciones educativas por lo cual debe acudir a la Oficina de Asistencia Econ\u00f3mica para averiguar si puede participar de \u00e9ste.<\/span><\/li>\n<\/ul>\n<p> <\/dd>\n<dt class=\"sc-accordion-title\"><a href=\"#\">AYUDAS ESTATALES<\/a><\/dt><dd class=\"sc-accordion-pane\">\n<p><span style=\"font-family: 'Open Sans', Arial, sans-serif;font-size: 14px\">El Gobierno de Puerto Rico tambi\u00e9n posee ayudas econ\u00f3micas para estudiantes. \u00a0De igual manera se requiere como paso inicial, que el estudiante llene todos los a\u00f1os la Solicitud de\u00a0<\/span><a style=\"font-family: 'Open Sans', Arial, sans-serif;font-size: 14px\" href=\"https:\/\/studentaid.ed.gov\/es\/fafsa\">Ayuda Econ\u00f3mica Federal (FAFSA)<\/a><span style=\"font-family: 'Open Sans', Arial, sans-serif;font-size: 14px\">.<\/span><\/p>\n<ul style=\"font-size: 14px;font-family: 'Open Sans', Arial, sans-serif\">\n<li style=\"font-size: 14px\"><strong style=\"font-size: 14px\">Beca Legislativa.\u00a0<\/strong>El programa de ayudas legislativas le provee ayuda complementaria al estudiante elegible de nivel subgraduado y graduado. Es requisito evidenciar necesidad econ\u00f3mica. \u00a0Visite la Oficina de Asistencia Econ\u00f3mica para m\u00e1s informaci\u00f3n de esta beca.<\/li>\n<\/ul>\n<\/dd>\n<dt class=\"sc-accordion-title\"><a href=\"#\">AYUDAS UNIVERSITARIAS<\/a><\/dt><dd class=\"sc-accordion-pane\"><\/span><\/p>\n<p>El Recinto de R\u00edo Piedras cuenta con varios programas para ayudar a sus estudiantes, entre los cuales se encuentran:<\/p>\n<ul>\n<li><strong>Programa de Trabajo a Jornal. <\/strong>Le provee la oportunidad a los estudiantes de trabajar en las distintas unidades adscritas a las facultades hasta un m\u00e1ximo de 20 horas semanales que le son retribuidas de acuerdo al salario m\u00ednimo federal prevaleciente y sujetas a la \u00a0disponibilidad de fondos. \u00a0Son elegibles los estudiantes subgraduados y graduados del Recinto de R\u00edo Piedras que est\u00e9n matriculados en un programa de estudios regular conducente a un grado acad\u00e9mico. \u00a0Los estudiantes interesados deber\u00e1n presentar su resum\u00e9, el programa de clases con evidencia de pago, la tarjeta de identificaci\u00f3n de estudiante y la tarjeta de seguro social en la oficina administrativa de la facultad correspondiente. \u00a0Para trabajo a jornal en alguna de las bibliotecas del Recinto puede visitar o llamar a:\n<ul>\n<li>Biblioteca General Jos\u00e9 M. L\u00e1zaro, 787-764-0000 Exts. 85516, 85517<\/li>\n<li>Biblioteca de Derecho, 787-999-9702 \u00f3 787-999-9684<\/li>\n<li>Biblioteca de Ciencias Naturales, 787-764-0000 Ext. 88372<\/li>\n<li>Biblioteca de Arquitectura, (787) 764-0000 Ext. 85997<\/li>\n<\/ul>\n<\/li>\n<li><strong>Ayudant\u00edas. <\/strong>El <a href=\"http:\/\/grad.uprrp.edu\/index.php?lang=es&amp;option=com_content&amp;view=article&amp;id=135&amp;Itemid=204\">Programa de Experiencias Acad\u00e9micas Formativas<\/a> (PEAF) o ayudant\u00edas le provee a los estudiantes graduados exenci\u00f3n de matr\u00edcula y un incentivo econ\u00f3mico para costear sus estudios, al mismo tiempo en que obtiene experiencias acad\u00e9micas que le ayudan a su formaci\u00f3n acad\u00e9mica y profesional. \u00a0Como este incentivo se subvenciona con fondos institucionales est\u00e1 sujeto a la disponibilidad de los mismos. Para requisitos y otra informaci\u00f3n puede llamar al (787) 764-0000 Ext. 86700.<\/li>\n<li><strong>Propuestas de Fondos Externos.<\/strong> Un n\u00famero considerable de las propuestas que subvencionan proyectos vienen acompa\u00f1adas con fondos destinados para estudiantes, ya sea para trabajo por jornal o ayudant\u00eda de c\u00e1tedra. Regularmente son las personas encargadas de administrar las propuestas quienes invitan a estudiantes a trabajar en su proyecto.<\/li>\n<\/ul>\n<\/dd>\n<dt class=\"sc-accordion-title\"><a href=\"#\">AYUDAS ORGANIZACIONES PRIVADAS O SIN FINES DE LUCRO<\/a><\/dt><dd class=\"sc-accordion-pane\">\n<p>Son concedidas por empleadores, personas f\u00edsicas, empresas privadas, organizaciones sin fines de lucro, comunidades, grupos religiosos y organizaciones profesionales y sociales. \u00a0Se otorgan de acuerdo con los requisitos establecidos por los propios donantes. \u00a0Puede utilizar la herramienta de <a href=\"https:\/\/www.careeronestop.org\/toolkit\/training\/find-scholarships.aspx\" target=\"_blank\" rel=\"noopener\">b\u00fasqueda de becas<\/a> gratuitas.<\/dd>\n<\/dl>\n","protected":false},"excerpt":{"rendered":"<p>OFICINA DE ASISTENCIA ECON\u00d3MICA http:\/\/asistenciaeconomica.uprrp.edu\/ Direcci\u00f3n F\u00edsica 2do piso de Plaza Universitaria T. (787) 764-0000 ext. 86125 Horario del mostrador: Lunes a Jueves: 7:30AM \u2013 5:00PM ;\u00a0Viernes: 7:30AM \u2013 4:30PM Horario de Oficiales de Asistencia Econ\u00f3mica: Ver documento<\/p>\n","protected":false},"author":2,"featured_media":0,"parent":327,"menu_order":0,"comment_status":"closed","ping_status":"closed","template":"","meta":{"rs_blank_template":"","rs_page_bg_color":"","slide_template_v7":"","footnotes":""},"class_list":["post-610","page","type-page","status-publish"],"_links":{"self":[{"href":"https:\/\/natsci.uprrp.edu\/es\/wp-json\/wp\/v2\/pages\/610","targetHints":{"allow":["GET"]}}],"collection":[{"href":"https:\/\/natsci.uprrp.edu\/es\/wp-json\/wp\/v2\/pages"}],"about":[{"href":"https:\/\/natsci.uprrp.edu\/es\/wp-json\/wp\/v2\/types\/page"}],"author":[{"embeddable":true,"href":"https:\/\/natsci.uprrp.edu\/es\/wp-json\/wp\/v2\/users\/2"}],"replies":[{"embeddable":true,"href":"https:\/\/natsci.uprrp.edu\/es\/wp-json\/wp\/v2\/comments?post=610"}],"version-history":[{"count":16,"href":"https:\/\/natsci.uprrp.edu\/es\/wp-json\/wp\/v2\/pages\/610\/revisions"}],"predecessor-version":[{"id":1389,"href":"https:\/\/natsci.uprrp.edu\/es\/wp-json\/wp\/v2\/pages\/610\/revisions\/1389"}],"up":[{"embeddable":true,"href":"https:\/\/natsci.uprrp.edu\/es\/wp-json\/wp\/v2\/pages\/327"}],"wp:attachment":[{"href":"https:\/\/natsci.uprrp.edu\/es\/wp-json\/wp\/v2\/media?parent=610"}],"curies":[{"name":"wp","href":"https:\/\/api.w.org\/{rel}","templated":true}]}}