{"id":608,"date":"2018-01-09T09:55:22","date_gmt":"2018-01-09T13:55:22","guid":{"rendered":"http:\/\/natsci.uprrp.edu\/es\/?page_id=608"},"modified":"2018-02-25T20:02:24","modified_gmt":"2018-02-26T00:02:24","slug":"asesoria-academica-lista-de-asesores-agnes-vazquez","status":"publish","type":"page","link":"https:\/\/natsci.uprrp.edu\/es\/servicios-y-recursos\/estudiantes\/asesoria-academica-lista-de-asesores-agnes-vazquez\/","title":{"rendered":"Asesor\u00eda Acad\u00e9mica"},"content":{"rendered":"<p>La asesor\u00eda acad\u00e9mica es un servicio esencial para el \u00e9xito estudiantil ya que le permite al estudiante orientarse para tomar decisiones informadas para la selecci\u00f3n de cursos, experiencias de internados e intercambios acad\u00e9micos, adem\u00e1s de proseguir estudios graduados.\u00a0 De igual manera, recibe asesor\u00eda acerca de asuntos tales como matr\u00edcula, sobre-cupos, convalidaciones, permisos especiales, traslados, programas de clases, \u00edndices acad\u00e9micos, cursos de verano, entre otros. Para acceder a la lista de asesores acad\u00e9micos por departamentos\/programas pulsa sobre el siguiente enlace:<br \/>\n<a href=\"http:\/\/natsci.uprrp.edu\/es\/wp-content\/uploads\/sites\/10\/2018\/02\/ASESORES-ACADEMICOS-POR-DEPARTAMENTOS-REV.-14-FEB-2018.pdf\">ASESORES ACADEMICOS POR DEPARTAMENTOS (REV. 14 FEB 2018)<\/a><\/p>\n<p><img loading=\"lazy\" decoding=\"async\" class=\"wp-image-793 size-large\" src=\"http:\/\/natsci.uprrp.edu\/es\/wp-content\/uploads\/sites\/10\/2018\/02\/REQ.DE-ADMISION-POR-TRANSFERENCIA-Y-TRASLADO-GENERAL-2017-18-PARA-ESTS-DE-UNIVERSIDADES-O-COLEGIOS-PUBLICOS-PRIVADOS-Y-DEL-SISTEMA-UPR-ESTS.-NO-ARTICULADO-Rev.-23-feb-201-1024x791.jpg\" alt=\"Im\u00e1gen que muestran los requisitos de admisi\u00f3n por transferencia y traslado general 2017-18\" width=\"702\" height=\"542\" srcset=\"https:\/\/natsci.uprrp.edu\/es\/wp-content\/uploads\/sites\/10\/2018\/02\/REQ.DE-ADMISION-POR-TRANSFERENCIA-Y-TRASLADO-GENERAL-2017-18-PARA-ESTS-DE-UNIVERSIDADES-O-COLEGIOS-PUBLICOS-PRIVADOS-Y-DEL-SISTEMA-UPR-ESTS.-NO-ARTICULADO-Rev.-23-feb-201-1024x791.jpg 1024w, https:\/\/natsci.uprrp.edu\/es\/wp-content\/uploads\/sites\/10\/2018\/02\/REQ.DE-ADMISION-POR-TRANSFERENCIA-Y-TRASLADO-GENERAL-2017-18-PARA-ESTS-DE-UNIVERSIDADES-O-COLEGIOS-PUBLICOS-PRIVADOS-Y-DEL-SISTEMA-UPR-ESTS.-NO-ARTICULADO-Rev.-23-feb-201-300x232.jpg 300w\" sizes=\"auto, (max-width: 702px) 100vw, 702px\" \/><\/p>\n<p>&nbsp;<\/p>\n<p><img loading=\"lazy\" decoding=\"async\" class=\"wp-image-792 size-large\" src=\"http:\/\/natsci.uprrp.edu\/es\/wp-content\/uploads\/sites\/10\/2018\/02\/REQUISITOS-DE-CAMBIO-DE-FACULTAD-O-CONCENTRACION-DE-ESTUDIANTES-DE-PRIMER-A\u00f1O-801-17-QUE-DEBERAN-TENER-COMPLETADOS-AL-FINALIZAR-EL-SEGUNDO-SEMESTRE-2017-2018-Rev.-23-feb-2018-1024x791.jpg\" alt=\"Imagen que muestra los requisitos de cambio de facultad o concentraci\u00f3n de estudiantes de primer a\u00f1os (801-17), que deber\u00e1n tener completados al finalizar el segundo semestre 2017-2018 \" width=\"702\" height=\"542\" srcset=\"https:\/\/natsci.uprrp.edu\/es\/wp-content\/uploads\/sites\/10\/2018\/02\/REQUISITOS-DE-CAMBIO-DE-FACULTAD-O-CONCENTRACION-DE-ESTUDIANTES-DE-PRIMER-A\u00f1O-801-17-QUE-DEBERAN-TENER-COMPLETADOS-AL-FINALIZAR-EL-SEGUNDO-SEMESTRE-2017-2018-Rev.-23-feb-2018-1024x791.jpg 1024w, https:\/\/natsci.uprrp.edu\/es\/wp-content\/uploads\/sites\/10\/2018\/02\/REQUISITOS-DE-CAMBIO-DE-FACULTAD-O-CONCENTRACION-DE-ESTUDIANTES-DE-PRIMER-A\u00f1O-801-17-QUE-DEBERAN-TENER-COMPLETADOS-AL-FINALIZAR-EL-SEGUNDO-SEMESTRE-2017-2018-Rev.-23-feb-2018-300x232.jpg 300w\" sizes=\"auto, (max-width: 702px) 100vw, 702px\" \/><\/p>\n<p>&nbsp;<\/p>\n<p>&nbsp;<\/p>\n<p><img loading=\"lazy\" decoding=\"async\" class=\"wp-image-791 size-large\" src=\"http:\/\/natsci.uprrp.edu\/es\/wp-content\/uploads\/sites\/10\/2018\/02\/REQUISITOS-DE-RECLASIFICACION-2017-2018-CAMBIO-DE-FACULTAD-O-CONCENTRACION-ESTUDIANTES-DE-ESEGUNDO-A\u00d1O-EN-ADELANTE-Rev.-23-feb-2018-1024x791.jpg\" alt=\"Imagen que muestra los requisitos de reclasificaci\u00f3n 2017-2018 (cambio de facultad o concentraci\u00f3n para estudiantes de segundo a\u00f1o en adelante)\" width=\"702\" height=\"542\" srcset=\"https:\/\/natsci.uprrp.edu\/es\/wp-content\/uploads\/sites\/10\/2018\/02\/REQUISITOS-DE-RECLASIFICACION-2017-2018-CAMBIO-DE-FACULTAD-O-CONCENTRACION-ESTUDIANTES-DE-ESEGUNDO-A\u00d1O-EN-ADELANTE-Rev.-23-feb-2018-1024x791.jpg 1024w, https:\/\/natsci.uprrp.edu\/es\/wp-content\/uploads\/sites\/10\/2018\/02\/REQUISITOS-DE-RECLASIFICACION-2017-2018-CAMBIO-DE-FACULTAD-O-CONCENTRACION-ESTUDIANTES-DE-ESEGUNDO-A\u00d1O-EN-ADELANTE-Rev.-23-feb-2018-300x232.jpg 300w\" sizes=\"auto, (max-width: 702px) 100vw, 702px\" \/><\/p>\n<p>&nbsp;<\/p>\n","protected":false},"excerpt":{"rendered":"<p>La asesor\u00eda acad\u00e9mica es un servicio esencial para el \u00e9xito estudiantil ya que le permite al estudiante orientarse para tomar decisiones informadas para la selecci\u00f3n de cursos, experiencias de internados e intercambios acad\u00e9micos, adem\u00e1s de proseguir estudios graduados.\u00a0 De igual manera, recibe asesor\u00eda acerca de asuntos tales como matr\u00edcula, sobre-cupos, convalidaciones, permisos especiales, traslados, programas<\/p>\n<div class=\"read-more\"><a href=\"https:\/\/natsci.uprrp.edu\/es\/servicios-y-recursos\/estudiantes\/asesoria-academica-lista-de-asesores-agnes-vazquez\/\" title=\"Read More\">Read More<\/a><\/div>\n","protected":false},"author":2,"featured_media":0,"parent":327,"menu_order":0,"comment_status":"closed","ping_status":"closed","template":"","meta":{"footnotes":""},"class_list":["post-608","page","type-page","status-publish"],"_links":{"self":[{"href":"https:\/\/natsci.uprrp.edu\/es\/wp-json\/wp\/v2\/pages\/608","targetHints":{"allow":["GET"]}}],"collection":[{"href":"https:\/\/natsci.uprrp.edu\/es\/wp-json\/wp\/v2\/pages"}],"about":[{"href":"https:\/\/natsci.uprrp.edu\/es\/wp-json\/wp\/v2\/types\/page"}],"author":[{"embeddable":true,"href":"https:\/\/natsci.uprrp.edu\/es\/wp-json\/wp\/v2\/users\/2"}],"replies":[{"embeddable":true,"href":"https:\/\/natsci.uprrp.edu\/es\/wp-json\/wp\/v2\/comments?post=608"}],"version-history":[{"count":6,"href":"https:\/\/natsci.uprrp.edu\/es\/wp-json\/wp\/v2\/pages\/608\/revisions"}],"predecessor-version":[{"id":810,"href":"https:\/\/natsci.uprrp.edu\/es\/wp-json\/wp\/v2\/pages\/608\/revisions\/810"}],"up":[{"embeddable":true,"href":"https:\/\/natsci.uprrp.edu\/es\/wp-json\/wp\/v2\/pages\/327"}],"wp:attachment":[{"href":"https:\/\/natsci.uprrp.edu\/es\/wp-json\/wp\/v2\/media?parent=608"}],"curies":[{"name":"wp","href":"https:\/\/api.w.org\/{rel}","templated":true}]}}