{"id":603,"date":"2018-01-09T09:49:40","date_gmt":"2018-01-09T13:49:40","guid":{"rendered":"http:\/\/natsci.uprrp.edu\/es\/?page_id=603"},"modified":"2018-03-23T03:11:56","modified_gmt":"2018-03-23T07:11:56","slug":"solicitud-de-salones-facilidades-y-transporte","status":"publish","type":"page","link":"https:\/\/natsci.uprrp.edu\/es\/servicios-y-recursos\/docentes\/solicitud-de-salones-facilidades-y-transporte\/","title":{"rendered":"Anfiteatros, Salones y Transportaci\u00f3n"},"content":{"rendered":"<p><strong>ANFITEATRO A-211<\/strong><\/p>\n<ul>\n<li>Capacidad 110 personas<\/li>\n<li>Para reservaciones comun\u00edquese con el Centro de Informaci\u00f3n y Tecnolog\u00eda (CItec) a la extensi\u00f3n 88376.<\/li>\n<\/ul>\n<p><a href=\"http:\/\/natsci.uprrp.edu\/es\/wp-content\/uploads\/sites\/10\/2018\/03\/Politica-Salon-de-Usos-Multiples.pdf\" target=\"_blank\" rel=\"noopener\">Pol\u00edtica Sal\u00f3n de Usos M\u00faltiples<\/a><br \/>\n<a href=\"http:\/\/bcn.uprrp.edu\/citecreservation\/Web\/view-schedule.php\" target=\"_blank\" rel=\"noopener\">Calendario de reservaciones\u00a0<\/a><br \/>\n<a style=\"font-size: 14px\" href=\"http:\/\/natsci.uprrp.edu\/es\/wp-content\/uploads\/sites\/10\/2018\/03\/Hoja-de-pr\u00e9stamo-equipo-pdf418.pdf\" target=\"_blank\" rel=\"noopener\">Solicitud de pr\u00e9stamo equipo del CITec<\/a><\/p>\n<p><strong>ANFITEATRO 142<\/strong><\/p>\n<ul>\n<li>Capacidad 275 personas<\/li>\n<li>Para reservaciones comun\u00edquese con el Sr. N\u00e9stor Pacheco a la extensi\u00f3n 87929 o visite el Decanato de Ciencias Naturales.<\/li>\n<\/ul>\n<p><strong>SAL\u00d3N DE USOS M\u00daLTIPLES DEL CITEC<\/strong><\/p>\n<ul>\n<li>Capacidad 24 personas<\/li>\n<li>Para reservaciones comun\u00edquese con el Centro de Informaci\u00f3n y Tecnolog\u00eda (CItec) a la extensi\u00f3n 88376.<\/li>\n<\/ul>\n<p><a href=\"http:\/\/natsci.uprrp.edu\/es\/wp-content\/uploads\/sites\/10\/2018\/03\/Politica-Salon-de-Usos-Multiples.pdf\" target=\"_blank\" rel=\"noopener\">Pol\u00edtica Sal\u00f3n de Usos M\u00faltiples<\/a><br \/>\n<a href=\"http:\/\/bcn.uprrp.edu\/citecreservation\/Web\/view-schedule.php\" target=\"_blank\" rel=\"noopener\">Calendario de reservaciones<\/a><a href=\"http:\/\/natsci.uprrp.edu\/es\/wp-content\/uploads\/sites\/10\/2018\/03\/Hoja-de-pr\u00e9stamo-equipo-pdf418.pdf\" target=\"_blank\" rel=\"noopener\"><br \/>\nSolicitud de pr\u00e9stamo equipo del CITec<\/a><\/p>\n<p><strong>SAL\u00d3N C-356<\/strong><\/p>\n<ul>\n<li>Para reservaciones comun\u00edquese con el Prof. Carlos Pereira a la extensi\u00f3n 87927 o visite el Decanato de Ciencias Naturales.<\/li>\n<\/ul>\n<p><strong>SALONES DE CLASES<\/strong><\/p>\n<ul>\n<li>Para reservaciones comun\u00edquese con el Sr. N\u00e9stor Pacheco a la extensi\u00f3n 87929 o visite el Decanato de Ciencias Naturales.<\/li>\n<\/ul>\n<p><strong>TRANSPORTACI\u00d3N<\/strong><\/p>\n<ul>\n<li>Para reservaciones comun\u00edquese con el Sr. N\u00e9stor Pacheco a la extensi\u00f3n 87929 o visite el Decanato de Ciencias Naturales.<\/li>\n<\/ul>\n","protected":false},"excerpt":{"rendered":"<p>ANFITEATRO A-211 Capacidad 110 personas Para reservaciones comun\u00edquese con el Centro de Informaci\u00f3n y Tecnolog\u00eda (CItec) a la extensi\u00f3n 88376. Pol\u00edtica Sal\u00f3n de Usos M\u00faltiples Calendario de reservaciones\u00a0 Solicitud de pr\u00e9stamo equipo del CITec ANFITEATRO 142 Capacidad 275 personas Para reservaciones comun\u00edquese con el Sr. N\u00e9stor Pacheco a la extensi\u00f3n 87929 o visite el Decanato<\/p>\n<div class=\"read-more\"><a href=\"https:\/\/natsci.uprrp.edu\/es\/servicios-y-recursos\/docentes\/solicitud-de-salones-facilidades-y-transporte\/\" title=\"Read More\">Read More<\/a><\/div>\n","protected":false},"author":2,"featured_media":0,"parent":325,"menu_order":0,"comment_status":"closed","ping_status":"closed","template":"","meta":{"footnotes":""},"class_list":["post-603","page","type-page","status-publish"],"_links":{"self":[{"href":"https:\/\/natsci.uprrp.edu\/es\/wp-json\/wp\/v2\/pages\/603","targetHints":{"allow":["GET"]}}],"collection":[{"href":"https:\/\/natsci.uprrp.edu\/es\/wp-json\/wp\/v2\/pages"}],"about":[{"href":"https:\/\/natsci.uprrp.edu\/es\/wp-json\/wp\/v2\/types\/page"}],"author":[{"embeddable":true,"href":"https:\/\/natsci.uprrp.edu\/es\/wp-json\/wp\/v2\/users\/2"}],"replies":[{"embeddable":true,"href":"https:\/\/natsci.uprrp.edu\/es\/wp-json\/wp\/v2\/comments?post=603"}],"version-history":[{"count":9,"href":"https:\/\/natsci.uprrp.edu\/es\/wp-json\/wp\/v2\/pages\/603\/revisions"}],"predecessor-version":[{"id":1067,"href":"https:\/\/natsci.uprrp.edu\/es\/wp-json\/wp\/v2\/pages\/603\/revisions\/1067"}],"up":[{"embeddable":true,"href":"https:\/\/natsci.uprrp.edu\/es\/wp-json\/wp\/v2\/pages\/325"}],"wp:attachment":[{"href":"https:\/\/natsci.uprrp.edu\/es\/wp-json\/wp\/v2\/media?parent=603"}],"curies":[{"name":"wp","href":"https:\/\/api.w.org\/{rel}","templated":true}]}}