{"id":599,"date":"2018-01-09T09:48:53","date_gmt":"2018-01-09T13:48:53","guid":{"rendered":"http:\/\/natsci.uprrp.edu\/es\/?page_id=599"},"modified":"2018-05-08T09:31:17","modified_gmt":"2018-05-08T13:31:17","slug":"reproduccion-de-documentos","status":"publish","type":"page","link":"https:\/\/natsci.uprrp.edu\/es\/servicios-y-recursos\/docentes\/reproduccion-de-documentos\/","title":{"rendered":"Reproducci\u00f3n de Documentos"},"content":{"rendered":"<p>En el Centro de Informaci\u00f3n y Tecnolog\u00edas (CITec) se ofrece el servicio de reproducci\u00f3n de documentos a profesores de la Facultad de Ciencias Naturales. Considere que:<\/p>\n<ul>\n<li>Por razones presupuestarias no se imprimir\u00e1n prontuarios ni manuales de laboratorio.<\/li>\n<li>Todo documento\u00a0<span style=\"font-family: 'Open Sans', Arial, sans-serif;font-size: 14px\">a reproducir<\/span>, en especial ex\u00e1menes y pruebas cortas,\u00a0 debe ser entregado con cinco d\u00edas laborables de anticipaci\u00f3n.<\/li>\n<li>Los pedidos se atender\u00e1n en orden de llegada.<\/li>\n<li>Algunas consideraciones de tiempo se pueden hacer condicionado al volumen de trabajo existente.<\/li>\n<li>No se reproducir\u00e1n libros, materiales u otro material protegido por las leyes de derechos de autor sin la autorizaci\u00f3n escrita del autor o la casa publicadora.<\/li>\n<li>Todo trabajo debe ser recogido con no m\u00e1s de dos d\u00edas luego de producido el mismo.<\/li>\n<li>El CITec no se hace responsable por errores cometidos por parte del solicitante en la descripci\u00f3n del servicio.<\/li>\n<li>El solicitante es responsable de informar cualquier cambio en el servicio solicitado.<\/li>\n<\/ul>\n<p><a href=\"http:\/\/natsci.uprrp.edu\/es\/wp-content\/uploads\/sites\/10\/2018\/03\/Solicitud-de-Servicios-de-Reproducci\u00f3n-de-Documentos392.pdf\" target=\"_blank\" rel=\"noopener\">Solicitud de Servicios de Reproducci\u00f3n de Documentos<\/a><\/p>\n<hr \/>\n<p><strong>INFORMACI\u00d3N DE CONTACTO<\/strong><\/p>\n<hr \/>\n<p><span style=\"font-family: 'Open Sans', Arial, sans-serif;font-size: 14px\">Sr. Jos\u00e9 Terr\u00f3n, Ilustrador Cient\u00edfico<br \/>\n<\/span>Tercer Piso, Centro de Informaci\u00f3n y Tecnolog\u00edas<br \/>\nT. (787) 764-0000 Ext. 88393<br \/>\nC.E. jose.terron1@upr.edu<\/p>\n","protected":false},"excerpt":{"rendered":"<p>En el Centro de Informaci\u00f3n y Tecnolog\u00edas (CITec) se ofrece el servicio de reproducci\u00f3n de documentos a profesores de la Facultad de Ciencias Naturales. Considere que: Por razones presupuestarias no se imprimir\u00e1n prontuarios ni manuales de laboratorio. Todo documento\u00a0a reproducir, en especial ex\u00e1menes y pruebas cortas,\u00a0 debe ser entregado con cinco d\u00edas laborables de anticipaci\u00f3n.<\/p>\n<div class=\"read-more\"><a href=\"https:\/\/natsci.uprrp.edu\/es\/servicios-y-recursos\/docentes\/reproduccion-de-documentos\/\" title=\"Read More\">Read More<\/a><\/div>\n","protected":false},"author":2,"featured_media":0,"parent":325,"menu_order":0,"comment_status":"closed","ping_status":"closed","template":"","meta":{"footnotes":""},"class_list":["post-599","page","type-page","status-publish"],"_links":{"self":[{"href":"https:\/\/natsci.uprrp.edu\/es\/wp-json\/wp\/v2\/pages\/599","targetHints":{"allow":["GET"]}}],"collection":[{"href":"https:\/\/natsci.uprrp.edu\/es\/wp-json\/wp\/v2\/pages"}],"about":[{"href":"https:\/\/natsci.uprrp.edu\/es\/wp-json\/wp\/v2\/types\/page"}],"author":[{"embeddable":true,"href":"https:\/\/natsci.uprrp.edu\/es\/wp-json\/wp\/v2\/users\/2"}],"replies":[{"embeddable":true,"href":"https:\/\/natsci.uprrp.edu\/es\/wp-json\/wp\/v2\/comments?post=599"}],"version-history":[{"count":6,"href":"https:\/\/natsci.uprrp.edu\/es\/wp-json\/wp\/v2\/pages\/599\/revisions"}],"predecessor-version":[{"id":1304,"href":"https:\/\/natsci.uprrp.edu\/es\/wp-json\/wp\/v2\/pages\/599\/revisions\/1304"}],"up":[{"embeddable":true,"href":"https:\/\/natsci.uprrp.edu\/es\/wp-json\/wp\/v2\/pages\/325"}],"wp:attachment":[{"href":"https:\/\/natsci.uprrp.edu\/es\/wp-json\/wp\/v2\/media?parent=599"}],"curies":[{"name":"wp","href":"https:\/\/api.w.org\/{rel}","templated":true}]}}