{"id":595,"date":"2018-01-09T09:43:53","date_gmt":"2018-01-09T13:43:53","guid":{"rendered":"http:\/\/natsci.uprrp.edu\/es\/?page_id=595"},"modified":"2018-08-30T11:53:31","modified_gmt":"2018-08-30T15:53:31","slug":"tutorias","status":"publish","type":"page","link":"https:\/\/natsci.uprrp.edu\/es\/servicios-y-recursos\/estudiantes\/tutorias\/","title":{"rendered":"Tutor\u00edas"},"content":{"rendered":"<p>El Centro de Tutor\u00edas adscrito a su vez al Centro de Informaci\u00f3n y Tecnolog\u00eda ofrece las siguientes tutor\u00edas:<\/p>\n<ul>\n<li>BIOL 3101<\/li>\n<li>BIOL 3102<\/li>\n<li>BIOL 4350<\/li>\n<li>QUIM 3001<\/li>\n<li>QUIM 3002<\/li>\n<li>FISI 3101<\/li>\n<li>CCOM 3030<\/li>\n<li>CCOM 3020<\/li>\n<li>CCOM 4017<\/li>\n<li>MATE 34001<\/li>\n<li>MATE 3023<\/li>\n<li>MATE 3O24<\/li>\n<\/ul>\n<p>&nbsp;<\/p>\n<hr \/>\n<p><strong>INFORMACI\u00d3N DE CONTACTO<\/strong><\/p>\n<hr \/>\n<p>Direcci\u00f3n F\u00edsica<br \/>\nFacultad de Ciencias Naturales,\u00a0Sal\u00f3n A-316<br \/>\nT. (787) 764-0000 Ext. 88397: Lunes a Viernes 8:00 AM &#8211; 4:00 PM<\/p>\n<p>&nbsp;<\/p>\n","protected":false},"excerpt":{"rendered":"<p>El Centro de Tutor\u00edas adscrito a su vez al Centro de Informaci\u00f3n y Tecnolog\u00eda ofrece las siguientes tutor\u00edas: BIOL 3101 BIOL 3102 BIOL 4350 QUIM 3001 QUIM 3002 FISI 3101 CCOM 3030 CCOM 3020 CCOM 4017 MATE 34001 MATE 3023 MATE 3O24 &nbsp; INFORMACI\u00d3N DE CONTACTO Direcci\u00f3n F\u00edsica Facultad de Ciencias Naturales,\u00a0Sal\u00f3n A-316 T. (787)<\/p>\n<div class=\"read-more\"><a href=\"https:\/\/natsci.uprrp.edu\/es\/servicios-y-recursos\/estudiantes\/tutorias\/\" title=\"Read More\">Read More<\/a><\/div>\n","protected":false},"author":1,"featured_media":0,"parent":327,"menu_order":0,"comment_status":"closed","ping_status":"closed","template":"","meta":{"footnotes":""},"class_list":["post-595","page","type-page","status-publish"],"_links":{"self":[{"href":"https:\/\/natsci.uprrp.edu\/es\/wp-json\/wp\/v2\/pages\/595","targetHints":{"allow":["GET"]}}],"collection":[{"href":"https:\/\/natsci.uprrp.edu\/es\/wp-json\/wp\/v2\/pages"}],"about":[{"href":"https:\/\/natsci.uprrp.edu\/es\/wp-json\/wp\/v2\/types\/page"}],"author":[{"embeddable":true,"href":"https:\/\/natsci.uprrp.edu\/es\/wp-json\/wp\/v2\/users\/1"}],"replies":[{"embeddable":true,"href":"https:\/\/natsci.uprrp.edu\/es\/wp-json\/wp\/v2\/comments?post=595"}],"version-history":[{"count":4,"href":"https:\/\/natsci.uprrp.edu\/es\/wp-json\/wp\/v2\/pages\/595\/revisions"}],"predecessor-version":[{"id":903,"href":"https:\/\/natsci.uprrp.edu\/es\/wp-json\/wp\/v2\/pages\/595\/revisions\/903"}],"up":[{"embeddable":true,"href":"https:\/\/natsci.uprrp.edu\/es\/wp-json\/wp\/v2\/pages\/327"}],"wp:attachment":[{"href":"https:\/\/natsci.uprrp.edu\/es\/wp-json\/wp\/v2\/media?parent=595"}],"curies":[{"name":"wp","href":"https:\/\/api.w.org\/{rel}","templated":true}]}}