{"id":593,"date":"2018-01-09T09:43:23","date_gmt":"2018-01-09T13:43:23","guid":{"rendered":"http:\/\/natsci.uprrp.edu\/es\/?page_id=593"},"modified":"2018-05-08T09:41:29","modified_gmt":"2018-05-08T13:41:29","slug":"transcripciones-y-permisos-especiales","status":"publish","type":"page","link":"https:\/\/natsci.uprrp.edu\/es\/servicios-y-recursos\/estudiantes\/transcripciones-y-permisos-especiales\/","title":{"rendered":"Transcripciones"},"content":{"rendered":"<p><strong>TRANSCRIPCIONES<\/strong><\/p>\n<hr \/>\n<p>Si necesitas tramitar una transcripci\u00f3n de cr\u00e9ditos lo puedes hacer en l\u00ednea completando un <a href=\"https:\/\/transcript.uprrp.edu\/\" target=\"_blank\" rel=\"noopener\">formulario electr\u00f3nico<\/a>.\u00a0 Si lo que solicitaste es una copia de estudiante, la misma te llegar\u00e1 a tu correo electr\u00f3nico de inmediato.\u00a0 Si embargo, si solicitaste una copia oficial debes considerar que la misma puede demorar hasta 7 d\u00edas laborables.\u00a0 Ambas transcripciones tienen un costo de $1.35.<\/p>\n<p>La base de datos de expedientes electr\u00f3nicos solo incluye a los estudiantes desde el a\u00f1o acad\u00e9mico 1992-1993 hasta el presente.\u00a0 Si tienes alguna pregunta sobre transcripciones puedes enviar un correo electr\u00f3nico a <a href=\"mailto:registrador.transcripts@upr.edu\">registrador.transcripts@upr.edu<\/a>.<\/p>\n<p>&nbsp;<\/p>\n<hr \/>\n<p><strong>\u00a0INFORMACI\u00d3N DE CONTACTO\u00a0<\/strong><\/p>\n<hr \/>\n<p><strong>OFICINA DEL REGISTRADOR<br \/>\n<\/strong> Direcci\u00f3n F\u00edsica<br \/>\nEdificio Plaza Universitaria. Torre Central 2do piso<\/p>\n<p>T. (787) 764.0225 \u00f3 (787) 764-0000 ext. 85600, 85601, 85603<\/p>\n<p>Horario regular 8:00 \u2013 12:00 m y 1:00 \u2013 3:30 p.m. para efectuar pagos<br \/>\nHorario regular 8:00 \u2013 12:00 m y 1:00 \u2013 4:30 p.m. Secci\u00f3n Administrativa<br \/>\nHorario extendido Lunes y Martes de 8:00 a.m. a 6:30 p.m. Este horario entra en vigencia desde el primer d\u00eda de clases hasta el \u00faltimo d\u00eda de clases en cada semestre.<\/p>\n<p>P\u00e1gina Web: <a href=\"http:\/\/www.uprrp.edu\/?page_id=795\" target=\"_blank\" rel=\"noopener\">Oficina del Registrador<\/a><\/p>\n","protected":false},"excerpt":{"rendered":"<p>TRANSCRIPCIONES Si necesitas tramitar una transcripci\u00f3n de cr\u00e9ditos lo puedes hacer en l\u00ednea completando un formulario electr\u00f3nico.\u00a0 Si lo que solicitaste es una copia de estudiante, la misma te llegar\u00e1 a tu correo electr\u00f3nico de inmediato.\u00a0 Si embargo, si solicitaste una copia oficial debes considerar que la misma puede demorar hasta 7 d\u00edas laborables.\u00a0 Ambas<\/p>\n<div class=\"read-more\"><a href=\"https:\/\/natsci.uprrp.edu\/es\/servicios-y-recursos\/estudiantes\/transcripciones-y-permisos-especiales\/\" title=\"Read More\">Read More<\/a><\/div>\n","protected":false},"author":2,"featured_media":0,"parent":327,"menu_order":0,"comment_status":"closed","ping_status":"closed","template":"","meta":{"footnotes":""},"class_list":["post-593","page","type-page","status-publish"],"_links":{"self":[{"href":"https:\/\/natsci.uprrp.edu\/es\/wp-json\/wp\/v2\/pages\/593","targetHints":{"allow":["GET"]}}],"collection":[{"href":"https:\/\/natsci.uprrp.edu\/es\/wp-json\/wp\/v2\/pages"}],"about":[{"href":"https:\/\/natsci.uprrp.edu\/es\/wp-json\/wp\/v2\/types\/page"}],"author":[{"embeddable":true,"href":"https:\/\/natsci.uprrp.edu\/es\/wp-json\/wp\/v2\/users\/2"}],"replies":[{"embeddable":true,"href":"https:\/\/natsci.uprrp.edu\/es\/wp-json\/wp\/v2\/comments?post=593"}],"version-history":[{"count":10,"href":"https:\/\/natsci.uprrp.edu\/es\/wp-json\/wp\/v2\/pages\/593\/revisions"}],"predecessor-version":[{"id":1308,"href":"https:\/\/natsci.uprrp.edu\/es\/wp-json\/wp\/v2\/pages\/593\/revisions\/1308"}],"up":[{"embeddable":true,"href":"https:\/\/natsci.uprrp.edu\/es\/wp-json\/wp\/v2\/pages\/327"}],"wp:attachment":[{"href":"https:\/\/natsci.uprrp.edu\/es\/wp-json\/wp\/v2\/media?parent=593"}],"curies":[{"name":"wp","href":"https:\/\/api.w.org\/{rel}","templated":true}]}}