{"id":591,"date":"2018-01-09T09:42:58","date_gmt":"2018-01-09T13:42:58","guid":{"rendered":"http:\/\/natsci.uprrp.edu\/es\/?page_id=591"},"modified":"2018-03-02T21:01:28","modified_gmt":"2018-03-03T01:01:28","slug":"servicios-medicos-y-consejeria","status":"publish","type":"page","link":"https:\/\/natsci.uprrp.edu\/es\/servicios-y-recursos\/estudiantes\/servicios-medicos-y-consejeria\/","title":{"rendered":"Servicios M\u00e9dicos"},"content":{"rendered":"<p>El Departamento de Servicios M\u00e9dicos del Recinto de R\u00edo Piedras ofrece los siguientes servicios:<\/p>\n<ul>\n<li>Cl\u00ednicas Externas \u2013 donde se eval\u00faa, diagn\u00f3stica, trata y se le da seguimiento al paciente de acuerdo a su condici\u00f3n.\u00a0 De ser necesario, se refiere a especialistas.<\/li>\n<li>Sala de Emergencias \u2013 donde se ofrece evaluaci\u00f3n y atenci\u00f3n m\u00e9dica de primera ayuda y de ser necesario se refiere al paciente\u00a0<span style=\"font-family: 'Open Sans', Arial, sans-serif;font-size: 14px\">\u00a0a la Sala de Emergencia m\u00e1s cercana del Recinto\u00a0<\/span>utilizando servicio de ambulancia o transporte.\u00a0 En la Sala de Emergencias se le ofrece servicios a toda la comunidad universitaria as\u00ed como a visitantes.<\/li>\n<li>Calidad de Vida \u2013 orienta a la comunidad universitaria en temas relacionados a la promoci\u00f3n de la salud y la seguridad. Establece programas de prevenci\u00f3n y educaci\u00f3n en torno al uso y abuso de alcohol y otras drogas, seguridad en el campus y seguridad vial. Tambi\u00e9n cuenta con el Programa Educativo a Estudiantes Embarazadas que busca promover los estilos de vida saludables mediante el ofrecimiento gratuito de clases a estudiantes embarazadas, parejas y familiares.<\/li>\n<\/ul>\n<hr \/>\n<p><strong>INFORMACI\u00d3N DE CONTACTO<\/strong><\/p>\n<hr \/>\n<p>Tel\u00e9fonos<br \/>\nSala de Emergencias:787-764-0000 Ext. 86570<br \/>\nEnfermer\u00eda:787-764-0000 Ext. 86569<br \/>\nRecords M\u00e9dicos:787-764-0000 Ext. 86572, 86560<br \/>\nOficina Administrativa:787-764-0000 Ext. 86562, 86563, 86566<br \/>\nDirecto: 787-763-6233<\/p>\n<p>Fax: 787-764-3825<\/p>\n<p><strong>Horario: Lunes a Jueves \u2013 7:30AM a 8:30PM y Viernes \u2013 7:30AM \u2013 4:30PM<br \/>\nEMERGENCIAS FUERA DE HORAS LABORALES EXT. 82020<\/strong><\/p>\n<p><strong><br \/>\n<\/strong>CE. serviciosmedicos.rp@upr.edu<br \/>\nP\u00e1gina Web:\u00a0<a href=\"http:\/\/estudiantes.uprrp.edu\/servicios-al-estudiante\/servicios-medicos\/\" target=\"_blank\" rel=\"noopener\">Departamento de Servicios M\u00e9dicos<\/a><\/p>\n<p><em><strong> El Departamento de Servicios M\u00e9dicos est\u00e1 localizado al lado del Centro Universitario, sin embargo tras el paso del Hurac\u00e1n Mar\u00eda se encuentran ofreciendo sus servicios en el Centro de Estudiantes.<\/strong><\/em><\/p>\n","protected":false},"excerpt":{"rendered":"<p>El Departamento de Servicios M\u00e9dicos del Recinto de R\u00edo Piedras ofrece los siguientes servicios: Cl\u00ednicas Externas \u2013 donde se eval\u00faa, diagn\u00f3stica, trata y se le da seguimiento al paciente de acuerdo a su condici\u00f3n.\u00a0 De ser necesario, se refiere a especialistas. Sala de Emergencias \u2013 donde se ofrece evaluaci\u00f3n y atenci\u00f3n m\u00e9dica de primera ayuda<\/p>\n<div class=\"read-more\"><a href=\"https:\/\/natsci.uprrp.edu\/es\/servicios-y-recursos\/estudiantes\/servicios-medicos-y-consejeria\/\" title=\"Read More\">Read More<\/a><\/div>\n","protected":false},"author":2,"featured_media":0,"parent":327,"menu_order":0,"comment_status":"closed","ping_status":"closed","template":"","meta":{"rs_blank_template":"","rs_page_bg_color":"","slide_template_v7":"","footnotes":""},"class_list":["post-591","page","type-page","status-publish"],"_links":{"self":[{"href":"https:\/\/natsci.uprrp.edu\/es\/wp-json\/wp\/v2\/pages\/591","targetHints":{"allow":["GET"]}}],"collection":[{"href":"https:\/\/natsci.uprrp.edu\/es\/wp-json\/wp\/v2\/pages"}],"about":[{"href":"https:\/\/natsci.uprrp.edu\/es\/wp-json\/wp\/v2\/types\/page"}],"author":[{"embeddable":true,"href":"https:\/\/natsci.uprrp.edu\/es\/wp-json\/wp\/v2\/users\/2"}],"replies":[{"embeddable":true,"href":"https:\/\/natsci.uprrp.edu\/es\/wp-json\/wp\/v2\/comments?post=591"}],"version-history":[{"count":6,"href":"https:\/\/natsci.uprrp.edu\/es\/wp-json\/wp\/v2\/pages\/591\/revisions"}],"predecessor-version":[{"id":901,"href":"https:\/\/natsci.uprrp.edu\/es\/wp-json\/wp\/v2\/pages\/591\/revisions\/901"}],"up":[{"embeddable":true,"href":"https:\/\/natsci.uprrp.edu\/es\/wp-json\/wp\/v2\/pages\/327"}],"wp:attachment":[{"href":"https:\/\/natsci.uprrp.edu\/es\/wp-json\/wp\/v2\/media?parent=591"}],"curies":[{"name":"wp","href":"https:\/\/api.w.org\/{rel}","templated":true}]}}