{"id":587,"date":"2018-01-09T09:42:16","date_gmt":"2018-01-09T13:42:16","guid":{"rendered":"http:\/\/natsci.uprrp.edu\/es\/?page_id=587"},"modified":"2018-03-23T05:01:57","modified_gmt":"2018-03-23T09:01:57","slug":"programas-de-investigacion","status":"publish","type":"page","link":"https:\/\/natsci.uprrp.edu\/es\/servicios-y-recursos\/estudiantes\/programas-de-investigacion\/","title":{"rendered":"Programas de Investigaci\u00f3n"},"content":{"rendered":"<p>En la Facultad de Ciencias Naturales existen varios programa que le proveen a los estudiantes oportunidades para desarrollar y mejorar sus destrezas en investigaci\u00f3n.\u00a0 \u00c9stos son:<\/p>\n<p><strong>MINORITY ACCESS TO RESEARCH CARRERS (MARC)\u00a0<\/strong><\/p>\n<p>Este programa es parte del\u00a0General Medical Sciences (NIGMS) y tiene como objetivo la formaci\u00f3n cient\u00edfica de los mejores estudiantes\u00a0 sugraduados de ciencias seleccionados.\u00a0 La investigaci\u00f3n cient\u00edfica constituye una parte fundamental de esta capacitaci\u00f3n.\u00a0 El objetivo principal de este programa es aumentar el n\u00famero de puertorrique\u00f1os y otros grupos minoritarios con un doctorado en ciencias biom\u00e9dicas.\u00a0 Para el logro de este objetivo, proporciona estipendios a los participantes en proyectos de capacitaci\u00f3n investigativa.\u00a0 Estos estipendios tienen una duraci\u00f3n de 24 meses y comienzan el 1 de junio del primer a\u00f1o de participaci\u00f3n. Hay m\u00e1s de sesenta programas similares en diferentes universidades, sin embargo el programa de la Universidad de Puerto Rico es el m\u00e1s grande. Cuenta con 31 estudiantes subgraduados y 91 de sus graduados han continuado estudios de doctorado, 37 de \u00e9stos ya han completado el Ph.D.<\/p>\n<p><strong>INFORMACI\u00d3N DE CONTACTO<\/strong><br \/>\nEdificio Facundo Bueso, Tercer Piso<br \/>\nEn Facebook:\u00a0<a href=\"https:\/\/www.facebook.com\/pg\/MARC-RISE-UPR-R%C3%ADo-Piedras-506473936174690\/about\/?ref=page_internal\" target=\"_blank\" rel=\"noopener\">MARC \/ RISE UPR- R\u00edo Piedras<\/a><\/p>\n<hr \/>\n<p><strong>NEURO-ID PROGRAM<\/strong><\/p>\n<p>Este programa est\u00e1 dise\u00f1ado para aumentar la diversidad en la Neurociencia brind\u00e1ndole al estudiante de bachillerato oportunidades en esta \u00e1rea y\u00a0<span style=\"font-family: 'Open Sans', Arial, sans-serif;font-size: 14px\">una amplia experiencia de investigaci\u00f3n durante los \u00faltimos dos a\u00f1os de sus estudios en el laboratorio de alg\u00fan mentor.\u00a0\u00a0<\/span><\/p>\n<p><strong>INFORMACI\u00d3N DE CONTACTO<\/strong><br \/>\nEdificio Julio Garc\u00eda D\u00edaz, Oficina 118<br \/>\nT. (787) 764-0000 Ext. 88179<br \/>\nC.E.\u00a0neuro.id@upr.edu<br \/>\nP\u00e1gina web:\u00a0<a href=\"http:\/\/neuroid.uprrp.edu\/\" target=\"_blank\" rel=\"noopener\">http:\/\/neuroid.uprrp.edu\/<\/a><br \/>\n<span style=\"font-size: 14px\">Facebook:\u00a0<\/span><a href=\"https:\/\/www.facebook.com\/neuroiduprrp\/\" target=\"_blank\" rel=\"noopener\"><span style=\"font-size: 14px\">Neuro ID Research Program<\/span><\/a><\/p>\n<hr \/>\n<p><b>RESEARCH INITIATIVE\u00a0FOR SCIENTIFIC ENHANCEMENT (RISE)<\/b><\/p>\n<p>Este programa le\u00a0ofrece magn\u00edficas oportunidades a estudiantes de minor\u00eda subgraduados y graduados en qu\u00edmica, biolog\u00eda y matem\u00e1ticas para participar activamente en proyectos de investigaci\u00f3n biom\u00e9dica.\u00a0 El programa incluye diversas \u00e1reas de investigaci\u00f3n tales como: biolog\u00eda celular o de desarrollo, neurobiolog\u00eda, biotecnolog\u00eda, s\u00edntesis org\u00e1nica, qu\u00edmica de productos marinos naturales, bioqu\u00edmica, fotof\u00edsica, fotoqu\u00edmica, bioelectroqu\u00edmica y qu\u00edmica bioinorg\u00e1nica.\u00a0 El\u00a0programa tambi\u00e9n ayuda\u00a0 a los estudiantes participantes a fortalecer su preparaci\u00f3n cient\u00edfica a trav\u00e9s de talleres, seminarios, visitas a laboratorios, viajes a reuniones nacionales y regionales, entre otras actividades.<\/p>\n<p><strong>INFORMACI\u00d3N DE CONTACTO<\/strong><br \/>\nEdificio Facundo Bueso, Tercer Piso<br \/>\nEn Facebook:\u00a0<a href=\"https:\/\/www.facebook.com\/pg\/MARC-RISE-UPR-R%C3%ADo-Piedras-506473936174690\/about\/?ref=page_internal\" target=\"_blank\" rel=\"noopener\">MARC \/ RISE UPR- R\u00edo Piedras<\/a><\/p>\n","protected":false},"excerpt":{"rendered":"<p>En la Facultad de Ciencias Naturales existen varios programa que le proveen a los estudiantes oportunidades para desarrollar y mejorar sus destrezas en investigaci\u00f3n.\u00a0 \u00c9stos son: MINORITY ACCESS TO RESEARCH CARRERS (MARC)\u00a0 Este programa es parte del\u00a0General Medical Sciences (NIGMS) y tiene como objetivo la formaci\u00f3n cient\u00edfica de los mejores estudiantes\u00a0 sugraduados de ciencias seleccionados.\u00a0<\/p>\n<div class=\"read-more\"><a href=\"https:\/\/natsci.uprrp.edu\/es\/servicios-y-recursos\/estudiantes\/programas-de-investigacion\/\" title=\"Read More\">Read More<\/a><\/div>\n","protected":false},"author":2,"featured_media":0,"parent":327,"menu_order":0,"comment_status":"closed","ping_status":"closed","template":"","meta":{"rs_blank_template":"","rs_page_bg_color":"","slide_template_v7":"","footnotes":""},"class_list":["post-587","page","type-page","status-publish"],"_links":{"self":[{"href":"https:\/\/natsci.uprrp.edu\/es\/wp-json\/wp\/v2\/pages\/587","targetHints":{"allow":["GET"]}}],"collection":[{"href":"https:\/\/natsci.uprrp.edu\/es\/wp-json\/wp\/v2\/pages"}],"about":[{"href":"https:\/\/natsci.uprrp.edu\/es\/wp-json\/wp\/v2\/types\/page"}],"author":[{"embeddable":true,"href":"https:\/\/natsci.uprrp.edu\/es\/wp-json\/wp\/v2\/users\/2"}],"replies":[{"embeddable":true,"href":"https:\/\/natsci.uprrp.edu\/es\/wp-json\/wp\/v2\/comments?post=587"}],"version-history":[{"count":9,"href":"https:\/\/natsci.uprrp.edu\/es\/wp-json\/wp\/v2\/pages\/587\/revisions"}],"predecessor-version":[{"id":1086,"href":"https:\/\/natsci.uprrp.edu\/es\/wp-json\/wp\/v2\/pages\/587\/revisions\/1086"}],"up":[{"embeddable":true,"href":"https:\/\/natsci.uprrp.edu\/es\/wp-json\/wp\/v2\/pages\/327"}],"wp:attachment":[{"href":"https:\/\/natsci.uprrp.edu\/es\/wp-json\/wp\/v2\/media?parent=587"}],"curies":[{"name":"wp","href":"https:\/\/api.w.org\/{rel}","templated":true}]}}