{"id":585,"date":"2018-01-09T09:41:58","date_gmt":"2018-01-09T13:41:58","guid":{"rendered":"http:\/\/natsci.uprrp.edu\/es\/?page_id=585"},"modified":"2018-03-02T20:52:49","modified_gmt":"2018-03-03T00:52:49","slug":"programa-de-estudios-de-honor","status":"publish","type":"page","link":"https:\/\/natsci.uprrp.edu\/es\/servicios-y-recursos\/estudiantes\/programa-de-estudios-de-honor\/","title":{"rendered":"Programa de Estudios de Honor"},"content":{"rendered":"<p>El Programa de Estudios de Honor le ofrece a los estudiantes la oportunidad de obtener una educaci\u00f3n subgraduada integrada a trav\u00e9s de un acercamiento amplio y flexible a diversas \u00e1reas del conocimiento.\u00a0 Dentro de sus metas est\u00e1 la de fomentar el pensamiento cr\u00edtico y la creatividad.\u00a0 Los estudiantes que pertenecen a este programa tiene los siguientes privilegios:<\/p>\n<ul>\n<li style=\"list-style-type: none\">\n<ul>\n<li>Hacer la matr\u00edcula el primer d\u00eda<\/li>\n<li>Ayuda para conseguir\u00a0sobrecupo en cursos con matricula completa<\/li>\n<li>Ayuda individualizada con la preparaci\u00f3n de solicitudes a escuelas graduadas, internados, trabajo, ente otros<\/li>\n<li>Tomar clases en grupos peque\u00f1os<\/li>\n<li>Dise\u00f1ar su propia investigaci\u00f3n, incluyendo el preparar y tomar un curso (estudio individualizado) de uno a uno con el profesor de su preferencia<\/li>\n<li>Tomar seminarios interdisciplinarios y de investigaci\u00f3n<\/li>\n<li>Tener acceso a los dep\u00f3sitos de la Biblioteca General Jos\u00e9 M. L\u00e1zaro<\/li>\n<li>Aparecer como egresado del Programa de Estudios de Honor, m\u00e1s el t\u00edtulo de tu tesis, en su expediente acad\u00e9mico<\/li>\n<li>Usar del centro de c\u00f3mputos, el Wi-Fi y la impresora disponibles en las c\u00f3modas facilidades del Programa.<\/li>\n<li>Participar de actividades culturales como festivales de cines, tertulias, entre otras<\/li>\n<\/ul>\n<\/li>\n<\/ul>\n<hr \/>\n<p><strong>REQUISITOS PARA PERTENECER AL PROGRAMA DE ESTUDIOS DE HONOR<\/strong><\/p>\n<hr \/>\n<ul>\n<li>Ser estudiante subgraduado del Recinto de R\u00edo Piedras<\/li>\n<li>Estar en tu primer o segundo a\u00f1o** de estudios subgraduados<\/li>\n<li>Tener un promedio de 3.50 o m\u00e1s<\/li>\n<li>Tener un m\u00ednimo de 12 cr\u00e9ditos\u00a0cada semestre<\/li>\n<\/ul>\n<p style=\"padding-left: 30px\">** Los estudiantes de segundo a\u00f1o deben cumplir adem\u00e1s con al menos uno de los siguientes tres requisitos:<\/p>\n<ol>\n<li>Tener una idea clara de un proyecto de investigaci\u00f3n para la tesina y experiencia de al menos un semestre de investigaci\u00f3n con un profesor m\u00e1s all\u00e1 del trabajo de una clase\n<ul>\n<li>Como evidencia presentar\u00e1 un ensayo de una a dos p\u00e1ginas que describa el proyecto de investigaci\u00f3n que realizar\u00e1 para tu tesina as\u00ed como un potencial mentor para la misma. Junto al ensayo debe adem\u00e1s incluir una carta del profesor(a) con el\/la cual ha tenido la experiencia de investigaci\u00f3n con una descripci\u00f3n detallada de su participaci\u00f3n en el proyecto.<\/li>\n<\/ul>\n<\/li>\n<li>Haber aprobado con\u00a0 A o B al menos un semestre de un tercer idioma que sea compatible con el requisito de idiomas del Programa.\n<ul>\n<li>Como evidencia presentar el nombre del curso y la nota final.<\/li>\n<\/ul>\n<\/li>\n<li>Haber aprobado con A o B un curso de m\u00e9todos de investigaci\u00f3n, o en su lugar, estar tomando el mismo y aprobarlo con A o B\n<ul>\n<li>Como evidencia debe presentar el prontuario del curso donde se indique el c\u00f3digo y secci\u00f3n del mismo<\/li>\n<\/ul>\n<\/li>\n<\/ol>\n<hr \/>\n<p>INFORMACI\u00d3N DE CONTACTO<\/p>\n<hr \/>\n<p>T. (787) 764-0000 Ext. 85064, 85062 y 85060<br \/>\nCE. programadehonor@yahoo.com<br \/>\nRedes Sociales<br \/>\nFacebook: <a href=\"https:\/\/www.facebook.com\/prehuprrp?fref=ts\" target=\"_blank\" rel=\"noopener\">PREH de la IUPI<\/a><br \/>\nTwitter: <a href=\"https:\/\/twitter.com\/search?q=PREH_RioPiedras\" target=\"_blank\" rel=\"noopener\">@PREH_RioPiedras<\/a><br \/>\nFacebook: <a href=\"http:\/\/facebook.com\/aepreh\" target=\"_blank\" rel=\"noopener\">AEPREH UPRRP<\/a><\/p>\n","protected":false},"excerpt":{"rendered":"<p>El Programa de Estudios de Honor le ofrece a los estudiantes la oportunidad de obtener una educaci\u00f3n subgraduada integrada a trav\u00e9s de un acercamiento amplio y flexible a diversas \u00e1reas del conocimiento.\u00a0 Dentro de sus metas est\u00e1 la de fomentar el pensamiento cr\u00edtico y la creatividad.\u00a0 Los estudiantes que pertenecen a este programa tiene los<\/p>\n<div class=\"read-more\"><a href=\"https:\/\/natsci.uprrp.edu\/es\/servicios-y-recursos\/estudiantes\/programa-de-estudios-de-honor\/\" title=\"Read More\">Read More<\/a><\/div>\n","protected":false},"author":2,"featured_media":0,"parent":327,"menu_order":0,"comment_status":"closed","ping_status":"closed","template":"","meta":{"footnotes":""},"class_list":["post-585","page","type-page","status-publish"],"_links":{"self":[{"href":"https:\/\/natsci.uprrp.edu\/es\/wp-json\/wp\/v2\/pages\/585","targetHints":{"allow":["GET"]}}],"collection":[{"href":"https:\/\/natsci.uprrp.edu\/es\/wp-json\/wp\/v2\/pages"}],"about":[{"href":"https:\/\/natsci.uprrp.edu\/es\/wp-json\/wp\/v2\/types\/page"}],"author":[{"embeddable":true,"href":"https:\/\/natsci.uprrp.edu\/es\/wp-json\/wp\/v2\/users\/2"}],"replies":[{"embeddable":true,"href":"https:\/\/natsci.uprrp.edu\/es\/wp-json\/wp\/v2\/comments?post=585"}],"version-history":[{"count":6,"href":"https:\/\/natsci.uprrp.edu\/es\/wp-json\/wp\/v2\/pages\/585\/revisions"}],"predecessor-version":[{"id":899,"href":"https:\/\/natsci.uprrp.edu\/es\/wp-json\/wp\/v2\/pages\/585\/revisions\/899"}],"up":[{"embeddable":true,"href":"https:\/\/natsci.uprrp.edu\/es\/wp-json\/wp\/v2\/pages\/327"}],"wp:attachment":[{"href":"https:\/\/natsci.uprrp.edu\/es\/wp-json\/wp\/v2\/media?parent=585"}],"curies":[{"name":"wp","href":"https:\/\/api.w.org\/{rel}","templated":true}]}}