{"id":581,"date":"2018-01-09T09:41:00","date_gmt":"2018-01-09T13:41:00","guid":{"rendered":"http:\/\/natsci.uprrp.edu\/es\/?page_id=581"},"modified":"2018-05-15T14:44:14","modified_gmt":"2018-05-15T18:44:14","slug":"politicas-y-normativas","status":"publish","type":"page","link":"https:\/\/natsci.uprrp.edu\/es\/servicios-y-recursos\/docentes\/politicas-y-normativas\/","title":{"rendered":"Pol\u00edticas y Normativas"},"content":{"rendered":"<dl class=\"sc-accordions\"><dt class=\"sc-accordion-title\"><a href=\"#\">COBRO DE DEUDAS<\/a><\/dt><dd class=\"sc-accordion-pane\">\n<ul>\n<li><a href=\"http:\/\/procuraduria.uprrp.edu\/wp-content\/uploads\/2015\/10\/Reglamento-de-Cobro-de-Deuda-de-la-Universidad-de-Puerto-Rico.pdf\" target=\"_blank\" rel=\"noopener\">Reglamento de Cobro de Deuda de la Universidad de Puerto Rico<\/a><\/li>\n<\/ul>\n<\/dd>\n<dt class=\"sc-accordion-title\"><a href=\"#\">DIVERSIDAD FUNCIONAL<\/a><\/dt><dd class=\"sc-accordion-pane\">\n<ul>\n<li><a href=\"http:\/\/decadm.uprrp.edu\/rh\/pdf\/formularios\/nomb_cambios\/politica\/derechos_pers_imp.pdf\" target=\"_blank\" rel=\"noopener\">Carta de Derechos de las Personas con Impedimentos<\/a><\/li>\n<li><a href=\"http:\/\/decadm.uprrp.edu\/rh\/pdf\/formularios\/nomb_cambios\/politica\/cert16-1997-98.pdf\" target=\"_blank\" rel=\"noopener\">Reglamento para el Cumplimiento de las Responsabilidades de la UPR seg\u00fan la \u201cLey de Servicios Educativos Integrales para Personas con Impedimentos\u201d<\/a><\/li>\n<\/ul>\n<\/dd>\n<dt class=\"sc-accordion-title\"><a href=\"#\">\u00c9TICA GUBERNAMENTAL<\/a><\/dt><dd class=\"sc-accordion-pane\">\n<ul>\n<li><a href=\"http:\/\/eticapr.com\/wp-content\/uploads\/2013\/05\/OEG-Ley-Num-1-de-3-de-enero-de-2012.pdf\">Ley de \u00c9tica Gubernamental y sus Enmiendas<\/a><\/li>\n<li><a href=\"http:\/\/uprrp.edu\/rh\/pdf\/formularios\/nomb_cambios\/politica\/REGLAMENTO_ETICA_GUBERNAMENTAL.pdf\" target=\"_blank\" rel=\"noopener\">Reglamento de \u00c9tica Gubernamental<\/a><\/li>\n<li><a href=\"http:\/\/eticapr.com\/wp-content\/uploads\/2013\/05\/Reglamento-sobre-Asuntos-Programaticos-OEG-DepEstado.pdf\">Reglamento sobre Asuntos Program\u00e1ticos de la Oficina de \u00c9tica Gubernamental de Puerto Rico<\/a><\/li>\n<\/ul>\n<\/dd>\n<dt class=\"sc-accordion-title\"><a href=\"#\">EXENCIONES DE MATR\u00cdCULA<\/a><\/dt><dd class=\"sc-accordion-pane\">\n<ul>\n<li><a href=\"http:\/\/www.upr.edu\/mdocs-posts\/politica-institucional-sobre-exenciones-de-los-derechos-de-matricula-en-la-upr\/\" target=\"_blank\" rel=\"noopener\">Pol\u00edtica institucional sobre exenciones de los derechos de matr\u00edcula en la UPR<\/a><\/li>\n<li><a href=\"http:\/\/www.upr.edu\/mdocs-posts\/enmienda-politica-institucional-sobre-exenciones-de-los-derechos-de-matricula-en-la-upr-cert-num-108-2013-14\/\" target=\"_blank\" rel=\"noopener\">Enmienda Pol\u00edtica institucional sobre exenciones de los derechos de matr\u00edcula en la UPR<\/a><\/li>\n<li><a href=\"http:\/\/www.upr.edu\/mdocs-posts\/enmienda-politica-institucional-sobre-exenciones-de-los-derechos-de-matricula-en-la-upr-cert-num-106-2013-14\/\" target=\"_blank\" rel=\"noopener\">Enmienda Pol\u00edtica institucional sobre exenciones de los derechos de matr\u00edcula en la UPR<\/a><\/li>\n<\/ul>\n<\/dd>\n<dt class=\"sc-accordion-title\"><a href=\"#\">HOSTIGAMIENTO SEXUAL<\/a><\/dt><dd class=\"sc-accordion-pane\">\n<ul>\n<li><a href=\"http:\/\/www.upr.edu\/mdocs-posts\/politica-institucional-contra-hostigamiento-sexual-en-la-universidad-de-puerto-rico-enmienda\/\" target=\"_blank\" rel=\"noopener\">Pol\u00edtica institucional contra el hostigamiento sexual en la Universidad de Puerto Rico (enmienda)<\/a><\/li>\n<li><a href=\"http:\/\/uprrp.edu\/rh\/pdf\/formularios\/nomb_cambios\/politica\/circ95-06.pdf\">Proceso enmendado para tomar acci\u00f3n informal o formal sobre querellas de hostigamiento sexual o discrimen por razon de sexo (200-309)<\/a><\/li>\n<\/ul>\n<\/dd>\n<dt class=\"sc-accordion-title\"><a href=\"#\">IGUALDAD EN EL EMPLEO<\/a><\/dt><dd class=\"sc-accordion-pane\">\n<ul>\n<li><a href=\"http:\/\/uprrp.edu\/rh\/pdf\/formularios\/nomb_cambios\/politica\/POLITICA%20SOBRE%20ACCION%20AFIRMATIVA%20PARA%20EMPLEO%20MUJER.pdf\" target=\"_blank\" rel=\"noopener\">Pol\u00edtica Institucional de Acci\u00f3n Afirmativa en el Empleo de la Mujer<\/a><\/li>\n<\/ul>\n<\/dd>\n<dt class=\"sc-accordion-title\"><a href=\"#\">LEY Y REGLAMENTO GENERAL DE LA UNIVERSIDAD<\/a><\/dt><dd class=\"sc-accordion-pane\">\n<ul>\n<li><a href=\"http:\/\/senado.uprrp.edu\/Informes\/Ley-UPR.pdf\" target=\"_blank\" rel=\"noopener\">Ley de la Universidad de Puerto Rico, seg\u00fan enmendada<\/a><\/li>\n<li><a href=\"http:\/\/procuraduria.uprrp.edu\/wp-content\/uploads\/2015\/10\/Reglamento-General-de-la-Universidad-de-Puerto-Rico.pdf\" target=\"_blank\" rel=\"noopener\">Reglamento General de la Universidad de Puerto Rico<\/a><\/li>\n<\/ul>\n<\/dd>\n<dt class=\"sc-accordion-title\"><a href=\"#\">MANUAL DEL PROFESOR DE LA UPRRP<\/a><\/dt><dd class=\"sc-accordion-pane\">\n<ul>\n<li><a href=\"http:\/\/procuraduria.uprrp.edu\/wp-content\/uploads\/2015\/10\/Manual-del-profesor-UPRRP.pdf.\" target=\"_blank\" rel=\"noopener\">Manual del Profesor de UPRRP<\/a><\/li>\n<\/ul>\n<\/dd>\n<dt class=\"sc-accordion-title\"><a href=\"#\">PROCESOS APELATIVOS<\/a><\/dt><dd class=\"sc-accordion-pane\">\n<ul>\n<li><a href=\"http:\/\/procuraduria.uprrp.edu\/wp-content\/uploads\/2015\/10\/Reglamento-de-Procedimientos-Apelativos-de-la-UPR.pdf\" target=\"_blank\" rel=\"noopener\">Reglamento de Procedimientos Apelativos de la Universidad de Puerto Rico<\/a><\/li>\n<\/ul>\n<\/dd>\n<dt class=\"sc-accordion-title\"><a href=\"#\">TECNOLOG\u00cdAS<\/a><\/dt><dd class=\"sc-accordion-pane\">\n<ul>\n<li><a href=\"http:\/\/decadm.uprrp.edu\/rh\/pdf\/formularios\/nomb_cambios\/politica\/cert352007-08tecn.pdf\" target=\"_blank\" rel=\"noopener\">Pol\u00edtica Institucional sobre el Uso Aceptable de los Recursos de la Tecnolog\u00eda de la Informaci\u00f3n en la Universidad de Puerto Rico.<\/a><\/li>\n<\/ul>\n<\/dd>\n<dt class=\"sc-accordion-title\"><a href=\"#\">USO DE DROGAS Y ALCOHOL<\/a><\/dt><dd class=\"sc-accordion-pane\">\n<ul>\n<li><a href=\"http:\/\/decadm.uprrp.edu\/rh\/pdf\/formularios\/nomb_cambios\/politica\/cert32-1999-00.pdf\" target=\"_blank\" rel=\"noopener\">Pol\u00edtica de la Universidad de Puerto Rico sobre el uso il\u00edcito de drogas, sustancias controladas y abuso de alcohol. Certificaci\u00f3n N\u00fam. 032 1999-2000<\/a><\/li>\n<li><a href=\"http:\/\/decadm.uprrp.edu\/rh\/pdf\/formularios\/nomb_cambios\/politica\/cert33-1999-00.pdf\" target=\"_blank\" rel=\"noopener\">Reglamento de la Universidad de Puerto Rico sobre el uso il\u00edcito de drogas, sustancias controladas y abuso de alcohol.<\/a><\/li>\n<\/ul>\n<\/dd>\n<dt class=\"sc-accordion-title\"><a href=\"#\">OTRAS CERTIFICACIONES<\/a><\/dt><dd class=\"sc-accordion-pane\">\n<p>Para otras certificaciones consulte las p\u00e1ginas web del\u00a0<a href=\"http:\/\/senado.uprrp.edu\/\" target=\"_blank\" rel=\"noopener\">Senado Acad\u00e9mico del Recinto<\/a>\u00a0y de la\u00a0<a href=\"http:\/\/www.juntagobierno.upr.edu\/\" target=\"_blank\" rel=\"noopener\">Junta de Gobierno<\/a>\u00a0de la Universidad de Puerto Rico.<\/dd>\n<\/dl>\n","protected":false},"excerpt":{"rendered":"","protected":false},"author":2,"featured_media":0,"parent":325,"menu_order":0,"comment_status":"closed","ping_status":"closed","template":"","meta":{"footnotes":""},"class_list":["post-581","page","type-page","status-publish"],"_links":{"self":[{"href":"https:\/\/natsci.uprrp.edu\/es\/wp-json\/wp\/v2\/pages\/581","targetHints":{"allow":["GET"]}}],"collection":[{"href":"https:\/\/natsci.uprrp.edu\/es\/wp-json\/wp\/v2\/pages"}],"about":[{"href":"https:\/\/natsci.uprrp.edu\/es\/wp-json\/wp\/v2\/types\/page"}],"author":[{"embeddable":true,"href":"https:\/\/natsci.uprrp.edu\/es\/wp-json\/wp\/v2\/users\/2"}],"replies":[{"embeddable":true,"href":"https:\/\/natsci.uprrp.edu\/es\/wp-json\/wp\/v2\/comments?post=581"}],"version-history":[{"count":7,"href":"https:\/\/natsci.uprrp.edu\/es\/wp-json\/wp\/v2\/pages\/581\/revisions"}],"predecessor-version":[{"id":1395,"href":"https:\/\/natsci.uprrp.edu\/es\/wp-json\/wp\/v2\/pages\/581\/revisions\/1395"}],"up":[{"embeddable":true,"href":"https:\/\/natsci.uprrp.edu\/es\/wp-json\/wp\/v2\/pages\/325"}],"wp:attachment":[{"href":"https:\/\/natsci.uprrp.edu\/es\/wp-json\/wp\/v2\/media?parent=581"}],"curies":[{"name":"wp","href":"https:\/\/api.w.org\/{rel}","templated":true}]}}