{"id":579,"date":"2018-01-09T09:40:29","date_gmt":"2018-01-09T13:40:29","guid":{"rendered":"http:\/\/natsci.uprrp.edu\/es\/?page_id=579"},"modified":"2018-05-08T09:29:40","modified_gmt":"2018-05-08T13:29:40","slug":"permiso-de-estacionamiento","status":"publish","type":"page","link":"https:\/\/natsci.uprrp.edu\/es\/servicios-y-recursos\/estudiantes\/permiso-de-estacionamiento\/","title":{"rendered":"Permiso de Estacionamiento"},"content":{"rendered":"<p>El acceso a los estacionamientos designados a estudiantes es a trav\u00e9s de un sello electr\u00f3nico que\u00a0tiene un costo de $7.00 y te servir\u00e1 durante todo el per\u00edodo que estudies en el Recinto.\u00a0 Los estudiantes con impedimentos que tengan su permiso especial de estacionamiento tambi\u00e9n deben adquirir el sello electr\u00f3nico del Recinto para tener acceso a los estacionamientos designados a estos fines.<\/p>\n<hr \/>\n<p><strong>INSTRUCCIONES PARA LA ADQUISICI\u00d3N DEL SELLO<\/strong><\/p>\n<hr \/>\n<ol>\n<li>Complete e imprima el formulario\u00a0<a href=\"http:\/\/natsci.uprrp.edu\/es\/wp-content\/uploads\/sites\/10\/2018\/02\/Blanco-Permosos-de-Estudiantes.pdf\">Permiso de Estacionamiento para Estudiantes<\/a><\/li>\n<li>Realice el pago a trav\u00e9s del portal MIUPI (https:\/\/miupi.uprrp.edu\/) mediante ATH, Tarjeta de Cr\u00e9dito (Visa, Master Card, American Express) o d\u00e9bito electr\u00f3nico utilizando cuentas de ahorros o corriente. Tambi\u00e9n puede realizar su pago en la la Oficina de Recaudaciones ubicada en el segundo piso de Plaza Universitaria.\u00a0 Si opta por realizar su pago por MIUPI siga estos pasos:\n<ul>\n<li>En MIUPI, pulse sobre el bot\u00f3n sello electr\u00f3nico.<\/li>\n<li>Complete el formulario de Solicitud de Permiso de Acceso Vehicular y Estacionamiento de Estudiantes.<\/li>\n<li>Seleccione el m\u00e9todo de pago.<\/li>\n<li>Procese la transacci\u00f3n.<\/li>\n<li>Imprima el recibo de pago y el formulario con la informaci\u00f3n.<\/li>\n<\/ul>\n<\/li>\n<li>Una vez haya pagado su sello, acuda con el veh\u00edculo, cuya informaci\u00f3n registr\u00f3 en el formulario a la Divisi\u00f3n de Seguridad y Manejo de Riesgos (localizada entre la Facultad de Estudios Generales y la Avenida Barbosa- Edificio 23 en el <a href=\"http:\/\/www.uprrp.edu\/?page_id=594\" target=\"_blank\" rel=\"noopener\">mapa del Recinto<\/a>) para que le instalen el sello.\u00a0 Recuerde llevar consigo los siguientes documentos:\n<ul>\n<li>Identificaci\u00f3n oficial de estudiante del Recinto de R\u00edo Piedras<\/li>\n<li>Licencia de conducir vigente<\/li>\n<li>Licencia de veh\u00edculo vigente<\/li>\n<li>Evidencia de matr\u00edcula pagada<\/li>\n<li>Evidencia del pago del sello (que puede aparecer en la matr\u00edcula pagada)<\/li>\n<li>Formulario Solicitud de Permiso de Estacionamiento para Estudiantes<\/li>\n<\/ul>\n<\/li>\n<\/ol>\n<p><strong>El per\u00edodo entrega y colocaci\u00f3n de sellos electr\u00f3nicos es de lunes a viernes, en horario de 7:00 a.m. a 3:30 p.m. Para casos especiales fuera del horario regular, favor de comunicarse al (787) 764-0000, Ext. 83760 y 83763.\u00a0<\/strong><\/p>\n<hr \/>\n<p><strong>INFORMACI\u00d3N CONTACTO<\/strong><\/p>\n<hr \/>\n<p><strong>DIVISI\u00d3N DE SEGURIDAD Y MANEJO DE RIESGOS<\/strong><\/p>\n<p>Direcci\u00f3n F\u00edsica<br \/>\nEdificio 23 en el <a href=\"http:\/\/www.uprrp.edu\/?page_id=594\" target=\"_blank\" rel=\"noopener\">mapa<\/a> del Recinto)<\/p>\n<p>T. (787) 764-0000\u00a0Ext. 83760 y 83763<br \/>\nCE. permisos.seguridad@upr.edu<\/p>\n<p>&nbsp;<\/p>\n","protected":false},"excerpt":{"rendered":"<p>El acceso a los estacionamientos designados a estudiantes es a trav\u00e9s de un sello electr\u00f3nico que\u00a0tiene un costo de $7.00 y te servir\u00e1 durante todo el per\u00edodo que estudies en el Recinto.\u00a0 Los estudiantes con impedimentos que tengan su permiso especial de estacionamiento tambi\u00e9n deben adquirir el sello electr\u00f3nico del Recinto para tener acceso a<\/p>\n<div class=\"read-more\"><a href=\"https:\/\/natsci.uprrp.edu\/es\/servicios-y-recursos\/estudiantes\/permiso-de-estacionamiento\/\" title=\"Read More\">Read More<\/a><\/div>\n","protected":false},"author":2,"featured_media":0,"parent":327,"menu_order":0,"comment_status":"closed","ping_status":"closed","template":"","meta":{"rs_blank_template":"","rs_page_bg_color":"","slide_template_v7":"","footnotes":""},"class_list":["post-579","page","type-page","status-publish"],"_links":{"self":[{"href":"https:\/\/natsci.uprrp.edu\/es\/wp-json\/wp\/v2\/pages\/579","targetHints":{"allow":["GET"]}}],"collection":[{"href":"https:\/\/natsci.uprrp.edu\/es\/wp-json\/wp\/v2\/pages"}],"about":[{"href":"https:\/\/natsci.uprrp.edu\/es\/wp-json\/wp\/v2\/types\/page"}],"author":[{"embeddable":true,"href":"https:\/\/natsci.uprrp.edu\/es\/wp-json\/wp\/v2\/users\/2"}],"replies":[{"embeddable":true,"href":"https:\/\/natsci.uprrp.edu\/es\/wp-json\/wp\/v2\/comments?post=579"}],"version-history":[{"count":7,"href":"https:\/\/natsci.uprrp.edu\/es\/wp-json\/wp\/v2\/pages\/579\/revisions"}],"predecessor-version":[{"id":1302,"href":"https:\/\/natsci.uprrp.edu\/es\/wp-json\/wp\/v2\/pages\/579\/revisions\/1302"}],"up":[{"embeddable":true,"href":"https:\/\/natsci.uprrp.edu\/es\/wp-json\/wp\/v2\/pages\/327"}],"wp:attachment":[{"href":"https:\/\/natsci.uprrp.edu\/es\/wp-json\/wp\/v2\/media?parent=579"}],"curies":[{"name":"wp","href":"https:\/\/api.w.org\/{rel}","templated":true}]}}