{"id":577,"date":"2018-01-09T09:40:08","date_gmt":"2018-01-09T13:40:08","guid":{"rendered":"http:\/\/natsci.uprrp.edu\/es\/?page_id=577"},"modified":"2018-05-15T14:23:09","modified_gmt":"2018-05-15T18:23:09","slug":"organizaciones-estudiantiles","status":"publish","type":"page","link":"https:\/\/natsci.uprrp.edu\/es\/servicios-y-recursos\/estudiantes\/organizaciones-estudiantiles\/","title":{"rendered":"Organizaciones Estudiantiles"},"content":{"rendered":"<p>Las experiencias extracurriculares son claves en el desarrollo estudiantil porque sirven para desarrollar habilidades, explorar intereses profesionales y personales particulares, adquirir experiencia profesional e interactuar con nuevas personas y entornos comunitarios. Las organizaciones estudiantiles te ofrecen esas experiencias donde refuerzas lo aprendido m\u00e1s\u00a0all\u00e1 de del sal\u00f3n de clases.\u00a0 La UPR, y por ende, el Recinto de R\u00edo Piedras reconoce el derecho que tiene un grupo de 12 o m\u00e1s estudiantes interesados en formar una organizaci\u00f3n estudiantil, y por tanto, solicitar su reconocimiento oficial y contar con los siguientes privilegios:<\/p>\n<ol>\n<li>Representar al Recinto y utilizar los logos y sellos institucionales.<\/li>\n<li>Utilizar facilidades universitarias tales como salas de reuniones y de conferencias.<\/li>\n<li><span style=\"font-size: 14px\">Recibir apoyo t\u00e9cnico en asuntos de dise\u00f1o gr\u00e1fico.<\/span><span style=\"font-size: 14px\">4. Acceso a los servicios de reproducci\u00f3n de documentos.<\/span><\/li>\n<li>Asignaci\u00f3n de fondos para compra de materiales y la organizaci\u00f3n de algunas de sus actividades.<\/li>\n<\/ol>\n<p>Para m\u00e1s informaci\u00f3n sobre las organizaciones estudiantiles se pueden comunicar con la Oficina de Organizaciones Estudiantiles de nuestro Recinto.<\/p>\n<p><strong>Organizaciones Estudiantiles de la Facultad de Ciencias Naturales<\/strong><\/p>\n<p>El Consejo de Estudiantes de Ciencias Naturales es el organismo representativo de los estudiantes de nuestra Facultad. Constituye el foro oficial de la comunidad de estudiantes para la discusi\u00f3n, el estudio y an\u00e1lisis de las necesidades, aspiraciones estudiantiles, y para la expresi\u00f3n de su sentir respecto a las situaciones de la Facultad y la comunidad universitaria en general.\u00a0 Puedes contactarlo en la Oficina CNL 102 o a trav\u00e9s de:\u00a0<a href=\"https:\/\/twitter.com\/CECN_UPRRP\" target=\"_blank\" rel=\"noopener\">Twitter<\/a> y <a href=\"https:\/\/www.facebook.com\/consejo.estudiantes.ciencias.naturales\/\" target=\"_blank\" rel=\"noopener\">Facebook<\/a><\/p>\n<p>En la Facultad tambi\u00e9n existen alrededor de otras 15 organizaciones estudiantiles reconocidas\u00a0por el Recinto de R\u00edo Piedras\u00a0para el a\u00f1o acad\u00e9mico 2017-2018.\u00a0 En el siguiente enlace encontrar\u00e1s un listado de \u00e9stas y otras organizaciones estudiantiles:<br \/>\n<a style=\"font-size: 14px\" href=\"http:\/\/natsci.uprrp.edu\/es\/wp-content\/uploads\/sites\/10\/2018\/03\/Directorio-Orgs-Ests-Reconocidas-2017-2018.pdf\">Directorio Orgs Ests Reconocidas 2017 2018<\/a><\/p>\n<p><strong>Pr\u00e9stamo de Equipo Multimedia a Organizaciones Estudiantiles de la Facultad de Ciencias Naturales<\/strong><\/p>\n<div class=\"post-content\">\n<p>En el Centro de Informaci\u00f3n y Tecnolog\u00edas (CITec) se ofrece a las organizaciones estudiantiles de nuestra Facultad el servicio de pr\u00e9stamos de equipo multimedia\u00a0para uso exclusivo en las instalaciones de Ciencias Naturales. <strong>Toda solicitud debe ser autorizada mediante firma por la Prof. Agnes V\u00e1zquez, Decana de Asuntos Estudiantiles, o en su lugar, por el mentor de la organizaci\u00f3n.<\/strong> Considere que el solicitante es responsable de:<\/p>\n<ul>\n<li>informar anticipadamente cualquier cambio o cancelaci\u00f3n en los servicios solicitados.<\/li>\n<li>hacer buen uso del equipo y reportar cualquier da\u00f1o causado u observado en el mismo.<\/li>\n<li>devolver\u00a0el equipo en\u00a0la fecha y hora establecida, o en su lugar, notificar\u00e1 en el mostrador de servicio del CITec para que se recoja el mismo.<\/li>\n<li>cualquier da\u00f1o y p\u00e9rdida de cualquier equipo por lo cual autoriza a la Oficina de Propiedad a hacer cualquier tipo de descuento o penalidad en caso de demostrarse negligencia de su parte.<\/li>\n<\/ul>\n<p><a href=\"http:\/\/natsci.uprrp.edu\/es\/wp-content\/uploads\/sites\/10\/2018\/03\/Hoja-de-pr\u00e9stamo-equipo-pdf418.pdf\" target=\"_blank\" rel=\"noopener\">Solicitud de pr\u00e9stamo equipo del CITec<\/a><\/p>\n<\/div>\n<hr \/>\n<p><strong>INFORMACI\u00d3N DE CONTACTO<\/strong><\/p>\n<hr \/>\n<p><strong>OFICINA DE ORGANIZACIONES ESTUDIANTILES<\/strong><\/p>\n<p>Directora: Mar\u00eda de Lourdes Molina Luna<\/p>\n<p>Direcci\u00f3n f\u00edsica:<br \/>\nCentro Universitario, Segundo Piso<\/p>\n<p>Direcci\u00f3n postal:<br \/>\nPO BOX 23336 San Juan, PR 00931-3336<\/p>\n<p>Horario: Lunes a Viernes 8:00AM \u2013 12:00PM \/ 1:00PM \u2013 4:30PM<br \/>\nDe ser requerido puede atenderte fuera de horas laborables por cita previa.<\/p>\n<p>T. 787.764.0000 Exts. 86440 \/ 86449<br \/>\n<span style=\"font-size: 14px\">CE. orgs.ests@upr.edu<\/span><\/p>\n","protected":false},"excerpt":{"rendered":"<p>Las experiencias extracurriculares son claves en el desarrollo estudiantil porque sirven para desarrollar habilidades, explorar intereses profesionales y personales particulares, adquirir experiencia profesional e interactuar con nuevas personas y entornos comunitarios. Las organizaciones estudiantiles te ofrecen esas experiencias donde refuerzas lo aprendido m\u00e1s\u00a0all\u00e1 de del sal\u00f3n de clases.\u00a0 La UPR, y por ende, el Recinto<\/p>\n<div class=\"read-more\"><a href=\"https:\/\/natsci.uprrp.edu\/es\/servicios-y-recursos\/estudiantes\/organizaciones-estudiantiles\/\" title=\"Read More\">Read More<\/a><\/div>\n","protected":false},"author":2,"featured_media":0,"parent":327,"menu_order":0,"comment_status":"closed","ping_status":"closed","template":"","meta":{"rs_blank_template":"","rs_page_bg_color":"","slide_template_v7":"","footnotes":""},"class_list":["post-577","page","type-page","status-publish"],"_links":{"self":[{"href":"https:\/\/natsci.uprrp.edu\/es\/wp-json\/wp\/v2\/pages\/577","targetHints":{"allow":["GET"]}}],"collection":[{"href":"https:\/\/natsci.uprrp.edu\/es\/wp-json\/wp\/v2\/pages"}],"about":[{"href":"https:\/\/natsci.uprrp.edu\/es\/wp-json\/wp\/v2\/types\/page"}],"author":[{"embeddable":true,"href":"https:\/\/natsci.uprrp.edu\/es\/wp-json\/wp\/v2\/users\/2"}],"replies":[{"embeddable":true,"href":"https:\/\/natsci.uprrp.edu\/es\/wp-json\/wp\/v2\/comments?post=577"}],"version-history":[{"count":15,"href":"https:\/\/natsci.uprrp.edu\/es\/wp-json\/wp\/v2\/pages\/577\/revisions"}],"predecessor-version":[{"id":1393,"href":"https:\/\/natsci.uprrp.edu\/es\/wp-json\/wp\/v2\/pages\/577\/revisions\/1393"}],"up":[{"embeddable":true,"href":"https:\/\/natsci.uprrp.edu\/es\/wp-json\/wp\/v2\/pages\/327"}],"wp:attachment":[{"href":"https:\/\/natsci.uprrp.edu\/es\/wp-json\/wp\/v2\/media?parent=577"}],"curies":[{"name":"wp","href":"https:\/\/api.w.org\/{rel}","templated":true}]}}