{"id":573,"date":"2018-01-09T09:39:22","date_gmt":"2018-01-09T13:39:22","guid":{"rendered":"http:\/\/natsci.uprrp.edu\/es\/?page_id=573"},"modified":"2018-03-02T20:18:37","modified_gmt":"2018-03-03T00:18:37","slug":"intercambio-de-estudiantes","status":"publish","type":"page","link":"https:\/\/natsci.uprrp.edu\/es\/servicios-y-recursos\/estudiantes\/intercambio-de-estudiantes\/","title":{"rendered":"Intercambio de Estudiantes"},"content":{"rendered":"<p>El Decanato Auxiliar de Relaciones Internacionales (DARI) le brinda servicios a los estudiantes internacionales y de intercambio. Como parte de sus responsabilidades est\u00e1 el desarrollar y fortalecer proyectos de intercambio estudiantil con universidades alrededor del mundo. Mediante su programa de intercambio, el estudiante\u00a0subgraduado puede trasladarse durante un verano, un semestre o el a\u00f1o acad\u00e9mico a cualquiera de las universidades con las cuales el Recinto de R\u00edo Piedras tiene\u00a0convenios.\u00a0 Para m\u00e1s informaci\u00f3n consulta el <a href=\"http:\/\/sociales.uprrp.edu\/wp-content\/uploads\/2016\/02\/Op%C3%BAsculo-Oficina-de-Intercambio.pdf\" target=\"_blank\" rel=\"noopener\">op\u00fasculo<\/a> y\u00a0 su <a href=\"http:\/\/internacionales.uprrp.edu\/index.php\/intercambio\/\" target=\"_blank\" rel=\"noopener\">p\u00e1gina electr\u00f3nica<\/a>.<\/p>\n<hr \/>\n<p><strong>INFORMACI\u00d3N CONTACTO<\/strong><\/p>\n<hr \/>\n<p><strong>DECANATO AUXILIAR DE RELACIONES INTERNACIONALES (DARI)<\/strong><\/p>\n<p>Direcci\u00f3n F\u00edsica<br \/>\nPlaza Universitaria, Torre Norte,<br \/>\n2do Piso, Oficina 2211<br \/>\nPO Box 23336, San Juan, PR 00931-3336<\/p>\n<p>T. (787) 764-0000 x. 86200, 86205<br \/>\nF. (787) 763-5733<br \/>\nCE. info.dari@upr.edu<\/p>\n","protected":false},"excerpt":{"rendered":"<p>El Decanato Auxiliar de Relaciones Internacionales (DARI) le brinda servicios a los estudiantes internacionales y de intercambio. Como parte de sus responsabilidades est\u00e1 el desarrollar y fortalecer proyectos de intercambio estudiantil con universidades alrededor del mundo. Mediante su programa de intercambio, el estudiante\u00a0subgraduado puede trasladarse durante un verano, un semestre o el a\u00f1o acad\u00e9mico a<\/p>\n<div class=\"read-more\"><a href=\"https:\/\/natsci.uprrp.edu\/es\/servicios-y-recursos\/estudiantes\/intercambio-de-estudiantes\/\" title=\"Read More\">Read More<\/a><\/div>\n","protected":false},"author":2,"featured_media":0,"parent":327,"menu_order":0,"comment_status":"closed","ping_status":"closed","template":"","meta":{"footnotes":""},"class_list":["post-573","page","type-page","status-publish"],"_links":{"self":[{"href":"https:\/\/natsci.uprrp.edu\/es\/wp-json\/wp\/v2\/pages\/573","targetHints":{"allow":["GET"]}}],"collection":[{"href":"https:\/\/natsci.uprrp.edu\/es\/wp-json\/wp\/v2\/pages"}],"about":[{"href":"https:\/\/natsci.uprrp.edu\/es\/wp-json\/wp\/v2\/types\/page"}],"author":[{"embeddable":true,"href":"https:\/\/natsci.uprrp.edu\/es\/wp-json\/wp\/v2\/users\/2"}],"replies":[{"embeddable":true,"href":"https:\/\/natsci.uprrp.edu\/es\/wp-json\/wp\/v2\/comments?post=573"}],"version-history":[{"count":5,"href":"https:\/\/natsci.uprrp.edu\/es\/wp-json\/wp\/v2\/pages\/573\/revisions"}],"predecessor-version":[{"id":896,"href":"https:\/\/natsci.uprrp.edu\/es\/wp-json\/wp\/v2\/pages\/573\/revisions\/896"}],"up":[{"embeddable":true,"href":"https:\/\/natsci.uprrp.edu\/es\/wp-json\/wp\/v2\/pages\/327"}],"wp:attachment":[{"href":"https:\/\/natsci.uprrp.edu\/es\/wp-json\/wp\/v2\/media?parent=573"}],"curies":[{"name":"wp","href":"https:\/\/api.w.org\/{rel}","templated":true}]}}