{"id":571,"date":"2018-01-09T09:39:01","date_gmt":"2018-01-09T13:39:01","guid":{"rendered":"http:\/\/natsci.uprrp.edu\/es\/?page_id=571"},"modified":"2018-03-02T12:34:33","modified_gmt":"2018-03-02T16:34:33","slug":"estudiantes-internacionales","status":"publish","type":"page","link":"https:\/\/natsci.uprrp.edu\/es\/servicios-y-recursos\/estudiantes\/estudiantes-internacionales\/","title":{"rendered":"Estudiantes Internacionales"},"content":{"rendered":"<p>El Decanato Auxiliar de Relaciones Internacionales (DARI) brinda servicios a los estudiantes internacionales y de intercambio. Como parte de sus responsabilidades est\u00e1 el desarrollar y fortalecer proyectos de intercambio estudiantil con universidades alrededor del mundo. Puedes llamar al 787-764-0000 Ext. 86200, 86205 para recibir m\u00e1s informaci\u00f3n.\u00a0 Tambi\u00e9n puedes consultar su p\u00e1gina electr\u00f3nica en\u00a0<a href=\"http:\/\/internacionales.uprrp.edu\/\" target=\"_blank\" rel=\"noopener\">http:\/\/internacionales.uprrp.edu\/<\/a>.<\/p>\n<p>Los estudiantes interesados en solicitar admisi\u00f3n a estudios graduados pueden consultar la p\u00e1gina de <a href=\"http:\/\/graduados.uprrp.edu\/index.php?option=com_content&amp;view=article&amp;id=114&amp;Itemid=369&amp;lang=es\" target=\"_blank\" rel=\"noopener\">Estudiantes Internacionales<\/a> del Decanato de Estudios Graduados e Investigaci\u00f3n.<\/p>\n<hr \/>\n<p><strong>INFORMACI\u00d3N CONTACTO<\/strong><\/p>\n<hr \/>\n<p><strong>DECANATO AUXILIAR DE RELACIONES INTERNACIONALES (DARI)<\/strong><\/p>\n<p>Direcci\u00f3n F\u00edsica<br \/>\nPlaza Universitaria, Torre Norte,<br \/>\n2do Piso, Oficina 2211<br \/>\nPO Box 23336, San Juan, PR 00931-3336<\/p>\n<p>T. (787) 764-0000 x. 86200, 86205<br \/>\nF. (787) 763-5733<br \/>\nCE. info.dari@upr.edu<\/p>\n","protected":false},"excerpt":{"rendered":"<p>El Decanato Auxiliar de Relaciones Internacionales (DARI) brinda servicios a los estudiantes internacionales y de intercambio. Como parte de sus responsabilidades est\u00e1 el desarrollar y fortalecer proyectos de intercambio estudiantil con universidades alrededor del mundo. Puedes llamar al 787-764-0000 Ext. 86200, 86205 para recibir m\u00e1s informaci\u00f3n.\u00a0 Tambi\u00e9n puedes consultar su p\u00e1gina electr\u00f3nica en\u00a0http:\/\/internacionales.uprrp.edu\/. Los estudiantes<\/p>\n<div class=\"read-more\"><a href=\"https:\/\/natsci.uprrp.edu\/es\/servicios-y-recursos\/estudiantes\/estudiantes-internacionales\/\" title=\"Read More\">Read More<\/a><\/div>\n","protected":false},"author":2,"featured_media":0,"parent":327,"menu_order":0,"comment_status":"closed","ping_status":"closed","template":"","meta":{"footnotes":""},"class_list":["post-571","page","type-page","status-publish"],"_links":{"self":[{"href":"https:\/\/natsci.uprrp.edu\/es\/wp-json\/wp\/v2\/pages\/571","targetHints":{"allow":["GET"]}}],"collection":[{"href":"https:\/\/natsci.uprrp.edu\/es\/wp-json\/wp\/v2\/pages"}],"about":[{"href":"https:\/\/natsci.uprrp.edu\/es\/wp-json\/wp\/v2\/types\/page"}],"author":[{"embeddable":true,"href":"https:\/\/natsci.uprrp.edu\/es\/wp-json\/wp\/v2\/users\/2"}],"replies":[{"embeddable":true,"href":"https:\/\/natsci.uprrp.edu\/es\/wp-json\/wp\/v2\/comments?post=571"}],"version-history":[{"count":4,"href":"https:\/\/natsci.uprrp.edu\/es\/wp-json\/wp\/v2\/pages\/571\/revisions"}],"predecessor-version":[{"id":888,"href":"https:\/\/natsci.uprrp.edu\/es\/wp-json\/wp\/v2\/pages\/571\/revisions\/888"}],"up":[{"embeddable":true,"href":"https:\/\/natsci.uprrp.edu\/es\/wp-json\/wp\/v2\/pages\/327"}],"wp:attachment":[{"href":"https:\/\/natsci.uprrp.edu\/es\/wp-json\/wp\/v2\/media?parent=571"}],"curies":[{"name":"wp","href":"https:\/\/api.w.org\/{rel}","templated":true}]}}