{"id":569,"date":"2018-01-09T09:38:40","date_gmt":"2018-01-09T13:38:40","guid":{"rendered":"http:\/\/natsci.uprrp.edu\/es\/?page_id=569"},"modified":"2018-05-08T09:33:31","modified_gmt":"2018-05-08T13:33:31","slug":"empleo","status":"publish","type":"page","link":"https:\/\/natsci.uprrp.edu\/es\/servicios-y-recursos\/estudiantes\/empleo\/","title":{"rendered":"Empleo"},"content":{"rendered":"<p>El Programa de Reclutamiento y Retenci\u00f3n para el \u00c9xito Estudiantil tiene la responsabilidad de dirigir los esfuerzos de reclutamiento, retenci\u00f3n y b\u00fasqueda de empleos para los estudiantes.\u00a0 Ofrece los servicios de correcci\u00f3n de resum\u00e9s, talleres relacionados a las b\u00fasqueda de empleo y ferias de empleo.\u00a0 Los requisitos del programa son:<\/p>\n<ul>\n<li>Ser estudiante regular del Recinto de R\u00edo Piedras, de la Universidad de Puerto Rico<\/li>\n<li>Presentar tarjeta de identificaci\u00f3n de estudiante y programa de clases del semestre en curso<\/li>\n<li>Traer resum\u00e9 (preferiblemente en ingl\u00e9s)<\/li>\n<li>Si es ex alumno (hasta un a\u00f1o luego de graduarse) debe traer copia de transcripci\u00f3n de cr\u00e9ditos.<\/li>\n<\/ul>\n<hr \/>\n<p><strong>INFORMACI\u00d3N DE CONTACTO<\/strong><\/p>\n<hr \/>\n<p><strong>PROGRAMA DE RECLUTAMIENTO Y RETENCI\u00d3N PARA EL \u00c9XITO ESTUDIANTIL<\/strong><\/p>\n<p>Direcci\u00f3n f\u00edsica<br \/>\nPlaza Universitaria Torre Norte, Segundo Nivel, Oficina 2235<\/p>\n<p>T. (787) 764-0000 Exts: 86250; 86251; 86252; 86299<br \/>\nT. Directo. (787) 764-0005<br \/>\nF. (787) 764-3030<br \/>\nCE. empleo.uprrp@upr.edu<\/p>\n","protected":false},"excerpt":{"rendered":"<p>El Programa de Reclutamiento y Retenci\u00f3n para el \u00c9xito Estudiantil tiene la responsabilidad de dirigir los esfuerzos de reclutamiento, retenci\u00f3n y b\u00fasqueda de empleos para los estudiantes.\u00a0 Ofrece los servicios de correcci\u00f3n de resum\u00e9s, talleres relacionados a las b\u00fasqueda de empleo y ferias de empleo.\u00a0 Los requisitos del programa son: Ser estudiante regular del Recinto<\/p>\n<div class=\"read-more\"><a href=\"https:\/\/natsci.uprrp.edu\/es\/servicios-y-recursos\/estudiantes\/empleo\/\" title=\"Read More\">Read More<\/a><\/div>\n","protected":false},"author":2,"featured_media":0,"parent":327,"menu_order":0,"comment_status":"closed","ping_status":"closed","template":"","meta":{"footnotes":""},"class_list":["post-569","page","type-page","status-publish"],"_links":{"self":[{"href":"https:\/\/natsci.uprrp.edu\/es\/wp-json\/wp\/v2\/pages\/569","targetHints":{"allow":["GET"]}}],"collection":[{"href":"https:\/\/natsci.uprrp.edu\/es\/wp-json\/wp\/v2\/pages"}],"about":[{"href":"https:\/\/natsci.uprrp.edu\/es\/wp-json\/wp\/v2\/types\/page"}],"author":[{"embeddable":true,"href":"https:\/\/natsci.uprrp.edu\/es\/wp-json\/wp\/v2\/users\/2"}],"replies":[{"embeddable":true,"href":"https:\/\/natsci.uprrp.edu\/es\/wp-json\/wp\/v2\/comments?post=569"}],"version-history":[{"count":5,"href":"https:\/\/natsci.uprrp.edu\/es\/wp-json\/wp\/v2\/pages\/569\/revisions"}],"predecessor-version":[{"id":1305,"href":"https:\/\/natsci.uprrp.edu\/es\/wp-json\/wp\/v2\/pages\/569\/revisions\/1305"}],"up":[{"embeddable":true,"href":"https:\/\/natsci.uprrp.edu\/es\/wp-json\/wp\/v2\/pages\/327"}],"wp:attachment":[{"href":"https:\/\/natsci.uprrp.edu\/es\/wp-json\/wp\/v2\/media?parent=569"}],"curies":[{"name":"wp","href":"https:\/\/api.w.org\/{rel}","templated":true}]}}