{"id":567,"date":"2018-01-09T09:38:16","date_gmt":"2018-01-09T13:38:16","guid":{"rendered":"http:\/\/natsci.uprrp.edu\/es\/?page_id=567"},"modified":"2018-03-02T12:28:07","modified_gmt":"2018-03-02T16:28:07","slug":"cuido-de-infantes","status":"publish","type":"page","link":"https:\/\/natsci.uprrp.edu\/es\/servicios-y-recursos\/estudiantes\/cuido-de-infantes\/","title":{"rendered":"Cuido de Infantes"},"content":{"rendered":"<p>El Proyecto Modelo Innovador Sal\u00f3n Laboratorio de Infantes y Maternales le provee servicios de educaci\u00f3n, desarrollo y cuidado a los hijos (as) de padres\/ madres estudiantes del Recinto de R\u00edo Piedras cuyos ingresos no exceden la escala de elegibilidad de la Administraci\u00f3n para el Cuidado y Desarrollo integral de la Ni\u00f1ez (ACUDEN).<\/p>\n<hr \/>\n<p><strong>INFORMACI\u00d3N DE CONTACTO<\/strong><\/p>\n<hr \/>\n<p><strong>SAL\u00d3N LABORATORIO DE INFANTES Y MATERNALES<\/strong><\/p>\n<p>Direcci\u00f3n F\u00edsica: Edificio Antigua Casa de Pr\u00e1ctica de Econom\u00eda Dom\u00e9stica o el Edificio 059 en el\u00a0<a style=\"font-size: 14px;font-family: 'Open Sans', Arial, sans-serif\" href=\"http:\/\/www.uprrp.edu\/?page_id=594\" target=\"_blank\" rel=\"noopener\">mapa del Recinto de R\u00edo Piedras<\/a><span style=\"font-family: 'Open Sans', Arial, sans-serif;font-size: 14px\">\u00a0<\/span><br \/>\nTel\u00e9fono: (<span style=\"font-family: 'Open Sans', Arial, sans-serif;font-size: 14px\">787) 764-0000 Ext. 86475<br \/>\n<\/span><span style=\"font-size: 14px\">Correo electr\u00f3nico a: <\/span><a style=\"font-size: 14px\" href=\"mailto:limfamilias@gmail.com\" target=\"_blank\" rel=\"noopener\">limfamilias@gmail.com<\/a><\/p>\n<p>Horario<br \/>\nLunes a Viernes 8:00AM a 12:00PM y 1:00PM a 4:30PM.<\/p>\n<p>&nbsp;<\/p>\n","protected":false},"excerpt":{"rendered":"<p>El Proyecto Modelo Innovador Sal\u00f3n Laboratorio de Infantes y Maternales le provee servicios de educaci\u00f3n, desarrollo y cuidado a los hijos (as) de padres\/ madres estudiantes del Recinto de R\u00edo Piedras cuyos ingresos no exceden la escala de elegibilidad de la Administraci\u00f3n para el Cuidado y Desarrollo integral de la Ni\u00f1ez (ACUDEN). INFORMACI\u00d3N DE CONTACTO<\/p>\n<div class=\"read-more\"><a href=\"https:\/\/natsci.uprrp.edu\/es\/servicios-y-recursos\/estudiantes\/cuido-de-infantes\/\" title=\"Read More\">Read More<\/a><\/div>\n","protected":false},"author":2,"featured_media":0,"parent":327,"menu_order":0,"comment_status":"closed","ping_status":"closed","template":"","meta":{"footnotes":""},"class_list":["post-567","page","type-page","status-publish"],"_links":{"self":[{"href":"https:\/\/natsci.uprrp.edu\/es\/wp-json\/wp\/v2\/pages\/567","targetHints":{"allow":["GET"]}}],"collection":[{"href":"https:\/\/natsci.uprrp.edu\/es\/wp-json\/wp\/v2\/pages"}],"about":[{"href":"https:\/\/natsci.uprrp.edu\/es\/wp-json\/wp\/v2\/types\/page"}],"author":[{"embeddable":true,"href":"https:\/\/natsci.uprrp.edu\/es\/wp-json\/wp\/v2\/users\/2"}],"replies":[{"embeddable":true,"href":"https:\/\/natsci.uprrp.edu\/es\/wp-json\/wp\/v2\/comments?post=567"}],"version-history":[{"count":5,"href":"https:\/\/natsci.uprrp.edu\/es\/wp-json\/wp\/v2\/pages\/567\/revisions"}],"predecessor-version":[{"id":887,"href":"https:\/\/natsci.uprrp.edu\/es\/wp-json\/wp\/v2\/pages\/567\/revisions\/887"}],"up":[{"embeddable":true,"href":"https:\/\/natsci.uprrp.edu\/es\/wp-json\/wp\/v2\/pages\/327"}],"wp:attachment":[{"href":"https:\/\/natsci.uprrp.edu\/es\/wp-json\/wp\/v2\/media?parent=567"}],"curies":[{"name":"wp","href":"https:\/\/api.w.org\/{rel}","templated":true}]}}