{"id":565,"date":"2018-01-09T09:37:47","date_gmt":"2018-01-09T13:37:47","guid":{"rendered":"http:\/\/natsci.uprrp.edu\/es\/?page_id=565"},"modified":"2018-03-21T11:45:49","modified_gmt":"2018-03-21T15:45:49","slug":"ilustracion-cientifica","status":"publish","type":"page","link":"https:\/\/natsci.uprrp.edu\/es\/servicios-y-recursos\/docentes\/ilustracion-cientifica\/","title":{"rendered":"Ilustraci\u00f3n Cient\u00edfica"},"content":{"rendered":"<p>El Centro de Informaci\u00f3n y Tecnolog\u00edas (CITec) ofrece el servicio de ilustraci\u00f3n cient\u00edfica a profesores de la Facultad de Ciencias Naturales. Considere que:<\/p>\n<ul>\n<li>Todo documento a reproducir debe ser entregado con<strong> cinco d\u00edas laborables<\/strong> de anticipaci\u00f3n.<\/li>\n<li>Los pedidos se atender\u00e1n en orden de llegada.<\/li>\n<li>Algunas consideraciones de tiempo se pueden hacer condicionado al volumen de trabajo existente.<\/li>\n<li>Todo trabajo debe ser recogido con no m\u00e1s de dos d\u00edas luego de producido el mismo.<\/li>\n<li>El CITec no se hace responsable por errores cometidos por parte del solicitante en la descripci\u00f3n del servicio.<\/li>\n<li>El solicitante es responsable de informar cualquier cambio en el servicio solicitado.<\/li>\n<\/ul>\n<p><a href=\"http:\/\/natsci.uprrp.edu\/es\/wp-content\/uploads\/sites\/10\/2018\/03\/Solicitud-de-Servicios-Taller-de-Ilustraci\u00f3n-Cient\u00edfica.pdf\">Solicitud de Servicios de Ilustraci\u00f3n Cient\u00edfica<\/a><\/p>\n<hr \/>\n<p><strong>INFORMACI\u00d3N DE CONTACTO<\/strong><\/p>\n<hr \/>\n<p>Sr. Jos\u00e9 Terr\u00f3n, Ilustrador Cient\u00edfico<br \/>\nTercer Piso, Centro de Informaci\u00f3n y Tecnolog\u00edas<br \/>\nT. (787) 764-0000 Ext. 88393<br \/>\nC.E. jose.terron1@upr.edu<\/p>\n","protected":false},"excerpt":{"rendered":"<p>El Centro de Informaci\u00f3n y Tecnolog\u00edas (CITec) ofrece el servicio de ilustraci\u00f3n cient\u00edfica a profesores de la Facultad de Ciencias Naturales. Considere que: Todo documento a reproducir debe ser entregado con cinco d\u00edas laborables de anticipaci\u00f3n. Los pedidos se atender\u00e1n en orden de llegada. Algunas consideraciones de tiempo se pueden hacer condicionado al volumen de<\/p>\n<div class=\"read-more\"><a href=\"https:\/\/natsci.uprrp.edu\/es\/servicios-y-recursos\/docentes\/ilustracion-cientifica\/\" title=\"Read More\">Read More<\/a><\/div>\n","protected":false},"author":2,"featured_media":0,"parent":325,"menu_order":0,"comment_status":"closed","ping_status":"closed","template":"","meta":{"footnotes":""},"class_list":["post-565","page","type-page","status-publish"],"_links":{"self":[{"href":"https:\/\/natsci.uprrp.edu\/es\/wp-json\/wp\/v2\/pages\/565","targetHints":{"allow":["GET"]}}],"collection":[{"href":"https:\/\/natsci.uprrp.edu\/es\/wp-json\/wp\/v2\/pages"}],"about":[{"href":"https:\/\/natsci.uprrp.edu\/es\/wp-json\/wp\/v2\/types\/page"}],"author":[{"embeddable":true,"href":"https:\/\/natsci.uprrp.edu\/es\/wp-json\/wp\/v2\/users\/2"}],"replies":[{"embeddable":true,"href":"https:\/\/natsci.uprrp.edu\/es\/wp-json\/wp\/v2\/comments?post=565"}],"version-history":[{"count":5,"href":"https:\/\/natsci.uprrp.edu\/es\/wp-json\/wp\/v2\/pages\/565\/revisions"}],"predecessor-version":[{"id":1058,"href":"https:\/\/natsci.uprrp.edu\/es\/wp-json\/wp\/v2\/pages\/565\/revisions\/1058"}],"up":[{"embeddable":true,"href":"https:\/\/natsci.uprrp.edu\/es\/wp-json\/wp\/v2\/pages\/325"}],"wp:attachment":[{"href":"https:\/\/natsci.uprrp.edu\/es\/wp-json\/wp\/v2\/media?parent=565"}],"curies":[{"name":"wp","href":"https:\/\/api.w.org\/{rel}","templated":true}]}}