{"id":561,"date":"2018-01-09T09:36:42","date_gmt":"2018-01-09T13:36:42","guid":{"rendered":"http:\/\/natsci.uprrp.edu\/es\/?page_id=561"},"modified":"2018-05-08T16:00:06","modified_gmt":"2018-05-08T20:00:06","slug":"ayuda-tecnologica","status":"publish","type":"page","link":"https:\/\/natsci.uprrp.edu\/es\/servicios-y-recursos\/docentes\/ayuda-tecnologica\/","title":{"rendered":"Ayuda Tecnol\u00f3gica"},"content":{"rendered":"<p>La Divisi\u00f3n de Tecnolog\u00edas Acad\u00e9micas y Administrativas (DTAA, por sus siglas) ofrece servicios de apoyo\u00a0tecnol\u00f3gico relacionados al correo electr\u00f3nico, Internet inal\u00e1mbrico, Moodle, Office 365, entre otros.\u00a0 Para asistencia env\u00eda un correo electr\u00f3nico a:\u00a0help.desk@upr.edu, o en su lugar visita el <a href=\"http:\/\/helpdesk.uprrp.edu:9675\/portal\" target=\"_blank\" rel=\"noopener\">Portal DTTA-Mesa de ayuda<\/a>.<\/p>\n<p>En el Centro de Informaci\u00f3n y Tecnolog\u00eda (CITec) ubicado en el edificio de la Biblioteca N\u00e9stor M. Rodr\u00edguez Rivera de nuestra facultad tambi\u00e9n se ofrece asistencia tecnol\u00f3gica.<\/p>\n<p>El laboratorio Computacional de Apoyo a la Docencia (LabCAD) ofrece adiestramientos, coordina actividades de computaci\u00f3n acad\u00e9mica y sirve como asesor de tecnolog\u00edas. Tambi\u00e9n ofrece apoyo relacionado a la educaci\u00f3n a distancia.<\/p>\n<hr \/>\n<p><strong>INFORMACI\u00d3N DEL CONTACTO\u00a0<\/strong><\/p>\n<hr \/>\n<p><strong>DIVISI\u00d3N DE TECNOLOG\u00cdAS ACAD\u00c9MICAS Y ADMINISTRATIVAS (DTAA)<\/strong><br \/>\nDirecci\u00f3n F\u00edsica:\u00a0 Primer Piso, Plaza Universitaria, Torre Central<br \/>\nT. (787) 764-0000 Ext. 85985, 83800, 83900, 83808<br \/>\nCE.\u00a0<a href=\"mailto:help.desk@upr.edu\" target=\"_blank\" rel=\"noopener\">help.desk@upr.edu<\/a><\/p>\n<p><strong>CENTRO DE INFORMACI\u00d3N Y TECNOLOG\u00cdA (CITEC)<\/strong><br \/>\nDirecci\u00f3n F\u00edsica: Segundo Piso Edificio de Biblioteca<br \/>\nSra. Magdalena F\u00e9lix<br \/>\nT. (787) 764-0000 Ext. 83374<\/p>\n<p><b>LABORATORIO COMPUTACIONAL DE APOYO A LA DOCENCIA (LabCAD)<\/b><br \/>\nDr. Luis Joel\u00a0Donato, Director<br \/>\nBiblioteca Jos\u00e9 M. L\u00e1zaro, Primer Piso<br \/>\nT. (787) &amp;64-0000 Ext. 85074, 85070, 85071<br \/>\n<a href=\"http:\/\/cea.uprrp.edu\/quienes-somos\/labcad\/\" target=\"_blank\" rel=\"noopener\">http:\/\/cea.uprrp.edu\/quienes-somos\/labcad\/<\/a><\/p>\n","protected":false},"excerpt":{"rendered":"<p>La Divisi\u00f3n de Tecnolog\u00edas Acad\u00e9micas y Administrativas (DTAA, por sus siglas) ofrece servicios de apoyo\u00a0tecnol\u00f3gico relacionados al correo electr\u00f3nico, Internet inal\u00e1mbrico, Moodle, Office 365, entre otros.\u00a0 Para asistencia env\u00eda un correo electr\u00f3nico a:\u00a0help.desk@upr.edu, o en su lugar visita el Portal DTTA-Mesa de ayuda. En el Centro de Informaci\u00f3n y Tecnolog\u00eda (CITec) ubicado en el edificio<\/p>\n<div class=\"read-more\"><a href=\"https:\/\/natsci.uprrp.edu\/es\/servicios-y-recursos\/docentes\/ayuda-tecnologica\/\" title=\"Read More\">Read More<\/a><\/div>\n","protected":false},"author":2,"featured_media":0,"parent":325,"menu_order":0,"comment_status":"closed","ping_status":"closed","template":"","meta":{"footnotes":""},"class_list":["post-561","page","type-page","status-publish"],"_links":{"self":[{"href":"https:\/\/natsci.uprrp.edu\/es\/wp-json\/wp\/v2\/pages\/561","targetHints":{"allow":["GET"]}}],"collection":[{"href":"https:\/\/natsci.uprrp.edu\/es\/wp-json\/wp\/v2\/pages"}],"about":[{"href":"https:\/\/natsci.uprrp.edu\/es\/wp-json\/wp\/v2\/types\/page"}],"author":[{"embeddable":true,"href":"https:\/\/natsci.uprrp.edu\/es\/wp-json\/wp\/v2\/users\/2"}],"replies":[{"embeddable":true,"href":"https:\/\/natsci.uprrp.edu\/es\/wp-json\/wp\/v2\/comments?post=561"}],"version-history":[{"count":10,"href":"https:\/\/natsci.uprrp.edu\/es\/wp-json\/wp\/v2\/pages\/561\/revisions"}],"predecessor-version":[{"id":1344,"href":"https:\/\/natsci.uprrp.edu\/es\/wp-json\/wp\/v2\/pages\/561\/revisions\/1344"}],"up":[{"embeddable":true,"href":"https:\/\/natsci.uprrp.edu\/es\/wp-json\/wp\/v2\/pages\/325"}],"wp:attachment":[{"href":"https:\/\/natsci.uprrp.edu\/es\/wp-json\/wp\/v2\/media?parent=561"}],"curies":[{"name":"wp","href":"https:\/\/api.w.org\/{rel}","templated":true}]}}