{"id":456,"date":"2017-12-29T16:28:02","date_gmt":"2017-12-29T20:28:02","guid":{"rendered":"http:\/\/natsci.uprrp.edu\/es\/?page_id=456"},"modified":"2018-08-06T14:47:26","modified_gmt":"2018-08-06T18:47:26","slug":"servicio-comunitario-2","status":"publish","type":"page","link":"https:\/\/natsci.uprrp.edu\/es\/compromiso-social-outreach-alcance-comunitario\/servicio-comunitario-2\/","title":{"rendered":"Community Service&#8211;para traducir"},"content":{"rendered":"<p>En la Facultad de Ciencias Naturales existen varias iniciativas que ponen al servicio de las comunidades diversas de Puerto Rico las competencias y conocimientos desarrollados por nuestros profesores, investigadores y estudiantes.\u00a0 Algunas de las cuales son:<\/p>\n<p><strong>AKKA Seeds<\/strong><br \/>\nLa misi\u00f3n principal de AKKA es crear conciencia ecol\u00f3gica a trav\u00e9s de experiencias de investigaci\u00f3n, conferencias, viajes de campo, t\u00e9cnicas audiovisuales y trabajo comunitario. Buscamos eco ciudadanos destacados en diversas disciplinas que puedan contribuir con su experiencia al desarrollo de actividades que fomentan el conocimiento ecol\u00f3gico. La diversidad de saberes es un elemento \u00fanico de este cap\u00edtulo porque las ciencias del ambiente trascienden las ciencias naturales.<br \/>\n<span style=\"font-size: 14px;color: #606569\">Contacto: <\/span><a style=\"font-size: 14px\" href=\"mailto:akka.seeds@gmail.com\" target=\"_blank\" rel=\"noopener\">akka.seeds@gmail.com<\/a><br \/>\nP\u00e1ginas Web:<br \/>\n<a href=\"http:\/\/akkaseeds.wix.com\/akkaseeds\" target=\"_blank\" rel=\"noopener\">http:\/\/akkaseeds.wix.com\/akkaseeds<\/a><br \/>\n<a href=\"https:\/\/www.facebook.com\/groups\/9509809767\/\" target=\"_blank\" rel=\"noopener\">https:\/\/www.facebook.com\/groups\/9509809767\/<\/a><\/p>\n<p><strong>Asociaci\u00f3n de Estudiantes de Pre Veterinaria (PVSA)<\/strong><br \/>\nLa PVSA busca orientar, educar y motivar a los estudiantes interesados en estudiar Medicina Veterinaria u otra carrera enfocada en el bienestar y mejoramiento del cuidado animal. Por otro lado, como misi\u00f3n humanitaria, la PVSA se ha comprometido con la sociedad puertorrique\u00f1a a aportar esfuerzos para mejorar el bienestar animal. La PVSA tiene un enfoque tanto preparativo con sus miembros, como humanitario con la comunidad puertorrique\u00f1a, manteniendo siempre el enfoque de bienestar y salud animal. La PVSA tambi\u00e9n se encamina en fomentar la concientizar a la comunidad sobre los problemas que afectan a los animales, como en participar activamente en la erradicaci\u00f3n de los mismos, brindando apoyo en el campo para ello.<br \/>\nContacto: <a href=\"mailto:pvsauprrp@gmail.com\" target=\"_blank\" rel=\"noopener\">pvsauprrp@gmail.com<\/a><br \/>\nP\u00e1gina Web: <a href=\"https:\/\/www.facebook.com\/asociacionpreveterinariauprrp\" target=\"_blank\" rel=\"noopener\">https:\/\/www.facebook.com\/asociacionpreveterinariauprrp<\/a><\/p>\n<p><strong>Cap\u00edtulo Estudiantil de la Sociedad Americana de Qu\u00edmica<\/strong><br \/>\nLos estudiantes del Capitulo ACS de UPR-Rio Piedras son un grupo muy din\u00e1mico y comprometido con promover la qu\u00edmica como disciplina y educar a la comunidad, especialmente a los ni\u00f1os y j\u00f3venes a trav\u00e9s de actividades de alcance comunitario como el Festival de Qu\u00edmica y visitas a escuelas para ofrecer entretenidas demostraciones relacionadas con la qu\u00edmica y sus aplicaciones.<br \/>\nContacto: <a href=\"mailto:acs.uprrp@gmail.com\" target=\"_blank\" rel=\"noopener\">acs.uprrp@gmail.com<\/a><br \/>\nP\u00e1gina Web: <a href=\"https:\/\/www.facebook.com\/ACSUPRRP\/\" target=\"_blank\" rel=\"noopener\">https:\/\/www.facebook.com\/ACSUPRRP\/<\/a><\/p>\n<p><strong>Cap\u00edtulo Estudiantil de la Sociedad Americana de Bioqu\u00edmica y Biolog\u00eda Molecular (ASBMB)<\/strong><br \/>\nOrganizaci\u00f3n estudiantil comprometida con la educaci\u00f3n cient\u00edfica en Puerto Rico. Realizan actividades de alcance comunitario como visitas a escuelas para ofrecer demostraciones educativas relacionadas con la Bioqu\u00edmica. Adem\u00e1s, organizan actividades de recaudaci\u00f3n de fondos para fines ben\u00e9ficos y humanitarios.<br \/>\nContacto: <a href=\"mailto:asbmb.uprrp@gmail.com\" target=\"_blank\" rel=\"noopener\">asbmb.uprrp@gmail.com<\/a><br \/>\nP\u00e1gina Web: <a href=\"https:\/\/www.facebook.com\/ASBMB-UPR-Rio-Piedras-717216061629284\/\" target=\"_blank\" rel=\"noopener\">https:\/\/www.facebook.com\/ASBMB-UPR-Rio-Piedras-717216061629284\/<\/a><\/p>\n<p><strong>Cap\u00edtulo Estudiantil de la Asociaci\u00f3n Americana de Estudiantes de Medicina<\/strong><br \/>\nEl Cap\u00edtulo AMSA de UPR-Rio Piedras es una asociaci\u00f3n comprometida con mejorar el cuidado de la salud y la prestaci\u00f3n de atenci\u00f3n m\u00e9dica. Esto a trav\u00e9s de la promoci\u00f3n activa en el mejoramiento de la educaci\u00f3n en medicina; involucrando a los miembros en las obligaciones sociales, morales y \u00e9ticas de la profesi\u00f3n m\u00e9dica.\u00a0 A menudo planifican actividades para recogido de fondos para ayudar a pacientes, as\u00ed como visitas a ni\u00f1os en hospitales con su programa Dr. Clown.<br \/>\nContacto: <a href=\"mailto:amsauprrp@gmail.com\" target=\"_blank\" rel=\"noopener\">amsauprrp@gmail.com<\/a><br \/>\nP\u00e1gina Web: <a href=\"http:\/\/amsauprrp.webs.com\/\" target=\"_blank\" rel=\"noopener\">http:\/\/amsauprrp.webs.com\/<\/a><\/p>\n<p><strong>Cap\u00edtulo MEDLIFE de UPR-Rio Piedras<\/strong><br \/>\nEl Cap\u00edtulo tiene el prop\u00f3sito de organizar actividades de recaudaci\u00f3n de fondo para apoyar a la organizaci\u00f3n MEDLIFE, la cual se dedica a mejorar la calidad de vida a trav\u00e9s de mayor acceso a servicios de salud, educaci\u00f3n y promover el desarrollo en comunidades de bajos ingresos a trav\u00e9s de Latinoam\u00e9rica, particularmente en Per\u00fa, Panam\u00e1 y Ecuador. MEDLIFE cree que el acceso a servicios de salud de calidad es un derecho humano b\u00e1sico. Con este fin, sus miembros comprometen su tiempo, recursos, conocimientos para llevar Medicina, Educaci\u00f3n y Desarrollo para Familias de bajos ingresos en todas partes.<br \/>\nLos fondos ser\u00e1n utilizados para costear gastos como materiales para asistencia m\u00e9dica y materiales para proyectos de desarrollo. Adem\u00e1s, por medio del cap\u00edtulo se reclutar\u00e1n estudiantes para que asistan a las cl\u00ednicas. Esta organizaci\u00f3n NO es s\u00f3lo para estudiantes, sino para todo aqu\u00e9l que desee ayudar a los que m\u00e1s necesitan.<br \/>\nContacto: <a href=\"mailto:medlife.uprrp@gmail.com\" target=\"_blank\" rel=\"noopener\">medlife.uprrp@gmail.com<\/a><br \/>\nP\u00e1gina Web: <a href=\"https:\/\/www.facebook.com\/MedlifeUPRRP\" target=\"_blank\" rel=\"noopener\">https:\/\/www.facebook.com\/MedlifeUPRRP<\/a><\/p>\n<p><strong>Cap\u00edtulo Estudiantil de la Sociedad Ambiente Marino (CESAM)<\/strong><br \/>\nEl CESAM surgi\u00f3 por la inquietud y preocupaci\u00f3n de un grupo multidisciplinario de estudiantes universitarios por la protecci\u00f3n y conservaci\u00f3n de nuestro medio ambiente. Somos el cap\u00edtulo estudiantil de la Sociedad Ambiente Marino, organizaci\u00f3n sin fines de lucro reconocida en Puerto Rico y el Caribe por sus investigaciones y proyectos relacionados al cultivo de corales en peligro de extinci\u00f3n. Su misi\u00f3n es concienciar la ciudadan\u00eda puertorrique\u00f1a sobre la conservaci\u00f3n de nuestros ecosistemas marinos, costeros y terrestres.\u00a0Esto lo hacen a trav\u00e9s de la educaci\u00f3n, la investigaci\u00f3n cient\u00edfica y la conservaci\u00f3n ambiental. Algunos de sus proyectos han cubierto desde el monitoreo de poblaciones de corales, peces leones, tortugas marinas, as\u00ed como limpiezas de playa y talleres educativos e interactivos para todas las edades y comunidades.<br \/>\nContacto: <a href=\"mailto:cesam.upr.cn@gmail.com\" target=\"_blank\" rel=\"noopener\">cesam.upr.cn@gmail.com<\/a><br \/>\nP\u00e1ginas Web:<br \/>\n<a href=\"http:\/\/www.cesampr.com\/\" target=\"_blank\" rel=\"noopener\">http:\/\/www.cesampr.com\/<\/a><br \/>\n<a href=\"https:\/\/www.facebook.com\/cesam.sociedadambientemarino\" target=\"_blank\" rel=\"noopener\">https:\/\/www.facebook.com\/cesam.sociedadambientemarino<\/a><\/p>\n<p><strong style=\"font-size: 14px\">Corporaci\u00f3n para la Sustentabilidad Ambiental (COSUAM) de Puerto Rico<\/strong><\/p>\n<p>Esta es una corporaci\u00f3n sin fines de lucro dirigida por el Dr. \u00c1ngel Torres, catedr\u00e1tico del Departamento de Ciencias Ambientales. La corporaci\u00f3n fue creada para alcanzar la calidad de vida ejerciendo liderato y ocupando la vanguardia en la promoci\u00f3n de la \u201cSustentabilidad Ambiental\u201d y la \u201cSalud P\u00fablica\u201d. El Programa de Escuelas Sustentables (PES) es un programa nativo dise\u00f1ado y desarrollado por COSUAM de Puerto Rico para involucrar a estudiantes, maestros, padres y miembros de la comunidad de los niveles acad\u00e9micos PK-12 en la promoci\u00f3n de la \u201cSustentabilidad Ambiental\u201d y la \u201cSalud P\u00fablica\u201d.<br \/>\nContacto: Dr. \u00c1ngel Torres, <a href=\"mailto:cosuam.pr@gmail.com\" target=\"_blank\" rel=\"noopener\">cosuam.pr@gmail.com<\/a><br \/>\nP\u00e1gina Web: <a href=\"https:\/\/www.facebook.com\/COSUAMdePuertoRico\/\" target=\"_blank\" rel=\"noopener\">https:\/\/www.facebook.com\/COSUAMdePuertoRico\/<\/a><\/p>\n<p><strong>El Corredor de Yaguazo Inc.<\/strong><br \/>\nEs una organizaci\u00f3n de base comunitaria sin fines de lucro creada con el prop\u00f3sito de promover la conservaci\u00f3n de nuestros recursos naturales mediante el desarrollo de proyectos educativos y de investigaci\u00f3n cient\u00edfico-ambiental dirigidos a la restauraci\u00f3n de h\u00e1bitat y monitoreo de la vida silvestre. Esta organizaci\u00f3n es el producto de alianzas comunitarias, que incluyen desde escuelas y universidades (incluyendo la UPR-RP) hasta instituciones privadas y gubernamentales enfocadas en la conservaci\u00f3n y manejo de nuestros recursos naturales. Los proyectos que actualmente se desarrollan incluyen la reforestaci\u00f3n de sistemas naturales urbanos del \u00e1rea de Cata\u00f1o mediante la siembra de especies nativas. Otros proyectos tambi\u00e9n incluyen la vigilancia de La Chirriria Nativa, una especie un pato mayormente arb\u00f3reo y nocturno.<br \/>\nContacto: Pedro Carri\u00f3n, <a href=\"mailto:pedrocarrion830@gmail.com\" target=\"_blank\" rel=\"noopener\">pedrocarrion830@gmail.com<\/a><br \/>\nPaginas Web:<br \/>\n<a href=\"https:\/\/corredoryaguazo.blogspot.com\/\" target=\"_blank\" rel=\"noopener\">https:\/\/corredoryaguazo.blogspot.com\/<\/a><br \/>\n<a href=\"https:\/\/es-la.facebook.com\/corredordelyaguazo\/\" target=\"_blank\" rel=\"noopener\">https:\/\/es-la.facebook.com\/corredordelyaguazo\/<\/a><\/p>\n<p><strong>Futuros M\u00e9dicos Enfocados en el Compromiso Social<\/strong><br \/>\nNuestra organizaci\u00f3n est\u00e1 enfocada en promover una generaci\u00f3n humanizada y enfocada en el compromiso social. Esta visi\u00f3n surge luego de que el fundador de la organizaci\u00f3n, el estudiante Luis Xavier Mayol, realiza un internado de medicina a trav\u00e9s de los hospitales de la isla y se percata que hay una gran deshumanizaci\u00f3n en los doctores. Por ello, se crea esta organizaci\u00f3n que busca el compromiso de los profesionales de la salud con la sociedad. Entre otras actividades, promueve el voluntariado con la organizaci\u00f3n FREMS que se encarga de proveer primeros auxilios en el norte de Puerto Rico.<br \/>\nContacto: <a href=\"mailto:fmecsupr@gmail.com\" target=\"_blank\" rel=\"noopener\">fmecsupr@gmail.com<\/a><br \/>\nP\u00e1ginas Web:<br \/>\n<a href=\"http:\/\/www.fmecsupr.wix.com\/futurosm\u00e9dicos\" target=\"_blank\" rel=\"noopener\">http:\/\/www.fmecsupr.wix.com\/futurosm\u00e9dicos<\/a><br \/>\n<a href=\"http:\/\/www.facebook.com\/fmecs\" target=\"_blank\" rel=\"noopener\">http:\/\/www.facebook.com\/fmecs<\/a><\/p>\n<p><strong>Internet Exchange of Puerto Rico<br \/>\n<\/strong>El Puerto Rico Internet Exchange, conocido como IX.PR, es un punto abierto de encuentro virtual donde las empresas habilitadas para Internet en Puerto Rico pueden intercambiar tr\u00e1fico entre sus redes en igualdad de condiciones.\u00a0\u00a0Los participantes en este punto de intercambio reducen sus costos y mejoran el rendimiento y la confiabilidad de su tr\u00e1fico de Internet local.\u00a0 La existencia de tal punto de intercambio establece a Puerto Rico como una regi\u00f3n que habla en serio sobre Internet.\u00a0 El IX.PR ha sido establecido por el Gauss Research Lab en la Universidad de Puerto Rico, el cual est\u00e1 calificado de forma \u00fanica para operar dicho servicio.<br \/>\nP\u00e1gina Web:\u00a0<a href=\"http:\/\/ix.pr\/index.php\" target=\"_blank\" rel=\"noopener\">http:\/\/ix.pr\/index.php<\/a><\/p>\n<p><strong>Sociedad Eco-ambiental<\/strong><br \/>\nEs una organizaci\u00f3n estudiantil, cuya misi\u00f3n es de educar para promover la conservaci\u00f3n del ambiente y la sustentabilidad en la comunidad universitaria y el resto del pa\u00eds.\u00a0 Algunas de sus actividades son: charlas, excursiones, exhibiciones, limpieza de playas y reciclaje, entre otras.<br \/>\nContacto: <a href=\"mailto:sea.upr@gmail.com\" target=\"_blank\" rel=\"noopener\">sea.upr@gmail.com<\/a><br \/>\nP\u00e1gina Web: <a href=\"https:\/\/es-la.facebook.com\/seauprrp\/\" target=\"_blank\" rel=\"noopener\">https:\/\/es-la.facebook.com\/seauprrp\/<\/a><\/p>\n","protected":false},"excerpt":{"rendered":"<p>En la Facultad de Ciencias Naturales existen varias iniciativas que ponen al servicio de las comunidades diversas de Puerto Rico las competencias y conocimientos desarrollados por nuestros profesores, investigadores y estudiantes.\u00a0 Algunas de las cuales son: AKKA Seeds La misi\u00f3n principal de AKKA es crear conciencia ecol\u00f3gica a trav\u00e9s de experiencias de investigaci\u00f3n, conferencias, viajes<\/p>\n<div class=\"read-more\"><a href=\"https:\/\/natsci.uprrp.edu\/es\/compromiso-social-outreach-alcance-comunitario\/servicio-comunitario-2\/\" title=\"Read More\">Read More<\/a><\/div>\n","protected":false},"author":1,"featured_media":0,"parent":292,"menu_order":0,"comment_status":"closed","ping_status":"closed","template":"","meta":{"rs_blank_template":"","rs_page_bg_color":"","slide_template_v7":"","footnotes":""},"class_list":["post-456","page","type-page","status-publish"],"_links":{"self":[{"href":"https:\/\/natsci.uprrp.edu\/es\/wp-json\/wp\/v2\/pages\/456","targetHints":{"allow":["GET"]}}],"collection":[{"href":"https:\/\/natsci.uprrp.edu\/es\/wp-json\/wp\/v2\/pages"}],"about":[{"href":"https:\/\/natsci.uprrp.edu\/es\/wp-json\/wp\/v2\/types\/page"}],"author":[{"embeddable":true,"href":"https:\/\/natsci.uprrp.edu\/es\/wp-json\/wp\/v2\/users\/1"}],"replies":[{"embeddable":true,"href":"https:\/\/natsci.uprrp.edu\/es\/wp-json\/wp\/v2\/comments?post=456"}],"version-history":[{"count":12,"href":"https:\/\/natsci.uprrp.edu\/es\/wp-json\/wp\/v2\/pages\/456\/revisions"}],"predecessor-version":[{"id":1427,"href":"https:\/\/natsci.uprrp.edu\/es\/wp-json\/wp\/v2\/pages\/456\/revisions\/1427"}],"up":[{"embeddable":true,"href":"https:\/\/natsci.uprrp.edu\/es\/wp-json\/wp\/v2\/pages\/292"}],"wp:attachment":[{"href":"https:\/\/natsci.uprrp.edu\/es\/wp-json\/wp\/v2\/media?parent=456"}],"curies":[{"name":"wp","href":"https:\/\/api.w.org\/{rel}","templated":true}]}}