{"id":44,"date":"2016-03-31T20:01:21","date_gmt":"2016-03-31T20:01:21","guid":{"rendered":"http:\/\/natsci.uprrp.edu\/es\/?page_id=44"},"modified":"2018-08-06T14:33:45","modified_gmt":"2018-08-06T18:33:45","slug":"laboratorios-y-centros-de-investigacion","status":"publish","type":"page","link":"https:\/\/natsci.uprrp.edu\/es\/investigacion-desarrollo-e-innovacion\/laboratorios-y-centros-de-investigacion\/","title":{"rendered":"Centers, Laboratories and Facilities&#8211;para traducir al ingles"},"content":{"rendered":"<h4>\u00a0DEL RECINTO DE R\u00cdO PIEDRAS<\/h4>\n<dl class=\"sc-accordions\"><dt class=\"sc-accordion-title\"><a href=\"#\">Centro de Caracterizaci\u00f3n de Materiales (MCC)<\/a><\/dt><dd class=\"sc-accordion-pane\">\n<p>La misi\u00f3n del\u00a0MMC\u00a0es reforzar\u00a0la relaci\u00f3n entre la industria y el mundo acad\u00e9mico y mejorar el entorno para la investigaci\u00f3n cient\u00edfica y el desarrollo en Puerto Rico, brind\u00e1ndole a comisi\u00f3n,\u00a0<span style=\"font-family: 'Open Sans', Arial, sans-serif;font-size: 14px\">servicios anal\u00edticos y experiencia cient\u00edfica de \u00faltima generaci\u00f3n que no est\u00e1n disponibles en laboratorios comerciales\u00a0<\/span><span style=\"font-family: 'Open Sans', Arial, sans-serif;font-size: 14px\">a\u00a0 la industria, academia y el gobierno<\/span><span style=\"font-size: 14px\">. Entre sus servicios se destacan, entre otros:<\/span><\/p>\n<ul>\n<li>Resonancia Magn\u00e9tica Nuclear (RMN) )<\/li>\n<li>Espectrometr\u00eda de Masas<\/li>\n<li>Microscop\u00eda de Superficie y Espectroscop\u00eda<\/li>\n<li>Difracci\u00f3n de Rayos X<\/li>\n<li>Microscop\u00eda de Im\u00e1genes Confocales<\/li>\n<li>Nanoscopia<\/li>\n<li>Secuenciaci\u00f3n y Genotipificaci\u00f3n<\/li>\n<\/ul>\n<p><strong>Informaci\u00f3n de Contacto<\/strong><br \/>\nDr. Edgard R. Resto<br \/>\nC.E. info@mmc.com.pr<br \/>\nT. (787) 282-7593 ; (787) 764-0000 Ext.\u00a088717<br \/>\nP\u00e1gina Web.\u00a0<a href=\"http:\/\/www.mcc.com.pr\/\" target=\"_blank\" rel=\"noopener\">http:\/\/www.mcc.com.pr\/<\/a><\/p>\n<\/dd>\n<dt class=\"sc-accordion-title\"><a href=\"#\">Centro de Ecolog\u00eda Tropical Aplicada y Conservaci\u00f3n (CREST-CATEC)<\/a><\/dt><dd class=\"sc-accordion-pane\">\n<p><strong><span style=\"color: #0000ff\">Buscar enlace a p\u00e1gina del proyecto<\/span><\/strong><\/p>\n<p>El Centro de Ecolog\u00eda y Conservaci\u00f3n Tropical Aplicada (CATEC) se estableci\u00f3 para crear un entorno de investigaci\u00f3n donde los grupos multidisciplinarios trabajen juntos para resolver los complejos problemas ambientales que enfrenta el Neotr\u00f3pico. Su objetivo principal es utilizar su posici\u00f3n \u00fanica dentro del Caribe y los fuertes lazos con Am\u00e9rica Central y Am\u00e9rica del Sur para convertirse en el principal centro de investigaci\u00f3n en ecolog\u00eda tropical aplicada y conservaci\u00f3n.<\/p>\n<p><strong>Informaci\u00f3n de Contacto<\/strong><br \/>\nDra. Elvira Cuevas<br \/>\nT. (787) 764-0000 Exts.\u00a087994, 87990<\/dd>\n<dt class=\"sc-accordion-title\"><a href=\"#\">Centro para la Innovaci\u00f3n, Educaci\u00f3n e Investigaci\u00f3n (CIREN)<\/a><\/dt><dd class=\"sc-accordion-pane\">\n<p><strong>&#8211;Buscar informaci\u00f3n de Contacto<\/strong><\/p>\n<p>El CIREN es un centro interdisciplinario y multicampus de innovaci\u00f3n, investigaci\u00f3n y educaci\u00f3n tiene como filosof\u00eda general la de utilizar la investigaci\u00f3n y la educaci\u00f3n como un veh\u00edculo para lograr la autosostenibilidad y para desarrollar la futura fuerza de trabajo STEM de la NASA.<\/dd>\n<dt class=\"sc-accordion-title\"><a href=\"#\">Estaci\u00f3n El Verde<\/a><\/dt><dd class=\"sc-accordion-pane\">\n<p>La investigaci\u00f3n en <a href=\"http:\/\/evfs.ites.upr.edu\/\" target=\"_blank\" rel=\"noopener\">El Verde<\/a>\u00a0 est\u00e1 localizada dentro del Bosque Nacional El Yunque en Puerto Rico y se centra en la din\u00e1mica de los bosques, la ecolog\u00eda e hidrolog\u00eda de las corrientes y los procesos de los ecosistemas. La mayor\u00eda de las investigaciones son realizadas por cient\u00edficos de la Universidad de Puerto Rico y universidades de la parte continental de los Estados Unidos.<\/p>\n<p><strong>Informaci\u00f3n de Contacto<\/strong><br \/>\n(787) 764-0000 Exts. 80903 o 80902<br \/>\nC. E. evfs@ites.upr.edu ;\u00a0 evfs_ites@yahoo.com<br \/>\nP\u00e1gina Web.\u00a0<a href=\"http:\/\/evfs.ites.upr.edu\/\" target=\"_blank\" rel=\"noopener\">http:\/\/evfs.ites.upr.edu\/<\/a><\/p>\n<\/dd>\n<dt class=\"sc-accordion-title\"><a href=\"#\">Facilidad Computacional de Alto Rendimiento (HPCF)<\/a><\/dt><dd class=\"sc-accordion-pane\">\n<p>Su enfoque est\u00e1 en desarrollar\u00a0una infraestructura de tecnolog\u00eda y servicios para la comunidad de investigaci\u00f3n y educaci\u00f3n de la Universidad, que incluye:<\/p>\n<ul>\n<li>Red de investigaci\u00f3n avanzada<\/li>\n<li>Recursos computacionales b\u00e1sicos de alto rendimiento<\/li>\n<li>Servicios en apoyo de usuarios de recursos computacionales<\/li>\n<li>Est\u00e1ndares y arquitectura<\/li>\n<li>Evaluaci\u00f3n de tecnolog\u00edas emergentes<\/li>\n<\/ul>\n<p>Tambi\u00e9n hace especial hincapi\u00e9 en ofrecer recursos computacionales y t\u00e9cnicos que apoyen las \u00e1reas de impulso de la investigaci\u00f3n PR-EPSCoR y PR-INBRE.<\/p>\n<p><strong>Informaci\u00f3n de Contacto<br \/>\n<\/strong>Humberto Ortiz-Zuazaga<br \/>\nhumberto@hpcf.upr.edu ;\u00a0http:\/\/ccom.uprrp.edu\/~humberto\/<br \/>\nT. (787) 764-0000 Ext. 88363, 88364<br \/>\n<span style=\"font-size: 14px\">P\u00e1gina Web.\u00a0\u00a0<\/span><a style=\"font-size: 14px\" href=\"http:\/\/www.hpcf.upr.edu\/\" target=\"_blank\" rel=\"noopener\">https:\/\/www.hpcf.upr.edu\/<\/a><\/p>\n<\/dd>\n<dt class=\"sc-accordion-title\"><a href=\"#\">Instituto para el Estudio de Ecosistemas Tropicales (ITES)<\/a><\/dt><dd class=\"sc-accordion-pane\"><\/strong><\/p>\n<p>Realiza investigaciones relevantes para el manejo de los ecosistemas naturales y la qu\u00edmica atmosf\u00e9rica. Establecen y mantienen estudios experimentales y de referencia a largo plazo de los ecosistemas. Tambi\u00e9n aplica el conocimiento adquirido para desarrollar mecanismos para la restauraci\u00f3n de ecosistemas tropicales degradados y para aumentar la conciencia p\u00fablica de la importancia de los ecosistemas naturales para el bienestar humano a trav\u00e9s de la educaci\u00f3n subgraduada y graduada.<\/p>\n<p><strong>Informaci\u00f3n de Contacto<\/strong><br \/>\nDra. Elvia Mel\u00e9ndez-Ackerman<br \/>\nC.E. elmelend@gmail.com<br \/>\nT. (787) 764-0000 Exts. 88195, 88196, 88197<br \/>\nP\u00e1gina Web. <a href=\"http:\/\/web.ites.upr.edu\/\">http:\/\/web.ites.upr.edu\/<\/a><\/p>\n<\/dd>\n<dt class=\"sc-accordion-title\"><a href=\"#\">Laboratorio de Dise\u00f1o de Secuencias y C\u00f3digos<\/a><\/dt><dd class=\"sc-accordion-pane\"><\/strong><\/p>\n<p>&#8212;-<span style=\"color: #0000ff\">Buscar informaci\u00f3n<\/span><\/p>\n<p>&nbsp;<\/p>\n<\/dd>\n<dt class=\"sc-accordion-title\"><a href=\"#\">Laboratorio de Ecolog\u00eda Tropical Comunitaria (TCEL)<\/a><\/dt><dd class=\"sc-accordion-pane\"><\/strong><\/p>\n<p>Su investigaci\u00f3n\u00a0en su mayor\u00eda se centra en dos \u00e1reas:\u00a01) comprender c\u00f3mo los cambios demogr\u00e1ficos y econ\u00f3micos en Am\u00e9rica Latina est\u00e1n afectando los patrones de uso de la tierra y la biodiversidad; y 2) desarrollar aplicaciones web para que la comunidad cient\u00edfica mejore el monitoreo espacial y temporal del cambio de la tierra cambio y biodiversidad.\u00a0 Sin embargo, otros temas de investigaci\u00f3n con los cuales se interesa son:\u00a0 interacciones planta-animal, din\u00e1mica forestal, din\u00e1mica de poblaciones, ecolog\u00eda de restauraci\u00f3n, cambio en el uso del suelo, ecolog\u00eda comunitaria e inform\u00e1tica ecol\u00f3gica. \u00a0Han realizado proyectos en\u00a0ecosistemas tropicales de Puerto Rico, Rep\u00fablica Dominicana, Panam\u00e1, Colombia, Argentina y China.<\/p>\n<p><strong>Informaci\u00f3n de Contacto<br \/>\n<\/strong>Dr. T. Mitchel Aide<br \/>\ntmaide@yahoo.com<br \/>\n(787) 764-0000 Ext.\u00a088083<br \/>\n<span style=\"font-size: 14px\">P\u00e1gina Web:\u00a0<\/span><a style=\"font-size: 14px\" href=\"http:\/\/tcel.uprrp.edu\/\" target=\"_blank\" rel=\"noopener\">http:\/\/tcel.uprrp.edu\/<\/a><\/p>\n<\/dd>\n<dt class=\"sc-accordion-title\"><a href=\"#\"><\/strong>Laboratorio de Investigaci\u00f3n de Materiales Avanzados (SPECLAB)<\/a><\/dt><dd class=\"sc-accordion-pane\">\n<p>&#8212;<span style=\"color: #0000ff\">-Buscar informaci\u00f3n<\/span><\/p>\n<\/dd>\n<dt class=\"sc-accordion-title\"><a href=\"#\">Luquillo Long-Term Ecological Research Program (LUQ)<\/a><\/dt><dd class=\"sc-accordion-pane\"><\/strong><\/p>\n<p>Explora\u00a0la variaci\u00f3n espacio-temporal en la estructura y funci\u00f3n del ecosistema en paisajes tropicales din\u00e1micos para determinar c\u00f3mo los cambios clim\u00e1ticos y los reg\u00edmenes de perturbaci\u00f3n interact\u00faan para impulsar el cambio ecol\u00f3gico en los paisajes naturales y modificados en los ecosistemas monta\u00f1osos tropicales.<\/p>\n<p><strong>Informaci\u00f3n de Contacto<br \/>\n<\/strong><span style=\"font-family: 'Open Sans', Arial, sans-serif;font-size: 14px\">Dr.<\/span><span style=\"font-family: 'Open Sans', Arial, sans-serif;font-size: 14px\">\u00a0Jess K. Zimmerman<br \/>\n<\/span><span style=\"font-family: 'Open Sans', Arial, sans-serif;font-size: 14px\">jesskz@ites.upr.edu<br \/>\nT. (787) 764-0000 Exts.\u00a0<\/span><span style=\"font-family: 'Open Sans', Arial, sans-serif;font-size: 14px\">88233;\u00a0<\/span><span style=\"font-family: 'Open Sans', Arial, sans-serif;font-size: 14px\">88227<br \/>\n<\/span>P\u00e1gina Web:\u00a0<a href=\"http:\/\/luq.lternet.edu\/\" target=\"_blank\" rel=\"noopener\">http:\/\/luq.lternet.edu\/<\/a><\/p>\n<\/dd>\n<\/dl>\n<h4><strong>OTROS DISPONIBLES AL RECINTO DE R\u00cdO PIEDRAS<\/strong><\/h4>\n<dl class=\"sc-accordions\"><dt class=\"sc-accordion-title\"><a href=\"#\">Centro de Bioensayo<\/a><\/dt><dd class=\"sc-accordion-pane\">\n<p>Director: Fernando Gonz\u00e1lez<br \/>\nT.\u00a0\u00a0(787) 764-0000 x-7374<\/p>\n<\/dd>\n<dt class=\"sc-accordion-title\"><a href=\"#\">Radio Observatorio de Arecibo<\/a><\/dt><dd class=\"sc-accordion-pane\">\n<h4><\/h4>\n<p><a href=\"http:\/\/www.naic.edu\/\" target=\"_blank\" rel=\"noopener\">Radio Observatorio de Arecibo<br \/>\n<\/a>Directores: Dra. Carmen Pantojas, Dr. Paul Coleman y Dr. Peter Hofner<br \/>\nT. (787) 764-0000 x-2367, 7364, 4741<\/p>\n<\/dd>\n<dt class=\"sc-accordion-title\"><a href=\"#\">High Performance Computing Facility (HPCf)<\/a><\/dt><dd class=\"sc-accordion-pane\">\n<p><a href=\"http:\/\/www.hpcf.upr.edu\/\" target=\"_blank\" rel=\"noopener\">High Performance Computing Facility (HPCf)<\/a><br \/>\nT. (787) 753-1653<br \/>\nF. (787) 758-3058<\/p>\n<\/dd>\n<dt class=\"sc-accordion-title\"><a href=\"#\">Seminario Permanente de M\u00e9todos de Investigaci\u00f3n<\/a><\/dt><dd class=\"sc-accordion-pane\">\n<p><a href=\"http:\/\/spmi.uprrp.edu\/index.php\/directorio\/\" target=\"_blank\" rel=\"noopener\">Seminario Permanente de M\u00e9todos de Investigaci\u00f3n<\/a><br \/>\nDra. Otom\u00ede Vale Nieves Coordinadora del SPMI<br \/>\nT. (787) 764-0000 ext. 87583<br \/>\nCE: otomievalenieves@gmail.com<\/dd>\n<dt class=\"sc-accordion-title\"><a href=\"#\">Estaci\u00f3n Experimental Agr\u00edcola del Recinto Universitario de Mayag\u00fcez<\/a><\/dt><dd class=\"sc-accordion-pane\">\n<p>Estaci\u00f3n Experimental Agr\u00edcola del Recinto Universitario de Mayag\u00fcez<br \/>\nDirector: Dr. John Fern\u00e1ndez Van Cleve<br \/>\nT. (787) 832-4040<\/dd>\n<dt class=\"sc-accordion-title\"><a href=\"#\">Instituto de Neurobiolog\u00eda en el Recinto de Ciencias M\u00e9dicas<\/a><\/dt><dd class=\"sc-accordion-pane\">\n<p><a href=\"http:\/\/www.neuro.upr.edu\/\" target=\"_blank\" rel=\"noopener\">Instituto de Neurobiolog\u00eda en el Recinto de Ciencias M\u00e9dicas<\/a><br \/>\nDirector: Dr. Mark Miller<br \/>\nT. (787) 758-2525 x-7000<\/dd>\n<\/dl>\n","protected":false},"excerpt":{"rendered":"<p>\u00a0DEL RECINTO DE R\u00cdO PIEDRAS OTROS DISPONIBLES AL RECINTO DE R\u00cdO PIEDRAS<\/p>\n","protected":false},"author":1,"featured_media":0,"parent":290,"menu_order":0,"comment_status":"closed","ping_status":"closed","template":"","meta":{"rs_blank_template":"","rs_page_bg_color":"","slide_template_v7":"","footnotes":""},"class_list":["post-44","page","type-page","status-publish"],"_links":{"self":[{"href":"https:\/\/natsci.uprrp.edu\/es\/wp-json\/wp\/v2\/pages\/44","targetHints":{"allow":["GET"]}}],"collection":[{"href":"https:\/\/natsci.uprrp.edu\/es\/wp-json\/wp\/v2\/pages"}],"about":[{"href":"https:\/\/natsci.uprrp.edu\/es\/wp-json\/wp\/v2\/types\/page"}],"author":[{"embeddable":true,"href":"https:\/\/natsci.uprrp.edu\/es\/wp-json\/wp\/v2\/users\/1"}],"replies":[{"embeddable":true,"href":"https:\/\/natsci.uprrp.edu\/es\/wp-json\/wp\/v2\/comments?post=44"}],"version-history":[{"count":28,"href":"https:\/\/natsci.uprrp.edu\/es\/wp-json\/wp\/v2\/pages\/44\/revisions"}],"predecessor-version":[{"id":1422,"href":"https:\/\/natsci.uprrp.edu\/es\/wp-json\/wp\/v2\/pages\/44\/revisions\/1422"}],"up":[{"embeddable":true,"href":"https:\/\/natsci.uprrp.edu\/es\/wp-json\/wp\/v2\/pages\/290"}],"wp:attachment":[{"href":"https:\/\/natsci.uprrp.edu\/es\/wp-json\/wp\/v2\/media?parent=44"}],"curies":[{"name":"wp","href":"https:\/\/api.w.org\/{rel}","templated":true}]}}