{"id":350,"date":"2017-12-28T10:24:23","date_gmt":"2017-12-28T14:24:23","guid":{"rendered":"http:\/\/natsci.uprrp.edu\/es\/?page_id=350"},"modified":"2018-08-06T14:55:52","modified_gmt":"2018-08-06T18:55:52","slug":"experiencias-pre-universitarias","status":"publish","type":"page","link":"https:\/\/natsci.uprrp.edu\/es\/compromiso-social-outreach-alcance-comunitario\/experiencias-pre-universitarias\/","title":{"rendered":"Pre-University Experiences&#8211;para traducir"},"content":{"rendered":"<p><strong>PROYECTO SEED<\/strong><br \/>\nEl Proyecto SEED tiene como objetivo proveer una experiencia de investigaci\u00f3n qu\u00edmica interactiva, mano a mano con un investigador-mentor a estudiantes de escuela superior que provienen de hogares de bajos ingresos. Es un proyecto de la Sociedad Qu\u00edmica de los Estados Unidos (American Chemical Society, ACS) dirigido a nivel de Puerto Rico por la Dra. Ingrid Montes, catedr\u00e1tica del Departamento de Qu\u00edmica. Fue posible gracias al auspicio de Lilly del Caribe, Programa Acceso al \u00c9xito de la Vicepresidencia de Asuntos Acad\u00e9micos (UPR) y de la Facultad de Ciencias Naturales (UPR-RP), fondos que fueron pareados por la ACS Nacional.<\/p>\n<p><strong>Informaci\u00f3n Contacto<\/strong><br \/>\nDra. Ingrid Montes, <a href=\"mailto:ingrid.montes2@upr.edu\" target=\"_blank\" rel=\"noopener\">ingrid.montes2@upr.edu<br \/>\n<\/a>Rese\u00f1a de logros: <a href=\"http:\/\/www.uprrp.edu\/?p=14761\" target=\"_blank\" rel=\"noopener\">Proyecto SEED<\/a><\/p>\n<hr \/>\n<p><strong>ENVI-NANO SUMMER CAMP<\/strong><br \/>\nEste es un campamento de verano educativo para estudiantes y maestros de escuelas p\u00fablicas que empezar\u00e1 en el verano de 2018.\u00a0 Es un proyecto del Centro de Nanotecnolog\u00eda Ambiental dirigido por el Dr. Carlos Cabrera y en el que participan como co-investigadores la Dra. Elvira Cuevas, Dra. Liz D\u00edaz V\u00e1zquez y Dr. Luis Fonseca, todos profesores de la Facultad de Ciencias Naturales en UPR-R\u00edo Piedras<\/p>\n<p><strong>Informaci\u00f3n Contacto<\/strong><br \/>\nDr. Carlos Cabrera, <a href=\"mailto:carlos.cabrera@upr.edu\" target=\"_blank\" rel=\"noopener\">carlos.cabrera@upr.edu<\/a><\/p>\n","protected":false},"excerpt":{"rendered":"<p>PROYECTO SEED El Proyecto SEED tiene como objetivo proveer una experiencia de investigaci\u00f3n qu\u00edmica interactiva, mano a mano con un investigador-mentor a estudiantes de escuela superior que provienen de hogares de bajos ingresos. Es un proyecto de la Sociedad Qu\u00edmica de los Estados Unidos (American Chemical Society, ACS) dirigido a nivel de Puerto Rico por<\/p>\n<div class=\"read-more\"><a href=\"https:\/\/natsci.uprrp.edu\/es\/compromiso-social-outreach-alcance-comunitario\/experiencias-pre-universitarias\/\" title=\"Read More\">Read More<\/a><\/div>\n","protected":false},"author":1,"featured_media":0,"parent":292,"menu_order":0,"comment_status":"closed","ping_status":"closed","template":"page-blocks.php","meta":{"rs_blank_template":"","rs_page_bg_color":"","slide_template_v7":"","footnotes":""},"class_list":["post-350","page","type-page","status-publish"],"_links":{"self":[{"href":"https:\/\/natsci.uprrp.edu\/es\/wp-json\/wp\/v2\/pages\/350","targetHints":{"allow":["GET"]}}],"collection":[{"href":"https:\/\/natsci.uprrp.edu\/es\/wp-json\/wp\/v2\/pages"}],"about":[{"href":"https:\/\/natsci.uprrp.edu\/es\/wp-json\/wp\/v2\/types\/page"}],"author":[{"embeddable":true,"href":"https:\/\/natsci.uprrp.edu\/es\/wp-json\/wp\/v2\/users\/1"}],"replies":[{"embeddable":true,"href":"https:\/\/natsci.uprrp.edu\/es\/wp-json\/wp\/v2\/comments?post=350"}],"version-history":[{"count":10,"href":"https:\/\/natsci.uprrp.edu\/es\/wp-json\/wp\/v2\/pages\/350\/revisions"}],"predecessor-version":[{"id":1430,"href":"https:\/\/natsci.uprrp.edu\/es\/wp-json\/wp\/v2\/pages\/350\/revisions\/1430"}],"up":[{"embeddable":true,"href":"https:\/\/natsci.uprrp.edu\/es\/wp-json\/wp\/v2\/pages\/292"}],"wp:attachment":[{"href":"https:\/\/natsci.uprrp.edu\/es\/wp-json\/wp\/v2\/media?parent=350"}],"curies":[{"name":"wp","href":"https:\/\/api.w.org\/{rel}","templated":true}]}}