{"id":348,"date":"2017-12-28T10:24:01","date_gmt":"2017-12-28T14:24:01","guid":{"rendered":"http:\/\/natsci.uprrp.edu\/es\/?page_id=348"},"modified":"2018-08-06T14:44:45","modified_gmt":"2018-08-06T18:44:45","slug":"capacitacion-profesional","status":"publish","type":"page","link":"https:\/\/natsci.uprrp.edu\/es\/compromiso-social-outreach-alcance-comunitario\/capacitacion-profesional\/","title":{"rendered":"Professional Training&#8211;para traducir ingles"},"content":{"rendered":"<p><strong>ALIANZA PARA EL APRENDIZAJE DE CIENCIAS Y MATEM\u00c1TICAS (ALACiMA)<\/strong><\/p>\n<p>La Alianza para el Aprendizaje de Ciencias y Matem\u00e1ticas de Puerto Rico (ALACiMa) es un proyecto integral formado por universidades puertorrique\u00f1as que est\u00e1n a la vanguardia en la educaci\u00f3n de las ciencias y las matem\u00e1ticas, el Departamento de Educaci\u00f3n y otras organizaciones con el fin de poder trabajar m\u00e1s directamente con los maestros de ciencias y matem\u00e1ticas en la implementaci\u00f3n de materiales curriculares evaluados como excelentes, para optimizar el aprendizaje en estas materias de 305,000 estudiantes de 584 escuelas en los grados K a 12.\u00a0 La Alianza est\u00e1 creando nuevas oportunidades para el desarrollo profesional y para la obtenci\u00f3n de certificaciones para los maestros y futuros maestros de ciencias y matem\u00e1ticas a fin de garantizar que \u00e9stos est\u00e9n altamente calificados para implementar y sostener las mejoras educativas introducidas por AlACiMa.<\/p>\n<p><strong>Informaci\u00f3n de Contacto<\/strong><br \/>\nT.\u00a0(787) 764-0000 Ext.<br \/>\nF. (787) 274-8011<br \/>\nCE.\u00a0<a href=\"mailto:info@alacima.uprrp.edu\" target=\"_blank\" rel=\"noopener\">info@alacima.uprrp.edu<\/a><br \/>\nP\u00e1gina web:\u00a0<a href=\"http:\/\/alacima.uprrp.edu\/index.php\" target=\"_blank\" rel=\"noopener\">http:\/\/alacima.uprrp.edu\/index.php<\/a><\/p>\n<p>Direcci\u00f3n postal<br \/>\nAlianza para el Aprendizaje de Ciencias y Matem\u00e1ticas<br \/>\nPO Box 22918<br \/>\nSan Juan, Puerto Rico 00931-2918<\/p>\n<hr \/>\n<p><strong>PUERTO RICO GEOGRAPHIC ALLIANCE<\/strong><\/p>\n<p>Puerto Rico Geographic Alliance se estableci\u00f3 en 1991. Es una organizaci\u00f3n de base dedicada a apoyar la educaci\u00f3n geogr\u00e1fica mediante alianzas o asociaciones entre el profesorado universitario y los educadores de K-12.\u00a0 Proporcionan desarrollo profesional de clase mundial y promueven la innovaci\u00f3n educativa a nivel estatal y local.\u00a0 Desde 1986, National Geographic y Alliances han trabajado para en favor de la reforma educativa geogr\u00e1fica en los Estados Unidos, Canad\u00e1 y Puerto Rico.<\/p>\n<p><strong>Informaci\u00f3n de Contacto<\/strong><br \/>\nP\u00e1gina web:\u00a0<a href=\"http:\/\/alliances.nationalgeographic.com\/detail\/puerto-rico-geographic-alliance\/edn620E4D588598C3153\" target=\"_blank\" rel=\"noopener\">Puerto Rico Geographic Alliance<\/a><\/p>\n","protected":false},"excerpt":{"rendered":"<p>ALIANZA PARA EL APRENDIZAJE DE CIENCIAS Y MATEM\u00c1TICAS (ALACiMA) La Alianza para el Aprendizaje de Ciencias y Matem\u00e1ticas de Puerto Rico (ALACiMa) es un proyecto integral formado por universidades puertorrique\u00f1as que est\u00e1n a la vanguardia en la educaci\u00f3n de las ciencias y las matem\u00e1ticas, el Departamento de Educaci\u00f3n y otras organizaciones con el fin de<\/p>\n<div class=\"read-more\"><a href=\"https:\/\/natsci.uprrp.edu\/es\/compromiso-social-outreach-alcance-comunitario\/capacitacion-profesional\/\" title=\"Read More\">Read More<\/a><\/div>\n","protected":false},"author":1,"featured_media":0,"parent":292,"menu_order":0,"comment_status":"closed","ping_status":"closed","template":"","meta":{"rs_blank_template":"","rs_page_bg_color":"","slide_template_v7":"","footnotes":""},"class_list":["post-348","page","type-page","status-publish"],"_links":{"self":[{"href":"https:\/\/natsci.uprrp.edu\/es\/wp-json\/wp\/v2\/pages\/348","targetHints":{"allow":["GET"]}}],"collection":[{"href":"https:\/\/natsci.uprrp.edu\/es\/wp-json\/wp\/v2\/pages"}],"about":[{"href":"https:\/\/natsci.uprrp.edu\/es\/wp-json\/wp\/v2\/types\/page"}],"author":[{"embeddable":true,"href":"https:\/\/natsci.uprrp.edu\/es\/wp-json\/wp\/v2\/users\/1"}],"replies":[{"embeddable":true,"href":"https:\/\/natsci.uprrp.edu\/es\/wp-json\/wp\/v2\/comments?post=348"}],"version-history":[{"count":8,"href":"https:\/\/natsci.uprrp.edu\/es\/wp-json\/wp\/v2\/pages\/348\/revisions"}],"predecessor-version":[{"id":1425,"href":"https:\/\/natsci.uprrp.edu\/es\/wp-json\/wp\/v2\/pages\/348\/revisions\/1425"}],"up":[{"embeddable":true,"href":"https:\/\/natsci.uprrp.edu\/es\/wp-json\/wp\/v2\/pages\/292"}],"wp:attachment":[{"href":"https:\/\/natsci.uprrp.edu\/es\/wp-json\/wp\/v2\/media?parent=348"}],"curies":[{"name":"wp","href":"https:\/\/api.w.org\/{rel}","templated":true}]}}